{"id":5577,"date":"2024-02-13T12:54:22","date_gmt":"2024-02-13T11:54:22","guid":{"rendered":"https:\/\/www-neu.brueggen.com\/datenschutzbestimmungen\/"},"modified":"2026-03-09T20:52:34","modified_gmt":"2026-03-09T19:52:34","slug":"datenschutzbestimmungen","status":"publish","type":"page","link":"https:\/\/www.brueggen.com\/de\/datenschutzbestimmungen\/","title":{"rendered":"Datenschutzbestimmungen"},"content":{"rendered":"\t\t<div data-elementor-type=\"wp-page\" data-elementor-id=\"5577\" class=\"elementor elementor-5577 elementor-2714\" data-elementor-post-type=\"page\">\n\t\t\t\t\t\t<section class=\"elementor-section elementor-top-section elementor-element elementor-element-1b2bd0d elementor-section-boxed elementor-section-height-default elementor-section-height-default\" data-id=\"1b2bd0d\" data-element_type=\"section\" data-e-type=\"section\">\n\t\t\t\t\t\t<div class=\"elementor-container elementor-column-gap-default\">\n\t\t\t\t\t<div class=\"elementor-column elementor-col-100 elementor-top-column elementor-element elementor-element-3797754\" data-id=\"3797754\" data-element_type=\"column\" data-e-type=\"column\">\n\t\t\t<div class=\"elementor-widget-wrap elementor-element-populated\">\n\t\t\t\t\t\t<section class=\"elementor-section elementor-inner-section elementor-element elementor-element-9faf836 elementor-section-boxed elementor-section-height-default elementor-section-height-default\" data-id=\"9faf836\" data-element_type=\"section\" data-e-type=\"section\">\n\t\t\t\t\t\t<div class=\"elementor-container elementor-column-gap-default\">\n\t\t\t\t\t<div class=\"elementor-column elementor-col-100 elementor-inner-column elementor-element elementor-element-a0ae1c1 elementor-invisible\" data-id=\"a0ae1c1\" data-element_type=\"column\" data-e-type=\"column\" data-settings=\"{&quot;animation&quot;:&quot;fadeIn&quot;}\">\n\t\t\t<div class=\"elementor-widget-wrap elementor-element-populated\">\n\t\t\t\t\t\t<div class=\"elementor-element elementor-element-3ecf7a0 elementor-widget elementor-widget-spacer\" data-id=\"3ecf7a0\" data-element_type=\"widget\" data-e-type=\"widget\" data-widget_type=\"spacer.default\">\n\t\t\t\t\t\t\t<div class=\"elementor-spacer\">\n\t\t\t<div class=\"elementor-spacer-inner\"><\/div>\n\t\t<\/div>\n\t\t\t\t\t\t<\/div>\n\t\t\t\t<div class=\"elementor-element elementor-element-748589d elementor-widget elementor-widget-heading\" data-id=\"748589d\" data-element_type=\"widget\" data-e-type=\"widget\" data-widget_type=\"heading.default\">\n\t\t\t\t\t<h1 class=\"elementor-heading-title elementor-size-default\">Datenschutzbestimmungen<\/h1>\t\t\t\t<\/div>\n\t\t\t\t<div class=\"elementor-element elementor-element-71dcc67 elementor-widget elementor-widget-text-editor\" data-id=\"71dcc67\" data-element_type=\"widget\" data-e-type=\"widget\" data-widget_type=\"text-editor.default\">\n\t\t\t\t\t\t\t\t\t<h3><strong>1. Ein \u00dcberblick \u00fcber den Datenschutz<\/strong><\/h3><h3>Allgemein<\/h3><p>Im Folgenden erhalten Sie einen einfachen \u00dcberblick dar\u00fcber, was mit Ihren pers\u00f6nlichen Daten geschieht, wenn Sie unsere Website besuchen. Personenbezogene Daten sind alle Daten, mit denen Sie pers\u00f6nlich identifiziert werden k\u00f6nnen. Ausf\u00fchrliche Informationen zum Thema Datenschutz finden Sie in unserer Datenschutzerkl\u00e4rung, die Sie weiter unten finden.<\/p><h3>Datenerfassung auf unserer Website<\/h3><p><strong>Wer ist f\u00fcr die Datenerfassung auf dieser Website verantwortlich?<\/strong><\/p><p>Die auf dieser Website erhobenen Daten werden vom Betreiber der Website verarbeitet. Die Kontaktdaten des Betreibers sind im Impressum der Website zu finden.<\/p><p><strong>Wie sammeln wir Ihre Daten?<\/strong><\/p><p>Einige Daten werden erfasst, wenn Sie sie uns zur Verf\u00fcgung stellen. Das k\u00f6nnen z. B. Daten sein, die Sie in ein Kontaktformular eingeben.<\/p><p>Andere Daten werden automatisch von unseren IT-Systemen erfasst, wenn Sie die Website besuchen. Bei diesen Daten handelt es sich in erster Linie um technische Daten wie den von Ihnen verwendeten Browser und das Betriebssystem oder den Zeitpunkt des Zugriffs auf die Seite. Diese Daten werden automatisch erfasst, sobald Sie unsere Website betreten.<\/p><p><strong>Wozu verwenden wir Ihre Daten?<\/strong><\/p><p>Ein Teil der Daten wird erhoben, um das reibungslose Funktionieren der Website zu gew\u00e4hrleisten. Andere Daten k\u00f6nnen verwendet werden, um zu analysieren, wie Besucher die Website nutzen.<\/p><p><strong>Welche Rechte haben Sie in Bezug auf Ihre Daten?<\/strong><\/p><p>Sie haben jederzeit das Recht, unentgeltlich Auskunft \u00fcber die bez\u00fcglich Ihrer Person gespeicherten Daten, deren Herkunft und Empf\u00e4nger sowie den Zweck der Speicherung zu verlangen. Sie haben auch das Recht, die Berichtigung, Sperrung oder L\u00f6schung der Daten zu verlangen. Sie k\u00f6nnen sich jederzeit unter der im Impressum angegebenen Adresse an uns wenden, wenn Sie weitere Fragen zum Thema Privatsph\u00e4re und Datenschutz haben. Selbstverst\u00e4ndlich k\u00f6nnen Sie auch eine Beschwerde bei den zust\u00e4ndigen Aufsichtsbeh\u00f6rden einreichen.<\/p><h3>Analyse- und Drittanbieter-Tools<\/h3><p>Beim Besuch unserer Website k\u00f6nnen statistische Auswertungen \u00fcber Ihr Surfverhalten gemacht werden. Dies geschieht in erster Linie mit Hilfe von Cookies und Analyseprogrammen. Die Auswertung Ihres Surfverhaltens erfolgt in der Regel anonym, d.h. wir k\u00f6nnen Sie anhand dieser Daten nicht identifizieren. Sie k\u00f6nnen dieser Analyse widersprechen oder sie verhindern, indem Sie bestimmte Tools nicht verwenden. Detaillierte Informationen finden Sie in der folgenden Datenschutzerkl\u00e4rung.<\/p><p>Sie k\u00f6nnen gegen diese Analyse Einspruch erheben. Wir werden Sie im Folgenden dar\u00fcber informieren, wie Sie Ihre diesbez\u00fcglichen M\u00f6glichkeiten nutzen k\u00f6nnen.<\/p><h3><strong>2. Allgemeine Informationen und Pflichtangaben<\/strong><\/h3><h3>Datenschutz<\/h3><p>Die Betreiber dieser Website nehmen den Schutz Ihrer pers\u00f6nlichen Daten sehr ernst. Wir behandeln Ihre personenbezogenen Daten vertraulich und entsprechend den gesetzlichen Datenschutzvorschriften sowie dieser Datenschutzerkl\u00e4rung.<\/p><p>Wenn Sie diese Website nutzen, werden verschiedene personenbezogene Daten erhoben. Personenbezogene Daten sind alle Daten, mit denen Sie pers\u00f6nlich identifiziert werden k\u00f6nnen. In dieser Datenschutzerkl\u00e4rung wird erl\u00e4utert, welche Informationen wir sammeln und wof\u00fcr wir sie verwenden. Es wird auch erkl\u00e4rt, wie und zu welchem Zweck dies geschieht.<\/p><p>Wir weisen darauf hin, dass die Daten\u00fcbertragung im Internet (z.B. bei der Kommunikation per E-Mail) Sicherheitsl\u00fccken aufweisen kann. Ein vollst\u00e4ndiger Schutz Ihrer Daten vor dem Zugriff durch Dritte ist nicht m\u00f6glich.<\/p><h3>Hinweis auf den Verantwortlichen f\u00fcr diese Website<\/h3><p>Der Verantwortliche f\u00fcr die Datenverarbeitung auf dieser Website ist:<\/p><p>H. &amp; J. BR\u00dcGGEN KG<br \/>Gertrudenstr. 15<br \/>23568 L\u00fcbeck<\/p><p>Telefon: +49 451 3100-0<br \/>E-Mail: <a href=\"mailto:info@brueggen.com\">info@brueggen.com<\/a><\/p><p>Der Verantwortliche ist die nat\u00fcrliche oder juristische Person, die allein oder gemeinsam mit anderen \u00fcber die Zwecke und Mittel der Verarbeitung personenbezogener Daten (Namen, E-Mail-Adressen usw.) entscheidet.<\/p><h3>Widerruf der Einwilligung in die Verarbeitung Ihrer Daten<\/h3><p>Viele Datenverarbeitungsvorg\u00e4nge sind nur mit Ihrer ausdr\u00fccklichen Zustimmung m\u00f6glich. Sie k\u00f6nnen Ihre Einwilligung jederzeit mit Wirkung f\u00fcr die Zukunft widerrufen. Eine formlose E-Mail mit dieser Bitte ist ausreichend. Die Daten, die verarbeitet wurden, bevor wir Ihren Antrag erhalten haben, k\u00f6nnen weiterhin rechtm\u00e4\u00dfig verarbeitet werden.<\/p><h3>SSL- oder TLS-Verschl\u00fcsselung<\/h3><p>Diese Seite verwendet aus Sicherheitsgr\u00fcnden und zum Schutz der \u00dcbertragung vertraulicher Inhalte, wie z.B. der Anfragen, die Sie an uns als Seitenbetreiber senden, eine SSL- oder TLS-Verschl\u00fcsselung. Eine verschl\u00fcsselte Verbindung erkennen Sie daran, dass die Adresszeile Ihres Browsers von &#8222;http:\/\/&#8220; auf &#8222;https:\/\/&#8220; wechselt und das Schloss-Symbol in der Adressleiste Ihres Browsers angezeigt wird.<\/p><p>Wenn die SSL- oder TLS-Verschl\u00fcsselung aktiviert ist, k\u00f6nnen die Daten, die Sie an uns \u00fcbermitteln, nicht von Dritten gelesen werden.<\/p><h3>Information, Sperrung, L\u00f6schung<\/h3><p>Sie haben jederzeit das Recht auf unentgeltliche Auskunft \u00fcber Ihre gespeicherten personenbezogenen Daten, deren Herkunft und Empf\u00e4nger sowie den Zweck der Datenverarbeitung. Sie haben au\u00dferdem das Recht, diese Daten berichtigen, sperren oder l\u00f6schen zu lassen. Wenn Sie weitere Fragen zum Thema personenbezogene Daten haben, k\u00f6nnen Sie sich jederzeit unter der im Impressum angegebenen Adresse an uns wenden.<\/p><h3>Einspruch gegen Werbe-E-Mails<\/h3><p>Der Nutzung von im Rahmen der Impressumspflicht ver\u00f6ffentlichten Kontaktdaten durch Dritte zur \u00dcbersendung von nicht ausdr\u00fccklich angeforderter Werbung und Informationsmaterialien wird hiermit ausdr\u00fccklich widersprochen. Die Betreiber der Seiten behalten sich ausdr\u00fccklich rechtliche Schritte im Falle der unverlangten Zusendung von Werbeinformationen, etwa durch Spam-Mails, vor.<\/p><h3><strong>3. Datenschutzbeauftragter<\/strong><\/h3><h3>Gesetzlicher Datenschutzbeauftragter<\/h3><p>Wir haben f\u00fcr unser Unternehmen einen Datenschutzbeauftragten bestellt.<\/p><p>legitimis GmbH<br \/>Ball 1<br \/>51429 Bergisch Gladbach<\/p><p>Telefon: +49 49 22 02\/28 941 0<br \/>E-Mail:\u00a0<span style=\"background-color: transparent; letter-spacing: 0em;\">datenschutz-brueggen@legitimis.com<\/span><\/p><h3><b>4. Datenerhebung auf unserer Website<br \/><\/b>Cookies<\/h3><p>Einige unserer Webseiten verwenden Cookies. Cookies richten auf Ihrem Rechner keinen Schaden an und enthalten keine Viren. Cookies tragen dazu bei, unsere Website benutzerfreundlicher, effizienter und sicherer zu machen. Cookies sind kleine Textdateien, die auf Ihrem Computer gespeichert werden und die Ihr Browser speichert.<\/p><p>Die meisten der von uns verwendeten Cookies sind so genannte &#8222;Session-Cookies&#8220;. Sie werden nach Ihrem Besuch automatisch gel\u00f6scht. Andere Cookies bleiben im Speicher Ihres Ger\u00e4ts, bis Sie sie l\u00f6schen. Diese Cookies erm\u00f6glichen es, Ihren Browser beim n\u00e4chsten Besuch der Website wiederzuerkennen.<\/p><p>Sie k\u00f6nnen Ihren Browser so konfigurieren, dass er Sie \u00fcber die Verwendung von Cookies informiert, so dass Sie von Fall zu Fall entscheiden k\u00f6nnen, ob Sie ein Cookie akzeptieren oder ablehnen. Alternativ kann Ihr Browser so eingestellt werden, dass er Cookies unter bestimmten Bedingungen automatisch annimmt oder immer ablehnt, oder dass er Cookies beim Schlie\u00dfen des Browsers automatisch l\u00f6scht. Die Deaktivierung von Cookies kann die Funktionalit\u00e4t dieser Website einschr\u00e4nken.<\/p><p>Cookies, die notwendig sind, um elektronische Kommunikation zu erm\u00f6glichen oder bestimmte Funktionen, die Sie nutzen m\u00f6chten (z.B. den Warenkorb), bereitzustellen, werden gem\u00e4\u00df Art. 6 Abs. 1, Buchstabe f DSGVO gespeichert. Der Betreiber der Website hat ein berechtigtes Interesse an der Speicherung von Cookies, um einen optimierten und technisch fehlerfreien Service zu gew\u00e4hrleisten. Wenn andere Cookies (z. B. zur Analyse Ihres Surfverhaltens) ebenfalls gespeichert werden, werden diese in dieser Datenschutzerkl\u00e4rung gesondert behandelt.<\/p><h3>Server-Protokolldateien<\/h3><p>Der Website-Provider erhebt und speichert automatisch in so genannten Server Log Files&#8220; Informationen, die Ihr Browser automatisch an uns \u00fcbermittelt. Diese sind:<\/p><ul><li>Browsertyp und Browserversion<\/li><li>Verwendetes Betriebssystem<\/li><li>Referrer URL<\/li><li>Hostname des zugreifenden Computers<\/li><li>Uhrzeit der Serveranfrage<\/li><li>IP-Adresse<\/li><\/ul><p>Diese Daten werden nicht mit Daten aus anderen Quellen zusammengef\u00fchrt.<\/p><p>Die Grundlage f\u00fcr die Datenverarbeitung ist Art. 6 Abs. 1 lit. f) DSGVO, der die Verarbeitung von Daten zur Erf\u00fcllung eines Vertrages oder f\u00fcr vorvertragliche Ma\u00dfnahmen erlaubt.<\/p><h3>Kontakt und Bewerbungsformular<\/h3><p>Wenn Sie uns per Kontaktformular Anfragen zukommen lassen, werden Ihre Angaben aus dem Formular inklusive der von Ihnen dort angegebenen Kontaktdaten zwecks Bearbeitung der Anfrage und f\u00fcr den Fall von Anschlussfragen bei uns gespeichert. Wir geben diese Informationen nicht ohne Ihre Zustimmung weiter.<\/p><p>Wir verarbeiten daher die von Ihnen in das Kontaktformular eingegebenen Daten nur mit Ihrer Einwilligung gem\u00e4\u00df Art. 6 Abs. 1 lit. a) DSGVO. Sie k\u00f6nnen Ihre Zustimmung jederzeit widerrufen. Eine formlose E-Mail mit dieser Bitte ist ausreichend. Die Daten, die verarbeitet wurden, bevor wir Ihren Antrag erhalten haben, k\u00f6nnen weiterhin rechtm\u00e4\u00dfig verarbeitet werden.<\/p><p>Die von Ihnen im Kontaktformular angegebenen Daten werden bei uns gespeichert, bis Sie uns zur L\u00f6schung auffordern, Ihre Einwilligung zur Speicherung widerrufen oder der Zweck f\u00fcr die Datenspeicherung entf\u00e4llt (z.B. nach Erf\u00fcllung Ihrer Anfrage). Zwingende gesetzliche Vorschriften, insbesondere \u00fcber die Aufbewahrungsfristen, bleiben von dieser Regelung unber\u00fchrt.<\/p><h3><strong>5. Nutzung von Microsoft Diensten<\/strong><\/h3><p>Wir nutzen verschiedene Dienste der Microsoft\u00aeCorporation f\u00fcr Telefonkonferenzen, Terminvereinbarungen, Umfragen oder zur Zusammenarbeit mit unseren Mitarbeitern, Kunden, Interessenten und Bewerbern. Die Datenschutzhinweise diesbez\u00fcglich finden Sie <a href=\"https:\/\/www.brueggen.com\/wp-content\/uploads\/sites\/5\/2024\/05\/20240508_Datenschutzhinweise_Microsoft-_Dienste_Brueggen-1.pdf\" target=\"_blank\" rel=\"noopener\"><strong><span style=\"color: #ff4143;\"><span style=\"text-decoration: underline;\">hier<\/span><\/span><\/strong><\/a>.<\/p><div><div><div><h3><b>6. Webanalyse durch Matomo<\/b><\/h3><p><strong>Art und Umfang der Datenverarbeitung<\/strong><br \/>Wir nutzen auf unserer Website nach Ihrer Einwilligung das Open-Source-Software-Tool Matomo (ehemals PIWIK) des Anbieters InnoCraft Ltd., 150 Willis St, 6011 Wellington, Neuseeland, zur Analyse des Surfverhaltens unserer Nutzer. Die Software setzt auf Ihrem Rechner ein Cookie (zu Cookies siehe bereits oben). Bei dem Aufrufen der Website werden folgende Daten gespeichert:\u00a0<br \/>\u2022\u00a0\u00a0 \u00a0zwei Bytes der IP-Adresse des aufrufenden Systems des Nutzers,<br \/>\u2022\u00a0\u00a0 \u00a0die aufgerufene Webseite,<br \/>\u2022\u00a0\u00a0 \u00a0die Website, von der der Nutzer auf die aufgerufene Webseite gelangt ist (Referrer),<br \/>\u2022\u00a0\u00a0 \u00a0die Unterseiten, die von der aufgerufenen Webseite aus aufgerufen werden,<br \/>\u2022\u00a0\u00a0 \u00a0die Verweildauer auf der Webseite,<br \/>\u2022\u00a0\u00a0 \u00a0die H\u00e4ufigkeit des Aufrufs der Webseite.<br \/>Die Software l\u00e4uft dabei ausschlie\u00dflich auf den Servern unserer Webseite. Eine Speicherung der personenbezogenen Daten der Nutzer findet nur dort statt. Eine Weitergabe der Daten an Dritte erfolgt nicht. Ein R\u00fcckschluss auf eine bestimmte Person ist dabei nicht m\u00f6glich, da Ihre IP-Adresse sofort nach der Verarbeitung und vor der Speicherung anonymisiert wird.<span style=\"background-color: transparent; letter-spacing: 0em;\">datenschutz-brueggen@legitimis.com<\/span><\/p><\/div><\/div><\/div>\t\t\t\t\t\t\t\t<\/div>\n\t\t\t\t\t<\/div>\n\t\t<\/div>\n\t\t\t\t\t<\/div>\n\t\t<\/section>\n\t\t\t\t\t<\/div>\n\t\t<\/div>\n\t\t\t\t\t<\/div>\n\t\t<\/section>\n\t\t<div class=\"elementor-element elementor-element-a114b53 e-flex e-con-boxed e-con e-parent\" data-id=\"a114b53\" data-element_type=\"container\" data-e-type=\"container\">\n\t\t\t\t\t<div class=\"e-con-inner\">\n\t\t\t\t<div class=\"elementor-element elementor-element-df65207 elementor-widget elementor-widget-shortcode\" data-id=\"df65207\" data-element_type=\"widget\" data-e-type=\"widget\" data-widget_type=\"shortcode.default\">\n\t\t\t\t\t\t\t<div class=\"elementor-shortcode\"><p id=\"matomo_opted_out_intro\" style=\"display:none;\">Opt-out abgeschlossen; Ihre Besuche auf dieser Webseite werden nicht vom Webanalysetool erfasst. Bitte beachten Sie, dass auch der Matomo-Deaktivierungs-Cookie dieser Webseite gel\u00f6scht wird, wenn Sie die in Ihrem Browser abgelegten Cookies entfernen. Au\u00dferdem m\u00fcssen Sie, wenn Sie einen anderen Computer oder einen anderen Webbrowser verwenden, die Deaktivierungsprozedur nochmals absolvieren.<\/p><p id=\"matomo_opted_in_intro\" >Sie haben die M\u00f6glichkeit zu verhindern, dass von Ihnen hier get\u00e4tigte Aktionen analysiert und verkn\u00fcpft werden. Dies wird Ihre Privatsph\u00e4re sch\u00fctzen, aber wird auch den Besitzer daran hindern, aus Ihren Aktionen zu lernen und die Bedienbarkeit f\u00fcr Sie und andere Benutzer zu verbessern.<\/p><form>\n        <input type=\"checkbox\" id=\"matomo_optout_checkbox\" checked=\"checked\"\/>\n        <label for=\"matomo_optout_checkbox\"><strong>\n        <span id=\"matomo_opted_in_label\" >Ihr Besuch dieser Webseite wird aktuell von der Matomo Webanalyse erfasst. Diese Checkbox abw\u00e4hlen f\u00fcr Opt-Out.<\/span>\n\t\t<span id=\"matomo_opted_out_label\" style=\"display:none;\">Ihr Besuch dieser Webseite wird aktuell von der Matomo Webanalyse nicht erfasst. Diese Checkbox aktivieren f\u00fcr Opt-In.<\/span>\n        <\/strong><\/label><\/form><noscript><p><strong style=\"color: #ff0000;\">This opt out feature requires JavaScript.<\/strong><\/p><\/noscript><p id=\"matomo_outout_err_cookies\" style=\"display: none;\"><strong>Die Tracking opt-out Funktion ben\u00f6tigt aktivierte Cookies.<\/strong><\/p><\/div>\n\t\t\t\t\t\t<\/div>\n\t\t\t\t\t<\/div>\n\t\t\t\t<\/div>\n\t\t\t\t<\/div>\n\t\t","protected":false},"excerpt":{"rendered":"<p>Datenschutzbestimmungen 1. Ein \u00dcberblick \u00fcber den Datenschutz Allgemein Im Folgenden erhalten Sie einen einfachen \u00dcberblick dar\u00fcber, was mit Ihren pers\u00f6nlichen Daten geschieht, wenn Sie unsere Website besuchen. Personenbezogene Daten sind alle Daten, mit denen Sie pers\u00f6nlich identifiziert werden k\u00f6nnen. Ausf\u00fchrliche Informationen zum Thema Datenschutz finden Sie in unserer Datenschutzerkl\u00e4rung, die Sie weiter unten finden. Datenerfassung&#8230;<\/p>\n","protected":false},"author":2,"featured_media":0,"parent":0,"menu_order":14,"comment_status":"closed","ping_status":"closed","template":"","meta":{"_kad_post_transparent":"","_kad_post_title":"","_kad_post_layout":"","_kad_post_sidebar_id":"","_kad_post_content_style":"","_kad_post_vertical_padding":"","_kad_post_feature":"","_kad_post_feature_position":"","_kad_post_header":false,"_kad_post_footer":false,"footnotes":""},"class_list":["post-5577","page","type-page","status-publish","hentry"],"_links":{"self":[{"href":"https:\/\/www.brueggen.com\/de\/wp-json\/wp\/v2\/pages\/5577","targetHints":{"allow":["GET"]}}],"collection":[{"href":"https:\/\/www.brueggen.com\/de\/wp-json\/wp\/v2\/pages"}],"about":[{"href":"https:\/\/www.brueggen.com\/de\/wp-json\/wp\/v2\/types\/page"}],"author":[{"embeddable":true,"href":"https:\/\/www.brueggen.com\/de\/wp-json\/wp\/v2\/users\/2"}],"replies":[{"embeddable":true,"href":"https:\/\/www.brueggen.com\/de\/wp-json\/wp\/v2\/comments?post=5577"}],"version-history":[{"count":9,"href":"https:\/\/www.brueggen.com\/de\/wp-json\/wp\/v2\/pages\/5577\/revisions"}],"predecessor-version":[{"id":33829,"href":"https:\/\/www.brueggen.com\/de\/wp-json\/wp\/v2\/pages\/5577\/revisions\/33829"}],"wp:attachment":[{"href":"https:\/\/www.brueggen.com\/de\/wp-json\/wp\/v2\/media?parent=5577"}],"curies":[{"name":"wp","href":"https:\/\/api.w.org\/{rel}","templated":true}]}}