{"id":5638,"date":"2024-02-13T12:54:22","date_gmt":"2024-02-13T11:54:22","guid":{"rendered":"https:\/\/www-neu.brueggen.com\/verhaltenskodex\/"},"modified":"2026-03-04T21:02:41","modified_gmt":"2026-03-04T20:02:41","slug":"verhaltenskodex","status":"publish","type":"page","link":"https:\/\/www.brueggen.com\/de\/verhaltenskodex\/","title":{"rendered":"Compliance"},"content":{"rendered":"\t\t<div data-elementor-type=\"wp-page\" data-elementor-id=\"5638\" class=\"elementor elementor-5638 elementor-2712\" data-elementor-post-type=\"page\">\n\t\t\t\t\t\t<section class=\"elementor-section elementor-top-section elementor-element elementor-element-b4b7bf7 elementor-section-boxed elementor-section-height-default elementor-section-height-default\" data-id=\"b4b7bf7\" data-element_type=\"section\" data-e-type=\"section\">\n\t\t\t\t\t\t<div class=\"elementor-container elementor-column-gap-default\">\n\t\t\t\t\t<div class=\"elementor-column elementor-col-100 elementor-top-column elementor-element elementor-element-afcca9b\" data-id=\"afcca9b\" data-element_type=\"column\" data-e-type=\"column\">\n\t\t\t<div class=\"elementor-widget-wrap elementor-element-populated\">\n\t\t\t\t\t\t<section class=\"elementor-section elementor-inner-section elementor-element elementor-element-283bfe6 elementor-section-boxed elementor-section-height-default elementor-section-height-default\" data-id=\"283bfe6\" data-element_type=\"section\" data-e-type=\"section\">\n\t\t\t\t\t\t<div class=\"elementor-container elementor-column-gap-default\">\n\t\t\t\t\t<div class=\"elementor-column elementor-col-100 elementor-inner-column elementor-element elementor-element-c63ba48 elementor-invisible\" data-id=\"c63ba48\" data-element_type=\"column\" data-e-type=\"column\" data-settings=\"{&quot;animation&quot;:&quot;fadeIn&quot;}\">\n\t\t\t<div class=\"elementor-widget-wrap elementor-element-populated\">\n\t\t\t\t\t\t<div class=\"elementor-element elementor-element-11c039f elementor-hidden-tablet elementor-hidden-mobile elementor-widget elementor-widget-spacer\" data-id=\"11c039f\" data-element_type=\"widget\" data-e-type=\"widget\" data-widget_type=\"spacer.default\">\n\t\t\t\t\t\t\t<div class=\"elementor-spacer\">\n\t\t\t<div class=\"elementor-spacer-inner\"><\/div>\n\t\t<\/div>\n\t\t\t\t\t\t<\/div>\n\t\t\t\t<div class=\"elementor-element elementor-element-fd13b45 elementor-widget elementor-widget-heading\" data-id=\"fd13b45\" data-element_type=\"widget\" data-e-type=\"widget\" data-widget_type=\"heading.default\">\n\t\t\t\t\t<h1 class=\"elementor-heading-title elementor-size-default\">Compliance<\/h1>\t\t\t\t<\/div>\n\t\t\t\t<div class=\"elementor-element elementor-element-b76ce4b elementor-widget elementor-widget-text-editor\" data-id=\"b76ce4b\" data-element_type=\"widget\" data-e-type=\"widget\" data-widget_type=\"text-editor.default\">\n\t\t\t\t\t\t\t\t\t<p>Die Br\u00fcggen-Gruppe &#8211; ein Familienunternehmen mit \u00fcber 150-j\u00e4hriger Firmengeschichte &#8211; legt ihr Augenmerk nicht nur auf den Einkauf, die Produktion und den Vertrieb von sicheren und lebensmittelechten Produkten, sondern auch auf die Einhaltung von Sozial- und Umweltstandards im eigenen Gesch\u00e4ftsbereich und bei den direkten Lieferanten.<\/p><p>Unsere Unternehmensgrunds\u00e4tze, die in unserem<span style=\"text-decoration: underline;color: #ff4143\"><strong><a style=\"color: #ff4143;text-decoration: underline\" href=\"https:\/\/www.brueggen.com\/wp-content\/uploads\/sites\/5\/2025\/08\/Brueggen-Code-of-Conduct-Verhaltenskodex-210x210-08-2025-Web-DE.pdf\" target=\"_blank\" rel=\"noopener\"> Verhaltenskodex <\/a><\/strong><\/span>niedergelegt sind, bilden die Grundlage f\u00fcr eine vertrauensvolle, konstruktive und langfristige Zusammenarbeit. Die Einhaltung der Vorschriften ist daher ein Eckpfeiler des Erfolgs unseres Unternehmens.<\/p><p>Es ist uns wichtig, dass wir auch in Zukunft daf\u00fcr sorgen k\u00f6nnen, dass diese Leitlinien eingehalten werden. Wir m\u00f6chten Sie daher um Ihre Hilfe bitten. Wenn Sie z.B. Verst\u00f6\u00dfe gegen Menschenrechte, Kartellrecht, Umweltvorschriften, Arbeitssicherheitsstandards o.\u00e4. beobachtet haben oder dar\u00fcber informiert wurden, melden Sie uns dies bitte \u00fcber unser Whistleblower-System. Die \u00fcbermittelten Informationen werden selbstverst\u00e4ndlich NIE als Vertrauensbruch behandelt. Alle Meldungen werden streng vertraulich behandelt, und der Hinweisgeber erh\u00e4lt umgehend eine R\u00fcckmeldung \u00fcber den gemeldeten Vorfall. Diese Informationen sind wichtig, um Compliance-Verst\u00f6\u00dfen fr\u00fchzeitig entgegenzuwirken und Verst\u00f6\u00dfe nach M\u00f6glichkeit abzuwenden, bevor Schaden entsteht.<\/p><p>Wir danken Ihnen f\u00fcr Ihre Hilfe und sind f\u00fcr jede Information dankbar.<\/p><h3>Erkl\u00e4rung zur Menschenrechtspolitik<\/h3><p>Verantwortungsvolles Handeln ist integraler Bestandteil unserer Unternehmensstrategie. F\u00fcr uns ist es eine Selbstverst\u00e4ndlichkeit, die Menschenrechte zu achten und Menschenrechtsverletzungen zu verhindern. Dies gilt f\u00fcr unseren eigenen Gesch\u00e4ftsbereich und &#8211; je nach Einflussm\u00f6glichkeit &#8211; f\u00fcr unsere Wertsch\u00f6pfungskette. Im Rahmen des Lieferkettensorgfaltspflichtengesetzes werden wir j\u00e4hrlich \u00f6ffentlich \u00fcber unsere Entwicklungen und Projekte berichten. <strong><span style=\"text-decoration: underline\"><span style=\"color: #ff4143\"><a style=\"color: #ff4143;text-decoration: underline\" href=\"https:\/\/www.brueggen.com\/wp-content\/uploads\/sites\/5\/2025\/04\/HJBrueggenKG-Grundsatzerklaerung-DE-NEU-1.pdf\" target=\"_blank\" rel=\"noopener\">Unter diesem Link finden Sie die Grundsatzerkl\u00e4rung der H. &amp; J. Br\u00fcggen KG.<\/a><\/span><\/span><\/strong><\/p><p><strong>Ver\u00f6ffentlichung des LkSG-BAFA-Berichts<\/strong><br \/>Im Rahmen unserer gesetzlichen Verpflichtungen gem\u00e4\u00df Lieferkettensorgfaltspflichtengesetz (LkSG) haben wir unseren aktuellen Bericht an das Bundesamt f\u00fcr Wirtschaft und Ausfuhrkontrolle (BAFA) fristgerecht eingereicht. Der Bericht gibt einen transparenten \u00dcberblick \u00fcber die von uns ergriffenen Ma\u00dfnahmen zur Einhaltung menschenrechtlicher und umweltbezogener Sorgfaltspflichten in unserer Lieferkette.<br \/>Den Bericht finden Sie bitte <span style=\"text-decoration: underline\"><span style=\"color: #ff4143\"><strong><a style=\"color: #ff4143;text-decoration: underline\" href=\"https:\/\/www.brueggen.com\/wp-content\/uploads\/sites\/5\/2025\/07\/HJBrueggenKG_LkSG-BAFA_Bericht_01_01_2024-31_12_2024.pdf\">hier<\/a><\/strong><\/span><\/span>.<\/p><p><strong>Whistleblower-System der H. &amp; J. Br\u00fcggen KG<\/strong><br \/>Wir pr\u00fcfen jede Meldung und gehen ihr konsequent nach. Wir sind f\u00fcr jede Information dankbar. Informationen werden NIEMALS als Vertrauensbruch angesehen und es gibt keine Form von nachteiligem Verhalten gegen\u00fcber Hinweisgebern. <span style=\"text-decoration: underline\"><span style=\"color: #ff4143\"><strong><a style=\"color: #ff4143;text-decoration: underline\" href=\"https:\/\/www.brueggen.com\/de\/verhaltenskodex\/hinweisgebersystem-formular\/\">Klicken Sie auf diesen Link.<\/a><\/strong><\/span><\/span><br \/>Die Verfahrensordnung finden Sie bitte <span style=\"text-decoration: underline\"><span style=\"color: #ff4143\"><strong><a style=\"color: #ff4143;text-decoration: underline\" href=\"https:\/\/www.brueggen.com\/wp-content\/uploads\/sites\/5\/2025\/06\/Brueggen_Verfahrensordnung-Beschwerdeverfahren-Homepage-17.06.2025-he.pdf\">hier<\/a><\/strong><\/span><\/span>.<\/p>\t\t\t\t\t\t\t\t<\/div>\n\t\t\t\t\t<\/div>\n\t\t<\/div>\n\t\t\t\t\t<\/div>\n\t\t<\/section>\n\t\t\t\t\t<\/div>\n\t\t<\/div>\n\t\t\t\t\t<\/div>\n\t\t<\/section>\n\t\t\t\t<\/div>\n\t\t","protected":false},"excerpt":{"rendered":"<p>Compliance Die Br\u00fcggen-Gruppe &#8211; ein Familienunternehmen mit \u00fcber 150-j\u00e4hriger Firmengeschichte &#8211; legt ihr Augenmerk nicht nur auf den Einkauf, die Produktion und den Vertrieb von sicheren und lebensmittelechten Produkten, sondern auch auf die Einhaltung von Sozial- und Umweltstandards im eigenen Gesch\u00e4ftsbereich und bei den direkten Lieferanten. Unsere Unternehmensgrunds\u00e4tze, die in unserem Verhaltenskodex niedergelegt sind, bilden&#8230;<\/p>\n","protected":false},"author":2,"featured_media":0,"parent":0,"menu_order":15,"comment_status":"closed","ping_status":"closed","template":"","meta":{"_kad_post_transparent":"","_kad_post_title":"","_kad_post_layout":"","_kad_post_sidebar_id":"","_kad_post_content_style":"","_kad_post_vertical_padding":"","_kad_post_feature":"","_kad_post_feature_position":"","_kad_post_header":false,"_kad_post_footer":false,"footnotes":""},"class_list":["post-5638","page","type-page","status-publish","hentry"],"_links":{"self":[{"href":"https:\/\/www.brueggen.com\/de\/wp-json\/wp\/v2\/pages\/5638","targetHints":{"allow":["GET"]}}],"collection":[{"href":"https:\/\/www.brueggen.com\/de\/wp-json\/wp\/v2\/pages"}],"about":[{"href":"https:\/\/www.brueggen.com\/de\/wp-json\/wp\/v2\/types\/page"}],"author":[{"embeddable":true,"href":"https:\/\/www.brueggen.com\/de\/wp-json\/wp\/v2\/users\/2"}],"replies":[{"embeddable":true,"href":"https:\/\/www.brueggen.com\/de\/wp-json\/wp\/v2\/comments?post=5638"}],"version-history":[{"count":42,"href":"https:\/\/www.brueggen.com\/de\/wp-json\/wp\/v2\/pages\/5638\/revisions"}],"predecessor-version":[{"id":33495,"href":"https:\/\/www.brueggen.com\/de\/wp-json\/wp\/v2\/pages\/5638\/revisions\/33495"}],"wp:attachment":[{"href":"https:\/\/www.brueggen.com\/de\/wp-json\/wp\/v2\/media?parent=5638"}],"curies":[{"name":"wp","href":"https:\/\/api.w.org\/{rel}","templated":true}]}}