{"id":5647,"date":"2024-03-05T09:10:22","date_gmt":"2024-03-05T08:10:22","guid":{"rendered":"https:\/\/www-neu.brueggen.com\/bars\/"},"modified":"2026-03-04T23:17:56","modified_gmt":"2026-03-04T22:17:56","slug":"bars","status":"publish","type":"page","link":"https:\/\/www.brueggen.com\/de\/produkte-services\/bars\/","title":{"rendered":"Riegel"},"content":{"rendered":"\t\t<div data-elementor-type=\"wp-page\" data-elementor-id=\"5647\" class=\"elementor elementor-5647 elementor-3466\" data-elementor-post-type=\"page\">\n\t\t\t\t<div class=\"elementor-element elementor-element-a523804 e-flex e-con-boxed e-con e-parent\" data-id=\"a523804\" data-element_type=\"container\" data-e-type=\"container\">\n\t\t\t\t\t<div class=\"e-con-inner\">\n\t\t\t\t<div class=\"elementor-element elementor-element-3b321e0 elementor-widget elementor-widget-image\" data-id=\"3b321e0\" data-element_type=\"widget\" data-e-type=\"widget\" data-widget_type=\"image.default\">\n\t\t\t\t\t\t\t\t\t\t\t\t\t\t\t<img decoding=\"async\" width=\"3840\" height=\"1299\" src=\"https:\/\/www.brueggen.com\/wp-content\/uploads\/sites\/5\/2025\/11\/Brueggen_Riegelsorten_Sunny_2025.jpg\" class=\"attachment-full size-full wp-image-32375\" alt=\"Das Bild zeigt drei M\u00fcsliriegel nebeneinander in den Sorten Schoko, Erdbeer und Salted Caramel\" srcset=\"https:\/\/www.brueggen.com\/wp-content\/uploads\/sites\/5\/2025\/11\/Brueggen_Riegelsorten_Sunny_2025.jpg 3840w, https:\/\/www.brueggen.com\/wp-content\/uploads\/sites\/5\/2025\/11\/Brueggen_Riegelsorten_Sunny_2025-300x101.jpg 300w, https:\/\/www.brueggen.com\/wp-content\/uploads\/sites\/5\/2025\/11\/Brueggen_Riegelsorten_Sunny_2025-1024x346.jpg 1024w, https:\/\/www.brueggen.com\/wp-content\/uploads\/sites\/5\/2025\/11\/Brueggen_Riegelsorten_Sunny_2025-768x260.jpg 768w, https:\/\/www.brueggen.com\/wp-content\/uploads\/sites\/5\/2025\/11\/Brueggen_Riegelsorten_Sunny_2025-1536x520.jpg 1536w, https:\/\/www.brueggen.com\/wp-content\/uploads\/sites\/5\/2025\/11\/Brueggen_Riegelsorten_Sunny_2025-2048x693.jpg 2048w\" sizes=\"(max-width: 3840px) 100vw, 3840px\" \/>\t\t\t\t\t\t\t\t\t\t\t\t\t\t\t<\/div>\n\t\t\t\t\t<\/div>\n\t\t\t\t<\/div>\n\t\t\t\t<section class=\"elementor-section elementor-top-section elementor-element elementor-element-8126a1f elementor-section-boxed elementor-section-height-default elementor-section-height-default\" data-id=\"8126a1f\" data-element_type=\"section\" data-e-type=\"section\">\n\t\t\t\t\t\t<div class=\"elementor-container elementor-column-gap-default\">\n\t\t\t\t\t<div class=\"elementor-column elementor-col-100 elementor-top-column elementor-element elementor-element-10c4707\" data-id=\"10c4707\" data-element_type=\"column\" data-e-type=\"column\">\n\t\t\t<div class=\"elementor-widget-wrap elementor-element-populated\">\n\t\t\t\t\t\t<section class=\"elementor-section elementor-inner-section elementor-element elementor-element-1de02d1 elementor-section-boxed elementor-section-height-default elementor-section-height-default\" data-id=\"1de02d1\" data-element_type=\"section\" data-e-type=\"section\">\n\t\t\t\t\t\t<div class=\"elementor-container elementor-column-gap-default\">\n\t\t\t\t\t<div class=\"elementor-column elementor-col-100 elementor-inner-column elementor-element elementor-element-1a67a82 elementor-invisible\" data-id=\"1a67a82\" data-element_type=\"column\" data-e-type=\"column\" data-settings=\"{&quot;animation&quot;:&quot;fadeIn&quot;}\">\n\t\t\t<div class=\"elementor-widget-wrap elementor-element-populated\">\n\t\t\t\t\t\t<div class=\"elementor-element elementor-element-5ebc48b elementor-widget elementor-widget-heading\" data-id=\"5ebc48b\" data-element_type=\"widget\" data-e-type=\"widget\" data-widget_type=\"heading.default\">\n\t\t\t\t\t<h1 class=\"elementor-heading-title elementor-size-default\">Willkommen bei Br\u00fcggen - die Welt der Riegel<\/h1>\t\t\t\t<\/div>\n\t\t\t\t<div class=\"elementor-element elementor-element-a122cfc elementor-widget elementor-widget-text-editor\" data-id=\"a122cfc\" data-element_type=\"widget\" data-e-type=\"widget\" data-widget_type=\"text-editor.default\">\n\t\t\t\t\t\t\t\t\t<p>Wir bei Br\u00fcggen sind stolz darauf, ein Familienunternehmen zu sein, das 1868 gegr\u00fcndet wurde. Als f\u00fchrender Hersteller von Eigenmarken haben wir uns auf die Produktion von hochwertigen Fr\u00fchst\u00fcckscerealien spezialisiert. Unser dynamisches Team von rund 2.000 engagierten Fachleuten arbeitet an f\u00fcnf strategischen Standorten in vier L\u00e4ndern zusammen, um unseren gesch\u00e4tzten Kunden weltweit nahrhafte und k\u00f6stliche Produkte zu liefern.<\/p>\n\t\t\t\t\t\t\t\t<\/div>\n\t\t\t\t\t<\/div>\n\t\t<\/div>\n\t\t\t\t\t<\/div>\n\t\t<\/section>\n\t\t\t\t\t<\/div>\n\t\t<\/div>\n\t\t\t\t\t<\/div>\n\t\t<\/section>\n\t\t\t\t<section class=\"elementor-section elementor-top-section elementor-element elementor-element-0a5e7d0 elementor-section-boxed elementor-section-height-default elementor-section-height-default\" data-id=\"0a5e7d0\" data-element_type=\"section\" data-e-type=\"section\" data-settings=\"{&quot;background_background&quot;:&quot;classic&quot;}\">\n\t\t\t\t\t\t<div class=\"elementor-container elementor-column-gap-default\">\n\t\t\t\t\t<div class=\"elementor-column elementor-col-100 elementor-top-column elementor-element elementor-element-a4b50d0\" data-id=\"a4b50d0\" data-element_type=\"column\" data-e-type=\"column\">\n\t\t\t<div class=\"elementor-widget-wrap elementor-element-populated\">\n\t\t\t\t\t\t<section class=\"elementor-section elementor-inner-section elementor-element elementor-element-9b81c46 elementor-section-boxed elementor-section-height-default elementor-section-height-default\" data-id=\"9b81c46\" data-element_type=\"section\" data-e-type=\"section\">\n\t\t\t\t\t\t<div class=\"elementor-container elementor-column-gap-default\">\n\t\t\t\t\t<div class=\"elementor-column elementor-col-100 elementor-inner-column elementor-element elementor-element-bf259f0 elementor-invisible\" data-id=\"bf259f0\" data-element_type=\"column\" data-e-type=\"column\" data-settings=\"{&quot;animation&quot;:&quot;fadeIn&quot;}\">\n\t\t\t<div class=\"elementor-widget-wrap elementor-element-populated\">\n\t\t\t\t\t\t<div class=\"elementor-element elementor-element-cb2c95d elementor-widget elementor-widget-spacer\" data-id=\"cb2c95d\" data-element_type=\"widget\" data-e-type=\"widget\" data-widget_type=\"spacer.default\">\n\t\t\t\t\t\t\t<div class=\"elementor-spacer\">\n\t\t\t<div class=\"elementor-spacer-inner\"><\/div>\n\t\t<\/div>\n\t\t\t\t\t\t<\/div>\n\t\t\t\t<div class=\"elementor-element elementor-element-fcb04d1 elementor-widget elementor-widget-heading\" data-id=\"fcb04d1\" data-element_type=\"widget\" data-e-type=\"widget\" data-widget_type=\"heading.default\">\n\t\t\t\t\t<h2 class=\"elementor-heading-title elementor-size-default\">Riegel<\/h2>\t\t\t\t<\/div>\n\t\t\t\t<div class=\"elementor-element elementor-element-04c9a46 elementor-widget-divider--view-line elementor-widget elementor-widget-divider\" data-id=\"04c9a46\" data-element_type=\"widget\" data-e-type=\"widget\" data-widget_type=\"divider.default\">\n\t\t\t\t\t\t\t<div class=\"elementor-divider\">\n\t\t\t<span class=\"elementor-divider-separator\">\n\t\t\t\t\t\t<\/span>\n\t\t<\/div>\n\t\t\t\t\t\t<\/div>\n\t\t\t\t\t<\/div>\n\t\t<\/div>\n\t\t\t\t\t<\/div>\n\t\t<\/section>\n\t\t\t\t\t<\/div>\n\t\t<\/div>\n\t\t\t\t\t<\/div>\n\t\t<\/section>\n\t\t<div class=\"elementor-element elementor-element-cb6fb78 e-flex e-con-boxed e-con e-parent\" data-id=\"cb6fb78\" data-element_type=\"container\" data-e-type=\"container\">\n\t\t\t\t\t<div class=\"e-con-inner\">\n\t\t<div class=\"elementor-element elementor-element-f54e2f7 e-con-full e-flex e-con e-child\" data-id=\"f54e2f7\" data-element_type=\"container\" data-e-type=\"container\">\n\t\t\t\t<div class=\"elementor-element elementor-element-fd80293 elementor-tablet-align-center elementor-align-center elementor-widget elementor-widget-button\" data-id=\"fd80293\" data-element_type=\"widget\" data-e-type=\"widget\" data-widget_type=\"button.default\">\n\t\t\t\t\t\t\t\t\t\t<a class=\"elementor-button elementor-button-link elementor-size-xs\" href=\"https:\/\/www.brueggen.com\/de\/produkte-services\/traditionelle-cerealien\/\">\n\t\t\t\t\t\t<span class=\"elementor-button-content-wrapper\">\n\t\t\t\t\t\t\t\t\t<span class=\"elementor-button-text\">Traditionelle Cerealien<\/span>\n\t\t\t\t\t<\/span>\n\t\t\t\t\t<\/a>\n\t\t\t\t\t\t\t\t<\/div>\n\t\t\t\t<\/div>\n\t\t<div class=\"elementor-element elementor-element-37cd56a e-con-full e-flex e-con e-child\" data-id=\"37cd56a\" data-element_type=\"container\" data-e-type=\"container\">\n\t\t\t\t<div class=\"elementor-element elementor-element-009b0f4 elementor-tablet-align-center elementor-align-center elementor-widget elementor-widget-button\" data-id=\"009b0f4\" data-element_type=\"widget\" data-e-type=\"widget\" data-widget_type=\"button.default\">\n\t\t\t\t\t\t\t\t\t\t<a class=\"elementor-button elementor-button-link elementor-size-xs\" href=\"https:\/\/www.brueggen.com\/de\/produkte-services\/muesli\/\">\n\t\t\t\t\t\t<span class=\"elementor-button-content-wrapper\">\n\t\t\t\t\t\t\t\t\t<span class=\"elementor-button-text\">M\u00fcsli<\/span>\n\t\t\t\t\t<\/span>\n\t\t\t\t\t<\/a>\n\t\t\t\t\t\t\t\t<\/div>\n\t\t\t\t<\/div>\n\t\t<div class=\"elementor-element elementor-element-d8fb69d e-con-full e-flex e-con e-child\" data-id=\"d8fb69d\" data-element_type=\"container\" data-e-type=\"container\">\n\t\t\t\t<div class=\"elementor-element elementor-element-95cdfc9 elementor-tablet-align-center elementor-align-center elementor-widget elementor-widget-button\" data-id=\"95cdfc9\" data-element_type=\"widget\" data-e-type=\"widget\" data-widget_type=\"button.default\">\n\t\t\t\t\t\t\t\t\t\t<a class=\"elementor-button elementor-button-link elementor-size-xs\" href=\"https:\/\/www.brueggen.com\/de\/produkte-services\/muehlenprodukte\/\">\n\t\t\t\t\t\t<span class=\"elementor-button-content-wrapper\">\n\t\t\t\t\t\t\t\t\t<span class=\"elementor-button-text\">M\u00fchlenprodukte<\/span>\n\t\t\t\t\t<\/span>\n\t\t\t\t\t<\/a>\n\t\t\t\t\t\t\t\t<\/div>\n\t\t\t\t<\/div>\n\t\t<div class=\"elementor-element elementor-element-f6fd347 e-con-full e-flex e-con e-child\" data-id=\"f6fd347\" data-element_type=\"container\" data-e-type=\"container\">\n\t\t\t\t<div class=\"elementor-element elementor-element-93bc1f5 elementor-tablet-align-center elementor-align-center elementor-widget elementor-widget-button\" data-id=\"93bc1f5\" data-element_type=\"widget\" data-e-type=\"widget\" data-widget_type=\"button.default\">\n\t\t\t\t\t\t\t\t\t\t<a class=\"elementor-button elementor-size-xs\" role=\"button\">\n\t\t\t\t\t\t<span class=\"elementor-button-content-wrapper\">\n\t\t\t\t\t\t\t\t\t<span class=\"elementor-button-text\">Riegel<\/span>\n\t\t\t\t\t<\/span>\n\t\t\t\t\t<\/a>\n\t\t\t\t\t\t\t\t<\/div>\n\t\t\t\t<\/div>\n\t\t\t\t\t<\/div>\n\t\t\t\t<\/div>\n\t\t<div class=\"elementor-element elementor-element-e17b231 e-flex e-con-boxed e-con e-parent\" data-id=\"e17b231\" data-element_type=\"container\" data-e-type=\"container\">\n\t\t\t\t\t<div class=\"e-con-inner\">\n\t\t<div class=\"elementor-element elementor-element-6ae5729 e-con-full e-flex e-con e-child\" data-id=\"6ae5729\" data-element_type=\"container\" data-e-type=\"container\">\n\t\t\t\t<div class=\"elementor-element elementor-element-d07950a elementor-widget elementor-widget-image\" data-id=\"d07950a\" data-element_type=\"widget\" data-e-type=\"widget\" data-widget_type=\"image.default\">\n\t\t\t\t\t\t\t\t\t\t\t\t\t\t\t<img decoding=\"async\" src=\"https:\/\/www.brueggen.com\/wp-content\/uploads\/sites\/5\/elementor\/thumbs\/Design-ohne-Titel-14-r11x2li6dca301wu6whnii8lagzmhq7niutc85so8o.jpg\" title=\"Muesli- &#038; cereal bars \/ M\u00fcsli- &#038; Cerealienriegel\" alt=\"Drei verschiedene M\u00fcsliriegel in einem grauen Beh\u00e4lter sowie ein Riegel auf einer Schaufel vor rotem Hintergrund, dekoriert mit Weizen\u00e4hren.\" loading=\"lazy\" \/>\t\t\t\t\t\t\t\t\t\t\t\t\t\t\t<\/div>\n\t\t\t\t<\/div>\n\t\t<div class=\"elementor-element elementor-element-cf38f48 e-con-full e-flex e-con e-child\" data-id=\"cf38f48\" data-element_type=\"container\" data-e-type=\"container\">\n\t\t\t\t<div class=\"elementor-element elementor-element-ff51b2f elementor-widget elementor-widget-heading\" data-id=\"ff51b2f\" data-element_type=\"widget\" data-e-type=\"widget\" data-widget_type=\"heading.default\">\n\t\t\t\t\t<h3 class=\"elementor-heading-title elementor-size-default\">M\u00fcsli- &amp; Cerealienriegel<\/h3>\t\t\t\t<\/div>\n\t\t\t\t<div class=\"elementor-element elementor-element-531e429 elementor-widget elementor-widget-text-editor\" data-id=\"531e429\" data-element_type=\"widget\" data-e-type=\"widget\" data-widget_type=\"text-editor.default\">\n\t\t\t\t\t\t\t\t\t<p><span class=\"OYPEnA text-decoration-none text-strikethrough-none\">Br\u00fcggens M\u00fcsli- und Cerealienriegel werden ganz nach den individuellen Kundenw\u00fcnschen hergestellt und durchlaufen einen aufw\u00e4ndigen Produktionsprozess. Nach dem Formen eines Teppichs aus Getreidekomponenten und Sirup als Bindemittel, folgt nach dem Portionieren optional ein Schokobad bzw. eine Dekorstation. Anschlie\u00dfend werden die M\u00fcsli- und Cerealienriegel verpackt.<\/span><\/p>\t\t\t\t\t\t\t\t<\/div>\n\t\t\t\t<\/div>\n\t\t\t\t\t<\/div>\n\t\t\t\t<\/div>\n\t\t<div class=\"elementor-element elementor-element-23cb4d3 e-flex e-con-boxed e-con e-parent\" data-id=\"23cb4d3\" data-element_type=\"container\" data-e-type=\"container\">\n\t\t\t\t\t<div class=\"e-con-inner\">\n\t\t\t\t<div class=\"elementor-element elementor-element-8bb93bf elementor-widget elementor-widget-spacer\" data-id=\"8bb93bf\" data-element_type=\"widget\" data-e-type=\"widget\" data-widget_type=\"spacer.default\">\n\t\t\t\t\t\t\t<div class=\"elementor-spacer\">\n\t\t\t<div class=\"elementor-spacer-inner\"><\/div>\n\t\t<\/div>\n\t\t\t\t\t\t<\/div>\n\t\t\t\t\t<\/div>\n\t\t\t\t<\/div>\n\t\t\t\t<\/div>\n\t\t","protected":false},"excerpt":{"rendered":"<p>Willkommen bei Br\u00fcggen &#8211; die Welt der Riegel Wir bei Br\u00fcggen sind stolz darauf, ein Familienunternehmen zu sein, das 1868 gegr\u00fcndet wurde. Als f\u00fchrender Hersteller von Eigenmarken haben wir uns auf die Produktion von hochwertigen Fr\u00fchst\u00fcckscerealien spezialisiert. Unser dynamisches Team von rund 2.000 engagierten Fachleuten arbeitet an f\u00fcnf strategischen Standorten in vier L\u00e4ndern zusammen, um&#8230;<\/p>\n","protected":false},"author":2,"featured_media":0,"parent":5847,"menu_order":0,"comment_status":"closed","ping_status":"closed","template":"","meta":{"_kad_post_transparent":"","_kad_post_title":"","_kad_post_layout":"","_kad_post_sidebar_id":"","_kad_post_content_style":"","_kad_post_vertical_padding":"","_kad_post_feature":"","_kad_post_feature_position":"","_kad_post_header":false,"_kad_post_footer":false,"footnotes":""},"class_list":["post-5647","page","type-page","status-publish","hentry"],"_links":{"self":[{"href":"https:\/\/www.brueggen.com\/de\/wp-json\/wp\/v2\/pages\/5647","targetHints":{"allow":["GET"]}}],"collection":[{"href":"https:\/\/www.brueggen.com\/de\/wp-json\/wp\/v2\/pages"}],"about":[{"href":"https:\/\/www.brueggen.com\/de\/wp-json\/wp\/v2\/types\/page"}],"author":[{"embeddable":true,"href":"https:\/\/www.brueggen.com\/de\/wp-json\/wp\/v2\/users\/2"}],"replies":[{"embeddable":true,"href":"https:\/\/www.brueggen.com\/de\/wp-json\/wp\/v2\/comments?post=5647"}],"version-history":[{"count":12,"href":"https:\/\/www.brueggen.com\/de\/wp-json\/wp\/v2\/pages\/5647\/revisions"}],"predecessor-version":[{"id":33878,"href":"https:\/\/www.brueggen.com\/de\/wp-json\/wp\/v2\/pages\/5647\/revisions\/33878"}],"up":[{"embeddable":true,"href":"https:\/\/www.brueggen.com\/de\/wp-json\/wp\/v2\/pages\/5847"}],"wp:attachment":[{"href":"https:\/\/www.brueggen.com\/de\/wp-json\/wp\/v2\/media?parent=5647"}],"curies":[{"name":"wp","href":"https:\/\/api.w.org\/{rel}","templated":true}]}}