{"id":5686,"date":"2024-02-13T12:54:22","date_gmt":"2024-02-13T11:54:22","guid":{"rendered":"https:\/\/www-neu.brueggen.com\/impressum\/"},"modified":"2026-03-04T20:57:43","modified_gmt":"2026-03-04T19:57:43","slug":"impressum","status":"publish","type":"page","link":"https:\/\/www.brueggen.com\/de\/impressum\/","title":{"rendered":"Impressum"},"content":{"rendered":"\t\t<div data-elementor-type=\"wp-page\" data-elementor-id=\"5686\" class=\"elementor elementor-5686 elementor-2708\" data-elementor-post-type=\"page\">\n\t\t\t\t\t\t<section class=\"elementor-section elementor-top-section elementor-element elementor-element-92d6857 elementor-section-boxed elementor-section-height-default elementor-section-height-default\" data-id=\"92d6857\" data-element_type=\"section\" data-e-type=\"section\">\n\t\t\t\t\t\t<div class=\"elementor-container elementor-column-gap-default\">\n\t\t\t\t\t<div class=\"elementor-column elementor-col-100 elementor-top-column elementor-element elementor-element-e889950\" data-id=\"e889950\" data-element_type=\"column\" data-e-type=\"column\">\n\t\t\t<div class=\"elementor-widget-wrap elementor-element-populated\">\n\t\t\t\t\t\t<section class=\"elementor-section elementor-inner-section elementor-element elementor-element-71388a1 elementor-section-boxed elementor-section-height-default elementor-section-height-default\" data-id=\"71388a1\" data-element_type=\"section\" data-e-type=\"section\">\n\t\t\t\t\t\t<div class=\"elementor-container elementor-column-gap-default\">\n\t\t\t\t\t<div class=\"elementor-column elementor-col-100 elementor-inner-column elementor-element elementor-element-d4e63c9 elementor-invisible\" data-id=\"d4e63c9\" data-element_type=\"column\" data-e-type=\"column\" data-settings=\"{&quot;animation&quot;:&quot;fadeIn&quot;}\">\n\t\t\t<div class=\"elementor-widget-wrap elementor-element-populated\">\n\t\t\t\t\t\t<div class=\"elementor-element elementor-element-9d09fe7 elementor-hidden-tablet elementor-hidden-mobile elementor-widget elementor-widget-spacer\" data-id=\"9d09fe7\" data-element_type=\"widget\" data-e-type=\"widget\" data-widget_type=\"spacer.default\">\n\t\t\t\t\t\t\t<div class=\"elementor-spacer\">\n\t\t\t<div class=\"elementor-spacer-inner\"><\/div>\n\t\t<\/div>\n\t\t\t\t\t\t<\/div>\n\t\t\t\t<div class=\"elementor-element elementor-element-70c1227 elementor-widget elementor-widget-heading\" data-id=\"70c1227\" data-element_type=\"widget\" data-e-type=\"widget\" data-widget_type=\"heading.default\">\n\t\t\t\t\t<h1 class=\"elementor-heading-title elementor-size-default\">Impressum<\/h1>\t\t\t\t<\/div>\n\t\t\t\t<div class=\"elementor-element elementor-element-f2c32e3 elementor-widget elementor-widget-text-editor\" data-id=\"f2c32e3\" data-element_type=\"widget\" data-e-type=\"widget\" data-widget_type=\"text-editor.default\">\n\t\t\t\t\t\t\t\t\t<p>Gem\u00e4\u00df \u00a7 5 DDG<\/p><p>H. &amp; J. BR\u00dcGGEN KG<br \/>Gertrudenstra\u00dfe 15<br \/>23568 L\u00fcbeck<br \/>Deutschland<\/p><p>Rechtsform: Kommanditgesellschaft<\/p><p>Tel.: +49 451 3100-0<br \/>Fax: +49 451 3100-142<br \/>info@brueggen.com<\/p><p>Eingetragen beim Handelsregister des Amtsgerichts L\u00fcbeck, HRA 160<\/p><p>\u00d6ko-Kontrollstelle: DE-\u00d6KO-005<br \/>USt-Ident.-Nr.: DE135074535<\/p><p>Pers\u00f6nlich haftende Gesellschafter:<strong><br \/><\/strong>Hanno Br\u00fcggen, Jochen Br\u00fcggen und Johannes Br\u00fcggen<\/p><p>Verantwortlich f\u00fcr den Inhalt nach \u00a7 18 MStV:<br \/>Torsten Becher<br \/>Gertrudenstra\u00dfe 15\u00a0<br \/>23568 L\u00fcbeck<\/p><p><strong>Soziale Netzwerke:<br \/><\/strong>Verantwortlicher gem\u00e4\u00df Art. 4 Abs. 7 EU-Datenschutz-Grundverordnung (GDPR) ist:<br \/>Torsten Becher<\/p>\t\t\t\t\t\t\t\t<\/div>\n\t\t\t\t\t<\/div>\n\t\t<\/div>\n\t\t\t\t\t<\/div>\n\t\t<\/section>\n\t\t\t\t\t<\/div>\n\t\t<\/div>\n\t\t\t\t\t<\/div>\n\t\t<\/section>\n\t\t<div class=\"elementor-element elementor-element-22d8254 e-flex e-con-boxed e-con e-parent\" data-id=\"22d8254\" data-element_type=\"container\" data-e-type=\"container\">\n\t\t\t\t\t<div class=\"e-con-inner\">\n\t\t\t\t<div class=\"elementor-element elementor-element-dfc59b9 elementor-widget elementor-widget-ucaddon_uc_material_bullets\" data-id=\"dfc59b9\" data-element_type=\"widget\" data-e-type=\"widget\" data-widget_type=\"ucaddon_uc_material_bullets.default\">\n\t\t\t\t<div class=\"elementor-widget-container\">\n\t\t\t\t\t<!-- start Icon Bullets -->\n\t\t<link id='font-awesome-css' href='https:\/\/www.brueggen.com\/wp-content\/plugins\/unlimited-for-elementor-premium\/assets_libraries\/font-awesome5\/css\/fontawesome-all.min.css' type='text\/css' rel='stylesheet' >\n\t\t<link id='font-awesome-4-shim-css' href='https:\/\/www.brueggen.com\/wp-content\/plugins\/unlimited-for-elementor-premium\/assets_libraries\/font-awesome5\/css\/fontawesome-v4-shims.css' type='text\/css' rel='stylesheet' >\n\n\t\t\t<style type=\"text\/css\">\/* widget: Icon Bullets *\/\n\n\n\n#uc_uc_material_bullets_elementor_dfc59b9 *{\n\t-webkit-box-sizing: border-box;\n\t-moz-box-sizing: border-box;\n\tbox-sizing: border-box;\n}\n\n#uc_uc_material_bullets_elementor_dfc59b9 .ue-icon-wrapper{\n\tdisplay: flex;\n}\n\n#uc_uc_material_bullets_elementor_dfc59b9 .ue-icon{\n  display:flex;\n  align-items:center;\n  justify-content:center;\n  flex-grow:0;\n  flex-shrink:0;\n  line-height:1em;\n  transition:0.3s;\n}\n\n#uc_uc_material_bullets_elementor_dfc59b9 .ue-icon svg{\n  height:1em;\n  width:1em;\n}\n\n#uc_uc_material_bullets_elementor_dfc59b9 .uc_material_bullets_row{\n\tfont-weight:400;\n\toverflow:hidden;\n\tdisplay:flex;\n\tposition:relative;\n\ttext-align:left;\n\twidth:100%;   \n    transition:0.3s;\n}\n\n#uc_uc_material_bullets_elementor_dfc59b9 .uc_material_bullets_row a.ue-item-link{\n  position:absolute;\n  display:block;\n  top:0;\n  right:0;\n  left:0;\n  bottom:0;\n}\n\n#uc_uc_material_bullets_elementor_dfc59b9 .uc_material_bullets_row:last-child{\n\tmargin-bottom:0px !important;\n}\n\n\n#uc_uc_material_bullets_elementor_dfc59b9 .uc_material_bullets_row {\n\tposition:relative;\n\tvertical-align:middle;\n}\n\n#uc_uc_material_bullets_elementor_dfc59b9 .uc_material_bullets_row .uc_content_box{\n\tdisplay:flex;\n    flex-direction:column;\n    justify-content:center;\n    align-items: flex-start;\n    flex-grow:1;\n}\n\n#uc_uc_material_bullets_elementor_dfc59b9 .ue-bullets{\n  display:grid;\n}\n\n#uc_uc_material_bullets_elementor_dfc59b9 .ue-text, \n#uc_uc_material_bullets_elementor_dfc59b9 .ue-title, \n#uc_uc_material_bullets_elementor_dfc59b9 .ue-seperator{\n  width:100%;\n}\n\n#uc_uc_material_bullets_elementor_dfc59b9 .ue-seperator-line{\n  display:inline-block;\n  font-size:0px;\n}\n\n#uc_uc_material_bullets_elementor_dfc59b9 .ue-seperator{\n  font-size:0px;\n}\n\n#uc_uc_material_bullets_elementor_dfc59b9.uc-remote-parent .uc_material_bullets_row{\n  cursor:pointer;\n}\n\n.ue-title{\n  font-size:21px;\n  margin:0;\n}\n\n#uc_uc_material_bullets_elementor_dfc59b9 .uc_content_box > *{\n  transition: all .3s;\n}\n\n<\/style>\n\n\t\t\t<div class=\"uc_material_bullets  \"  id=\"uc_uc_material_bullets_elementor_dfc59b9\"  >   \t\n    \t<div class=\"ue-bullets uc-items-wrapper\">\n          \t<div class=\"uc_material_bullets_row elementor-repeater-item-415931d\">\n  <div class=\"ue-icon-wrapper\">\n              <div class=\"ue-icon\">\n                    <i class='fas fa-chevron-right'><\/i>                    \t\n\n                \n              <\/div>\n  <\/div>\n  <div class=\"uc_content_box uc_ceal\">\n    <div class=\"ue-title\">Datenschutzhinweise f\u00fcr Social-Media-Pr\u00e4senzen (PDF)<\/div>\n    \n    \t\n    \n    <div class=\"ue-text\"><\/div>\t\n  <\/div>\n   \n      <a href=\"https:\/\/www.brueggen.com\/wp-content\/uploads\/sites\/5\/2024\/07\/Datenschutzhinweise-fuer-Social-Media.pdf\" class=\"ue-item-link\"  target='_blank'><\/a>\n  \t\n<\/div>\n\n      <\/div>\n<\/div>\n\t\t\t<!-- end Icon Bullets -->\t\t\t\t<\/div>\n\t\t\t\t<\/div>\n\t\t\t\t\t<\/div>\n\t\t\t\t<\/div>\n\t\t\t\t<\/div>\n\t\t","protected":false},"excerpt":{"rendered":"<p>Impressum Gem\u00e4\u00df \u00a7 5 DDG H. &amp; J. BR\u00dcGGEN KGGertrudenstra\u00dfe 1523568 L\u00fcbeckDeutschland Rechtsform: Kommanditgesellschaft Tel.: +49 451 3100-0Fax: +49 451 3100-142info@brueggen.com Eingetragen beim Handelsregister des Amtsgerichts L\u00fcbeck, HRA 160 \u00d6ko-Kontrollstelle: DE-\u00d6KO-005USt-Ident.-Nr.: DE135074535 Pers\u00f6nlich haftende Gesellschafter:Hanno Br\u00fcggen, Jochen Br\u00fcggen und Johannes Br\u00fcggen Verantwortlich f\u00fcr den Inhalt nach \u00a7 18 MStV:Torsten BecherGertrudenstra\u00dfe 15\u00a023568 L\u00fcbeck Soziale Netzwerke:Verantwortlicher gem\u00e4\u00df&#8230;<\/p>\n","protected":false},"author":2,"featured_media":0,"parent":0,"menu_order":17,"comment_status":"closed","ping_status":"closed","template":"","meta":{"_kad_post_transparent":"","_kad_post_title":"","_kad_post_layout":"","_kad_post_sidebar_id":"","_kad_post_content_style":"","_kad_post_vertical_padding":"","_kad_post_feature":"","_kad_post_feature_position":"","_kad_post_header":false,"_kad_post_footer":false,"footnotes":""},"class_list":["post-5686","page","type-page","status-publish","hentry"],"_links":{"self":[{"href":"https:\/\/www.brueggen.com\/de\/wp-json\/wp\/v2\/pages\/5686","targetHints":{"allow":["GET"]}}],"collection":[{"href":"https:\/\/www.brueggen.com\/de\/wp-json\/wp\/v2\/pages"}],"about":[{"href":"https:\/\/www.brueggen.com\/de\/wp-json\/wp\/v2\/types\/page"}],"author":[{"embeddable":true,"href":"https:\/\/www.brueggen.com\/de\/wp-json\/wp\/v2\/users\/2"}],"replies":[{"embeddable":true,"href":"https:\/\/www.brueggen.com\/de\/wp-json\/wp\/v2\/comments?post=5686"}],"version-history":[{"count":9,"href":"https:\/\/www.brueggen.com\/de\/wp-json\/wp\/v2\/pages\/5686\/revisions"}],"predecessor-version":[{"id":33462,"href":"https:\/\/www.brueggen.com\/de\/wp-json\/wp\/v2\/pages\/5686\/revisions\/33462"}],"wp:attachment":[{"href":"https:\/\/www.brueggen.com\/de\/wp-json\/wp\/v2\/media?parent=5686"}],"curies":[{"name":"wp","href":"https:\/\/api.w.org\/{rel}","templated":true}]}}