{"id":5562,"date":"2024-03-05T09:10:22","date_gmt":"2024-03-05T08:10:22","guid":{"rendered":"https:\/\/www-neu.brueggen.com\/productos-de-molineria\/"},"modified":"2026-02-24T00:05:59","modified_gmt":"2026-02-23T23:05:59","slug":"productos-de-molineria","status":"publish","type":"page","link":"https:\/\/www.brueggen.com\/es\/productos-y-servicios\/productos-de-molineria\/","title":{"rendered":"Productos de moliner\u00eda"},"content":{"rendered":"\t\t<div data-elementor-type=\"wp-page\" data-elementor-id=\"5562\" class=\"elementor elementor-5562 elementor-3464\" data-elementor-post-type=\"page\">\n\t\t\t\t<div class=\"elementor-element elementor-element-2522357 e-flex e-con-boxed e-con e-parent\" data-id=\"2522357\" data-element_type=\"container\" data-e-type=\"container\">\n\t\t\t\t\t<div class=\"e-con-inner\">\n\t\t\t\t<div class=\"elementor-element elementor-element-004531f elementor-widget elementor-widget-image\" data-id=\"004531f\" data-element_type=\"widget\" data-e-type=\"widget\" data-widget_type=\"image.default\">\n\t\t\t\t\t\t\t\t\t\t\t\t\t\t\t<img decoding=\"async\" width=\"1024\" height=\"439\" src=\"https:\/\/www.brueggen.com\/wp-content\/uploads\/sites\/5\/2024\/03\/Design-ohne-Titel-7-1024x439.jpg\" class=\"attachment-large size-large wp-image-5160\" alt=\"\" srcset=\"https:\/\/www.brueggen.com\/wp-content\/uploads\/sites\/5\/2024\/03\/Design-ohne-Titel-7-1024x439.jpg 1024w, https:\/\/www.brueggen.com\/wp-content\/uploads\/sites\/5\/2024\/03\/Design-ohne-Titel-7-300x129.jpg 300w, https:\/\/www.brueggen.com\/wp-content\/uploads\/sites\/5\/2024\/03\/Design-ohne-Titel-7-768x329.jpg 768w, https:\/\/www.brueggen.com\/wp-content\/uploads\/sites\/5\/2024\/03\/Design-ohne-Titel-7-18x8.jpg 18w, https:\/\/www.brueggen.com\/wp-content\/uploads\/sites\/5\/2024\/03\/Design-ohne-Titel-7.jpg 1400w\" sizes=\"(max-width: 1024px) 100vw, 1024px\" \/>\t\t\t\t\t\t\t\t\t\t\t\t\t\t\t<\/div>\n\t\t\t\t\t<\/div>\n\t\t\t\t<\/div>\n\t\t\t\t<section class=\"elementor-section elementor-top-section elementor-element elementor-element-23bc373 elementor-section-boxed elementor-section-height-default elementor-section-height-default\" data-id=\"23bc373\" data-element_type=\"section\" data-e-type=\"section\">\n\t\t\t\t\t\t<div class=\"elementor-container elementor-column-gap-default\">\n\t\t\t\t\t<div class=\"elementor-column elementor-col-100 elementor-top-column elementor-element elementor-element-2f8e25d\" data-id=\"2f8e25d\" data-element_type=\"column\" data-e-type=\"column\">\n\t\t\t<div class=\"elementor-widget-wrap elementor-element-populated\">\n\t\t\t\t\t\t<section class=\"elementor-section elementor-inner-section elementor-element elementor-element-d63d3bb elementor-section-boxed elementor-section-height-default elementor-section-height-default\" data-id=\"d63d3bb\" data-element_type=\"section\" data-e-type=\"section\">\n\t\t\t\t\t\t<div class=\"elementor-container elementor-column-gap-default\">\n\t\t\t\t\t<div class=\"elementor-column elementor-col-100 elementor-inner-column elementor-element elementor-element-b71bb49 elementor-invisible\" data-id=\"b71bb49\" data-element_type=\"column\" data-e-type=\"column\" data-settings=\"{&quot;animation&quot;:&quot;fadeIn&quot;}\">\n\t\t\t<div class=\"elementor-widget-wrap elementor-element-populated\">\n\t\t\t\t\t\t<div class=\"elementor-element elementor-element-b5c9d5a elementor-widget elementor-widget-heading\" data-id=\"b5c9d5a\" data-element_type=\"widget\" data-e-type=\"widget\" data-widget_type=\"heading.default\">\n\t\t\t\t\t<h1 class=\"elementor-heading-title elementor-size-default\">Bienvenido a los productos Br\u00fcggen: Productos de moliner\u00eda\n<\/h1>\t\t\t\t<\/div>\n\t\t\t\t<div class=\"elementor-element elementor-element-6fd87ad elementor-widget elementor-widget-text-editor\" data-id=\"6fd87ad\" data-element_type=\"widget\" data-e-type=\"widget\" data-widget_type=\"text-editor.default\">\n\t\t\t\t\t\t\t\t\t<p>At Br\u00fcggen, we are proud to be a family-owned company founded in 1868. Como fabricante l\u00edder de marcas blancas, estamos especializados en la producci\u00f3n de cereales de desayuno de alta calidad. Nuestro din\u00e1mico equipo de unos 2.000 profesionales trabaja en cinco centros estrat\u00e9gicos de cuatro pa\u00edses para ofrecer productos nutritivos y deliciosos a nuestros valiosos clientes de todo el mundo.<\/p>\t\t\t\t\t\t\t\t<\/div>\n\t\t\t\t\t<\/div>\n\t\t<\/div>\n\t\t\t\t\t<\/div>\n\t\t<\/section>\n\t\t\t\t\t<\/div>\n\t\t<\/div>\n\t\t\t\t\t<\/div>\n\t\t<\/section>\n\t\t\t\t<section class=\"elementor-section elementor-top-section elementor-element elementor-element-dc39514 elementor-section-boxed elementor-section-height-default elementor-section-height-default\" data-id=\"dc39514\" data-element_type=\"section\" data-e-type=\"section\" data-settings=\"{&quot;background_background&quot;:&quot;classic&quot;}\">\n\t\t\t\t\t\t<div class=\"elementor-container elementor-column-gap-default\">\n\t\t\t\t\t<div class=\"elementor-column elementor-col-100 elementor-top-column elementor-element elementor-element-520b913\" data-id=\"520b913\" data-element_type=\"column\" data-e-type=\"column\">\n\t\t\t<div class=\"elementor-widget-wrap elementor-element-populated\">\n\t\t\t\t\t\t<section class=\"elementor-section elementor-inner-section elementor-element elementor-element-feec9ae elementor-section-boxed elementor-section-height-default elementor-section-height-default\" data-id=\"feec9ae\" data-element_type=\"section\" data-e-type=\"section\">\n\t\t\t\t\t\t<div class=\"elementor-container elementor-column-gap-default\">\n\t\t\t\t\t<div class=\"elementor-column elementor-col-100 elementor-inner-column elementor-element elementor-element-da6cb4e elementor-invisible\" data-id=\"da6cb4e\" data-element_type=\"column\" data-e-type=\"column\" data-settings=\"{&quot;animation&quot;:&quot;fadeIn&quot;}\">\n\t\t\t<div class=\"elementor-widget-wrap elementor-element-populated\">\n\t\t\t\t\t\t<div class=\"elementor-element elementor-element-6116808 elementor-widget elementor-widget-spacer\" data-id=\"6116808\" data-element_type=\"widget\" data-e-type=\"widget\" data-widget_type=\"spacer.default\">\n\t\t\t\t\t\t\t<div class=\"elementor-spacer\">\n\t\t\t<div class=\"elementor-spacer-inner\"><\/div>\n\t\t<\/div>\n\t\t\t\t\t\t<\/div>\n\t\t\t\t<div class=\"elementor-element elementor-element-fbf35c8 elementor-widget elementor-widget-heading\" data-id=\"fbf35c8\" data-element_type=\"widget\" data-e-type=\"widget\" data-widget_type=\"heading.default\">\n\t\t\t\t\t<h2 class=\"elementor-heading-title elementor-size-default\">Productos de moliner\u00eda<\/h2>\t\t\t\t<\/div>\n\t\t\t\t<div class=\"elementor-element elementor-element-e930e2e elementor-widget-divider--view-line elementor-widget elementor-widget-divider\" data-id=\"e930e2e\" data-element_type=\"widget\" data-e-type=\"widget\" data-widget_type=\"divider.default\">\n\t\t\t\t\t\t\t<div class=\"elementor-divider\">\n\t\t\t<span class=\"elementor-divider-separator\">\n\t\t\t\t\t\t<\/span>\n\t\t<\/div>\n\t\t\t\t\t\t<\/div>\n\t\t\t\t\t<\/div>\n\t\t<\/div>\n\t\t\t\t\t<\/div>\n\t\t<\/section>\n\t\t\t\t\t<\/div>\n\t\t<\/div>\n\t\t\t\t\t<\/div>\n\t\t<\/section>\n\t\t<div class=\"elementor-element elementor-element-3935577 e-flex e-con-boxed e-con e-parent\" data-id=\"3935577\" data-element_type=\"container\" data-e-type=\"container\">\n\t\t\t\t\t<div class=\"e-con-inner\">\n\t\t<div class=\"elementor-element elementor-element-ccfaff9 e-con-full e-flex e-con e-child\" data-id=\"ccfaff9\" data-element_type=\"container\" data-e-type=\"container\">\n\t\t\t\t<div class=\"elementor-element elementor-element-e3bb202 elementor-tablet-align-center elementor-align-center elementor-widget elementor-widget-button\" data-id=\"e3bb202\" data-element_type=\"widget\" data-e-type=\"widget\" data-widget_type=\"button.default\">\n\t\t\t\t\t\t\t\t\t\t<a class=\"elementor-button elementor-button-link elementor-size-xs\" href=\"https:\/\/www.brueggen.com\/es\/products-and-services\/cereales-tradicionales\/\">\n\t\t\t\t\t\t<span class=\"elementor-button-content-wrapper\">\n\t\t\t\t\t\t\t\t\t<span class=\"elementor-button-text\">Cereales tradicionales<\/span>\n\t\t\t\t\t<\/span>\n\t\t\t\t\t<\/a>\n\t\t\t\t\t\t\t\t<\/div>\n\t\t\t\t<\/div>\n\t\t<div class=\"elementor-element elementor-element-19b31a6 e-con-full e-flex e-con e-child\" data-id=\"19b31a6\" data-element_type=\"container\" data-e-type=\"container\">\n\t\t\t\t<div class=\"elementor-element elementor-element-ba5a548 elementor-tablet-align-center elementor-align-center elementor-widget elementor-widget-button\" data-id=\"ba5a548\" data-element_type=\"widget\" data-e-type=\"widget\" data-widget_type=\"button.default\">\n\t\t\t\t\t\t\t\t\t\t<a class=\"elementor-button elementor-button-link elementor-size-xs\" href=\"https:\/\/www.brueggen.com\/es\/products-and-services\/muesli\/\">\n\t\t\t\t\t\t<span class=\"elementor-button-content-wrapper\">\n\t\t\t\t\t\t\t\t\t<span class=\"elementor-button-text\">Muesli<\/span>\n\t\t\t\t\t<\/span>\n\t\t\t\t\t<\/a>\n\t\t\t\t\t\t\t\t<\/div>\n\t\t\t\t<\/div>\n\t\t<div class=\"elementor-element elementor-element-0499081 e-con-full e-flex e-con e-child\" data-id=\"0499081\" data-element_type=\"container\" data-e-type=\"container\">\n\t\t\t\t<div class=\"elementor-element elementor-element-1647308 elementor-tablet-align-center elementor-align-center elementor-widget elementor-widget-button\" data-id=\"1647308\" data-element_type=\"widget\" data-e-type=\"widget\" data-widget_type=\"button.default\">\n\t\t\t\t\t\t\t\t\t\t<a class=\"elementor-button elementor-size-xs\" role=\"button\">\n\t\t\t\t\t\t<span class=\"elementor-button-content-wrapper\">\n\t\t\t\t\t\t\t\t\t<span class=\"elementor-button-text\">Productos de moliner\u00eda<\/span>\n\t\t\t\t\t<\/span>\n\t\t\t\t\t<\/a>\n\t\t\t\t\t\t\t\t<\/div>\n\t\t\t\t<\/div>\n\t\t<div class=\"elementor-element elementor-element-5af159f e-con-full e-flex e-con e-child\" data-id=\"5af159f\" data-element_type=\"container\" data-e-type=\"container\">\n\t\t\t\t<div class=\"elementor-element elementor-element-56c84f6 elementor-tablet-align-center elementor-align-center elementor-widget elementor-widget-button\" data-id=\"56c84f6\" data-element_type=\"widget\" data-e-type=\"widget\" data-widget_type=\"button.default\">\n\t\t\t\t\t\t\t\t\t\t<a class=\"elementor-button elementor-button-link elementor-size-xs\" href=\"https:\/\/www.brueggen.com\/es\/products-and-services\/bares\/\">\n\t\t\t\t\t\t<span class=\"elementor-button-content-wrapper\">\n\t\t\t\t\t\t\t\t\t<span class=\"elementor-button-text\">Bares<\/span>\n\t\t\t\t\t<\/span>\n\t\t\t\t\t<\/a>\n\t\t\t\t\t\t\t\t<\/div>\n\t\t\t\t<\/div>\n\t\t\t\t\t<\/div>\n\t\t\t\t<\/div>\n\t\t<div class=\"elementor-element elementor-element-4c1379a e-flex e-con-boxed e-con e-parent\" data-id=\"4c1379a\" data-element_type=\"container\" data-e-type=\"container\">\n\t\t\t\t\t<div class=\"e-con-inner\">\n\t\t<div class=\"elementor-element elementor-element-b6a3911 e-con-full e-flex e-con e-child\" data-id=\"b6a3911\" data-element_type=\"container\" data-e-type=\"container\">\n\t\t\t\t<div class=\"elementor-element elementor-element-e62eb43 elementor-widget elementor-widget-image\" data-id=\"e62eb43\" data-element_type=\"widget\" data-e-type=\"widget\" data-widget_type=\"image.default\">\n\t\t\t\t\t\t\t\t\t\t\t\t\t\t\t<img decoding=\"async\" src=\"https:\/\/www.brueggen.com\/wp-content\/uploads\/sites\/5\/elementor\/thumbs\/lukasz-rawa-HB_MVtHVMLc-unsplash-scaled-r1qly2cpzt50pgwdrujsojvturonh7vrpimnq3v6pk.jpg\" title=\"lukasz-rawa-HB_MVtHVMLc-unsplash\" alt=\"lukasz-rawa-HB_MVtHVMLc-unsplash\" loading=\"lazy\" \/>\t\t\t\t\t\t\t\t\t\t\t\t\t\t\t<\/div>\n\t\t\t\t<\/div>\n\t\t<div class=\"elementor-element elementor-element-f55fe41 e-con-full e-flex e-con e-child\" data-id=\"f55fe41\" data-element_type=\"container\" data-e-type=\"container\">\n\t\t\t\t<div class=\"elementor-element elementor-element-4e6b9a4 elementor-widget elementor-widget-heading\" data-id=\"4e6b9a4\" data-element_type=\"widget\" data-e-type=\"widget\" data-widget_type=\"heading.default\">\n\t\t\t\t\t<span class=\"elementor-heading-title elementor-size-default\">Productos de moliner\u00eda<\/span>\t\t\t\t<\/div>\n\t\t\t\t<div class=\"elementor-element elementor-element-793cd92 elementor-widget elementor-widget-text-editor\" data-id=\"793cd92\" data-element_type=\"widget\" data-e-type=\"widget\" data-widget_type=\"text-editor.default\">\n\t\t\t\t\t\t\t\t\t<p><span class=\"OYPEnA text-decoration-none text-strikethrough-none\">La transformaci\u00f3n de copos de avena, trigo, centeno y cebada en Br\u00fcggen incluye la limpieza, clasificaci\u00f3n y vaporizaci\u00f3n del grano. Los granos de avena tambi\u00e9n se descascarillan y se calcinan. Otras etapas de la transformaci\u00f3n incluyen el laminado y envasado de los copos de cereales ricos en fibra.<\/span><\/p>\n\t\t\t\t\t\t\t\t<\/div>\n\t\t\t\t<\/div>\n\t\t\t\t\t<\/div>\n\t\t\t\t<\/div>\n\t\t\t\t<\/div>\n\t\t","protected":false},"excerpt":{"rendered":"<p>Bienvenido a los productos Br\u00fcggen: Productos de moliner\u00eda At Br\u00fcggen, we are proud to be a family-owned company founded in 1868. Como fabricante l\u00edder de marcas blancas, estamos especializados en la producci\u00f3n de cereales de desayuno de alta calidad. Nuestro din\u00e1mico equipo de unos 2.000 profesionales trabaja en cinco centros estrat\u00e9gicos de cuatro pa\u00edses para&#8230;<\/p>\n","protected":false},"author":2,"featured_media":0,"parent":5843,"menu_order":1,"comment_status":"closed","ping_status":"closed","template":"","meta":{"_kad_post_transparent":"","_kad_post_title":"","_kad_post_layout":"","_kad_post_sidebar_id":"","_kad_post_content_style":"","_kad_post_vertical_padding":"","_kad_post_feature":"","_kad_post_feature_position":"","_kad_post_header":false,"_kad_post_footer":false,"footnotes":""},"class_list":["post-5562","page","type-page","status-publish","hentry"],"_links":{"self":[{"href":"https:\/\/www.brueggen.com\/es\/wp-json\/wp\/v2\/pages\/5562","targetHints":{"allow":["GET"]}}],"collection":[{"href":"https:\/\/www.brueggen.com\/es\/wp-json\/wp\/v2\/pages"}],"about":[{"href":"https:\/\/www.brueggen.com\/es\/wp-json\/wp\/v2\/types\/page"}],"author":[{"embeddable":true,"href":"https:\/\/www.brueggen.com\/es\/wp-json\/wp\/v2\/users\/2"}],"replies":[{"embeddable":true,"href":"https:\/\/www.brueggen.com\/es\/wp-json\/wp\/v2\/comments?post=5562"}],"version-history":[{"count":9,"href":"https:\/\/www.brueggen.com\/es\/wp-json\/wp\/v2\/pages\/5562\/revisions"}],"predecessor-version":[{"id":33664,"href":"https:\/\/www.brueggen.com\/es\/wp-json\/wp\/v2\/pages\/5562\/revisions\/33664"}],"up":[{"embeddable":true,"href":"https:\/\/www.brueggen.com\/es\/wp-json\/wp\/v2\/pages\/5843"}],"wp:attachment":[{"href":"https:\/\/www.brueggen.com\/es\/wp-json\/wp\/v2\/media?parent=5562"}],"curies":[{"name":"wp","href":"https:\/\/api.w.org\/{rel}","templated":true}]}}