{"id":5574,"date":"2024-03-05T09:10:22","date_gmt":"2024-03-05T08:10:22","guid":{"rendered":"https:\/\/www-neu.brueggen.com\/bares\/"},"modified":"2026-02-24T00:03:46","modified_gmt":"2026-02-23T23:03:46","slug":"bares","status":"publish","type":"page","link":"https:\/\/www.brueggen.com\/es\/productos-y-servicios\/bares\/","title":{"rendered":"Bares"},"content":{"rendered":"\t\t<div data-elementor-type=\"wp-page\" data-elementor-id=\"5574\" class=\"elementor elementor-5574 elementor-3466\" data-elementor-post-type=\"page\">\n\t\t\t\t<div class=\"elementor-element elementor-element-a523804 e-flex e-con-boxed e-con e-parent\" data-id=\"a523804\" data-element_type=\"container\" data-e-type=\"container\">\n\t\t\t\t\t<div class=\"e-con-inner\">\n\t\t\t\t<div class=\"elementor-element elementor-element-3b321e0 elementor-widget elementor-widget-image\" data-id=\"3b321e0\" data-element_type=\"widget\" data-e-type=\"widget\" data-widget_type=\"image.default\">\n\t\t\t\t\t\t\t\t\t\t\t\t\t\t\t<img decoding=\"async\" width=\"3840\" height=\"1299\" src=\"https:\/\/www.brueggen.com\/wp-content\/uploads\/sites\/5\/2025\/11\/Brueggen_Riegelsorten_Sunny_2025.jpg\" class=\"attachment-full size-full wp-image-32379\" alt=\"Das Bild zeigt drei M\u00fcsliriegel nebeneinander in den Sorten Schoko, Erdbeer und Salted Caramel\" srcset=\"https:\/\/www.brueggen.com\/wp-content\/uploads\/sites\/5\/2025\/11\/Brueggen_Riegelsorten_Sunny_2025.jpg 3840w, https:\/\/www.brueggen.com\/wp-content\/uploads\/sites\/5\/2025\/11\/Brueggen_Riegelsorten_Sunny_2025-300x101.jpg 300w, https:\/\/www.brueggen.com\/wp-content\/uploads\/sites\/5\/2025\/11\/Brueggen_Riegelsorten_Sunny_2025-1024x346.jpg 1024w, https:\/\/www.brueggen.com\/wp-content\/uploads\/sites\/5\/2025\/11\/Brueggen_Riegelsorten_Sunny_2025-768x260.jpg 768w, https:\/\/www.brueggen.com\/wp-content\/uploads\/sites\/5\/2025\/11\/Brueggen_Riegelsorten_Sunny_2025-1536x520.jpg 1536w, https:\/\/www.brueggen.com\/wp-content\/uploads\/sites\/5\/2025\/11\/Brueggen_Riegelsorten_Sunny_2025-2048x693.jpg 2048w\" sizes=\"(max-width: 3840px) 100vw, 3840px\" \/>\t\t\t\t\t\t\t\t\t\t\t\t\t\t\t<\/div>\n\t\t\t\t\t<\/div>\n\t\t\t\t<\/div>\n\t\t\t\t<section class=\"elementor-section elementor-top-section elementor-element elementor-element-8126a1f elementor-section-boxed elementor-section-height-default elementor-section-height-default\" data-id=\"8126a1f\" data-element_type=\"section\" data-e-type=\"section\">\n\t\t\t\t\t\t<div class=\"elementor-container elementor-column-gap-default\">\n\t\t\t\t\t<div class=\"elementor-column elementor-col-100 elementor-top-column elementor-element elementor-element-10c4707\" data-id=\"10c4707\" data-element_type=\"column\" data-e-type=\"column\">\n\t\t\t<div class=\"elementor-widget-wrap elementor-element-populated\">\n\t\t\t\t\t\t<section class=\"elementor-section elementor-inner-section elementor-element elementor-element-1de02d1 elementor-section-boxed elementor-section-height-default elementor-section-height-default\" data-id=\"1de02d1\" data-element_type=\"section\" data-e-type=\"section\">\n\t\t\t\t\t\t<div class=\"elementor-container elementor-column-gap-default\">\n\t\t\t\t\t<div class=\"elementor-column elementor-col-100 elementor-inner-column elementor-element elementor-element-1a67a82 elementor-invisible\" data-id=\"1a67a82\" data-element_type=\"column\" data-e-type=\"column\" data-settings=\"{&quot;animation&quot;:&quot;fadeIn&quot;}\">\n\t\t\t<div class=\"elementor-widget-wrap elementor-element-populated\">\n\t\t\t\t\t\t<div class=\"elementor-element elementor-element-5ebc48b elementor-widget elementor-widget-heading\" data-id=\"5ebc48b\" data-element_type=\"widget\" data-e-type=\"widget\" data-widget_type=\"heading.default\">\n\t\t\t\t\t<h1 class=\"elementor-heading-title elementor-size-default\">Bienvenido a los productos Br\u00fcggen: bares<\/h1>\t\t\t\t<\/div>\n\t\t\t\t<div class=\"elementor-element elementor-element-a122cfc elementor-widget elementor-widget-text-editor\" data-id=\"a122cfc\" data-element_type=\"widget\" data-e-type=\"widget\" data-widget_type=\"text-editor.default\">\n\t\t\t\t\t\t\t\t\t<p>At Br\u00fcggen, we are proud to be a family-owned company founded in 1868. Como fabricante l\u00edder de marcas blancas, estamos especializados en la producci\u00f3n de cereales de desayuno de alta calidad. Nuestro din\u00e1mico equipo de unos 2.000 profesionales trabaja en cinco centros estrat\u00e9gicos de cuatro pa\u00edses para ofrecer productos nutritivos y deliciosos a nuestros valiosos clientes de todo el mundo.<\/p>\n\t\t\t\t\t\t\t\t<\/div>\n\t\t\t\t\t<\/div>\n\t\t<\/div>\n\t\t\t\t\t<\/div>\n\t\t<\/section>\n\t\t\t\t\t<\/div>\n\t\t<\/div>\n\t\t\t\t\t<\/div>\n\t\t<\/section>\n\t\t\t\t<section class=\"elementor-section elementor-top-section elementor-element elementor-element-0a5e7d0 elementor-section-boxed elementor-section-height-default elementor-section-height-default\" data-id=\"0a5e7d0\" data-element_type=\"section\" data-e-type=\"section\" data-settings=\"{&quot;background_background&quot;:&quot;classic&quot;}\">\n\t\t\t\t\t\t<div class=\"elementor-container elementor-column-gap-default\">\n\t\t\t\t\t<div class=\"elementor-column elementor-col-100 elementor-top-column elementor-element elementor-element-a4b50d0\" data-id=\"a4b50d0\" data-element_type=\"column\" data-e-type=\"column\">\n\t\t\t<div class=\"elementor-widget-wrap elementor-element-populated\">\n\t\t\t\t\t\t<section class=\"elementor-section elementor-inner-section elementor-element elementor-element-9b81c46 elementor-section-boxed elementor-section-height-default elementor-section-height-default\" data-id=\"9b81c46\" data-element_type=\"section\" data-e-type=\"section\">\n\t\t\t\t\t\t<div class=\"elementor-container elementor-column-gap-default\">\n\t\t\t\t\t<div class=\"elementor-column elementor-col-100 elementor-inner-column elementor-element elementor-element-bf259f0 elementor-invisible\" data-id=\"bf259f0\" data-element_type=\"column\" data-e-type=\"column\" data-settings=\"{&quot;animation&quot;:&quot;fadeIn&quot;}\">\n\t\t\t<div class=\"elementor-widget-wrap elementor-element-populated\">\n\t\t\t\t\t\t<div class=\"elementor-element elementor-element-cb2c95d elementor-widget elementor-widget-spacer\" data-id=\"cb2c95d\" data-element_type=\"widget\" data-e-type=\"widget\" data-widget_type=\"spacer.default\">\n\t\t\t\t\t\t\t<div class=\"elementor-spacer\">\n\t\t\t<div class=\"elementor-spacer-inner\"><\/div>\n\t\t<\/div>\n\t\t\t\t\t\t<\/div>\n\t\t\t\t<div class=\"elementor-element elementor-element-fcb04d1 elementor-widget elementor-widget-heading\" data-id=\"fcb04d1\" data-element_type=\"widget\" data-e-type=\"widget\" data-widget_type=\"heading.default\">\n\t\t\t\t\t<h2 class=\"elementor-heading-title elementor-size-default\">Bares<\/h2>\t\t\t\t<\/div>\n\t\t\t\t<div class=\"elementor-element elementor-element-04c9a46 elementor-widget-divider--view-line elementor-widget elementor-widget-divider\" data-id=\"04c9a46\" data-element_type=\"widget\" data-e-type=\"widget\" data-widget_type=\"divider.default\">\n\t\t\t\t\t\t\t<div class=\"elementor-divider\">\n\t\t\t<span class=\"elementor-divider-separator\">\n\t\t\t\t\t\t<\/span>\n\t\t<\/div>\n\t\t\t\t\t\t<\/div>\n\t\t\t\t\t<\/div>\n\t\t<\/div>\n\t\t\t\t\t<\/div>\n\t\t<\/section>\n\t\t\t\t\t<\/div>\n\t\t<\/div>\n\t\t\t\t\t<\/div>\n\t\t<\/section>\n\t\t<div class=\"elementor-element elementor-element-cb6fb78 e-flex e-con-boxed e-con e-parent\" data-id=\"cb6fb78\" data-element_type=\"container\" data-e-type=\"container\">\n\t\t\t\t\t<div class=\"e-con-inner\">\n\t\t<div class=\"elementor-element elementor-element-f54e2f7 e-con-full e-flex e-con e-child\" data-id=\"f54e2f7\" data-element_type=\"container\" data-e-type=\"container\">\n\t\t\t\t<div class=\"elementor-element elementor-element-fd80293 elementor-tablet-align-center elementor-align-center elementor-widget elementor-widget-button\" data-id=\"fd80293\" data-element_type=\"widget\" data-e-type=\"widget\" data-widget_type=\"button.default\">\n\t\t\t\t\t\t\t\t\t\t<a class=\"elementor-button elementor-button-link elementor-size-xs\" href=\"https:\/\/www.brueggen.com\/es\/products-and-services\/cereales-tradicionales\/\">\n\t\t\t\t\t\t<span class=\"elementor-button-content-wrapper\">\n\t\t\t\t\t\t\t\t\t<span class=\"elementor-button-text\">Cereales tradicionales<\/span>\n\t\t\t\t\t<\/span>\n\t\t\t\t\t<\/a>\n\t\t\t\t\t\t\t\t<\/div>\n\t\t\t\t<\/div>\n\t\t<div class=\"elementor-element elementor-element-37cd56a e-con-full e-flex e-con e-child\" data-id=\"37cd56a\" data-element_type=\"container\" data-e-type=\"container\">\n\t\t\t\t<div class=\"elementor-element elementor-element-009b0f4 elementor-tablet-align-center elementor-align-center elementor-widget elementor-widget-button\" data-id=\"009b0f4\" data-element_type=\"widget\" data-e-type=\"widget\" data-widget_type=\"button.default\">\n\t\t\t\t\t\t\t\t\t\t<a class=\"elementor-button elementor-button-link elementor-size-xs\" href=\"https:\/\/www.brueggen.com\/es\/products-and-services\/muesli\/\">\n\t\t\t\t\t\t<span class=\"elementor-button-content-wrapper\">\n\t\t\t\t\t\t\t\t\t<span class=\"elementor-button-text\">Muesli<\/span>\n\t\t\t\t\t<\/span>\n\t\t\t\t\t<\/a>\n\t\t\t\t\t\t\t\t<\/div>\n\t\t\t\t<\/div>\n\t\t<div class=\"elementor-element elementor-element-d8fb69d e-con-full e-flex e-con e-child\" data-id=\"d8fb69d\" data-element_type=\"container\" data-e-type=\"container\">\n\t\t\t\t<div class=\"elementor-element elementor-element-95cdfc9 elementor-tablet-align-center elementor-align-center elementor-widget elementor-widget-button\" data-id=\"95cdfc9\" data-element_type=\"widget\" data-e-type=\"widget\" data-widget_type=\"button.default\">\n\t\t\t\t\t\t\t\t\t\t<a class=\"elementor-button elementor-button-link elementor-size-xs\" href=\"https:\/\/www.brueggen.com\/es\/products-and-services\/productos-de-molineria\/\">\n\t\t\t\t\t\t<span class=\"elementor-button-content-wrapper\">\n\t\t\t\t\t\t\t\t\t<span class=\"elementor-button-text\">Productos de moliner\u00eda<\/span>\n\t\t\t\t\t<\/span>\n\t\t\t\t\t<\/a>\n\t\t\t\t\t\t\t\t<\/div>\n\t\t\t\t<\/div>\n\t\t<div class=\"elementor-element elementor-element-f6fd347 e-con-full e-flex e-con e-child\" data-id=\"f6fd347\" data-element_type=\"container\" data-e-type=\"container\">\n\t\t\t\t<div class=\"elementor-element elementor-element-93bc1f5 elementor-tablet-align-center elementor-align-center elementor-widget elementor-widget-button\" data-id=\"93bc1f5\" data-element_type=\"widget\" data-e-type=\"widget\" data-widget_type=\"button.default\">\n\t\t\t\t\t\t\t\t\t\t<a class=\"elementor-button elementor-size-xs\" role=\"button\">\n\t\t\t\t\t\t<span class=\"elementor-button-content-wrapper\">\n\t\t\t\t\t\t\t\t\t<span class=\"elementor-button-text\">Bares<\/span>\n\t\t\t\t\t<\/span>\n\t\t\t\t\t<\/a>\n\t\t\t\t\t\t\t\t<\/div>\n\t\t\t\t<\/div>\n\t\t\t\t\t<\/div>\n\t\t\t\t<\/div>\n\t\t<div class=\"elementor-element elementor-element-e17b231 e-flex e-con-boxed e-con e-parent\" data-id=\"e17b231\" data-element_type=\"container\" data-e-type=\"container\">\n\t\t\t\t\t<div class=\"e-con-inner\">\n\t\t<div class=\"elementor-element elementor-element-6ae5729 e-con-full e-flex e-con e-child\" data-id=\"6ae5729\" data-element_type=\"container\" data-e-type=\"container\">\n\t\t\t\t<div class=\"elementor-element elementor-element-d07950a elementor-widget elementor-widget-image\" data-id=\"d07950a\" data-element_type=\"widget\" data-e-type=\"widget\" data-widget_type=\"image.default\">\n\t\t\t\t\t\t\t\t\t\t\t\t\t\t\t<img decoding=\"async\" src=\"https:\/\/www.brueggen.com\/wp-content\/uploads\/sites\/5\/elementor\/thumbs\/Design-ohne-Titel-14-r11x2li6dca301wu6whnii8lagzmhq7niutc85so8o.jpg\" title=\"Design ohne Titel (14)\" alt=\"Drei verschiedene M\u00fcsliriegel in einem grauen Beh\u00e4lter sowie ein Riegel auf einer Schaufel vor rotem Hintergrund, dekoriert mit Weizen\u00e4hren.\" loading=\"lazy\" \/>\t\t\t\t\t\t\t\t\t\t\t\t\t\t\t<\/div>\n\t\t\t\t<\/div>\n\t\t<div class=\"elementor-element elementor-element-cf38f48 e-con-full e-flex e-con e-child\" data-id=\"cf38f48\" data-element_type=\"container\" data-e-type=\"container\">\n\t\t\t\t<div class=\"elementor-element elementor-element-ff51b2f elementor-widget elementor-widget-heading\" data-id=\"ff51b2f\" data-element_type=\"widget\" data-e-type=\"widget\" data-widget_type=\"heading.default\">\n\t\t\t\t\t<h3 class=\"elementor-heading-title elementor-size-default\">Barritas de muesli y cereales<\/h3>\t\t\t\t<\/div>\n\t\t\t\t<div class=\"elementor-element elementor-element-531e429 elementor-widget elementor-widget-text-editor\" data-id=\"531e429\" data-element_type=\"widget\" data-e-type=\"widget\" data-widget_type=\"text-editor.default\">\n\t\t\t\t\t\t\t\t\t<p><span class=\"OYPEnA text-decoration-none text-strikethrough-none\">Las barritas de muesli y cereales de Br\u00fcggen se elaboran \u00edntegramente seg\u00fan los deseos individuales de los clientes y pasan por un elaborado proceso de producci\u00f3n. Tras formar una alfombra de componentes de cereales y jarabe como aglutinante, opcionalmente se pasa a un ba\u00f1o de chocolate o a una estaci\u00f3n de decoraci\u00f3n tras el porcionado. Las barritas de muesli y cereales se<\/span><span class=\"OYPEnA text-decoration-none text-strikethrough-none\">  empaquetado.<\/span><\/p>\n\t\t\t\t\t\t\t\t<\/div>\n\t\t\t\t<\/div>\n\t\t\t\t\t<\/div>\n\t\t\t\t<\/div>\n\t\t<div class=\"elementor-element elementor-element-23cb4d3 e-flex e-con-boxed e-con e-parent\" data-id=\"23cb4d3\" data-element_type=\"container\" data-e-type=\"container\">\n\t\t\t\t\t<div class=\"e-con-inner\">\n\t\t\t\t<div class=\"elementor-element elementor-element-8bb93bf elementor-widget elementor-widget-spacer\" data-id=\"8bb93bf\" data-element_type=\"widget\" data-e-type=\"widget\" data-widget_type=\"spacer.default\">\n\t\t\t\t\t\t\t<div class=\"elementor-spacer\">\n\t\t\t<div class=\"elementor-spacer-inner\"><\/div>\n\t\t<\/div>\n\t\t\t\t\t\t<\/div>\n\t\t\t\t\t<\/div>\n\t\t\t\t<\/div>\n\t\t\t\t<\/div>\n\t\t","protected":false},"excerpt":{"rendered":"<p>Bienvenido a los productos Br\u00fcggen: bares At Br\u00fcggen, we are proud to be a family-owned company founded in 1868. Como fabricante l\u00edder de marcas blancas, estamos especializados en la producci\u00f3n de cereales de desayuno de alta calidad. Nuestro din\u00e1mico equipo de unos 2.000 profesionales trabaja en cinco centros estrat\u00e9gicos de cuatro pa\u00edses para ofrecer productos&#8230;<\/p>\n","protected":false},"author":2,"featured_media":0,"parent":5843,"menu_order":0,"comment_status":"closed","ping_status":"closed","template":"","meta":{"_kad_post_transparent":"","_kad_post_title":"","_kad_post_layout":"","_kad_post_sidebar_id":"","_kad_post_content_style":"","_kad_post_vertical_padding":"","_kad_post_feature":"","_kad_post_feature_position":"","_kad_post_header":false,"_kad_post_footer":false,"footnotes":""},"class_list":["post-5574","page","type-page","status-publish","hentry"],"_links":{"self":[{"href":"https:\/\/www.brueggen.com\/es\/wp-json\/wp\/v2\/pages\/5574","targetHints":{"allow":["GET"]}}],"collection":[{"href":"https:\/\/www.brueggen.com\/es\/wp-json\/wp\/v2\/pages"}],"about":[{"href":"https:\/\/www.brueggen.com\/es\/wp-json\/wp\/v2\/types\/page"}],"author":[{"embeddable":true,"href":"https:\/\/www.brueggen.com\/es\/wp-json\/wp\/v2\/users\/2"}],"replies":[{"embeddable":true,"href":"https:\/\/www.brueggen.com\/es\/wp-json\/wp\/v2\/comments?post=5574"}],"version-history":[{"count":9,"href":"https:\/\/www.brueggen.com\/es\/wp-json\/wp\/v2\/pages\/5574\/revisions"}],"predecessor-version":[{"id":33667,"href":"https:\/\/www.brueggen.com\/es\/wp-json\/wp\/v2\/pages\/5574\/revisions\/33667"}],"up":[{"embeddable":true,"href":"https:\/\/www.brueggen.com\/es\/wp-json\/wp\/v2\/pages\/5843"}],"wp:attachment":[{"href":"https:\/\/www.brueggen.com\/es\/wp-json\/wp\/v2\/media?parent=5574"}],"curies":[{"name":"wp","href":"https:\/\/api.w.org\/{rel}","templated":true}]}}