{"id":5636,"date":"2024-03-05T09:10:22","date_gmt":"2024-03-05T08:10:22","guid":{"rendered":"https:\/\/www-neu.brueggen.com\/muesli\/"},"modified":"2026-02-24T00:08:04","modified_gmt":"2026-02-23T23:08:04","slug":"muesli","status":"publish","type":"page","link":"https:\/\/www.brueggen.com\/es\/productos-y-servicios\/muesli\/","title":{"rendered":"Muesli"},"content":{"rendered":"\t\t<div data-elementor-type=\"wp-page\" data-elementor-id=\"5636\" class=\"elementor elementor-5636 elementor-3462\" data-elementor-post-type=\"page\">\n\t\t\t\t<div class=\"elementor-element elementor-element-ad5ff45 e-flex e-con-boxed e-con e-parent\" data-id=\"ad5ff45\" data-element_type=\"container\" data-e-type=\"container\">\n\t\t\t\t\t<div class=\"e-con-inner\">\n\t\t\t\t<div class=\"elementor-element elementor-element-4ec9036 elementor-widget elementor-widget-image\" data-id=\"4ec9036\" data-element_type=\"widget\" data-e-type=\"widget\" data-widget_type=\"image.default\">\n\t\t\t\t\t\t\t\t\t\t\t\t\t\t\t<img decoding=\"async\" width=\"1024\" height=\"439\" src=\"https:\/\/www.brueggen.com\/wp-content\/uploads\/sites\/5\/2024\/03\/Design-ohne-Titel-8-1024x439.jpg\" class=\"attachment-large size-large wp-image-5164\" alt=\"\" srcset=\"https:\/\/www.brueggen.com\/wp-content\/uploads\/sites\/5\/2024\/03\/Design-ohne-Titel-8-1024x439.jpg 1024w, https:\/\/www.brueggen.com\/wp-content\/uploads\/sites\/5\/2024\/03\/Design-ohne-Titel-8-300x129.jpg 300w, https:\/\/www.brueggen.com\/wp-content\/uploads\/sites\/5\/2024\/03\/Design-ohne-Titel-8-768x329.jpg 768w, https:\/\/www.brueggen.com\/wp-content\/uploads\/sites\/5\/2024\/03\/Design-ohne-Titel-8-18x8.jpg 18w, https:\/\/www.brueggen.com\/wp-content\/uploads\/sites\/5\/2024\/03\/Design-ohne-Titel-8.jpg 1400w\" sizes=\"(max-width: 1024px) 100vw, 1024px\" \/>\t\t\t\t\t\t\t\t\t\t\t\t\t\t\t<\/div>\n\t\t\t\t\t<\/div>\n\t\t\t\t<\/div>\n\t\t\t\t<section class=\"elementor-section elementor-top-section elementor-element elementor-element-9704d48 elementor-section-boxed elementor-section-height-default elementor-section-height-default\" data-id=\"9704d48\" data-element_type=\"section\" data-e-type=\"section\">\n\t\t\t\t\t\t<div class=\"elementor-container elementor-column-gap-default\">\n\t\t\t\t\t<div class=\"elementor-column elementor-col-100 elementor-top-column elementor-element elementor-element-21cd6ab\" data-id=\"21cd6ab\" data-element_type=\"column\" data-e-type=\"column\">\n\t\t\t<div class=\"elementor-widget-wrap elementor-element-populated\">\n\t\t\t\t\t\t<section class=\"elementor-section elementor-inner-section elementor-element elementor-element-a6f5082 elementor-section-boxed elementor-section-height-default elementor-section-height-default\" data-id=\"a6f5082\" data-element_type=\"section\" data-e-type=\"section\">\n\t\t\t\t\t\t<div class=\"elementor-container elementor-column-gap-default\">\n\t\t\t\t\t<div class=\"elementor-column elementor-col-100 elementor-inner-column elementor-element elementor-element-c6d1f28 elementor-invisible\" data-id=\"c6d1f28\" data-element_type=\"column\" data-e-type=\"column\" data-settings=\"{&quot;animation&quot;:&quot;fadeIn&quot;}\">\n\t\t\t<div class=\"elementor-widget-wrap elementor-element-populated\">\n\t\t\t\t\t\t<div class=\"elementor-element elementor-element-6bb9aa1 elementor-widget elementor-widget-heading\" data-id=\"6bb9aa1\" data-element_type=\"widget\" data-e-type=\"widget\" data-widget_type=\"heading.default\">\n\t\t\t\t\t<h1 class=\"elementor-heading-title elementor-size-default\">Bienvenido a los productos Br\u00fcggen: muesli<\/h1>\t\t\t\t<\/div>\n\t\t\t\t<div class=\"elementor-element elementor-element-ccf546c elementor-widget elementor-widget-text-editor\" data-id=\"ccf546c\" data-element_type=\"widget\" data-e-type=\"widget\" data-widget_type=\"text-editor.default\">\n\t\t\t\t\t\t\t\t\t<p>At Br\u00fcggen, we are proud to be a family-owned company founded in 1868. Como fabricante l\u00edder de marcas blancas, estamos especializados en la producci\u00f3n de cereales de desayuno de alta calidad. Nuestro din\u00e1mico equipo de unos 2.000 profesionales trabaja en cinco centros estrat\u00e9gicos de cuatro pa\u00edses para ofrecer productos nutritivos y deliciosos a nuestros valiosos clientes de todo el mundo.<\/p>\n\t\t\t\t\t\t\t\t<\/div>\n\t\t\t\t\t<\/div>\n\t\t<\/div>\n\t\t\t\t\t<\/div>\n\t\t<\/section>\n\t\t\t\t\t<\/div>\n\t\t<\/div>\n\t\t\t\t\t<\/div>\n\t\t<\/section>\n\t\t\t\t<section class=\"elementor-section elementor-top-section elementor-element elementor-element-d67b04d elementor-section-boxed elementor-section-height-default elementor-section-height-default\" data-id=\"d67b04d\" data-element_type=\"section\" data-e-type=\"section\" data-settings=\"{&quot;background_background&quot;:&quot;classic&quot;}\">\n\t\t\t\t\t\t<div class=\"elementor-container elementor-column-gap-default\">\n\t\t\t\t\t<div class=\"elementor-column elementor-col-100 elementor-top-column elementor-element elementor-element-42e473c\" data-id=\"42e473c\" data-element_type=\"column\" data-e-type=\"column\">\n\t\t\t<div class=\"elementor-widget-wrap elementor-element-populated\">\n\t\t\t\t\t\t<section class=\"elementor-section elementor-inner-section elementor-element elementor-element-5bce9b9 elementor-section-boxed elementor-section-height-default elementor-section-height-default\" data-id=\"5bce9b9\" data-element_type=\"section\" data-e-type=\"section\">\n\t\t\t\t\t\t<div class=\"elementor-container elementor-column-gap-default\">\n\t\t\t\t\t<div class=\"elementor-column elementor-col-100 elementor-inner-column elementor-element elementor-element-fac3efc elementor-invisible\" data-id=\"fac3efc\" data-element_type=\"column\" data-e-type=\"column\" data-settings=\"{&quot;animation&quot;:&quot;fadeIn&quot;}\">\n\t\t\t<div class=\"elementor-widget-wrap elementor-element-populated\">\n\t\t\t\t\t\t<div class=\"elementor-element elementor-element-e0300c8 elementor-widget elementor-widget-spacer\" data-id=\"e0300c8\" data-element_type=\"widget\" data-e-type=\"widget\" data-widget_type=\"spacer.default\">\n\t\t\t\t\t\t\t<div class=\"elementor-spacer\">\n\t\t\t<div class=\"elementor-spacer-inner\"><\/div>\n\t\t<\/div>\n\t\t\t\t\t\t<\/div>\n\t\t\t\t<div class=\"elementor-element elementor-element-e2414df elementor-widget elementor-widget-heading\" data-id=\"e2414df\" data-element_type=\"widget\" data-e-type=\"widget\" data-widget_type=\"heading.default\">\n\t\t\t\t\t<h2 class=\"elementor-heading-title elementor-size-default\">Muesli<\/h2>\t\t\t\t<\/div>\n\t\t\t\t<div class=\"elementor-element elementor-element-4a10fe9 elementor-widget-divider--view-line elementor-widget elementor-widget-divider\" data-id=\"4a10fe9\" data-element_type=\"widget\" data-e-type=\"widget\" data-widget_type=\"divider.default\">\n\t\t\t\t\t\t\t<div class=\"elementor-divider\">\n\t\t\t<span class=\"elementor-divider-separator\">\n\t\t\t\t\t\t<\/span>\n\t\t<\/div>\n\t\t\t\t\t\t<\/div>\n\t\t\t\t\t<\/div>\n\t\t<\/div>\n\t\t\t\t\t<\/div>\n\t\t<\/section>\n\t\t\t\t\t<\/div>\n\t\t<\/div>\n\t\t\t\t\t<\/div>\n\t\t<\/section>\n\t\t<div class=\"elementor-element elementor-element-e842d9a e-flex e-con-boxed e-con e-parent\" data-id=\"e842d9a\" data-element_type=\"container\" data-e-type=\"container\">\n\t\t\t\t\t<div class=\"e-con-inner\">\n\t\t<div class=\"elementor-element elementor-element-5b74dc7 e-con-full e-flex e-con e-child\" data-id=\"5b74dc7\" data-element_type=\"container\" data-e-type=\"container\">\n\t\t\t\t<div class=\"elementor-element elementor-element-a821e43 elementor-tablet-align-center elementor-align-center elementor-widget elementor-widget-button\" data-id=\"a821e43\" data-element_type=\"widget\" data-e-type=\"widget\" data-widget_type=\"button.default\">\n\t\t\t\t\t\t\t\t\t\t<a class=\"elementor-button elementor-button-link elementor-size-xs\" href=\"https:\/\/www.brueggen.com\/es\/products-and-services\/cereales-tradicionales\/\">\n\t\t\t\t\t\t<span class=\"elementor-button-content-wrapper\">\n\t\t\t\t\t\t\t\t\t<span class=\"elementor-button-text\">Cereales tradicionales<\/span>\n\t\t\t\t\t<\/span>\n\t\t\t\t\t<\/a>\n\t\t\t\t\t\t\t\t<\/div>\n\t\t\t\t<\/div>\n\t\t<div class=\"elementor-element elementor-element-612875d e-con-full e-flex e-con e-child\" data-id=\"612875d\" data-element_type=\"container\" data-e-type=\"container\">\n\t\t\t\t<div class=\"elementor-element elementor-element-c4dc1ba elementor-tablet-align-center elementor-align-center elementor-widget elementor-widget-button\" data-id=\"c4dc1ba\" data-element_type=\"widget\" data-e-type=\"widget\" data-widget_type=\"button.default\">\n\t\t\t\t\t\t\t\t\t\t<a class=\"elementor-button elementor-size-xs\" role=\"button\">\n\t\t\t\t\t\t<span class=\"elementor-button-content-wrapper\">\n\t\t\t\t\t\t\t\t\t<span class=\"elementor-button-text\">Muesli<\/span>\n\t\t\t\t\t<\/span>\n\t\t\t\t\t<\/a>\n\t\t\t\t\t\t\t\t<\/div>\n\t\t\t\t<\/div>\n\t\t<div class=\"elementor-element elementor-element-faec0e1 e-con-full e-flex e-con e-child\" data-id=\"faec0e1\" data-element_type=\"container\" data-e-type=\"container\">\n\t\t\t\t<div class=\"elementor-element elementor-element-73c22a4 elementor-tablet-align-center elementor-align-center elementor-widget elementor-widget-button\" data-id=\"73c22a4\" data-element_type=\"widget\" data-e-type=\"widget\" data-widget_type=\"button.default\">\n\t\t\t\t\t\t\t\t\t\t<a class=\"elementor-button elementor-button-link elementor-size-xs\" href=\"https:\/\/www.brueggen.com\/es\/products-and-services\/productos-de-molineria\/\">\n\t\t\t\t\t\t<span class=\"elementor-button-content-wrapper\">\n\t\t\t\t\t\t\t\t\t<span class=\"elementor-button-text\">Productos de moliner\u00eda<\/span>\n\t\t\t\t\t<\/span>\n\t\t\t\t\t<\/a>\n\t\t\t\t\t\t\t\t<\/div>\n\t\t\t\t<\/div>\n\t\t<div class=\"elementor-element elementor-element-81744a4 e-con-full e-flex e-con e-child\" data-id=\"81744a4\" data-element_type=\"container\" data-e-type=\"container\">\n\t\t\t\t<div class=\"elementor-element elementor-element-9e0a05b elementor-tablet-align-center elementor-align-center elementor-widget elementor-widget-button\" data-id=\"9e0a05b\" data-element_type=\"widget\" data-e-type=\"widget\" data-widget_type=\"button.default\">\n\t\t\t\t\t\t\t\t\t\t<a class=\"elementor-button elementor-button-link elementor-size-xs\" href=\"https:\/\/www.brueggen.com\/es\/products-and-services\/bares\/\">\n\t\t\t\t\t\t<span class=\"elementor-button-content-wrapper\">\n\t\t\t\t\t\t\t\t\t<span class=\"elementor-button-text\">Bares<\/span>\n\t\t\t\t\t<\/span>\n\t\t\t\t\t<\/a>\n\t\t\t\t\t\t\t\t<\/div>\n\t\t\t\t<\/div>\n\t\t\t\t\t<\/div>\n\t\t\t\t<\/div>\n\t\t<div class=\"elementor-element elementor-element-4fa22a3 e-flex e-con-boxed e-con e-parent\" data-id=\"4fa22a3\" data-element_type=\"container\" data-e-type=\"container\">\n\t\t\t\t\t<div class=\"e-con-inner\">\n\t\t<div class=\"elementor-element elementor-element-315cb6c e-con-full e-flex e-con e-child\" data-id=\"315cb6c\" data-element_type=\"container\" data-e-type=\"container\">\n\t\t\t\t<div class=\"elementor-element elementor-element-2e12dea elementor-widget elementor-widget-image\" data-id=\"2e12dea\" data-element_type=\"widget\" data-e-type=\"widget\" data-widget_type=\"image.default\">\n\t\t\t\t\t\t\t\t\t\t\t\t\t\t\t<img decoding=\"async\" src=\"https:\/\/www.brueggen.com\/wp-content\/uploads\/sites\/5\/elementor\/thumbs\/1-4-r1qlx2mus3s4gac9kf3z1swba4kpcpxywlu7hlc5a0.jpg\" title=\"1\" alt=\"1\" loading=\"lazy\" \/>\t\t\t\t\t\t\t\t\t\t\t\t\t\t\t<\/div>\n\t\t\t\t<\/div>\n\t\t<div class=\"elementor-element elementor-element-c3ca0aa e-con-full e-flex e-con e-child\" data-id=\"c3ca0aa\" data-element_type=\"container\" data-e-type=\"container\">\n\t\t\t\t<div class=\"elementor-element elementor-element-c1fa545 elementor-widget elementor-widget-heading\" data-id=\"c1fa545\" data-element_type=\"widget\" data-e-type=\"widget\" data-widget_type=\"heading.default\">\n\t\t\t\t\t<h3 class=\"elementor-heading-title elementor-size-default\">Muesli tradicional<\/h3>\t\t\t\t<\/div>\n\t\t\t\t<div class=\"elementor-element elementor-element-29d356a elementor-widget elementor-widget-text-editor\" data-id=\"29d356a\" data-element_type=\"widget\" data-e-type=\"widget\" data-widget_type=\"text-editor.default\">\n\t\t\t\t\t\t\t\t\t<p><span class=\"OYPEnA text-decoration-none text-strikethrough-none\">Hay una gran variedad de mueslis tradicionales. Las distintas variedades con frutas, frutos secos y\/o chocolate pueden combinarse individualmente seg\u00fan los deseos del cliente. Adem\u00e1s de mezclar los componentes seleccionables, Br\u00fcggen tambi\u00e9n se encarga del envasado.<\/span><\/p>\n\t\t\t\t\t\t\t\t<\/div>\n\t\t\t\t<\/div>\n\t\t\t\t\t<\/div>\n\t\t\t\t<\/div>\n\t\t<div class=\"elementor-element elementor-element-8045ad5 e-flex e-con-boxed e-con e-parent\" data-id=\"8045ad5\" data-element_type=\"container\" data-e-type=\"container\">\n\t\t\t\t\t<div class=\"e-con-inner\">\n\t\t<div class=\"elementor-element elementor-element-3030766 e-con-full e-flex e-con e-child\" data-id=\"3030766\" data-element_type=\"container\" data-e-type=\"container\">\n\t\t\t\t<div class=\"elementor-element elementor-element-2faf120 elementor-widget elementor-widget-heading\" data-id=\"2faf120\" data-element_type=\"widget\" data-e-type=\"widget\" data-widget_type=\"heading.default\">\n\t\t\t\t\t<h3 class=\"elementor-heading-title elementor-size-default\">Muesli crujiente<\/h3>\t\t\t\t<\/div>\n\t\t\t\t<div class=\"elementor-element elementor-element-d1bf14c elementor-widget elementor-widget-text-editor\" data-id=\"d1bf14c\" data-element_type=\"widget\" data-e-type=\"widget\" data-widget_type=\"text-editor.default\">\n\t\t\t\t\t\t\t\t\t<p>Para nuestras variaciones de muesli crujiente, en Br\u00fcggen primero mezclamos los componentes de los cereales con un sirope. En fases posteriores de la producci\u00f3n, horneamos los productos y ajustamos su tama\u00f1o a sus deseos. Tambi\u00e9n mezclamos otros componentes y envasamos el producto acabado para usted.<\/p>\n\t\t\t\t\t\t\t\t<\/div>\n\t\t\t\t<\/div>\n\t\t<div class=\"elementor-element elementor-element-7ee3833 e-con-full e-flex e-con e-child\" data-id=\"7ee3833\" data-element_type=\"container\" data-e-type=\"container\">\n\t\t\t\t<div class=\"elementor-element elementor-element-78e425a elementor-widget elementor-widget-image\" data-id=\"78e425a\" data-element_type=\"widget\" data-e-type=\"widget\" data-widget_type=\"image.default\">\n\t\t\t\t\t\t\t\t\t\t\t\t\t\t\t<img decoding=\"async\" src=\"https:\/\/www.brueggen.com\/wp-content\/uploads\/sites\/5\/elementor\/thumbs\/Knusper-Muesli-Neu-01-2025-r1ql49uvducuqe68qgyh5kiw24iuikm1a29n5e1dx4.jpg\" title=\"Knusper-Muesli Neu 01-2025\" alt=\"Knusper-M\u00fcsli mit Schokolade und Haseln\u00fcssen in einer Sch\u00fcssel vor gelbem Hintergrund.\" loading=\"lazy\" \/>\t\t\t\t\t\t\t\t\t\t\t\t\t\t\t<\/div>\n\t\t\t\t<\/div>\n\t\t\t\t\t<\/div>\n\t\t\t\t<\/div>\n\t\t<div class=\"elementor-element elementor-element-4020d66 e-flex e-con-boxed e-con e-parent\" data-id=\"4020d66\" data-element_type=\"container\" data-e-type=\"container\">\n\t\t\t\t\t<div class=\"e-con-inner\">\n\t\t<div class=\"elementor-element elementor-element-c2309a0 e-con-full e-flex e-con e-child\" data-id=\"c2309a0\" data-element_type=\"container\" data-e-type=\"container\">\n\t\t\t\t<div class=\"elementor-element elementor-element-bfc9a27 elementor-widget elementor-widget-image\" data-id=\"bfc9a27\" data-element_type=\"widget\" data-e-type=\"widget\" data-widget_type=\"image.default\">\n\t\t\t\t\t\t\t\t\t\t\t\t\t\t\t<img decoding=\"async\" src=\"https:\/\/www.brueggen.com\/wp-content\/uploads\/sites\/5\/elementor\/thumbs\/3-2-r1qlwyvi0rmz5uhq6dhgrtugwl38hxj1k389khhpyw.jpg\" title=\"3\" alt=\"Fr\u00fchst\u00fcckssch\u00fcssel mit Knusperm\u00fcsli, Joghurt und frischen Waldbeeren auf rotem Grund.\" loading=\"lazy\" \/>\t\t\t\t\t\t\t\t\t\t\t\t\t\t\t<\/div>\n\t\t\t\t<\/div>\n\t\t<div class=\"elementor-element elementor-element-8c9a730 e-con-full e-flex e-con e-child\" data-id=\"8c9a730\" data-element_type=\"container\" data-e-type=\"container\">\n\t\t\t\t<div class=\"elementor-element elementor-element-c6a1376 elementor-widget elementor-widget-heading\" data-id=\"c6a1376\" data-element_type=\"widget\" data-e-type=\"widget\" data-widget_type=\"heading.default\">\n\t\t\t\t\t<h3 class=\"elementor-heading-title elementor-size-default\">Muesli ecol\u00f3gico y de comercio justo<\/h3>\t\t\t\t<\/div>\n\t\t\t\t<div class=\"elementor-element elementor-element-5f1c76c elementor-widget elementor-widget-text-editor\" data-id=\"5f1c76c\" data-element_type=\"widget\" data-e-type=\"widget\" data-widget_type=\"text-editor.default\">\n\t\t\t\t\t\t\t\t\t<p><span class=\"OYPEnA text-decoration-none text-strikethrough-none\">Nuestras variaciones de muesli crujiente pueden elaborarse para usted con productos ecol\u00f3gicos y de comercio justo.<\/span><\/p>\t\t\t\t\t\t\t\t<\/div>\n\t\t\t\t<\/div>\n\t\t\t\t\t<\/div>\n\t\t\t\t<\/div>\n\t\t<div class=\"elementor-element elementor-element-4db62e9 e-flex e-con-boxed e-con e-parent\" data-id=\"4db62e9\" data-element_type=\"container\" data-e-type=\"container\">\n\t\t\t\t\t<div class=\"e-con-inner\">\n\t\t\t\t<div class=\"elementor-element elementor-element-164699c elementor-widget elementor-widget-spacer\" data-id=\"164699c\" data-element_type=\"widget\" data-e-type=\"widget\" data-widget_type=\"spacer.default\">\n\t\t\t\t\t\t\t<div class=\"elementor-spacer\">\n\t\t\t<div class=\"elementor-spacer-inner\"><\/div>\n\t\t<\/div>\n\t\t\t\t\t\t<\/div>\n\t\t\t\t\t<\/div>\n\t\t\t\t<\/div>\n\t\t\t\t<\/div>\n\t\t","protected":false},"excerpt":{"rendered":"<p>Bienvenido a los productos Br\u00fcggen: muesli At Br\u00fcggen, we are proud to be a family-owned company founded in 1868. Como fabricante l\u00edder de marcas blancas, estamos especializados en la producci\u00f3n de cereales de desayuno de alta calidad. Nuestro din\u00e1mico equipo de unos 2.000 profesionales trabaja en cinco centros estrat\u00e9gicos de cuatro pa\u00edses para ofrecer productos&#8230;<\/p>\n","protected":false},"author":2,"featured_media":0,"parent":5843,"menu_order":2,"comment_status":"closed","ping_status":"closed","template":"","meta":{"_kad_post_transparent":"","_kad_post_title":"","_kad_post_layout":"","_kad_post_sidebar_id":"","_kad_post_content_style":"","_kad_post_vertical_padding":"","_kad_post_feature":"","_kad_post_feature_position":"","_kad_post_header":false,"_kad_post_footer":false,"footnotes":""},"class_list":["post-5636","page","type-page","status-publish","hentry"],"_links":{"self":[{"href":"https:\/\/www.brueggen.com\/es\/wp-json\/wp\/v2\/pages\/5636","targetHints":{"allow":["GET"]}}],"collection":[{"href":"https:\/\/www.brueggen.com\/es\/wp-json\/wp\/v2\/pages"}],"about":[{"href":"https:\/\/www.brueggen.com\/es\/wp-json\/wp\/v2\/types\/page"}],"author":[{"embeddable":true,"href":"https:\/\/www.brueggen.com\/es\/wp-json\/wp\/v2\/users\/2"}],"replies":[{"embeddable":true,"href":"https:\/\/www.brueggen.com\/es\/wp-json\/wp\/v2\/comments?post=5636"}],"version-history":[{"count":9,"href":"https:\/\/www.brueggen.com\/es\/wp-json\/wp\/v2\/pages\/5636\/revisions"}],"predecessor-version":[{"id":33661,"href":"https:\/\/www.brueggen.com\/es\/wp-json\/wp\/v2\/pages\/5636\/revisions\/33661"}],"up":[{"embeddable":true,"href":"https:\/\/www.brueggen.com\/es\/wp-json\/wp\/v2\/pages\/5843"}],"wp:attachment":[{"href":"https:\/\/www.brueggen.com\/es\/wp-json\/wp\/v2\/media?parent=5636"}],"curies":[{"name":"wp","href":"https:\/\/api.w.org\/{rel}","templated":true}]}}