{"id":5669,"date":"2024-02-13T12:54:22","date_gmt":"2024-02-13T11:54:22","guid":{"rendered":"https:\/\/www-neu.brueggen.com\/codigo-de-conducta\/"},"modified":"2026-03-09T21:13:09","modified_gmt":"2026-03-09T20:13:09","slug":"codigo-de-conducta","status":"publish","type":"page","link":"https:\/\/www.brueggen.com\/es\/codigo-de-conducta\/","title":{"rendered":"C\u00f3digo de conducta"},"content":{"rendered":"\t\t<div data-elementor-type=\"wp-page\" data-elementor-id=\"5669\" class=\"elementor elementor-5669 elementor-2712\" data-elementor-post-type=\"page\">\n\t\t\t\t\t\t<section class=\"elementor-section elementor-top-section elementor-element elementor-element-b4b7bf7 elementor-section-boxed elementor-section-height-default elementor-section-height-default\" data-id=\"b4b7bf7\" data-element_type=\"section\" data-e-type=\"section\">\n\t\t\t\t\t\t<div class=\"elementor-container elementor-column-gap-default\">\n\t\t\t\t\t<div class=\"elementor-column elementor-col-100 elementor-top-column elementor-element elementor-element-afcca9b\" data-id=\"afcca9b\" data-element_type=\"column\" data-e-type=\"column\">\n\t\t\t<div class=\"elementor-widget-wrap elementor-element-populated\">\n\t\t\t\t\t\t<section class=\"elementor-section elementor-inner-section elementor-element elementor-element-283bfe6 elementor-section-boxed elementor-section-height-default elementor-section-height-default\" data-id=\"283bfe6\" data-element_type=\"section\" data-e-type=\"section\">\n\t\t\t\t\t\t<div class=\"elementor-container elementor-column-gap-default\">\n\t\t\t\t\t<div class=\"elementor-column elementor-col-100 elementor-inner-column elementor-element elementor-element-c63ba48 elementor-invisible\" data-id=\"c63ba48\" data-element_type=\"column\" data-e-type=\"column\" data-settings=\"{&quot;animation&quot;:&quot;fadeIn&quot;}\">\n\t\t\t<div class=\"elementor-widget-wrap elementor-element-populated\">\n\t\t\t\t\t\t<div class=\"elementor-element elementor-element-11c039f elementor-hidden-tablet elementor-hidden-mobile elementor-widget elementor-widget-spacer\" data-id=\"11c039f\" data-element_type=\"widget\" data-e-type=\"widget\" data-widget_type=\"spacer.default\">\n\t\t\t\t\t\t\t<div class=\"elementor-spacer\">\n\t\t\t<div class=\"elementor-spacer-inner\"><\/div>\n\t\t<\/div>\n\t\t\t\t\t\t<\/div>\n\t\t\t\t<div class=\"elementor-element elementor-element-fd13b45 elementor-widget elementor-widget-heading\" data-id=\"fd13b45\" data-element_type=\"widget\" data-e-type=\"widget\" data-widget_type=\"heading.default\">\n\t\t\t\t\t<h1 class=\"elementor-heading-title elementor-size-default\">C\u00f3digo de conducta<\/h1>\t\t\t\t<\/div>\n\t\t\t\t<div class=\"elementor-element elementor-element-b76ce4b elementor-widget elementor-widget-text-editor\" data-id=\"b76ce4b\" data-element_type=\"widget\" data-e-type=\"widget\" data-widget_type=\"text-editor.default\">\n\t\t\t\t\t\t\t\t\t<p>Br\u00fcggen Group -una empresa familiar con m\u00e1s de 150 a\u00f1os de historia- centra su atenci\u00f3n no s\u00f3lo en la compra, producci\u00f3n y distribuci\u00f3n de productos seguros y aptos para el consumo, sino tambi\u00e9n en el cumplimiento de las normas sociales y medioambientales en su propia \u00e1rea de negocio y con los proveedores directos.<\/p><p>Nuestros principios corporativos, recogidos en nuestro\u00a0<span style=\"text-decoration: underline;color: #ff4143\"><strong><a style=\"color: #ff4143;text-decoration: underline\" href=\"https:\/\/www.brueggen.com\/wp-content\/uploads\/sites\/5\/2025\/08\/Brueggen-Code-of-Conduct-Verhaltenskodex-210x210-08-2025-Web-EN.pdf\" target=\"_blank\" rel=\"noopener\">C\u00f3digo de Conducta<\/a>\u00a0<\/strong><\/span>onstituyen la base de una cooperaci\u00f3n de confianza, constructiva y a largo plazo. El cumplimiento es, por tanto, una piedra angular del \u00e9xito de nuestra empresa.<\/p><p>Para nosotros es importante seguir garantizando el cumplimiento de estas directrices en el futuro. Por ello, nos gustar\u00eda pedirle su ayuda. Si, por ejemplo, ha observado o le han informado de violaciones de los derechos humanos, la legislaci\u00f3n antimonopolio, la normativa medioambiental, las normas de seguridad laboral o similares, h\u00e1ganoslo saber a trav\u00e9s de nuestro sistema de denuncia de irregularidades. Por supuesto, la informaci\u00f3n facilitada NUNCA ser\u00e1 tratada como un abuso de confianza. Todas las denuncias se tramitar\u00e1n con la m\u00e1xima confidencialidad y el denunciante recibir\u00e1 r\u00e1pidamente informaci\u00f3n sobre el incidente denunciado. Esta informaci\u00f3n es importante para contrarrestar las infracciones en una fase temprana y, si es posible, evitarlas antes de que se produzcan da\u00f1os.<\/p><p>Le agradecemos su ayuda y le agradecemos cualquier informaci\u00f3n.<\/p><h3>Declaraci\u00f3n de derechos humanos\u00a0<\/h3><p>Actuar con responsabilidad es parte integrante de nuestra estrategia corporativa. Respetar los derechos humanos y evitar que se violen es para nosotros algo natural. Esto se aplica a nuestra propia \u00e1rea de negocio y, en funci\u00f3n del \u00e1mbito de influencia, a nuestra cadena de valor. En el marco de la Ley sobre el deber de diligencia en la cadena de suministro, informaremos p\u00fablicamente sobre nuestros avances y proyectos con periodicidad anual. <a href=\"https:\/\/www.brueggen.com\/wp-content\/uploads\/sites\/5\/2025\/04\/HJBrueggenKG-Declaration-of-principles-EN-NEW-1.pdf\" target=\"_blank\" rel=\"noopener\"><span style=\"text-decoration: underline\"><strong><span style=\"color: #ff4143;text-decoration: underline\">En este enlace encontrar\u00e1 la declaraci\u00f3n de principios de H. &amp; J. Br\u00fcggen KG.<\/span><\/strong><\/span><\/a><\/p><p><strong>Sistema de denuncia de H. &amp; J. Br\u00fcggen KG<\/strong><br \/>Comprobamos todos los informes y hacemos un seguimiento coherente. Agradecemos cualquier informaci\u00f3n. La informaci\u00f3n NUNCA se considerar\u00e1 un abuso de confianza y no habr\u00e1 ning\u00fan tipo de comportamiento perjudicial hacia los denunciantes. <span style=\"text-decoration: underline\"><span style=\"color: #ff4143\"><strong><a style=\"color: #ff4143;text-decoration: underline\" href=\"https:\/\/www.brueggen.com\/es\/codigo-de-conducta\/hinweisgebersystem-formular\/\">Haga clic en este enlace.<\/a><\/strong><\/span><\/span> <br \/>Las normas de procedimiento se encuentran <span style=\"text-decoration: underline\"><span style=\"color: #ff4143\"><strong><a style=\"color: #ff4143;text-decoration: underline\" href=\"https:\/\/www.brueggen.com\/wp-content\/uploads\/sites\/5\/2025\/07\/Brueggen_Reglamento-de-Procedimiento-para-el-Sistema-de-Denuncias-23072025-he.pdf\">aqu\u00ed<\/a><\/strong><\/span><\/span>.<\/p>\t\t\t\t\t\t\t\t<\/div>\n\t\t\t\t\t<\/div>\n\t\t<\/div>\n\t\t\t\t\t<\/div>\n\t\t<\/section>\n\t\t\t\t\t<\/div>\n\t\t<\/div>\n\t\t\t\t\t<\/div>\n\t\t<\/section>\n\t\t\t\t<\/div>\n\t\t","protected":false},"excerpt":{"rendered":"<p>C\u00f3digo de conducta Br\u00fcggen Group -una empresa familiar con m\u00e1s de 150 a\u00f1os de historia- centra su atenci\u00f3n no s\u00f3lo en la compra, producci\u00f3n y distribuci\u00f3n de productos seguros y aptos para el consumo, sino tambi\u00e9n en el cumplimiento de las normas sociales y medioambientales en su propia \u00e1rea de negocio y con los proveedores&#8230;<\/p>\n","protected":false},"author":2,"featured_media":0,"parent":0,"menu_order":15,"comment_status":"closed","ping_status":"closed","template":"","meta":{"_kad_post_transparent":"","_kad_post_title":"","_kad_post_layout":"","_kad_post_sidebar_id":"","_kad_post_content_style":"","_kad_post_vertical_padding":"","_kad_post_feature":"","_kad_post_feature_position":"","_kad_post_header":false,"_kad_post_footer":false,"footnotes":""},"class_list":["post-5669","page","type-page","status-publish","hentry"],"_links":{"self":[{"href":"https:\/\/www.brueggen.com\/es\/wp-json\/wp\/v2\/pages\/5669","targetHints":{"allow":["GET"]}}],"collection":[{"href":"https:\/\/www.brueggen.com\/es\/wp-json\/wp\/v2\/pages"}],"about":[{"href":"https:\/\/www.brueggen.com\/es\/wp-json\/wp\/v2\/types\/page"}],"author":[{"embeddable":true,"href":"https:\/\/www.brueggen.com\/es\/wp-json\/wp\/v2\/users\/2"}],"replies":[{"embeddable":true,"href":"https:\/\/www.brueggen.com\/es\/wp-json\/wp\/v2\/comments?post=5669"}],"version-history":[{"count":27,"href":"https:\/\/www.brueggen.com\/es\/wp-json\/wp\/v2\/pages\/5669\/revisions"}],"predecessor-version":[{"id":33220,"href":"https:\/\/www.brueggen.com\/es\/wp-json\/wp\/v2\/pages\/5669\/revisions\/33220"}],"wp:attachment":[{"href":"https:\/\/www.brueggen.com\/es\/wp-json\/wp\/v2\/media?parent=5669"}],"curies":[{"name":"wp","href":"https:\/\/api.w.org\/{rel}","templated":true}]}}