{"id":5851,"date":"2024-02-13T12:54:22","date_gmt":"2024-02-13T11:54:22","guid":{"rendered":"https:\/\/www-neu.brueggen.com\/home-seite-ejemplo\/quienes-somos\/"},"modified":"2026-01-27T20:45:00","modified_gmt":"2026-01-27T19:45:00","slug":"quienes-somos","status":"publish","type":"page","link":"https:\/\/www.brueggen.com\/es\/quienes-somos\/","title":{"rendered":"Qui\u00e9nes somos"},"content":{"rendered":"\t\t<div data-elementor-type=\"wp-page\" data-elementor-id=\"5851\" class=\"elementor elementor-5851 elementor-2698\" data-elementor-post-type=\"page\">\n\t\t\t\t\t\t<section class=\"elementor-section elementor-top-section elementor-element elementor-element-39c1c20 elementor-section-full_width elementor-section-stretched elementor-section-height-default elementor-section-height-default\" data-id=\"39c1c20\" data-element_type=\"section\" data-e-type=\"section\" data-settings=\"{&quot;stretch_section&quot;:&quot;section-stretched&quot;,&quot;background_background&quot;:&quot;classic&quot;}\">\n\t\t\t\t\t\t<div class=\"elementor-container elementor-column-gap-default\">\n\t\t\t\t\t<div class=\"elementor-column elementor-col-100 elementor-top-column elementor-element elementor-element-ea1a245\" data-id=\"ea1a245\" data-element_type=\"column\" data-e-type=\"column\">\n\t\t\t<div class=\"elementor-widget-wrap elementor-element-populated\">\n\t\t\t\t\t\t<div class=\"elementor-element elementor-element-aea60cf elementor-widget elementor-widget-video\" data-id=\"aea60cf\" data-element_type=\"widget\" data-e-type=\"widget\" data-settings=\"{&quot;video_type&quot;:&quot;hosted&quot;,&quot;autoplay&quot;:&quot;yes&quot;,&quot;play_on_mobile&quot;:&quot;yes&quot;,&quot;mute&quot;:&quot;yes&quot;}\" data-widget_type=\"video.default\">\n\t\t\t\t\t\t\t<div class=\"e-hosted-video elementor-wrapper elementor-open-inline\">\n\t\t\t\t\t<video class=\"elementor-video\" src=\"https:\/\/www.brueggen.com\/wp-content\/uploads\/sites\/5\/2024\/06\/Ein-Blick-hinter-die-Kulissen-bei-H.-J.-Brueggen-KG-\ud83c\udfed\ud83d\udc40.mp4\" autoplay=\"\" muted=\"muted\" playsinline=\"\" controlsList=\"nodownload\"><\/video>\n\t\t\t\t<\/div>\n\t\t\t\t\t\t<\/div>\n\t\t\t\t\t<\/div>\n\t\t<\/div>\n\t\t\t\t\t<\/div>\n\t\t<\/section>\n\t\t\t\t<section class=\"elementor-section elementor-top-section elementor-element elementor-element-149b5cd elementor-section-boxed elementor-section-height-default elementor-section-height-default\" data-id=\"149b5cd\" data-element_type=\"section\" data-e-type=\"section\">\n\t\t\t\t\t\t<div class=\"elementor-container elementor-column-gap-default\">\n\t\t\t\t\t<div class=\"elementor-column elementor-col-100 elementor-top-column elementor-element elementor-element-893799d\" data-id=\"893799d\" data-element_type=\"column\" data-e-type=\"column\">\n\t\t\t<div class=\"elementor-widget-wrap elementor-element-populated\">\n\t\t\t\t\t\t<section class=\"elementor-section elementor-inner-section elementor-element elementor-element-7456b9b elementor-section-boxed elementor-section-height-default elementor-section-height-default\" data-id=\"7456b9b\" data-element_type=\"section\" data-e-type=\"section\">\n\t\t\t\t\t\t<div class=\"elementor-container elementor-column-gap-default\">\n\t\t\t\t\t<div class=\"elementor-column elementor-col-100 elementor-inner-column elementor-element elementor-element-c954d11 elementor-invisible\" data-id=\"c954d11\" data-element_type=\"column\" data-e-type=\"column\" data-settings=\"{&quot;animation&quot;:&quot;fadeIn&quot;}\">\n\t\t\t<div class=\"elementor-widget-wrap elementor-element-populated\">\n\t\t\t\t\t\t<div class=\"elementor-element elementor-element-498044e elementor-widget elementor-widget-spacer\" data-id=\"498044e\" data-element_type=\"widget\" data-e-type=\"widget\" data-widget_type=\"spacer.default\">\n\t\t\t\t\t\t\t<div class=\"elementor-spacer\">\n\t\t\t<div class=\"elementor-spacer-inner\"><\/div>\n\t\t<\/div>\n\t\t\t\t\t\t<\/div>\n\t\t\t\t<div class=\"elementor-element elementor-element-0ef8456 elementor-widget elementor-widget-heading\" data-id=\"0ef8456\" data-element_type=\"widget\" data-e-type=\"widget\" data-widget_type=\"heading.default\">\n\t\t\t\t\t<h1 class=\"elementor-heading-title elementor-size-default\">Qui\u00e9nes somos<\/h1>\t\t\t\t<\/div>\n\t\t\t\t<div class=\"elementor-element elementor-element-972344a elementor-widget elementor-widget-text-editor\" data-id=\"972344a\" data-element_type=\"widget\" data-e-type=\"widget\" data-widget_type=\"text-editor.default\">\n\t\t\t\t\t\t\t\t\t<p>\u00bfLe interesan nuestras ra\u00edces? Sum\u00e9rjase en el rico tapiz de la historia de H. &amp; J. Br\u00fcggen KG y descubra nuestro viaje que comenz\u00f3 hace m\u00e1s de 150 a\u00f1os. Descubra c\u00f3mo nuestra pasi\u00f3n por crear alimentos a base de cereales sanos, deliciosos y asequibles nos ha impulsado a convertirnos en l\u00edderes mundiales del sector.&nbsp;<\/p>\t\t\t\t\t\t\t\t<\/div>\n\t\t\t\t\t<\/div>\n\t\t<\/div>\n\t\t\t\t\t<\/div>\n\t\t<\/section>\n\t\t\t\t\t<\/div>\n\t\t<\/div>\n\t\t\t\t\t<\/div>\n\t\t<\/section>\n\t\t\t\t<div class=\"elementor-section elementor-top-section elementor-element elementor-element-c3775d2 elementor-section-height-min-height elementor-section-stretched elementor-section-boxed elementor-section-height-default elementor-section-items-middle\" data-id=\"c3775d2\" data-element_type=\"section\" data-e-type=\"section\" data-settings=\"{&quot;stretch_section&quot;:&quot;section-stretched&quot;,&quot;background_background&quot;:&quot;classic&quot;}\">\n\t\t\t\t\t\t<div class=\"elementor-container elementor-column-gap-default\">\n\t\t\t\t\t<div class=\"elementor-column elementor-col-100 elementor-top-column elementor-element elementor-element-a25272d elementor-invisible\" data-id=\"a25272d\" data-element_type=\"column\" data-e-type=\"column\" data-settings=\"{&quot;animation&quot;:&quot;zoomIn&quot;}\">\n\t\t\t<div class=\"elementor-widget-wrap elementor-element-populated\">\n\t\t\t\t\t\t<div class=\"elementor-element elementor-element-112e30e elementor-testimonial--skin-default elementor-testimonial--layout-image_inline elementor-testimonial--align-center elementor-widget elementor-widget-testimonial-carousel\" data-id=\"112e30e\" data-element_type=\"widget\" data-e-type=\"widget\" data-settings=\"{&quot;speed&quot;:500,&quot;autoplay&quot;:&quot;yes&quot;,&quot;autoplay_speed&quot;:5000,&quot;loop&quot;:&quot;yes&quot;,&quot;pause_on_hover&quot;:&quot;yes&quot;,&quot;pause_on_interaction&quot;:&quot;yes&quot;,&quot;space_between&quot;:{&quot;unit&quot;:&quot;px&quot;,&quot;size&quot;:10,&quot;sizes&quot;:[]},&quot;space_between_tablet&quot;:{&quot;unit&quot;:&quot;px&quot;,&quot;size&quot;:10,&quot;sizes&quot;:[]},&quot;space_between_mobile&quot;:{&quot;unit&quot;:&quot;px&quot;,&quot;size&quot;:10,&quot;sizes&quot;:[]}}\" data-widget_type=\"testimonial-carousel.default\">\n\t\t\t\t\t\t\t\t\t\t<div class=\"elementor-main-swiper swiper\" role=\"region\" aria-roledescription=\"carousel\" aria-label=\"Slides\">\n\t\t\t\t<div class=\"swiper-wrapper\">\n\t\t\t\t\t\t\t\t\t\t\t<div class=\"swiper-slide\" role=\"group\" aria-roledescription=\"slide\">\n\t\t\t\t\t\t\t\t\t<div class=\"elementor-testimonial\">\n\t\t\t\t\t\t\t<div class=\"elementor-testimonial__content\">\n\t\t\t\t\t<div class=\"elementor-testimonial__text\">\n\t\t\t\t\t\t<p>\"Lo que hacemos est\u00e1 comprometido tanto con el \u00e9xito comercial como con los valores familiares\"<\/p>\n\t\t\t\t\t<\/div>\n\t\t\t\t\t\t\t\t\t<\/div>\n\t\t\t\t\t\t<div class=\"elementor-testimonial__footer\">\n\t\t\t\t\t\t\t\t\t<div class=\"elementor-testimonial__image\">\n\t\t\t\t\t\t<img decoding=\"async\" src=\"https:\/\/www.brueggen.com\/wp-content\/uploads\/sites\/5\/2024\/02\/Strona-Bruggen-we-are-family-387x380-2.jpg\" alt=\"Jochen Br\u00fcggen\">\n\t\t\t\t\t\t\t\t\t\t\t<\/div>\n\t\t\t\t\t\t\t\t<cite class=\"elementor-testimonial__cite\"><span class=\"elementor-testimonial__name\">Jochen Br\u00fcggen<\/span><\/cite>\t\t\t<\/div>\n\t\t<\/div>\n\t\t\t\t\t\t\t\t<\/div>\n\t\t\t\t\t\t\t\t\t\t\t<div class=\"swiper-slide\" role=\"group\" aria-roledescription=\"slide\">\n\t\t\t\t\t\t\t\t\t<div class=\"elementor-testimonial\">\n\t\t\t\t\t\t\t<div class=\"elementor-testimonial__content\">\n\t\t\t\t\t<div class=\"elementor-testimonial__text\">\n\t\t\t\t\t\t<p>\"Nos dedicamos a crear un ambiente de trabajo en el que nuestros empleados quieran venir a trabajar y desarrollar su talento. \"<\/p>\n\t\t\t\t\t<\/div>\n\t\t\t\t\t\t\t\t\t<\/div>\n\t\t\t\t\t\t<div class=\"elementor-testimonial__footer\">\n\t\t\t\t\t\t\t\t\t<div class=\"elementor-testimonial__image\">\n\t\t\t\t\t\t<img decoding=\"async\" src=\"https:\/\/www.brueggen.com\/wp-content\/uploads\/sites\/5\/2024\/02\/Strona-Bruggen-we-are-family-387x380-3.jpg\" alt=\"Hanno Br\u00fcggen\">\n\t\t\t\t\t\t\t\t\t\t\t<\/div>\n\t\t\t\t\t\t\t\t<cite class=\"elementor-testimonial__cite\"><span class=\"elementor-testimonial__name\">Hanno Br\u00fcggen<\/span><\/cite>\t\t\t<\/div>\n\t\t<\/div>\n\t\t\t\t\t\t\t\t<\/div>\n\t\t\t\t\t\t\t\t\t\t\t<div class=\"swiper-slide\" role=\"group\" aria-roledescription=\"slide\">\n\t\t\t\t\t\t\t\t\t<div class=\"elementor-testimonial\">\n\t\t\t\t\t\t\t<div class=\"elementor-testimonial__content\">\n\t\t\t\t\t<div class=\"elementor-testimonial__text\">\n\t\t\t\t\t\t<p>\"Nuestra forma de comunicarnos es honesta, directa, respetuosa, agradecida y orientada a la b\u00fasqueda de soluciones. \"<\/p>\n\t\t\t\t\t<\/div>\n\t\t\t\t\t\t\t\t\t<\/div>\n\t\t\t\t\t\t<div class=\"elementor-testimonial__footer\">\n\t\t\t\t\t\t\t\t\t<div class=\"elementor-testimonial__image\">\n\t\t\t\t\t\t<img decoding=\"async\" src=\"https:\/\/www.brueggen.com\/wp-content\/uploads\/sites\/5\/2024\/02\/Strona-Bruggen-we-are-family-387x380-1.jpg\" alt=\"Johannes Br\u00fcggen\">\n\t\t\t\t\t\t\t\t\t\t\t<\/div>\n\t\t\t\t\t\t\t\t<cite class=\"elementor-testimonial__cite\"><span class=\"elementor-testimonial__name\">Johannes Br\u00fcggen<\/span><\/cite>\t\t\t<\/div>\n\t\t<\/div>\n\t\t\t\t\t\t\t\t<\/div>\n\t\t\t\t\t\t\t\t\t<\/div>\n\t\t\t\t\t\t\t\t\t\t\t\t\t\t\t\t\t\t\t\t\t<\/div>\n\t\t\t\t\t\t\t\t<\/div>\n\t\t\t\t\t<\/div>\n\t\t<\/div>\n\t\t\t\t\t<\/div>\n\t\t<\/div>\n\t\t<div class=\"elementor-element elementor-element-37cbb83 e-flex e-con-boxed e-con e-parent\" data-id=\"37cbb83\" data-element_type=\"container\" data-e-type=\"container\">\n\t\t\t\t\t<div class=\"e-con-inner\">\n\t\t<div class=\"elementor-element elementor-element-4141154 e-con-full e-flex e-con e-child\" data-id=\"4141154\" data-element_type=\"container\" data-e-type=\"container\">\n\t\t\t\t<div class=\"elementor-element elementor-element-176b6cc ekit-equal-height-enable elementor-widget elementor-widget-elementskit-image-box\" data-id=\"176b6cc\" data-element_type=\"widget\" data-e-type=\"widget\" data-widget_type=\"elementskit-image-box.default\">\n\t\t\t\t\t<div class=\"ekit-wid-con\" >\n            <div class=\"elementskit-info-image-box ekit-image-box text-center hover_from_right hover-border-bottom\" >\n\n                \n                <div class=\"elementskit-box-header image-box-img-center\">\n\n                    <img decoding=\"async\" src=\"https:\/\/www.brueggen.com\/wp-content\/uploads\/sites\/5\/elementor\/thumbs\/brueggen_historie1894-qkriudtdrjual8f28ei3tklms1cx50r067ot4zpi1w.jpg\" title=\"brueggen_historie1894\" alt=\"brueggen_historie1894\" loading=\"lazy\" \/>\n                <\/div>\n                \n                <div class=\"elementskit-box-body ekit-image-box-body\">\n                    <div class=\"elementskit-box-content ekit-image-box-body-inner\">\n                                                <h3 class=\"elementskit-info-box-title\">\n\n                        Nuestra historia\n                        \n                    <\/h3>\n                                                            <div class=\"elementskit-box-style-content\">\n                        Conozca H. &amp; J. Br\u00fcggen KG, nuestros valores y nuestro compromiso a largo plazo con la calidad, la innovaci\u00f3n y el servicio al cliente.                    <\/div>\n                                    <\/div>\n\n                                <div class=\"elementskit-box-footer\">\n                    <div class=\"box-footer\">\n                        <div class=\"btn-wraper\">\n                                                            <a href=\"https:\/\/www.brueggen.com\/es\/quienes-somos\/nuestra-historia\/\" class=\"elementskit-btn whitespace--normal\">\n                                    \n                                    \n                                    Seguir leyendo                                <\/a>\n                                                        <\/div>\n                    <\/div>\n                <\/div>\n                            <\/div>\n            <\/div>\n    <\/div>\t\t\t\t<\/div>\n\t\t\t\t<\/div>\n\t\t<div class=\"elementor-element elementor-element-23eb5ee e-con-full e-flex e-con e-child\" data-id=\"23eb5ee\" data-element_type=\"container\" data-e-type=\"container\">\n\t\t\t\t<div class=\"elementor-element elementor-element-b4b22d0 ekit-equal-height-enable elementor-widget elementor-widget-elementskit-image-box\" data-id=\"b4b22d0\" data-element_type=\"widget\" data-e-type=\"widget\" data-widget_type=\"elementskit-image-box.default\">\n\t\t\t\t\t<div class=\"ekit-wid-con\" >\n            <div class=\"elementskit-info-image-box ekit-image-box text-center hover_from_right hover-border-bottom\" >\n\n                \n                <div class=\"elementskit-box-header image-box-img-center\">\n\n                    <img decoding=\"async\" src=\"https:\/\/www.brueggen.com\/wp-content\/uploads\/sites\/5\/elementor\/thumbs\/Landkarte-2025-crop-r6wfm7a8o5gg6gv91ksgan7s6g87vbk4qwfa4t1x2c.webp\" title=\"Somos globales\" alt=\"H. &amp; J. Br\u00fcggen KG \u2013 We are global \u2013 Centered in L\u00fcbeck, Germany, Br\u00fcggen has grown into a global with a significant international footprint. Our production facilities are strategically located in Wilga, Poland, and Thiers, France, demonstrating our commitment to deliver quality and innovation worldwide.\" loading=\"lazy\" \/>\n                <\/div>\n                \n                <div class=\"elementskit-box-body ekit-image-box-body\">\n                    <div class=\"elementskit-box-content ekit-image-box-body-inner\">\n                                                <h3 class=\"elementskit-info-box-title\">\n\n                        Nuestras sedes\n                        \n                    <\/h3>\n                                                            <div class=\"elementskit-box-style-content\">\n                        Estamos m\u00e1s cerca de lo que cree. Nuestros productos se venden en todo el mundo, y nuestras operaciones se extienden por distintas regiones.                    <\/div>\n                                    <\/div>\n\n                                <div class=\"elementskit-box-footer\">\n                    <div class=\"box-footer\">\n                        <div class=\"btn-wraper\">\n                                                            <a href=\"https:\/\/www.brueggen.com\/es\/pongase-en-contacto-con\/\" class=\"elementskit-btn whitespace--normal\">\n                                    \n                                    \n                                    Seguir leyendo                                <\/a>\n                                                        <\/div>\n                    <\/div>\n                <\/div>\n                            <\/div>\n            <\/div>\n    <\/div>\t\t\t\t<\/div>\n\t\t\t\t<\/div>\n\t\t<div class=\"elementor-element elementor-element-b745ae4 e-con-full e-flex e-con e-child\" data-id=\"b745ae4\" data-element_type=\"container\" data-e-type=\"container\">\n\t\t\t\t<div class=\"elementor-element elementor-element-c020018 ekit-equal-height-enable elementor-widget elementor-widget-elementskit-image-box\" data-id=\"c020018\" data-element_type=\"widget\" data-e-type=\"widget\" data-widget_type=\"elementskit-image-box.default\">\n\t\t\t\t\t<div class=\"ekit-wid-con\" >\n            <div class=\"elementskit-info-image-box ekit-image-box text-center hover_from_right hover-border-bottom\" >\n\n                \n                <div class=\"elementskit-box-header image-box-img-center\">\n\n                    <img decoding=\"async\" src=\"https:\/\/www.brueggen.com\/wp-content\/uploads\/sites\/5\/elementor\/thumbs\/MicrosoftTeams-image-20-scaled-r1qlwsanws53gf15oqjla3xkwdrmq9gx3ym0p589es.jpg\" title=\"MicrosoftTeams-image (20)\" alt=\"Drei M\u00e4nner der Gesch\u00e4ftsleitung von H. &amp; J. Br\u00fcggen KG sitzen nebeneinander vor einem blauen Hintergrund.\" loading=\"lazy\" \/>\n                <\/div>\n                \n                <div class=\"elementskit-box-body ekit-image-box-body\">\n                    <div class=\"elementskit-box-content ekit-image-box-body-inner\">\n                                                <h3 class=\"elementskit-info-box-title\">\n\n                        Nuestros valores\n                        \n                    <\/h3>\n                                                            <div class=\"elementskit-box-style-content\">\n                        \u00bfTiene curiosidad por saber cu\u00e1les son los principios b\u00e1sicos que rigen nuestras actividades en Br\u00fcggen Group?                    <\/div>\n                                    <\/div>\n\n                                <div class=\"elementskit-box-footer\">\n                    <div class=\"box-footer\">\n                        <div class=\"btn-wraper\">\n                                                            <a href=\"https:\/\/www.brueggen.com\/es\/codigo-de-conducta\/\" class=\"elementskit-btn whitespace--normal\">\n                                    \n                                    \n                                    Seguir leyendo                                <\/a>\n                                                        <\/div>\n                    <\/div>\n                <\/div>\n                            <\/div>\n            <\/div>\n    <\/div>\t\t\t\t<\/div>\n\t\t\t\t<\/div>\n\t\t\t\t\t<\/div>\n\t\t\t\t<\/div>\n\t\t\t\t<\/div>\n\t\t","protected":false},"excerpt":{"rendered":"<p>https:\/\/www.brueggen.com\/wp-content\/uploads\/sites\/5\/2024\/06\/Ein-Blick-hinter-die-Kulissen-bei-H.-J.-Brueggen-KG-\ud83c\udfed\ud83d\udc40.mp4 Qui\u00e9nes somos \u00bfLe interesan nuestras ra\u00edces? Sum\u00e9rjase en el rico tapiz de la historia de H. &amp; J. Br\u00fcggen KG y descubra nuestro viaje que comenz\u00f3 hace m\u00e1s de 150 a\u00f1os. Descubra c\u00f3mo nuestra pasi\u00f3n por crear alimentos a base de cereales sanos, deliciosos y asequibles nos ha impulsado a convertirnos en l\u00edderes mundiales&#8230;<\/p>\n","protected":false},"author":2,"featured_media":0,"parent":0,"menu_order":7,"comment_status":"closed","ping_status":"closed","template":"","meta":{"_kad_post_transparent":"","_kad_post_title":"","_kad_post_layout":"","_kad_post_sidebar_id":"","_kad_post_content_style":"","_kad_post_vertical_padding":"","_kad_post_feature":"","_kad_post_feature_position":"","_kad_post_header":false,"_kad_post_footer":false,"footnotes":""},"class_list":["post-5851","page","type-page","status-publish","hentry"],"_links":{"self":[{"href":"https:\/\/www.brueggen.com\/es\/wp-json\/wp\/v2\/pages\/5851","targetHints":{"allow":["GET"]}}],"collection":[{"href":"https:\/\/www.brueggen.com\/es\/wp-json\/wp\/v2\/pages"}],"about":[{"href":"https:\/\/www.brueggen.com\/es\/wp-json\/wp\/v2\/types\/page"}],"author":[{"embeddable":true,"href":"https:\/\/www.brueggen.com\/es\/wp-json\/wp\/v2\/users\/2"}],"replies":[{"embeddable":true,"href":"https:\/\/www.brueggen.com\/es\/wp-json\/wp\/v2\/comments?post=5851"}],"version-history":[{"count":15,"href":"https:\/\/www.brueggen.com\/es\/wp-json\/wp\/v2\/pages\/5851\/revisions"}],"predecessor-version":[{"id":32826,"href":"https:\/\/www.brueggen.com\/es\/wp-json\/wp\/v2\/pages\/5851\/revisions\/32826"}],"wp:attachment":[{"href":"https:\/\/www.brueggen.com\/es\/wp-json\/wp\/v2\/media?parent=5851"}],"curies":[{"name":"wp","href":"https:\/\/api.w.org\/{rel}","templated":true}]}}