{"id":5593,"date":"2024-03-05T09:10:22","date_gmt":"2024-03-05T08:10:22","guid":{"rendered":"https:\/\/www-neu.brueggen.com\/produits-de-la-minoterie\/"},"modified":"2026-03-09T21:19:08","modified_gmt":"2026-03-09T20:19:08","slug":"produits-de-la-minoterie","status":"publish","type":"page","link":"https:\/\/www.brueggen.com\/fr\/produits-et-services\/produits-de-la-minoterie\/","title":{"rendered":"Produits de la minoterie"},"content":{"rendered":"\t\t<div data-elementor-type=\"wp-page\" data-elementor-id=\"5593\" class=\"elementor elementor-5593 elementor-3464\" data-elementor-post-type=\"page\">\n\t\t\t\t<div class=\"elementor-element elementor-element-2522357 e-flex e-con-boxed e-con e-parent\" data-id=\"2522357\" data-element_type=\"container\" data-e-type=\"container\">\n\t\t\t\t\t<div class=\"e-con-inner\">\n\t\t\t\t<div class=\"elementor-element elementor-element-004531f elementor-widget elementor-widget-image\" data-id=\"004531f\" data-element_type=\"widget\" data-e-type=\"widget\" data-widget_type=\"image.default\">\n\t\t\t\t\t\t\t\t\t\t\t\t\t\t\t<img decoding=\"async\" width=\"1024\" height=\"439\" src=\"https:\/\/www.brueggen.com\/wp-content\/uploads\/sites\/5\/2024\/03\/Design-ohne-Titel-7-1024x439.jpg\" class=\"attachment-large size-large wp-image-5157\" alt=\"\" srcset=\"https:\/\/www.brueggen.com\/wp-content\/uploads\/sites\/5\/2024\/03\/Design-ohne-Titel-7-1024x439.jpg 1024w, https:\/\/www.brueggen.com\/wp-content\/uploads\/sites\/5\/2024\/03\/Design-ohne-Titel-7-300x129.jpg 300w, https:\/\/www.brueggen.com\/wp-content\/uploads\/sites\/5\/2024\/03\/Design-ohne-Titel-7-768x329.jpg 768w, https:\/\/www.brueggen.com\/wp-content\/uploads\/sites\/5\/2024\/03\/Design-ohne-Titel-7-18x8.jpg 18w, https:\/\/www.brueggen.com\/wp-content\/uploads\/sites\/5\/2024\/03\/Design-ohne-Titel-7.jpg 1400w\" sizes=\"(max-width: 1024px) 100vw, 1024px\" \/>\t\t\t\t\t\t\t\t\t\t\t\t\t\t\t<\/div>\n\t\t\t\t\t<\/div>\n\t\t\t\t<\/div>\n\t\t\t\t<section class=\"elementor-section elementor-top-section elementor-element elementor-element-23bc373 elementor-section-boxed elementor-section-height-default elementor-section-height-default\" data-id=\"23bc373\" data-element_type=\"section\" data-e-type=\"section\">\n\t\t\t\t\t\t<div class=\"elementor-container elementor-column-gap-default\">\n\t\t\t\t\t<div class=\"elementor-column elementor-col-100 elementor-top-column elementor-element elementor-element-2f8e25d\" data-id=\"2f8e25d\" data-element_type=\"column\" data-e-type=\"column\">\n\t\t\t<div class=\"elementor-widget-wrap elementor-element-populated\">\n\t\t\t\t\t\t<section class=\"elementor-section elementor-inner-section elementor-element elementor-element-d63d3bb elementor-section-boxed elementor-section-height-default elementor-section-height-default\" data-id=\"d63d3bb\" data-element_type=\"section\" data-e-type=\"section\">\n\t\t\t\t\t\t<div class=\"elementor-container elementor-column-gap-default\">\n\t\t\t\t\t<div class=\"elementor-column elementor-col-100 elementor-inner-column elementor-element elementor-element-b71bb49 elementor-invisible\" data-id=\"b71bb49\" data-element_type=\"column\" data-e-type=\"column\" data-settings=\"{&quot;animation&quot;:&quot;fadeIn&quot;}\">\n\t\t\t<div class=\"elementor-widget-wrap elementor-element-populated\">\n\t\t\t\t\t\t<div class=\"elementor-element elementor-element-b5c9d5a elementor-widget elementor-widget-heading\" data-id=\"b5c9d5a\" data-element_type=\"widget\" data-e-type=\"widget\" data-widget_type=\"heading.default\">\n\t\t\t\t\t<h1 class=\"elementor-heading-title elementor-size-default\">Bienvenue chez Br\u00fcggen products - Produits de la minoterie<\/h1>\t\t\t\t<\/div>\n\t\t\t\t<div class=\"elementor-element elementor-element-6fd87ad elementor-widget elementor-widget-text-editor\" data-id=\"6fd87ad\" data-element_type=\"widget\" data-e-type=\"widget\" data-widget_type=\"text-editor.default\">\n\t\t\t\t\t\t\t\t\t<p>Chez Br\u00fcggen, nous sommes fiers d&rsquo;\u00eatre une entreprise familiale fond\u00e9e en 1868. En tant que fabricant leader de marques priv\u00e9es, nous sommes sp\u00e9cialis\u00e9s dans la production de c\u00e9r\u00e9ales de petit-d\u00e9jeuner de haute qualit\u00e9. Notre \u00e9quipe dynamique, compos\u00e9e d&rsquo;environ 2 000 professionnels d\u00e9vou\u00e9s, travaille ensemble sur cinq sites strat\u00e9giques dans quatre pays pour fournir des produits nutritifs et d\u00e9licieux \u00e0 nos pr\u00e9cieux clients dans le monde entier.<\/p>\n\t\t\t\t\t\t\t\t<\/div>\n\t\t\t\t\t<\/div>\n\t\t<\/div>\n\t\t\t\t\t<\/div>\n\t\t<\/section>\n\t\t\t\t\t<\/div>\n\t\t<\/div>\n\t\t\t\t\t<\/div>\n\t\t<\/section>\n\t\t\t\t<section class=\"elementor-section elementor-top-section elementor-element elementor-element-dc39514 elementor-section-boxed elementor-section-height-default elementor-section-height-default\" data-id=\"dc39514\" data-element_type=\"section\" data-e-type=\"section\" data-settings=\"{&quot;background_background&quot;:&quot;classic&quot;}\">\n\t\t\t\t\t\t<div class=\"elementor-container elementor-column-gap-default\">\n\t\t\t\t\t<div class=\"elementor-column elementor-col-100 elementor-top-column elementor-element elementor-element-520b913\" data-id=\"520b913\" data-element_type=\"column\" data-e-type=\"column\">\n\t\t\t<div class=\"elementor-widget-wrap elementor-element-populated\">\n\t\t\t\t\t\t<section class=\"elementor-section elementor-inner-section elementor-element elementor-element-feec9ae elementor-section-boxed elementor-section-height-default elementor-section-height-default\" data-id=\"feec9ae\" data-element_type=\"section\" data-e-type=\"section\">\n\t\t\t\t\t\t<div class=\"elementor-container elementor-column-gap-default\">\n\t\t\t\t\t<div class=\"elementor-column elementor-col-100 elementor-inner-column elementor-element elementor-element-da6cb4e elementor-invisible\" data-id=\"da6cb4e\" data-element_type=\"column\" data-e-type=\"column\" data-settings=\"{&quot;animation&quot;:&quot;fadeIn&quot;}\">\n\t\t\t<div class=\"elementor-widget-wrap elementor-element-populated\">\n\t\t\t\t\t\t<div class=\"elementor-element elementor-element-6116808 elementor-widget elementor-widget-spacer\" data-id=\"6116808\" data-element_type=\"widget\" data-e-type=\"widget\" data-widget_type=\"spacer.default\">\n\t\t\t\t\t\t\t<div class=\"elementor-spacer\">\n\t\t\t<div class=\"elementor-spacer-inner\"><\/div>\n\t\t<\/div>\n\t\t\t\t\t\t<\/div>\n\t\t\t\t<div class=\"elementor-element elementor-element-fbf35c8 elementor-widget elementor-widget-heading\" data-id=\"fbf35c8\" data-element_type=\"widget\" data-e-type=\"widget\" data-widget_type=\"heading.default\">\n\t\t\t\t\t<h2 class=\"elementor-heading-title elementor-size-default\">Produits de broyage<\/h2>\t\t\t\t<\/div>\n\t\t\t\t<div class=\"elementor-element elementor-element-e930e2e elementor-widget-divider--view-line elementor-widget elementor-widget-divider\" data-id=\"e930e2e\" data-element_type=\"widget\" data-e-type=\"widget\" data-widget_type=\"divider.default\">\n\t\t\t\t\t\t\t<div class=\"elementor-divider\">\n\t\t\t<span class=\"elementor-divider-separator\">\n\t\t\t\t\t\t<\/span>\n\t\t<\/div>\n\t\t\t\t\t\t<\/div>\n\t\t\t\t\t<\/div>\n\t\t<\/div>\n\t\t\t\t\t<\/div>\n\t\t<\/section>\n\t\t\t\t\t<\/div>\n\t\t<\/div>\n\t\t\t\t\t<\/div>\n\t\t<\/section>\n\t\t<div class=\"elementor-element elementor-element-3935577 e-flex e-con-boxed e-con e-parent\" data-id=\"3935577\" data-element_type=\"container\" data-e-type=\"container\">\n\t\t\t\t\t<div class=\"e-con-inner\">\n\t\t<div class=\"elementor-element elementor-element-ccfaff9 e-con-full e-flex e-con e-child\" data-id=\"ccfaff9\" data-element_type=\"container\" data-e-type=\"container\">\n\t\t\t\t<div class=\"elementor-element elementor-element-e3bb202 elementor-tablet-align-center elementor-align-center elementor-widget elementor-widget-button\" data-id=\"e3bb202\" data-element_type=\"widget\" data-e-type=\"widget\" data-widget_type=\"button.default\">\n\t\t\t\t\t\t\t\t\t\t<a class=\"elementor-button elementor-button-link elementor-size-xs\" href=\"https:\/\/www.brueggen.com\/fr\/produits-et-services\/cereales-traditionnelles\/\">\n\t\t\t\t\t\t<span class=\"elementor-button-content-wrapper\">\n\t\t\t\t\t\t\t\t\t<span class=\"elementor-button-text\">C\u00e9r\u00e9ales traditionnelles<\/span>\n\t\t\t\t\t<\/span>\n\t\t\t\t\t<\/a>\n\t\t\t\t\t\t\t\t<\/div>\n\t\t\t\t<\/div>\n\t\t<div class=\"elementor-element elementor-element-19b31a6 e-con-full e-flex e-con e-child\" data-id=\"19b31a6\" data-element_type=\"container\" data-e-type=\"container\">\n\t\t\t\t<div class=\"elementor-element elementor-element-ba5a548 elementor-tablet-align-center elementor-align-center elementor-widget elementor-widget-button\" data-id=\"ba5a548\" data-element_type=\"widget\" data-e-type=\"widget\" data-widget_type=\"button.default\">\n\t\t\t\t\t\t\t\t\t\t<a class=\"elementor-button elementor-button-link elementor-size-xs\" href=\"https:\/\/www.brueggen.com\/fr\/produits-et-services\/muesli\/\">\n\t\t\t\t\t\t<span class=\"elementor-button-content-wrapper\">\n\t\t\t\t\t\t\t\t\t<span class=\"elementor-button-text\">Muesli<\/span>\n\t\t\t\t\t<\/span>\n\t\t\t\t\t<\/a>\n\t\t\t\t\t\t\t\t<\/div>\n\t\t\t\t<\/div>\n\t\t<div class=\"elementor-element elementor-element-0499081 e-con-full e-flex e-con e-child\" data-id=\"0499081\" data-element_type=\"container\" data-e-type=\"container\">\n\t\t\t\t<div class=\"elementor-element elementor-element-1647308 elementor-tablet-align-center elementor-align-center elementor-widget elementor-widget-button\" data-id=\"1647308\" data-element_type=\"widget\" data-e-type=\"widget\" data-widget_type=\"button.default\">\n\t\t\t\t\t\t\t\t\t\t<a class=\"elementor-button elementor-size-xs\" role=\"button\">\n\t\t\t\t\t\t<span class=\"elementor-button-content-wrapper\">\n\t\t\t\t\t\t\t\t\t<span class=\"elementor-button-text\">Produits de la minoterie<\/span>\n\t\t\t\t\t<\/span>\n\t\t\t\t\t<\/a>\n\t\t\t\t\t\t\t\t<\/div>\n\t\t\t\t<\/div>\n\t\t<div class=\"elementor-element elementor-element-5af159f e-con-full e-flex e-con e-child\" data-id=\"5af159f\" data-element_type=\"container\" data-e-type=\"container\">\n\t\t\t\t<div class=\"elementor-element elementor-element-56c84f6 elementor-tablet-align-center elementor-align-center elementor-widget elementor-widget-button\" data-id=\"56c84f6\" data-element_type=\"widget\" data-e-type=\"widget\" data-widget_type=\"button.default\">\n\t\t\t\t\t\t\t\t\t\t<a class=\"elementor-button elementor-button-link elementor-size-xs\" href=\"https:\/\/www.brueggen.com\/fr\/produits-et-services\/barres\/\">\n\t\t\t\t\t\t<span class=\"elementor-button-content-wrapper\">\n\t\t\t\t\t\t\t\t\t<span class=\"elementor-button-text\">Barres<\/span>\n\t\t\t\t\t<\/span>\n\t\t\t\t\t<\/a>\n\t\t\t\t\t\t\t\t<\/div>\n\t\t\t\t<\/div>\n\t\t\t\t\t<\/div>\n\t\t\t\t<\/div>\n\t\t<div class=\"elementor-element elementor-element-4c1379a e-flex e-con-boxed e-con e-parent\" data-id=\"4c1379a\" data-element_type=\"container\" data-e-type=\"container\">\n\t\t\t\t\t<div class=\"e-con-inner\">\n\t\t<div class=\"elementor-element elementor-element-b6a3911 e-con-full e-flex e-con e-child\" data-id=\"b6a3911\" data-element_type=\"container\" data-e-type=\"container\">\n\t\t\t\t<div class=\"elementor-element elementor-element-e62eb43 elementor-widget elementor-widget-image\" data-id=\"e62eb43\" data-element_type=\"widget\" data-e-type=\"widget\" data-widget_type=\"image.default\">\n\t\t\t\t\t\t\t\t\t\t\t\t\t\t\t<img decoding=\"async\" src=\"https:\/\/www.brueggen.com\/wp-content\/uploads\/sites\/5\/elementor\/thumbs\/lukasz-rawa-HB_MVtHVMLc-unsplash-scaled-r1qly2cpzt50pgwdrujsojvturonh7vrpimnq3v6pk.jpg\" title=\"lukasz-rawa-HB_MVtHVMLc-unsplash\" alt=\"lukasz-rawa-HB_MVtHVMLc-unsplash\" loading=\"lazy\" \/>\t\t\t\t\t\t\t\t\t\t\t\t\t\t\t<\/div>\n\t\t\t\t<\/div>\n\t\t<div class=\"elementor-element elementor-element-f55fe41 e-con-full e-flex e-con e-child\" data-id=\"f55fe41\" data-element_type=\"container\" data-e-type=\"container\">\n\t\t\t\t<div class=\"elementor-element elementor-element-4e6b9a4 elementor-widget elementor-widget-heading\" data-id=\"4e6b9a4\" data-element_type=\"widget\" data-e-type=\"widget\" data-widget_type=\"heading.default\">\n\t\t\t\t\t<h3 class=\"elementor-heading-title elementor-size-default\">Produits de la minoterie<\/h3>\t\t\t\t<\/div>\n\t\t\t\t<div class=\"elementor-element elementor-element-793cd92 elementor-widget elementor-widget-text-editor\" data-id=\"793cd92\" data-element_type=\"widget\" data-e-type=\"widget\" data-widget_type=\"text-editor.default\">\n\t\t\t\t\t\t\t\t\t<p><span class=\"OYPEnA text-decoration-none text-strikethrough-none\">Le traitement des flocons d&rsquo;avoine, de bl\u00e9, de seigle et d&rsquo;orge \u00e0 Br\u00fcggen comprend le nettoyage, le triage et l&rsquo;\u00e9tuvage des grains. Les grains d&rsquo;avoine sont \u00e9galement d\u00e9cortiqu\u00e9s et s\u00e9ch\u00e9s. Les \u00e9tapes suivantes de la transformation comprennent le laminage et l&#8217;emballage des flocons de c\u00e9r\u00e9ales riches en fibres.<\/span><\/p>\n\t\t\t\t\t\t\t\t<\/div>\n\t\t\t\t<\/div>\n\t\t\t\t\t<\/div>\n\t\t\t\t<\/div>\n\t\t\t\t<\/div>\n\t\t","protected":false},"excerpt":{"rendered":"<p>Bienvenue chez Br\u00fcggen products &#8211; Produits de la minoterie Chez Br\u00fcggen, nous sommes fiers d&rsquo;\u00eatre une entreprise familiale fond\u00e9e en 1868. En tant que fabricant leader de marques priv\u00e9es, nous sommes sp\u00e9cialis\u00e9s dans la production de c\u00e9r\u00e9ales de petit-d\u00e9jeuner de haute qualit\u00e9. Notre \u00e9quipe dynamique, compos\u00e9e d&rsquo;environ 2 000 professionnels d\u00e9vou\u00e9s, travaille ensemble sur cinq&#8230;<\/p>\n","protected":false},"author":2,"featured_media":0,"parent":5849,"menu_order":1,"comment_status":"closed","ping_status":"closed","template":"","meta":{"_kad_post_transparent":"","_kad_post_title":"","_kad_post_layout":"","_kad_post_sidebar_id":"","_kad_post_content_style":"","_kad_post_vertical_padding":"","_kad_post_feature":"","_kad_post_feature_position":"","_kad_post_header":false,"_kad_post_footer":false,"footnotes":""},"class_list":["post-5593","page","type-page","status-publish","hentry"],"_links":{"self":[{"href":"https:\/\/www.brueggen.com\/fr\/wp-json\/wp\/v2\/pages\/5593","targetHints":{"allow":["GET"]}}],"collection":[{"href":"https:\/\/www.brueggen.com\/fr\/wp-json\/wp\/v2\/pages"}],"about":[{"href":"https:\/\/www.brueggen.com\/fr\/wp-json\/wp\/v2\/types\/page"}],"author":[{"embeddable":true,"href":"https:\/\/www.brueggen.com\/fr\/wp-json\/wp\/v2\/users\/2"}],"replies":[{"embeddable":true,"href":"https:\/\/www.brueggen.com\/fr\/wp-json\/wp\/v2\/comments?post=5593"}],"version-history":[{"count":6,"href":"https:\/\/www.brueggen.com\/fr\/wp-json\/wp\/v2\/pages\/5593\/revisions"}],"predecessor-version":[{"id":33649,"href":"https:\/\/www.brueggen.com\/fr\/wp-json\/wp\/v2\/pages\/5593\/revisions\/33649"}],"up":[{"embeddable":true,"href":"https:\/\/www.brueggen.com\/fr\/wp-json\/wp\/v2\/pages\/5849"}],"wp:attachment":[{"href":"https:\/\/www.brueggen.com\/fr\/wp-json\/wp\/v2\/media?parent=5593"}],"curies":[{"name":"wp","href":"https:\/\/api.w.org\/{rel}","templated":true}]}}