{"id":5689,"date":"2024-02-13T12:54:22","date_gmt":"2024-02-13T11:54:22","guid":{"rendered":"https:\/\/www-neu.brueggen.com\/politique-de-confidentialite\/"},"modified":"2026-03-09T21:09:55","modified_gmt":"2026-03-09T20:09:55","slug":"politique-de-confidentialite","status":"publish","type":"page","link":"https:\/\/www.brueggen.com\/fr\/politique-de-confidentialite\/","title":{"rendered":"Politique de confidentialit\u00e9"},"content":{"rendered":"\t\t<div data-elementor-type=\"wp-page\" data-elementor-id=\"5689\" class=\"elementor elementor-5689 elementor-2714\" data-elementor-post-type=\"page\">\n\t\t\t\t\t\t<section class=\"elementor-section elementor-top-section elementor-element elementor-element-1b2bd0d elementor-section-boxed elementor-section-height-default elementor-section-height-default\" data-id=\"1b2bd0d\" data-element_type=\"section\" data-e-type=\"section\">\n\t\t\t\t\t\t<div class=\"elementor-container elementor-column-gap-default\">\n\t\t\t\t\t<div class=\"elementor-column elementor-col-100 elementor-top-column elementor-element elementor-element-3797754\" data-id=\"3797754\" data-element_type=\"column\" data-e-type=\"column\">\n\t\t\t<div class=\"elementor-widget-wrap elementor-element-populated\">\n\t\t\t\t\t\t<section class=\"elementor-section elementor-inner-section elementor-element elementor-element-9faf836 elementor-section-boxed elementor-section-height-default elementor-section-height-default\" data-id=\"9faf836\" data-element_type=\"section\" data-e-type=\"section\">\n\t\t\t\t\t\t<div class=\"elementor-container elementor-column-gap-default\">\n\t\t\t\t\t<div class=\"elementor-column elementor-col-100 elementor-inner-column elementor-element elementor-element-a0ae1c1 elementor-invisible\" data-id=\"a0ae1c1\" data-element_type=\"column\" data-e-type=\"column\" data-settings=\"{&quot;animation&quot;:&quot;fadeIn&quot;}\">\n\t\t\t<div class=\"elementor-widget-wrap elementor-element-populated\">\n\t\t\t\t\t\t<div class=\"elementor-element elementor-element-3ecf7a0 elementor-widget elementor-widget-spacer\" data-id=\"3ecf7a0\" data-element_type=\"widget\" data-e-type=\"widget\" data-widget_type=\"spacer.default\">\n\t\t\t\t\t\t\t<div class=\"elementor-spacer\">\n\t\t\t<div class=\"elementor-spacer-inner\"><\/div>\n\t\t<\/div>\n\t\t\t\t\t\t<\/div>\n\t\t\t\t<div class=\"elementor-element elementor-element-748589d elementor-widget elementor-widget-heading\" data-id=\"748589d\" data-element_type=\"widget\" data-e-type=\"widget\" data-widget_type=\"heading.default\">\n\t\t\t\t\t<h1 class=\"elementor-heading-title elementor-size-default\">Politique de confidentialit\u00e9<\/h1>\t\t\t\t<\/div>\n\t\t\t\t<div class=\"elementor-element elementor-element-71dcc67 elementor-widget elementor-widget-text-editor\" data-id=\"71dcc67\" data-element_type=\"widget\" data-e-type=\"widget\" data-widget_type=\"text-editor.default\">\n\t\t\t\t\t\t\t\t\t<h3><strong>1. Aper\u00e7u de la protection des donn\u00e9es<\/strong><\/h3><h3>G\u00e9n\u00e9ral<\/h3><p>Ce qui suit donne un aper\u00e7u simple de ce qu&rsquo;il advient de vos informations personnelles lorsque vous visitez notre site web. Les informations personnelles sont toutes les donn\u00e9es qui permettent de vous identifier personnellement. Des informations d\u00e9taill\u00e9es sur la protection des donn\u00e9es peuvent \u00eatre trouv\u00e9es dans notre politique de confidentialit\u00e9 ci-dessous.<\/p><h3>Collecte de donn\u00e9es sur notre site web<\/h3><p><strong>Qui est responsable de la collecte des donn\u00e9es sur ce site web ?<\/strong><\/p><p>Les donn\u00e9es collect\u00e9es sur ce site sont trait\u00e9es par l&rsquo;op\u00e9rateur du site. Les coordonn\u00e9es de l&rsquo;op\u00e9rateur sont indiqu\u00e9es dans les mentions l\u00e9gales du site.<\/p><p><strong>Comment recueillons-nous vos donn\u00e9es ?<\/strong><\/p><p>Certaines donn\u00e9es sont collect\u00e9es lorsque vous nous les fournissez. Il peut s&rsquo;agir, par exemple, des donn\u00e9es que vous saisissez dans un formulaire de contact.<\/p><p>D&rsquo;autres donn\u00e9es sont collect\u00e9es automatiquement par nos syst\u00e8mes informatiques lorsque vous visitez le site web. Il s&rsquo;agit principalement de donn\u00e9es techniques telles que le navigateur et le syst\u00e8me d&rsquo;exploitation que vous utilisez ou la date \u00e0 laquelle vous avez acc\u00e9d\u00e9 \u00e0 la page. Ces donn\u00e9es sont collect\u00e9es automatiquement d\u00e8s que vous entrez sur notre site web.<\/p><p><strong>\u00c0 quelles fins utilisons-nous vos donn\u00e9es ?<\/strong><\/p><p>Une partie des donn\u00e9es est collect\u00e9e pour assurer le bon fonctionnement du site web. D&rsquo;autres donn\u00e9es peuvent \u00eatre utilis\u00e9es pour analyser la fa\u00e7on dont les visiteurs utilisent le site.<\/p><p><strong>Quels sont vos droits concernant vos donn\u00e9es ?<\/strong><\/p><p>Vous avez toujours le droit de demander gratuitement des informations sur vos donn\u00e9es stock\u00e9es, leur origine, leurs destinataires et le but de leur collecte. Vous avez \u00e9galement le droit de demander que ces donn\u00e9es soient corrig\u00e9es, bloqu\u00e9es ou supprim\u00e9es. Vous pouvez nous contacter \u00e0 tout moment \u00e0 l&rsquo;adresse indiqu\u00e9e dans l&rsquo;avis juridique si vous avez d&rsquo;autres questions concernant la vie priv\u00e9e et la protection des donn\u00e9es. Vous pouvez aussi, bien entendu, d\u00e9poser une plainte aupr\u00e8s des autorit\u00e9s r\u00e9glementaires comp\u00e9tentes.<\/p><h3>Outils d&rsquo;analyse et outils tiers<\/h3><p>Lorsque vous visitez notre site web, des analyses statistiques peuvent \u00eatre effectu\u00e9es sur votre comportement de navigation. Cela se fait principalement \u00e0 l&rsquo;aide de cookies et d&rsquo;outils d&rsquo;analyse. L&rsquo;analyse de votre comportement de navigation est g\u00e9n\u00e9ralement anonyme, c&rsquo;est-\u00e0-dire que nous ne pourrons pas vous identifier \u00e0 partir de ces donn\u00e9es. Vous pouvez vous opposer \u00e0 cette analyse ou l&#8217;emp\u00eacher en n&rsquo;utilisant pas certains outils. Des informations d\u00e9taill\u00e9es sont disponibles dans la politique de confidentialit\u00e9 suivante.<\/p><p>Vous pouvez vous opposer \u00e0 cette analyse. Nous vous informerons ci-dessous de la mani\u00e8re dont vous pouvez exercer vos options \u00e0 cet \u00e9gard.<\/p><h3><strong>2. Informations g\u00e9n\u00e9rales et mentions obligatoires<\/strong><\/h3><h3>Protection des donn\u00e9es<\/h3><p>Les op\u00e9rateurs de ce site web prennent tr\u00e8s au s\u00e9rieux la protection de vos donn\u00e9es personnelles. Nous traitons vos donn\u00e9es personnelles de mani\u00e8re confidentielle et conform\u00e9ment aux dispositions l\u00e9gales en mati\u00e8re de protection des donn\u00e9es et \u00e0 la pr\u00e9sente politique de confidentialit\u00e9.<\/p><p>Si vous utilisez ce site web, diverses donn\u00e9es personnelles seront collect\u00e9es. Les informations personnelles sont toutes les donn\u00e9es qui permettent de vous identifier personnellement. La pr\u00e9sente politique de confidentialit\u00e9 explique les informations que nous recueillons et l&rsquo;usage que nous en faisons. Il explique \u00e9galement comment et dans quel but cela se produit.<\/p><p>Veuillez noter que les donn\u00e9es transmises via l&rsquo;internet (par exemple par courrier \u00e9lectronique) peuvent faire l&rsquo;objet de failles de s\u00e9curit\u00e9. Il n&rsquo;est pas possible de prot\u00e9ger totalement vos donn\u00e9es contre l&rsquo;acc\u00e8s de tiers.<\/p><h3>Avis concernant le responsable de ce site web<\/h3><p>Le responsable du traitement des donn\u00e9es sur ce site web est :<\/p><p>H. &amp; J. BR\u00dcGGEN KG<br \/>Gertrudenstr. 15 15<br \/>23568 L\u00fcbeck<\/p><p>T\u00e9l\u00e9phone : +49 451 3100-0 +49 451 3100-0<br \/>Courriel : <a href=\"mailto:info@brueggen.com\">info@brueggen.com<\/a><\/p><p>Le responsable est la personne physique ou morale qui, seule ou conjointement avec d&rsquo;autres, d\u00e9cide des finalit\u00e9s et des moyens du traitement des donn\u00e9es \u00e0 caract\u00e8re personnel (noms, adresses \u00e9lectroniques, etc.).<\/p><h3>R\u00e9vocation de votre consentement au traitement de vos donn\u00e9es<\/h3><p>De nombreux traitements de donn\u00e9es ne sont possibles qu&rsquo;avec votre consentement explicite. Vous pouvez r\u00e9voquer votre consentement \u00e0 tout moment avec effet futur. Un courriel informel formulant cette demande suffit. Les donn\u00e9es trait\u00e9es avant que nous recevions votre demande peuvent encore \u00eatre trait\u00e9es l\u00e9galement.<\/p><h3>Cryptage SSL ou TLS<\/h3><p>Ce site utilise le cryptage SSL ou TLS pour des raisons de s\u00e9curit\u00e9 et pour la protection de la transmission de contenus confidentiels, tels que les demandes que vous nous envoyez en tant qu&rsquo;op\u00e9rateur du site. Vous pouvez reconna\u00eetre une connexion crypt\u00e9e dans la ligne d&rsquo;adresse de votre navigateur lorsqu&rsquo;elle passe de \u00ab\u00a0http:\/\/\u00a0\u00bb \u00e0 \u00ab\u00a0https:\/\/\u00a0\u00bb et que l&rsquo;ic\u00f4ne du cadenas s&rsquo;affiche dans la barre d&rsquo;adresse de votre navigateur.<\/p><p>Si le cryptage SSL ou TLS est activ\u00e9, les donn\u00e9es que vous nous transmettez ne peuvent pas \u00eatre lues par des tiers.<\/p><h3>Information, blocage, suppression<\/h3><p>Dans la mesure o\u00f9 la loi le permet, vous avez le droit d&rsquo;obtenir \u00e0 tout moment des informations gratuites sur les donn\u00e9es personnelles vous concernant qui sont stock\u00e9es, ainsi que sur leur origine, leur destinataire et la raison pour laquelle elles ont \u00e9t\u00e9 trait\u00e9es. Vous avez \u00e9galement le droit de faire corriger, bloquer ou supprimer ces donn\u00e9es. Vous pouvez nous contacter \u00e0 tout moment \u00e0 l&rsquo;adresse indiqu\u00e9e dans nos mentions l\u00e9gales si vous avez d&rsquo;autres questions sur le th\u00e8me des donn\u00e9es \u00e0 caract\u00e8re personnel.<\/p><h3>Opposition aux courriels promotionnels<\/h3><p>Par la pr\u00e9sente, nous interdisons express\u00e9ment l&rsquo;utilisation des donn\u00e9es de contact publi\u00e9es dans le cadre des mentions l\u00e9gales du site web pour l&rsquo;envoi de mat\u00e9riel promotionnel et informatif qui n&rsquo;a pas \u00e9t\u00e9 express\u00e9ment demand\u00e9. L&rsquo;exploitant du site web se r\u00e9serve le droit de prendre des mesures juridiques sp\u00e9cifiques en cas de r\u00e9ception de mat\u00e9riel publicitaire non sollicit\u00e9, tel que des courriers \u00e9lectroniques non sollicit\u00e9s.<\/p><h3><strong>3. D\u00e9l\u00e9gu\u00e9 \u00e0 la protection des donn\u00e9es<\/strong><\/h3><h3>D\u00e9l\u00e9gu\u00e9 statutaire \u00e0 la protection des donn\u00e9es<\/h3><p>Nous avons d\u00e9sign\u00e9 un d\u00e9l\u00e9gu\u00e9 \u00e0 la protection des donn\u00e9es pour notre entreprise.<\/p><p>legimits GmbH<br \/>Ball 1<br \/>51429 Bergisch Gladbach<\/p><p>T\u00e9l\u00e9phone : +49 49 22 02\/28 941 0<br \/>E-mail :\u00a0<span style=\"background-color: transparent; letter-spacing: 0em;\">datenschutz-brueggen@legitimis.com<\/span><\/p><h3><strong>4. Collecte de donn\u00e9es sur notre site web<\/strong><\/h3><h3>Cookies<\/h3><p>Certaines de nos pages web utilisent des cookies. Les cookies ne nuisent pas \u00e0 votre ordinateur et ne contiennent pas de virus. Les cookies contribuent \u00e0 rendre notre site web plus convivial, plus efficace et plus s\u00fbr. Les cookies sont de petits fichiers texte qui sont stock\u00e9s sur votre ordinateur et sauvegard\u00e9s par votre navigateur.<\/p><p>La plupart des cookies que nous utilisons sont des \u00ab\u00a0cookies de session\u00a0\u00bb. Elles sont automatiquement supprim\u00e9es apr\u00e8s votre visite. D&rsquo;autres cookies restent dans la m\u00e9moire de votre appareil jusqu&rsquo;\u00e0 ce que vous les supprimiez. Ces cookies permettent de reconna\u00eetre votre navigateur lors de votre prochaine visite sur le site.<\/p><p>Vous pouvez configurer votre navigateur pour qu&rsquo;il vous informe de l&rsquo;utilisation des cookies afin que vous puissiez d\u00e9cider au cas par cas d&rsquo;accepter ou de refuser un cookie. Votre navigateur peut \u00e9galement \u00eatre configur\u00e9 pour accepter automatiquement les cookies sous certaines conditions ou pour les rejeter syst\u00e9matiquement, ou encore pour les supprimer automatiquement lorsque vous fermez votre navigateur. La d\u00e9sactivation des cookies peut limiter la fonctionnalit\u00e9 de ce site web.<\/p><p>Les cookies n\u00e9cessaires pour permettre les communications \u00e9lectroniques ou pour fournir certaines fonctions que vous souhaitez utiliser (comme le panier d&rsquo;achat) sont stock\u00e9s conform\u00e9ment \u00e0 l&rsquo;art. 6 paragraphe 1, lettre f du DSGVO. L&rsquo;op\u00e9rateur du site web a un int\u00e9r\u00eat l\u00e9gitime \u00e0 stocker des cookies pour garantir un service optimis\u00e9 et exempt d&rsquo;erreurs techniques. Si d&rsquo;autres cookies (tels que ceux utilis\u00e9s pour analyser votre comportement de navigation) sont \u00e9galement stock\u00e9s, ils seront trait\u00e9s s\u00e9par\u00e9ment dans cette politique de confidentialit\u00e9.<\/p><h3>Fichiers journaux du serveur<\/h3><p>Le fournisseur du site web collecte et stocke automatiquement les informations que votre navigateur nous transmet automatiquement dans des \u00ab\u00a0fichiers journaux du serveur\u00a0\u00bb. Il s&rsquo;agit de<\/p><ul><li>Type et version du navigateur<\/li><li>Syst\u00e8me d&rsquo;exploitation utilis\u00e9<\/li><li>URL du r\u00e9f\u00e9rent<\/li><li>Nom d&rsquo;h\u00f4te de l&rsquo;ordinateur d&rsquo;acc\u00e8s<\/li><li>Heure de la requ\u00eate du serveur<\/li><li>Adresse IP<\/li><\/ul><p>Ces donn\u00e9es ne seront pas combin\u00e9es avec des donn\u00e9es provenant d&rsquo;autres sources.<\/p><p>La base du traitement des donn\u00e9es est l&rsquo;art. 6 (1) (f) DSGVO, qui autorise le traitement des donn\u00e9es pour l&rsquo;ex\u00e9cution d&rsquo;un contrat ou pour des mesures pr\u00e9liminaires \u00e0 un contrat.<\/p><h3>Contact et formulaire de demande<\/h3><p>Si vous nous envoyez des questions via le formulaire de contact, nous collecterons les donn\u00e9es saisies dans le formulaire, y compris les coordonn\u00e9es que vous avez fournies, afin de r\u00e9pondre \u00e0 votre question et \u00e0 d&rsquo;\u00e9ventuelles questions de suivi. Nous ne partageons pas ces informations sans votre autorisation.<\/p><p>Par cons\u00e9quent, nous ne traiterons les donn\u00e9es que vous saisissez dans le formulaire de contact qu&rsquo;avec votre consentement, conform\u00e9ment \u00e0 l&rsquo;article 6, paragraphe 1, point a), du DSGVO. 6 (1)(a) DSGVO. Vous pouvez r\u00e9voquer votre consentement \u00e0 tout moment. Un courriel informel formulant cette demande suffit. Les donn\u00e9es trait\u00e9es avant que nous recevions votre demande peuvent encore \u00eatre trait\u00e9es l\u00e9galement.<\/p><p>Nous conserverons les donn\u00e9es que vous fournissez dans le formulaire de contact jusqu&rsquo;\u00e0 ce que vous demandiez leur suppression, que vous r\u00e9voquiez votre consentement \u00e0 leur stockage ou que l&rsquo;objectif de leur stockage ne soit plus pertinent (par exemple, apr\u00e8s avoir r\u00e9pondu \u00e0 votre demande). La pr\u00e9sente disposition n&rsquo;affecte pas les dispositions l\u00e9gales obligatoires, en particulier celles qui concernent les p\u00e9riodes obligatoires de conservation des donn\u00e9es.<\/p><h3><strong>5. Utilisation des services Microsoft<\/strong><\/h3><p>Nous utilisons divers services de Microsoft\u00ae Corporation pour des conf\u00e9rences t\u00e9l\u00e9phoniques, des rendez-vous, des enqu\u00eates ou pour collaborer avec nos employ\u00e9s, nos clients, les personnes int\u00e9ress\u00e9es et les candidats. Vous trouverez ici les informations relatives \u00e0 la protection des donn\u00e9es \u00e0 cet <a href=\"https:\/\/www.brueggen.com\/wp-content\/uploads\/sites\/5\/2024\/05\/20240805_DataprotectionInfo_Microsoft-_Services_Brueggen.pdf\" target=\"_blank\" rel=\"noopener\"><span style=\"text-decoration: underline; color: #ff4143;\"><strong>\u00e9gard<\/strong><\/span><\/a>.<\/p><h3><strong>6. analyse web Par Matomo<\/strong><\/h3><p><strong>Nature et \u00e9tendue du traitement des donn\u00e9es<\/strong><br \/>Sur notre site web, nous utilisons, apr\u00e8s votre consentement, l&rsquo;outil logiciel open source Matomo (anciennement PIWIK) du fournisseur InnoCraft Ltd, 150 Willis St, 6011 Wellington, Nouvelle-Z\u00e9lande, pour analyser le comportement de navigation de nos utilisateurs. Le logiciel place un cookie sur votre ordinateur (pour les cookies, voir d\u00e9j\u00e0 ci-dessus). Lors de la consultation du site web, les donn\u00e9es suivantes sont enregistr\u00e9es : <br \/>&#8211; deux octets de l&rsquo;adresse IP du syst\u00e8me appelant de l&rsquo;utilisateur,<br \/>&#8211; le site web consult\u00e9,<br \/>&#8211; le site web \u00e0 partir duquel l&rsquo;utilisateur a acc\u00e9d\u00e9 au site web consult\u00e9 (referrer),<br \/>&#8211; les sous-pages consult\u00e9es \u00e0 partir de la page web consult\u00e9e,<br \/>&#8211; le temps pass\u00e9 sur le site web,<br \/>&#8211; la fr\u00e9quence de consultation du site web.<br \/>Le logiciel fonctionne alors exclusivement sur les serveurs de notre site web. Un enregistrement des donn\u00e9es personnelles des utilisateurs n&rsquo;a lieu que l\u00e0. Les donn\u00e9es ne sont pas transmises \u00e0 des tiers. Il n&rsquo;est pas possible d&rsquo;identifier une personne en particulier, car votre adresse IP est rendue anonyme imm\u00e9diatement apr\u00e8s le traitement et avant le stockage.<\/p>\t\t\t\t\t\t\t\t<\/div>\n\t\t\t\t\t<\/div>\n\t\t<\/div>\n\t\t\t\t\t<\/div>\n\t\t<\/section>\n\t\t\t\t\t<\/div>\n\t\t<\/div>\n\t\t\t\t\t<\/div>\n\t\t<\/section>\n\t\t<div class=\"elementor-element elementor-element-e6739d8 e-flex e-con-boxed e-con e-parent\" data-id=\"e6739d8\" data-element_type=\"container\" data-e-type=\"container\">\n\t\t\t\t\t<div class=\"e-con-inner\">\n\t\t\t\t<div class=\"elementor-element elementor-element-8cce2cf elementor-widget elementor-widget-shortcode\" data-id=\"8cce2cf\" data-element_type=\"widget\" data-e-type=\"widget\" data-widget_type=\"shortcode.default\">\n\t\t\t\t\t\t\t<div class=\"elementor-shortcode\"><p id=\"matomo_opted_out_intro\" style=\"display:none;\">Cookie d&#039;exclusion install\u00e9. Vos visites sur ce site web ne seront PAS enregistr\u00e9es par notre outil d&#039;analyse web. Note\u00a0: si vous nettoyez vos cookies et supprimez le cookie d&#039;exclusion, ou bien si vous changez d&#039;ordinateur et\/ou de navigateur, il vous faudra de nouveau effectuer la proc\u00e9dure d&#039;exclusion.<\/p><p id=\"matomo_opted_in_intro\" >Vous pouvez vous opposer au suivi de votre navigation sur ce site web. Cela prot\u00e9gera votre vie priv\u00e9e, mais emp\u00eachera \u00e9galement le propri\u00e9taire d&#039;apprendre de vos actions et de cr\u00e9er une meilleure exp\u00e9rience pour vous et les autres utilisateurs.<\/p><form>\n        <input type=\"checkbox\" id=\"matomo_optout_checkbox\" checked=\"checked\"\/>\n        <label for=\"matomo_optout_checkbox\"><strong>\n        <span id=\"matomo_opted_in_label\" >Vous n&#039;\u00eates pas exclu(e). D\u00e9cochez cette case pour vous exclure.<\/span>\n\t\t<span id=\"matomo_opted_out_label\" style=\"display:none;\">Vous n&#039;\u00eates actuellement pas suivi(e). Cochez cette case si vous acceptez d&#039;\u00eatre suivi.<\/span>\n        <\/strong><\/label><\/form><noscript><p><strong style=\"color: #ff0000;\">This opt out feature requires JavaScript.<\/strong><\/p><\/noscript><p id=\"matomo_outout_err_cookies\" style=\"display: none;\"><strong>La fonctionnalit\u00e9 de d\u00e9sactivation du suivi n\u00e9cessite que les cookies soient autoris\u00e9s.<\/strong><\/p><\/div>\n\t\t\t\t\t\t<\/div>\n\t\t\t\t\t<\/div>\n\t\t\t\t<\/div>\n\t\t\t\t<\/div>\n\t\t","protected":false},"excerpt":{"rendered":"<p>Politique de confidentialit\u00e9 1. Aper\u00e7u de la protection des donn\u00e9es G\u00e9n\u00e9ral Ce qui suit donne un aper\u00e7u simple de ce qu&rsquo;il advient de vos informations personnelles lorsque vous visitez notre site web. Les informations personnelles sont toutes les donn\u00e9es qui permettent de vous identifier personnellement. Des informations d\u00e9taill\u00e9es sur la protection des donn\u00e9es peuvent \u00eatre&#8230;<\/p>\n","protected":false},"author":2,"featured_media":0,"parent":0,"menu_order":14,"comment_status":"closed","ping_status":"closed","template":"","meta":{"_kad_post_transparent":"","_kad_post_title":"","_kad_post_layout":"","_kad_post_sidebar_id":"","_kad_post_content_style":"","_kad_post_vertical_padding":"","_kad_post_feature":"","_kad_post_feature_position":"","_kad_post_header":false,"_kad_post_footer":false,"footnotes":""},"class_list":["post-5689","page","type-page","status-publish","hentry"],"_links":{"self":[{"href":"https:\/\/www.brueggen.com\/fr\/wp-json\/wp\/v2\/pages\/5689","targetHints":{"allow":["GET"]}}],"collection":[{"href":"https:\/\/www.brueggen.com\/fr\/wp-json\/wp\/v2\/pages"}],"about":[{"href":"https:\/\/www.brueggen.com\/fr\/wp-json\/wp\/v2\/types\/page"}],"author":[{"embeddable":true,"href":"https:\/\/www.brueggen.com\/fr\/wp-json\/wp\/v2\/users\/2"}],"replies":[{"embeddable":true,"href":"https:\/\/www.brueggen.com\/fr\/wp-json\/wp\/v2\/comments?post=5689"}],"version-history":[{"count":9,"href":"https:\/\/www.brueggen.com\/fr\/wp-json\/wp\/v2\/pages\/5689\/revisions"}],"predecessor-version":[{"id":33314,"href":"https:\/\/www.brueggen.com\/fr\/wp-json\/wp\/v2\/pages\/5689\/revisions\/33314"}],"wp:attachment":[{"href":"https:\/\/www.brueggen.com\/fr\/wp-json\/wp\/v2\/media?parent=5689"}],"curies":[{"name":"wp","href":"https:\/\/api.w.org\/{rel}","templated":true}]}}