{"id":5785,"date":"2024-02-13T12:54:22","date_gmt":"2024-02-13T11:54:22","guid":{"rendered":"https:\/\/www-neu.brueggen.com\/home-seite-exemple\/conditions-generales-dutilisation-de-generel\/"},"modified":"2026-03-09T21:17:20","modified_gmt":"2026-03-09T20:17:20","slug":"conditions-generales-dutilisation-de-generel","status":"publish","type":"page","link":"https:\/\/www.brueggen.com\/fr\/conditions-generales-dutilisation-de-generel\/","title":{"rendered":"Conditions g\u00e9n\u00e9rales d&rsquo;utilisation de Generel"},"content":{"rendered":"\t\t<div data-elementor-type=\"wp-page\" data-elementor-id=\"5785\" class=\"elementor elementor-5785 elementor-2710\" data-elementor-post-type=\"page\">\n\t\t\t\t\t\t<section class=\"elementor-section elementor-top-section elementor-element elementor-element-53d641e elementor-section-boxed elementor-section-height-default elementor-section-height-default\" data-id=\"53d641e\" data-element_type=\"section\" data-e-type=\"section\">\n\t\t\t\t\t\t<div class=\"elementor-container elementor-column-gap-default\">\n\t\t\t\t\t<div class=\"elementor-column elementor-col-100 elementor-top-column elementor-element elementor-element-7af225a\" data-id=\"7af225a\" data-element_type=\"column\" data-e-type=\"column\">\n\t\t\t<div class=\"elementor-widget-wrap elementor-element-populated\">\n\t\t\t\t\t\t<section class=\"elementor-section elementor-inner-section elementor-element elementor-element-bba8092 elementor-section-boxed elementor-section-height-default elementor-section-height-default\" data-id=\"bba8092\" data-element_type=\"section\" data-e-type=\"section\">\n\t\t\t\t\t\t<div class=\"elementor-container elementor-column-gap-default\">\n\t\t\t\t\t<div class=\"elementor-column elementor-col-100 elementor-inner-column elementor-element elementor-element-4972391 elementor-invisible\" data-id=\"4972391\" data-element_type=\"column\" data-e-type=\"column\" data-settings=\"{&quot;animation&quot;:&quot;fadeIn&quot;}\">\n\t\t\t<div class=\"elementor-widget-wrap elementor-element-populated\">\n\t\t\t\t\t\t<div class=\"elementor-element elementor-element-feec901 elementor-widget elementor-widget-spacer\" data-id=\"feec901\" data-element_type=\"widget\" data-e-type=\"widget\" data-widget_type=\"spacer.default\">\n\t\t\t\t\t\t\t<div class=\"elementor-spacer\">\n\t\t\t<div class=\"elementor-spacer-inner\"><\/div>\n\t\t<\/div>\n\t\t\t\t\t\t<\/div>\n\t\t\t\t<div class=\"elementor-element elementor-element-f3f8b28 elementor-widget elementor-widget-heading\" data-id=\"f3f8b28\" data-element_type=\"widget\" data-e-type=\"widget\" data-widget_type=\"heading.default\">\n\t\t\t\t\t<h1 class=\"elementor-heading-title elementor-size-default\">Conditions g\u00e9n\u00e9rales de vente<\/h1>\t\t\t\t<\/div>\n\t\t\t\t\t<\/div>\n\t\t<\/div>\n\t\t\t\t\t<\/div>\n\t\t<\/section>\n\t\t\t\t<div class=\"elementor-element elementor-element-6e28e2c elementor-widget elementor-widget-ucaddon_uc_material_bullets\" data-id=\"6e28e2c\" data-element_type=\"widget\" data-e-type=\"widget\" data-widget_type=\"ucaddon_uc_material_bullets.default\">\n\t\t\t\t<div class=\"elementor-widget-container\">\n\t\t\t\t\t<!-- start Icon Bullets -->\n\t\t<link id='font-awesome-css' href='https:\/\/www.brueggen.com\/wp-content\/plugins\/unlimited-for-elementor-premium\/assets_libraries\/font-awesome5\/css\/fontawesome-all.min.css' type='text\/css' rel='stylesheet' >\n\t\t<link id='font-awesome-4-shim-css' href='https:\/\/www.brueggen.com\/wp-content\/plugins\/unlimited-for-elementor-premium\/assets_libraries\/font-awesome5\/css\/fontawesome-v4-shims.css' type='text\/css' rel='stylesheet' >\n\n\t\t\t<style type=\"text\/css\">\/* widget: Icon Bullets *\/\n\n\n\n#uc_uc_material_bullets_elementor_6e28e2c *{\n\t-webkit-box-sizing: border-box;\n\t-moz-box-sizing: border-box;\n\tbox-sizing: border-box;\n}\n\n#uc_uc_material_bullets_elementor_6e28e2c .ue-icon-wrapper{\n\tdisplay: flex;\n}\n\n#uc_uc_material_bullets_elementor_6e28e2c .ue-icon{\n  display:flex;\n  align-items:center;\n  justify-content:center;\n  flex-grow:0;\n  flex-shrink:0;\n  line-height:1em;\n  transition:0.3s;\n}\n\n#uc_uc_material_bullets_elementor_6e28e2c .ue-icon svg{\n  height:1em;\n  width:1em;\n}\n\n#uc_uc_material_bullets_elementor_6e28e2c .uc_material_bullets_row{\n\tfont-weight:400;\n\toverflow:hidden;\n\tdisplay:flex;\n\tposition:relative;\n\ttext-align:left;\n\twidth:100%;   \n    transition:0.3s;\n}\n\n#uc_uc_material_bullets_elementor_6e28e2c .uc_material_bullets_row a.ue-item-link{\n  position:absolute;\n  display:block;\n  top:0;\n  right:0;\n  left:0;\n  bottom:0;\n}\n\n#uc_uc_material_bullets_elementor_6e28e2c .uc_material_bullets_row:last-child{\n\tmargin-bottom:0px !important;\n}\n\n\n#uc_uc_material_bullets_elementor_6e28e2c .uc_material_bullets_row {\n\tposition:relative;\n\tvertical-align:middle;\n}\n\n#uc_uc_material_bullets_elementor_6e28e2c .uc_material_bullets_row .uc_content_box{\n\tdisplay:flex;\n    flex-direction:column;\n    justify-content:center;\n    align-items: flex-start;\n    flex-grow:1;\n}\n\n#uc_uc_material_bullets_elementor_6e28e2c .ue-bullets{\n  display:grid;\n}\n\n#uc_uc_material_bullets_elementor_6e28e2c .ue-text, \n#uc_uc_material_bullets_elementor_6e28e2c .ue-title, \n#uc_uc_material_bullets_elementor_6e28e2c .ue-seperator{\n  width:100%;\n}\n\n#uc_uc_material_bullets_elementor_6e28e2c .ue-seperator-line{\n  display:inline-block;\n  font-size:0px;\n}\n\n#uc_uc_material_bullets_elementor_6e28e2c .ue-seperator{\n  font-size:0px;\n}\n\n#uc_uc_material_bullets_elementor_6e28e2c.uc-remote-parent .uc_material_bullets_row{\n  cursor:pointer;\n}\n\n.ue-title{\n  font-size:21px;\n  margin:0;\n}\n\n#uc_uc_material_bullets_elementor_6e28e2c .uc_content_box > *{\n  transition: all .3s;\n}\n\n<\/style>\n\n\t\t\t<div class=\"uc_material_bullets  \"  id=\"uc_uc_material_bullets_elementor_6e28e2c\"  >   \t\n    \t<div class=\"ue-bullets uc-items-wrapper\">\n          \t<div class=\"uc_material_bullets_row elementor-repeater-item-415931d\">\n  <div class=\"ue-icon-wrapper\">\n              <div class=\"ue-icon\">\n                    <i class='fas fa-chevron-right'><\/i>                    \t\n\n                \n              <\/div>\n  <\/div>\n  <div class=\"uc_content_box uc_ceal\">\n    <div class=\"ue-title\">Conditions g\u00e9n\u00e9rales de Vente MDD<\/div>\n    \n    \t\n    \n    <div class=\"ue-text\"><\/div>\t\n  <\/div>\n   \n      <a href=\"https:\/\/www.brueggen.com\/wp-content\/uploads\/sites\/5\/2024\/08\/BRUGGEN-CGV-20122020-Final.pdf\" class=\"ue-item-link\"  target='_blank'><\/a>\n  \t\n<\/div>\n\n      <\/div>\n<\/div>\n\t\t\t<!-- end Icon Bullets -->\t\t\t\t<\/div>\n\t\t\t\t<\/div>\n\t\t\t\t\t<\/div>\n\t\t<\/div>\n\t\t\t\t\t<\/div>\n\t\t<\/section>\n\t\t\t\t<\/div>\n\t\t","protected":false},"excerpt":{"rendered":"<p>Conditions g\u00e9n\u00e9rales de vente Conditions g\u00e9n\u00e9rales de Vente MDD<\/p>\n","protected":false},"author":2,"featured_media":0,"parent":0,"menu_order":18,"comment_status":"closed","ping_status":"closed","template":"","meta":{"_kad_post_transparent":"","_kad_post_title":"","_kad_post_layout":"","_kad_post_sidebar_id":"","_kad_post_content_style":"","_kad_post_vertical_padding":"","_kad_post_feature":"","_kad_post_feature_position":"","_kad_post_header":false,"_kad_post_footer":false,"footnotes":""},"class_list":["post-5785","page","type-page","status-publish","hentry"],"_links":{"self":[{"href":"https:\/\/www.brueggen.com\/fr\/wp-json\/wp\/v2\/pages\/5785","targetHints":{"allow":["GET"]}}],"collection":[{"href":"https:\/\/www.brueggen.com\/fr\/wp-json\/wp\/v2\/pages"}],"about":[{"href":"https:\/\/www.brueggen.com\/fr\/wp-json\/wp\/v2\/types\/page"}],"author":[{"embeddable":true,"href":"https:\/\/www.brueggen.com\/fr\/wp-json\/wp\/v2\/users\/2"}],"replies":[{"embeddable":true,"href":"https:\/\/www.brueggen.com\/fr\/wp-json\/wp\/v2\/comments?post=5785"}],"version-history":[{"count":3,"href":"https:\/\/www.brueggen.com\/fr\/wp-json\/wp\/v2\/pages\/5785\/revisions"}],"predecessor-version":[{"id":33211,"href":"https:\/\/www.brueggen.com\/fr\/wp-json\/wp\/v2\/pages\/5785\/revisions\/33211"}],"wp:attachment":[{"href":"https:\/\/www.brueggen.com\/fr\/wp-json\/wp\/v2\/media?parent=5785"}],"curies":[{"name":"wp","href":"https:\/\/api.w.org\/{rel}","templated":true}]}}