{"id":14734,"date":"2024-08-01T11:17:54","date_gmt":"2024-08-01T09:17:54","guid":{"rendered":"https:\/\/www.brueggen.com\/praca-i-kariera\/ogloszenia-o-prace\/szablon-ogloszenia-o-prace-polska-2\/"},"modified":"2026-02-20T22:53:44","modified_gmt":"2026-02-20T21:53:44","slug":"staz-recepcja","status":"publish","type":"page","link":"https:\/\/www.brueggen.com\/pl\/praca-i-kariera\/ogloszenia-o-prace\/staz-recepcja\/","title":{"rendered":"Sta\u017c &#8211; Recepcja"},"content":{"rendered":"\t\t<div data-elementor-type=\"wp-page\" data-elementor-id=\"14734\" class=\"elementor elementor-14734\" data-elementor-post-type=\"page\">\n\t\t\t\t\t\t<section class=\"elementor-section elementor-top-section elementor-element elementor-element-8d53380 elementor-section-boxed elementor-section-height-default elementor-section-height-default\" data-id=\"8d53380\" data-element_type=\"section\" data-e-type=\"section\">\n\t\t\t\t\t\t<div class=\"elementor-container elementor-column-gap-default\">\n\t\t\t\t\t<div class=\"elementor-column elementor-col-100 elementor-top-column elementor-element elementor-element-8ee6e72\" data-id=\"8ee6e72\" data-element_type=\"column\" data-e-type=\"column\">\n\t\t\t<div class=\"elementor-widget-wrap elementor-element-populated\">\n\t\t\t\t\t\t<section class=\"elementor-section elementor-inner-section elementor-element elementor-element-0075d60 elementor-section-boxed elementor-section-height-default elementor-section-height-default\" data-id=\"0075d60\" data-element_type=\"section\" data-e-type=\"section\">\n\t\t\t\t\t\t<div class=\"elementor-container elementor-column-gap-default\">\n\t\t\t\t\t<div class=\"elementor-column elementor-col-100 elementor-inner-column elementor-element elementor-element-a4e8345 elementor-invisible\" data-id=\"a4e8345\" data-element_type=\"column\" data-e-type=\"column\" data-settings=\"{&quot;animation&quot;:&quot;fadeIn&quot;}\">\n\t\t\t<div class=\"elementor-widget-wrap elementor-element-populated\">\n\t\t\t\t\t\t<div class=\"elementor-element elementor-element-f3b50aa elementor-widget elementor-widget-spacer\" data-id=\"f3b50aa\" data-element_type=\"widget\" data-e-type=\"widget\" data-widget_type=\"spacer.default\">\n\t\t\t\t\t\t\t<div class=\"elementor-spacer\">\n\t\t\t<div class=\"elementor-spacer-inner\"><\/div>\n\t\t<\/div>\n\t\t\t\t\t\t<\/div>\n\t\t\t\t<div class=\"elementor-element elementor-element-7df3833 elementor-widget elementor-widget-heading\" data-id=\"7df3833\" data-element_type=\"widget\" data-e-type=\"widget\" data-widget_type=\"heading.default\">\n\t\t\t\t\t<h1 class=\"elementor-heading-title elementor-size-default\">Sta\u017cysta - Recepcja<\/h1>\t\t\t\t<\/div>\n\t\t\t\t<div class=\"elementor-element elementor-element-1e3e792 elementor-widget elementor-widget-text-editor\" data-id=\"1e3e792\" data-element_type=\"widget\" data-e-type=\"widget\" data-widget_type=\"text-editor.default\">\n\t\t\t\t\t\t\t\t\t<p><span data-contrast=\"auto\">Miejsce pracy: Wilga<\/span><br><span data-contrast=\"auto\">Region: Mazowieckie<\/span><\/p>\n<h3><b><span data-contrast=\"none\">Twoje obowi\u0105zki:<\/span><\/b><span data-ccp-props=\"{&quot;134245418&quot;:true,&quot;201341983&quot;:0,&quot;335559738&quot;:100,&quot;335559739&quot;:100,&quot;335559740&quot;:240}\">&nbsp;<\/span><\/h3>\n<ul>\n<li>Obs\u0142uga klient\u00f3w wewn\u0119trznych i zewn\u0119trznych, dbanie o w\u0142a\u015bciwy wizerunek firmy oraz recepcji.<\/li>\n<li>Wsparcie w dzia\u0142aniach administracyjno-organizacyjnych biura.<\/li>\n<li>Dbanie o obieg korespondencji przychodz\u0105cej i wychodz\u0105cej. Wsp\u00f3\u0142praca z firm\u0105 kuriersk\u0105.<\/li>\n<li>Organizacja spotka\u0144 biznesowych, wizyt go\u015bci oraz wyjazd\u00f3w s\u0142u\u017cbowych.<\/li>\n<li>Wsp\u00f3\u0142praca z dostawcami, zamawianie niezb\u0119dnych artyku\u0142\u00f3w do prawid\u0142owego funkcjonowania biura.&nbsp;<\/li>\n<\/ul>\n<h3><b><span data-contrast=\"none\">Oczekiwania wobec kandydat\u00f3w:<\/span><\/b><span data-ccp-props=\"{&quot;134245418&quot;:true,&quot;201341983&quot;:0,&quot;335559738&quot;:100,&quot;335559739&quot;:100,&quot;335559740&quot;:240}\">&nbsp;<\/span><\/h3>\n<ul>\n<li>Wykszta\u0142cenie wy\u017csze lub student (preferowane kierunki: administracja, zarz\u0105dzanie lub pokrewne).<\/li>\n<li>Znajomo\u015b\u0107 j\u0119zyka angielskiego (min. B1).<\/li>\n<li>Bardzo dobra znajomo\u015b\u0107 pakietu MS Office, w szczeg\u00f3lno\u015bci MS Outlook.<\/li>\n<li>Zdolno\u015bci organizacyjne i umiej\u0119tno\u015b\u0107 rozwi\u0105zywania problem\u00f3w.<\/li>\n<li>Czynne prawo jazdy kat. B.<\/li>\n<li>Ch\u0119\u0107 nauki i rozwoju zawodowego.<\/li>\n<\/ul>\n<h3><b><span data-contrast=\"none\">Oferujemy:<\/span><\/b><span data-ccp-props=\"{&quot;134245418&quot;:true,&quot;201341983&quot;:0,&quot;335559738&quot;:100,&quot;335559739&quot;:100,&quot;335559740&quot;:240}\">&nbsp;<\/span><span data-ccp-props=\"{&quot;201341983&quot;:0,&quot;335559739&quot;:0,&quot;335559740&quot;:240}\">&nbsp;<\/span><\/h3>\n<ul>\n<li data-leveltext=\"\uf0b7\" data-font=\"Symbol\" data-listid=\"8\" data-list-defn-props=\"{&quot;335552541&quot;:1,&quot;335559685&quot;:720,&quot;335559991&quot;:360,&quot;469769226&quot;:&quot;Symbol&quot;,&quot;469769242&quot;:[8226],&quot;469777803&quot;:&quot;left&quot;,&quot;469777804&quot;:&quot;\uf0b7&quot;,&quot;469777815&quot;:&quot;hybridMultilevel&quot;}\" data-aria-posinset=\"11\" data-aria-level=\"1\">Zatrudnienie na sta\u017c przez Powiatowy Urz\u0105d Pracy&nbsp;<\/li><li>Sta\u017c w rozwijaj\u0105cej si\u0119, mi\u0119dzynarodowej firmie.<\/li>\n<li>Mo\u017cliwo\u015b\u0107 zdobycia cennego do\u015bwiadczenia w obszarze administracyjnym.<\/li>\n<li>Deputaty produktowe.<\/li>\n<\/ul>\t\t\t\t\t\t\t\t<\/div>\n\t\t\t\t<div class=\"elementor-element elementor-element-917577e elementor-tablet-align-center elementor-align-left elementor-widget elementor-widget-button\" data-id=\"917577e\" data-element_type=\"widget\" data-e-type=\"widget\" data-widget_type=\"button.default\">\n\t\t\t\t\t\t\t\t\t\t<a class=\"elementor-button elementor-button-link elementor-size-xs\" href=\"https:\/\/system.erecruiter.pl\/FormTemplates\/RecruitmentForm.aspx?WebID=364a1715046c4728b5d3fb1d3f2bcfc5\" target=\"_blank\" rel=\"noopener\">\n\t\t\t\t\t\t<span class=\"elementor-button-content-wrapper\">\n\t\t\t\t\t\t\t\t\t<span class=\"elementor-button-text\">Aplikuj<\/span>\n\t\t\t\t\t<\/span>\n\t\t\t\t\t<\/a>\n\t\t\t\t\t\t\t\t<\/div>\n\t\t\t\t\t<\/div>\n\t\t<\/div>\n\t\t\t\t\t<\/div>\n\t\t<\/section>\n\t\t\t\t\t<\/div>\n\t\t<\/div>\n\t\t\t\t\t<\/div>\n\t\t<\/section>\n\t\t\t\t<\/div>\n\t\t","protected":false},"excerpt":{"rendered":"<p>Sta\u017cysta &#8211; Recepcja Miejsce pracy: WilgaRegion: Mazowieckie Twoje obowi\u0105zki:&nbsp; Obs\u0142uga klient\u00f3w wewn\u0119trznych i zewn\u0119trznych, dbanie o w\u0142a\u015bciwy wizerunek firmy oraz recepcji. Wsparcie w dzia\u0142aniach administracyjno-organizacyjnych biura. Dbanie o obieg korespondencji przychodz\u0105cej i wychodz\u0105cej. Wsp\u00f3\u0142praca z firm\u0105 kuriersk\u0105. Organizacja spotka\u0144 biznesowych, wizyt go\u015bci oraz wyjazd\u00f3w s\u0142u\u017cbowych. Wsp\u00f3\u0142praca z dostawcami, zamawianie niezb\u0119dnych artyku\u0142\u00f3w do prawid\u0142owego funkcjonowania biura.&nbsp;&#8230;<\/p>\n","protected":false},"author":49,"featured_media":0,"parent":7583,"menu_order":5,"comment_status":"closed","ping_status":"closed","template":"","meta":{"_kad_post_transparent":"","_kad_post_title":"hide","_kad_post_layout":"fullwidth","_kad_post_sidebar_id":"","_kad_post_content_style":"unboxed","_kad_post_vertical_padding":"hide","_kad_post_feature":"hide","_kad_post_feature_position":"","_kad_post_header":false,"_kad_post_footer":false,"footnotes":""},"class_list":["post-14734","page","type-page","status-publish","hentry"],"_links":{"self":[{"href":"https:\/\/www.brueggen.com\/pl\/wp-json\/wp\/v2\/pages\/14734","targetHints":{"allow":["GET"]}}],"collection":[{"href":"https:\/\/www.brueggen.com\/pl\/wp-json\/wp\/v2\/pages"}],"about":[{"href":"https:\/\/www.brueggen.com\/pl\/wp-json\/wp\/v2\/types\/page"}],"author":[{"embeddable":true,"href":"https:\/\/www.brueggen.com\/pl\/wp-json\/wp\/v2\/users\/49"}],"replies":[{"embeddable":true,"href":"https:\/\/www.brueggen.com\/pl\/wp-json\/wp\/v2\/comments?post=14734"}],"version-history":[{"count":3,"href":"https:\/\/www.brueggen.com\/pl\/wp-json\/wp\/v2\/pages\/14734\/revisions"}],"predecessor-version":[{"id":33263,"href":"https:\/\/www.brueggen.com\/pl\/wp-json\/wp\/v2\/pages\/14734\/revisions\/33263"}],"up":[{"embeddable":true,"href":"https:\/\/www.brueggen.com\/pl\/wp-json\/wp\/v2\/pages\/7583"}],"wp:attachment":[{"href":"https:\/\/www.brueggen.com\/pl\/wp-json\/wp\/v2\/media?parent=14734"}],"curies":[{"name":"wp","href":"https:\/\/api.w.org\/{rel}","templated":true}]}}