{"id":16119,"date":"2024-09-13T14:33:00","date_gmt":"2024-09-13T12:33:00","guid":{"rendered":"https:\/\/www.brueggen.com\/praca-i-kariera\/ogloszenia-o-prace\/szablon-ogloszenia-o-prace-polska-2-2-2\/"},"modified":"2026-03-30T13:15:57","modified_gmt":"2026-03-30T11:15:57","slug":"szablon-ogloszenia-o-prace-polska-specjalista-ds-raportowania-i-analiz-w-produkcji","status":"publish","type":"page","link":"https:\/\/www.brueggen.com\/pl\/praca-i-kariera\/ogloszenia-o-prace\/szablon-ogloszenia-o-prace-polska-specjalista-ds-raportowania-i-analiz-w-produkcji\/","title":{"rendered":"Specjalista\/-ka ds. Raportowania i Analiz w Produkcji"},"content":{"rendered":"\t\t<div data-elementor-type=\"wp-page\" data-elementor-id=\"16119\" class=\"elementor elementor-16119\" data-elementor-post-type=\"page\">\n\t\t\t\t\t\t<section class=\"elementor-section elementor-top-section elementor-element elementor-element-8d53380 elementor-section-boxed elementor-section-height-default elementor-section-height-default\" data-id=\"8d53380\" data-element_type=\"section\" data-e-type=\"section\">\n\t\t\t\t\t\t<div class=\"elementor-container elementor-column-gap-default\">\n\t\t\t\t\t<div class=\"elementor-column elementor-col-100 elementor-top-column elementor-element elementor-element-8ee6e72\" data-id=\"8ee6e72\" data-element_type=\"column\" data-e-type=\"column\">\n\t\t\t<div class=\"elementor-widget-wrap elementor-element-populated\">\n\t\t\t\t\t\t<section class=\"elementor-section elementor-inner-section elementor-element elementor-element-0075d60 elementor-section-boxed elementor-section-height-default elementor-section-height-default\" data-id=\"0075d60\" data-element_type=\"section\" data-e-type=\"section\">\n\t\t\t\t\t\t<div class=\"elementor-container elementor-column-gap-default\">\n\t\t\t\t\t<div class=\"elementor-column elementor-col-100 elementor-inner-column elementor-element elementor-element-a4e8345 elementor-invisible\" data-id=\"a4e8345\" data-element_type=\"column\" data-e-type=\"column\" data-settings=\"{&quot;animation&quot;:&quot;fadeIn&quot;}\">\n\t\t\t<div class=\"elementor-widget-wrap elementor-element-populated\">\n\t\t\t\t\t\t<div class=\"elementor-element elementor-element-f3b50aa elementor-widget elementor-widget-spacer\" data-id=\"f3b50aa\" data-element_type=\"widget\" data-e-type=\"widget\" data-widget_type=\"spacer.default\">\n\t\t\t\t\t\t\t<div class=\"elementor-spacer\">\n\t\t\t<div class=\"elementor-spacer-inner\"><\/div>\n\t\t<\/div>\n\t\t\t\t\t\t<\/div>\n\t\t\t\t<div class=\"elementor-element elementor-element-7df3833 elementor-widget elementor-widget-heading\" data-id=\"7df3833\" data-element_type=\"widget\" data-e-type=\"widget\" data-widget_type=\"heading.default\">\n\t\t\t\t\t<h1 class=\"elementor-heading-title elementor-size-default\">Specjalista\/-ka ds. Raportowania i Analiz w Produkcji<\/h1>\t\t\t\t<\/div>\n\t\t\t\t<div class=\"elementor-element elementor-element-1e3e792 elementor-widget elementor-widget-text-editor\" data-id=\"1e3e792\" data-element_type=\"widget\" data-e-type=\"widget\" data-widget_type=\"text-editor.default\">\n\t\t\t\t\t\t\t\t\t<p><span data-contrast=\"auto\">Miejsce pracy: Celej\u00f3w (powiat garwoli\u0144ski)<\/span><br \/><span data-contrast=\"auto\">Region: mazowieckie<\/span><\/p>\n<p><span data-ccp-props=\"{&quot;201341983&quot;:0,&quot;335559739&quot;:0,&quot;335559740&quot;:240}\">\u00a0<\/span><\/p>\n<h3><b><span data-contrast=\"none\">Twoje obowi\u0105zki:<\/span><\/b><span data-ccp-props=\"{&quot;134245418&quot;:true,&quot;201341983&quot;:0,&quot;335559738&quot;:100,&quot;335559739&quot;:100,&quot;335559740&quot;:240}\">\u00a0<\/span><\/h3>\n<ul>\n<li>Koordynacja dzia\u0142a\u0144 administracyjno-organizacyjnych wspieraj\u0105cych codzienne obowi\u0105zki Kierownika Produkcji.<\/li>\n<li>Zapewnienie sprawnego i terminowego procesowania dokument\u00f3w.<\/li>\n<li>Przygotowywanie raport\u00f3w, sprawozda\u0144, prezentacji.<\/li>\n<li>Tworzenie nowych narz\u0119dzi kontrolingowych oraz automatyzacja proces\u00f3w raportowania.<\/li>\n<li>Analiza odchyle\u0144 produkcyjnych, wprowadzanie dzia\u0142a\u0144 koryguj\u0105cych i raportowanie do grupy na zamkni\u0119cie miesi\u0105ca.<\/li>\n<li>Kontrola koszt\u00f3w oraz poszukiwanie ich optymalizacji w procesie zamkni\u0119cia miesi\u0105ca.<\/li>\n<li>Wsp\u00f3\u0142praca z dzia\u0142em Kontrolingu \/ Ksi\u0119gowo\u015bci oraz innymi dzia\u0142ami w firmie.<\/li>\n<li>Udzia\u0142 w tworzeniu za\u0142o\u017ce\u0144 bud\u017cetowych w wieloletniej perspektywie.<\/li>\n<li>Sporz\u0105dzanie analiz biznesowych.<\/li>\n<\/ul>\n<p><span data-ccp-props=\"{&quot;201341983&quot;:0,&quot;335559685&quot;:720,&quot;335559739&quot;:0,&quot;335559740&quot;:240}\">\u00a0<\/span><\/p>\n<h3><b><span data-contrast=\"none\">Oczekiwania wobec kandydat\u00f3w:<\/span><\/b><span data-ccp-props=\"{&quot;134245418&quot;:true,&quot;201341983&quot;:0,&quot;335559738&quot;:100,&quot;335559739&quot;:100,&quot;335559740&quot;:240}\">\u00a0<\/span><\/h3>\n<ul>\n<li>Wykszta\u0142cenie wy\u017csze lub w trakcie studi\u00f3w (preferowane kierunki: ekonomiczne lub pokrewne).<\/li>\n<li>Minimum roczne do\u015bwiadczenie w obszarze kontrolingu, analiz finansowych, (mile widziane w firmie o profilu produkcyjnym).<\/li>\n<li>Bardzo dobra znajomo\u015b\u0107 j\u0119zyka angielskiego (min. B1).<\/li>\n<li>Bardzo dobra znajomo\u015b\u0107 pakietu MS Office (szczeg\u00f3lnie Excel).<\/li>\n<li>Znajomo\u015b\u0107 system\u00f3w ERP.<\/li>\n<li>Zdolno\u015bci organizacyjne i pracy z danymi.<\/li>\n<li>Profesjonalizm i samodzielno\u015b\u0107 w dzia\u0142aniu.<\/li>\n<li>Komunikatywno\u015b\u0107 oraz wysoko rozwini\u0119te umiej\u0119tno\u015bci interpersonalne.<\/li>\n<li>Umiej\u0119tno\u015b\u0107 zarz\u0105dzania zespo\u0142em.<\/li>\n<\/ul>\n<p><span data-ccp-props=\"{&quot;335559685&quot;:720}\">\u00a0<\/span><\/p>\n<h3><b><span data-contrast=\"none\">Oferujemy:<\/span><\/b><span data-ccp-props=\"{&quot;134245418&quot;:true,&quot;201341983&quot;:0,&quot;335559738&quot;:100,&quot;335559739&quot;:100,&quot;335559740&quot;:240}\">\u00a0<\/span><\/h3>\n<ul>\n<li>Umow\u0119 o prac\u0119 w rozwijaj\u0105cej si\u0119, mi\u0119dzynarodowej firmie.<\/li>\n<li>Podnoszenie kwalifikacji zawodowych poprzez udzia\u0142 w szkoleniach.<\/li>\n<li>Pakiet benefit\u00f3w: grupowe ubezpieczenie na \u017cycie, prywatn\u0105 opiek\u0119 medyczn\u0105, bezp\u0142atne wej\u015bcia na basen, deputaty produktowe, \u015bwi\u0105teczne bony.<\/li>\n<\/ul>\t\t\t\t\t\t\t\t<\/div>\n\t\t\t\t<div class=\"elementor-element elementor-element-917577e elementor-tablet-align-center elementor-align-left elementor-widget elementor-widget-button\" data-id=\"917577e\" data-element_type=\"widget\" data-e-type=\"widget\" data-widget_type=\"button.default\">\n\t\t\t\t\t\t\t\t\t\t<a class=\"elementor-button elementor-button-link elementor-size-xs\" href=\"https:\/\/system.erecruiter.pl\/FormTemplates\/RecruitmentForm.aspx?WebID=efbf2d812d9e404f8fbd2386b3d26d1c\" target=\"_blank\" rel=\"noopener\">\n\t\t\t\t\t\t<span class=\"elementor-button-content-wrapper\">\n\t\t\t\t\t\t\t\t\t<span class=\"elementor-button-text\">Aplikuj<\/span>\n\t\t\t\t\t<\/span>\n\t\t\t\t\t<\/a>\n\t\t\t\t\t\t\t\t<\/div>\n\t\t\t\t\t<\/div>\n\t\t<\/div>\n\t\t\t\t\t<\/div>\n\t\t<\/section>\n\t\t\t\t\t<\/div>\n\t\t<\/div>\n\t\t\t\t\t<\/div>\n\t\t<\/section>\n\t\t<div class=\"elementor-element elementor-element-e1035ca e-flex e-con-boxed e-con e-parent\" data-id=\"e1035ca\" data-element_type=\"container\" data-e-type=\"container\">\n\t\t\t\t\t<div class=\"e-con-inner\">\n\t\t\t\t\t<\/div>\n\t\t\t\t<\/div>\n\t\t\t\t<\/div>\n\t\t","protected":false},"excerpt":{"rendered":"<p>Specjalista\/-ka ds. Raportowania i Analiz w Produkcji Miejsce pracy: Celej\u00f3w (powiat garwoli\u0144ski)Region: mazowieckie \u00a0 Twoje obowi\u0105zki:\u00a0 Koordynacja dzia\u0142a\u0144 administracyjno-organizacyjnych wspieraj\u0105cych codzienne obowi\u0105zki Kierownika Produkcji. Zapewnienie sprawnego i terminowego procesowania dokument\u00f3w. Przygotowywanie raport\u00f3w, sprawozda\u0144, prezentacji. Tworzenie nowych narz\u0119dzi kontrolingowych oraz automatyzacja proces\u00f3w raportowania. Analiza odchyle\u0144 produkcyjnych, wprowadzanie dzia\u0142a\u0144 koryguj\u0105cych i raportowanie do grupy na zamkni\u0119cie miesi\u0105ca&#8230;.<\/p>\n","protected":false},"author":49,"featured_media":0,"parent":7583,"menu_order":9,"comment_status":"closed","ping_status":"closed","template":"","meta":{"_kad_post_transparent":"","_kad_post_title":"hide","_kad_post_layout":"fullwidth","_kad_post_sidebar_id":"","_kad_post_content_style":"unboxed","_kad_post_vertical_padding":"hide","_kad_post_feature":"hide","_kad_post_feature_position":"","_kad_post_header":false,"_kad_post_footer":false,"footnotes":""},"class_list":["post-16119","page","type-page","status-publish","hentry"],"_links":{"self":[{"href":"https:\/\/www.brueggen.com\/pl\/wp-json\/wp\/v2\/pages\/16119","targetHints":{"allow":["GET"]}}],"collection":[{"href":"https:\/\/www.brueggen.com\/pl\/wp-json\/wp\/v2\/pages"}],"about":[{"href":"https:\/\/www.brueggen.com\/pl\/wp-json\/wp\/v2\/types\/page"}],"author":[{"embeddable":true,"href":"https:\/\/www.brueggen.com\/pl\/wp-json\/wp\/v2\/users\/49"}],"replies":[{"embeddable":true,"href":"https:\/\/www.brueggen.com\/pl\/wp-json\/wp\/v2\/comments?post=16119"}],"version-history":[{"count":3,"href":"https:\/\/www.brueggen.com\/pl\/wp-json\/wp\/v2\/pages\/16119\/revisions"}],"predecessor-version":[{"id":33597,"href":"https:\/\/www.brueggen.com\/pl\/wp-json\/wp\/v2\/pages\/16119\/revisions\/33597"}],"up":[{"embeddable":true,"href":"https:\/\/www.brueggen.com\/pl\/wp-json\/wp\/v2\/pages\/7583"}],"wp:attachment":[{"href":"https:\/\/www.brueggen.com\/pl\/wp-json\/wp\/v2\/media?parent=16119"}],"curies":[{"name":"wp","href":"https:\/\/api.w.org\/{rel}","templated":true}]}}