{"id":20130,"date":"2024-10-09T13:26:12","date_gmt":"2024-10-09T11:26:12","guid":{"rendered":"https:\/\/www.brueggen.com\/praca-i-kariera\/ogloszenia-o-prace\/szablon-ogloszenia-o-prace-polska-2-2-3\/"},"modified":"2026-02-20T23:22:15","modified_gmt":"2026-02-20T22:22:15","slug":"szablon-ogloszenia-o-prace-technolog","status":"publish","type":"page","link":"https:\/\/www.brueggen.com\/pl\/praca-i-kariera\/ogloszenia-o-prace\/szablon-ogloszenia-o-prace-technolog\/","title":{"rendered":"Technolog"},"content":{"rendered":"\t\t<div data-elementor-type=\"wp-page\" data-elementor-id=\"20130\" class=\"elementor elementor-20130\" data-elementor-post-type=\"page\">\n\t\t\t\t\t\t<section class=\"elementor-section elementor-top-section elementor-element elementor-element-8d53380 elementor-section-boxed elementor-section-height-default elementor-section-height-default\" data-id=\"8d53380\" data-element_type=\"section\" data-e-type=\"section\">\n\t\t\t\t\t\t<div class=\"elementor-container elementor-column-gap-default\">\n\t\t\t\t\t<div class=\"elementor-column elementor-col-100 elementor-top-column elementor-element elementor-element-8ee6e72\" data-id=\"8ee6e72\" data-element_type=\"column\" data-e-type=\"column\">\n\t\t\t<div class=\"elementor-widget-wrap elementor-element-populated\">\n\t\t\t\t\t\t<section class=\"elementor-section elementor-inner-section elementor-element elementor-element-0075d60 elementor-section-boxed elementor-section-height-default elementor-section-height-default\" data-id=\"0075d60\" data-element_type=\"section\" data-e-type=\"section\">\n\t\t\t\t\t\t<div class=\"elementor-container elementor-column-gap-default\">\n\t\t\t\t\t<div class=\"elementor-column elementor-col-100 elementor-inner-column elementor-element elementor-element-a4e8345 elementor-invisible\" data-id=\"a4e8345\" data-element_type=\"column\" data-e-type=\"column\" data-settings=\"{&quot;animation&quot;:&quot;fadeIn&quot;}\">\n\t\t\t<div class=\"elementor-widget-wrap elementor-element-populated\">\n\t\t\t\t\t\t<div class=\"elementor-element elementor-element-f3b50aa elementor-widget elementor-widget-spacer\" data-id=\"f3b50aa\" data-element_type=\"widget\" data-e-type=\"widget\" data-widget_type=\"spacer.default\">\n\t\t\t\t\t\t\t<div class=\"elementor-spacer\">\n\t\t\t<div class=\"elementor-spacer-inner\"><\/div>\n\t\t<\/div>\n\t\t\t\t\t\t<\/div>\n\t\t\t\t<div class=\"elementor-element elementor-element-7df3833 elementor-widget elementor-widget-heading\" data-id=\"7df3833\" data-element_type=\"widget\" data-e-type=\"widget\" data-widget_type=\"heading.default\">\n\t\t\t\t\t<h1 class=\"elementor-heading-title elementor-size-default\"><a href=\"https:\/\/system.erecruiter.pl\/FormTemplates\/RecruitmentForm.aspx?WebID=100350d0453f458eab86a1ed6212a143\" target=\"_blank\" rel=\"noopener\">Technolog<\/a><\/h1>\t\t\t\t<\/div>\n\t\t\t\t<div class=\"elementor-element elementor-element-1e3e792 elementor-widget elementor-widget-text-editor\" data-id=\"1e3e792\" data-element_type=\"widget\" data-e-type=\"widget\" data-widget_type=\"text-editor.default\">\n\t\t\t\t\t\t\t\t\t<ul>\n<li><span data-contrast=\"auto\">Miejsce pracy: Wilga (powiat garwoli\u0144ski)<\/span><br \/><span data-contrast=\"auto\">Region: mazowieckie<\/span><\/li>\n<\/ul>\n<p><span data-ccp-props=\"{&quot;201341983&quot;:0,&quot;335559739&quot;:0,&quot;335559740&quot;:240}\">\u00a0<\/span><\/p>\n<h3><b><span data-contrast=\"none\">Twoje obowi\u0105zki:<\/span><\/b><span data-ccp-props=\"{&quot;134245418&quot;:true,&quot;201341983&quot;:0,&quot;335559738&quot;:100,&quot;335559739&quot;:100,&quot;335559740&quot;:240}\">\u00a0<\/span><\/h3>\n<ul>\n<li>Zatwierdzanie receptur pod wzgl\u0119dem technologicznym i produkcyjnym.<\/li>\n<li>Zatwierdzanie alternatywnych dostawc\u00f3w standardowych surowc\u00f3w.<\/li>\n<li>Organizacja i kierowanie testami nowych produkt\u00f3w oraz ich rozliczanie.<\/li>\n<li>Analiza efektywno\u015bci oraz optymalizacja parametr\u00f3w procesu produkcyjnego, rekomendacje nowych rozwi\u0105za\u0144.<\/li>\n<li>Dob\u00f3r maszyn i urz\u0105dze\u0144, ci\u0105g\u00f3w technologicznych potrzebnych do poprawy istniej\u0105cych proces\u00f3w technologicznych lub proces\u00f3w dla nowych produkt\u00f3w.<\/li>\n<li>Wsp\u00f3\u0142praca z kierownikami obszar\u00f3w produkcji w celu sta\u0142ego monitorowania jako\u015bci produkt\u00f3w.<\/li>\n<li>Opracowywanie instrukcji technologicznych oraz udzia\u0142 w szkoleniu pracownik\u00f3w produkcji.<\/li>\n<li>Monitorowanie stanu cz\u0119\u015bci maszyn istotnych z punktu widzenia technologicznego.<\/li>\n<\/ul>\n<p><span data-ccp-props=\"{&quot;201341983&quot;:0,&quot;335559685&quot;:720,&quot;335559739&quot;:0,&quot;335559740&quot;:240}\">\u00a0<\/span><\/p>\n<h3><b><span data-contrast=\"none\">Oczekiwania wobec kandydat\u00f3w:<\/span><\/b><span data-ccp-props=\"{&quot;134245418&quot;:true,&quot;201341983&quot;:0,&quot;335559738&quot;:100,&quot;335559739&quot;:100,&quot;335559740&quot;:240}\">\u00a0<\/span><\/h3>\n<ul>\n<li>Wykszta\u0142cenie wy\u017csze, preferowane kierunki: technologia \u017cywno\u015bci, biotechnologia, in\u017cynieria produkcji lub pokrewne.<\/li>\n<li>Kilkuletnie do\u015bwiadczenie w pracy na podobnym stanowisku w bran\u017cy spo\u017cywczej (w specjalizacji piekarnictwo \/ technologia zb\u00f3\u017c b\u0119dzie dodatkowym atutem).<\/li>\n<li>Sprawne pos\u0142ugiwanie si\u0119 pakietem Office.<\/li>\n<li>Komunikatywna znajomo\u015b\u0107 j. angielskiego.<\/li>\n<li>Umiej\u0119tno\u015b\u0107 analizy danych dotycz\u0105cych przebiegu procesu produkcyjnego.<\/li>\n<li>Zdolno\u015b\u0107 do podejmowania szybkich decyzji oraz reagowania na zmiany w procesie produkcji.<\/li>\n<li>Komunikatywno\u015b\u0107 i umiej\u0119tno\u015b\u0107 pracy w zespole.<\/li>\n<li>Umiej\u0119tno\u015b\u0107 pracy pod presj\u0105 czasu.<\/li>\n<\/ul>\n<p><span data-ccp-props=\"{&quot;335559685&quot;:720}\">\u00a0<\/span><\/p>\n<h3><b><span data-contrast=\"none\">Oferujemy:<\/span><\/b><span data-ccp-props=\"{&quot;134245418&quot;:true,&quot;201341983&quot;:0,&quot;335559738&quot;:100,&quot;335559739&quot;:100,&quot;335559740&quot;:240}\">\u00a0<\/span><\/h3>\n<ul>\n<li><span style=\"color: #514b51;font-family: 'Founders Grotesk Regular', sans-serif;font-size: 20px;background-color: transparent;letter-spacing: 0em\">Umow\u0119 o prac\u0119 w rozwijaj\u0105cej si\u0119, mi\u0119dzynarodowej firmie.<\/span><\/li>\n<li>Podnoszenie kwalifikacji zawodowych poprzez udzia\u0142 w szkoleniach.<\/li>\n<li>Pakiet benefit\u00f3w: grupowe ubezpieczenie na \u017cycie, prywatn\u0105 opiek\u0119 medyczn\u0105, bezp\u0142atne wej\u015bcia na basen, deputaty produktowe, \u015bwi\u0105teczne bony.<\/li>\n<\/ul>\t\t\t\t\t\t\t\t<\/div>\n\t\t\t\t<div class=\"elementor-element elementor-element-917577e elementor-tablet-align-center elementor-align-left elementor-widget elementor-widget-button\" data-id=\"917577e\" data-element_type=\"widget\" data-e-type=\"widget\" data-widget_type=\"button.default\">\n\t\t\t\t\t\t\t\t\t\t<a class=\"elementor-button elementor-button-link elementor-size-xs\" href=\"https:\/\/system.erecruiter.pl\/FormTemplates\/RecruitmentForm.aspx?WebID=100350d0453f458eab86a1ed6212a143\" target=\"_blank\" rel=\"noopener\">\n\t\t\t\t\t\t<span class=\"elementor-button-content-wrapper\">\n\t\t\t\t\t\t\t\t\t<span class=\"elementor-button-text\">Aplikuj<\/span>\n\t\t\t\t\t<\/span>\n\t\t\t\t\t<\/a>\n\t\t\t\t\t\t\t\t<\/div>\n\t\t\t\t\t<\/div>\n\t\t<\/div>\n\t\t\t\t\t<\/div>\n\t\t<\/section>\n\t\t\t\t\t<\/div>\n\t\t<\/div>\n\t\t\t\t\t<\/div>\n\t\t<\/section>\n\t\t\t\t<\/div>\n\t\t","protected":false},"excerpt":{"rendered":"<p>Technolog Miejsce pracy: Wilga (powiat garwoli\u0144ski)Region: mazowieckie \u00a0 Twoje obowi\u0105zki:\u00a0 Zatwierdzanie receptur pod wzgl\u0119dem technologicznym i produkcyjnym. Zatwierdzanie alternatywnych dostawc\u00f3w standardowych surowc\u00f3w. Organizacja i kierowanie testami nowych produkt\u00f3w oraz ich rozliczanie. Analiza efektywno\u015bci oraz optymalizacja parametr\u00f3w procesu produkcyjnego, rekomendacje nowych rozwi\u0105za\u0144. Dob\u00f3r maszyn i urz\u0105dze\u0144, ci\u0105g\u00f3w technologicznych potrzebnych do poprawy istniej\u0105cych proces\u00f3w technologicznych lub proces\u00f3w&#8230;<\/p>\n","protected":false},"author":49,"featured_media":0,"parent":7583,"menu_order":11,"comment_status":"closed","ping_status":"closed","template":"","meta":{"_kad_post_transparent":"","_kad_post_title":"hide","_kad_post_layout":"fullwidth","_kad_post_sidebar_id":"","_kad_post_content_style":"unboxed","_kad_post_vertical_padding":"hide","_kad_post_feature":"hide","_kad_post_feature_position":"","_kad_post_header":false,"_kad_post_footer":false,"footnotes":""},"class_list":["post-20130","page","type-page","status-publish","hentry"],"_links":{"self":[{"href":"https:\/\/www.brueggen.com\/pl\/wp-json\/wp\/v2\/pages\/20130","targetHints":{"allow":["GET"]}}],"collection":[{"href":"https:\/\/www.brueggen.com\/pl\/wp-json\/wp\/v2\/pages"}],"about":[{"href":"https:\/\/www.brueggen.com\/pl\/wp-json\/wp\/v2\/types\/page"}],"author":[{"embeddable":true,"href":"https:\/\/www.brueggen.com\/pl\/wp-json\/wp\/v2\/users\/49"}],"replies":[{"embeddable":true,"href":"https:\/\/www.brueggen.com\/pl\/wp-json\/wp\/v2\/comments?post=20130"}],"version-history":[{"count":3,"href":"https:\/\/www.brueggen.com\/pl\/wp-json\/wp\/v2\/pages\/20130\/revisions"}],"predecessor-version":[{"id":33369,"href":"https:\/\/www.brueggen.com\/pl\/wp-json\/wp\/v2\/pages\/20130\/revisions\/33369"}],"up":[{"embeddable":true,"href":"https:\/\/www.brueggen.com\/pl\/wp-json\/wp\/v2\/pages\/7583"}],"wp:attachment":[{"href":"https:\/\/www.brueggen.com\/pl\/wp-json\/wp\/v2\/media?parent=20130"}],"curies":[{"name":"wp","href":"https:\/\/api.w.org\/{rel}","templated":true}]}}