{"id":20144,"date":"2024-10-09T13:44:06","date_gmt":"2024-10-09T11:44:06","guid":{"rendered":"https:\/\/www.brueggen.com\/praca-i-kariera\/ogloszenia-o-prace\/https-www-brueggen-com-pl-praca-i-kariera-ogloszenia-o-prace-szablon-ogloszenia-o-prace-polska-2-2-3-2\/"},"modified":"2026-02-21T00:43:23","modified_gmt":"2026-02-20T23:43:23","slug":"https-www-brueggen-com-pl-praca-i-kariera-ogloszenia-o-prace-mlodszy-specjalista-utrzymania-ruchu","status":"publish","type":"page","link":"https:\/\/www.brueggen.com\/pl\/praca-i-kariera\/ogloszenia-o-prace\/https-www-brueggen-com-pl-praca-i-kariera-ogloszenia-o-prace-mlodszy-specjalista-utrzymania-ruchu\/","title":{"rendered":"M\u0142odszy Specjalista Utrzymania Ruchu"},"content":{"rendered":"\t\t<div data-elementor-type=\"wp-page\" data-elementor-id=\"20144\" class=\"elementor elementor-20144\" data-elementor-post-type=\"page\">\n\t\t\t\t\t\t<section class=\"elementor-section elementor-top-section elementor-element elementor-element-8d53380 elementor-section-boxed elementor-section-height-default elementor-section-height-default\" data-id=\"8d53380\" data-element_type=\"section\" data-e-type=\"section\">\n\t\t\t\t\t\t<div class=\"elementor-container elementor-column-gap-default\">\n\t\t\t\t\t<div class=\"elementor-column elementor-col-100 elementor-top-column elementor-element elementor-element-8ee6e72\" data-id=\"8ee6e72\" data-element_type=\"column\" data-e-type=\"column\">\n\t\t\t<div class=\"elementor-widget-wrap elementor-element-populated\">\n\t\t\t\t\t\t<section class=\"elementor-section elementor-inner-section elementor-element elementor-element-0075d60 elementor-section-boxed elementor-section-height-default elementor-section-height-default\" data-id=\"0075d60\" data-element_type=\"section\" data-e-type=\"section\">\n\t\t\t\t\t\t<div class=\"elementor-container elementor-column-gap-default\">\n\t\t\t\t\t<div class=\"elementor-column elementor-col-100 elementor-inner-column elementor-element elementor-element-a4e8345 elementor-invisible\" data-id=\"a4e8345\" data-element_type=\"column\" data-e-type=\"column\" data-settings=\"{&quot;animation&quot;:&quot;fadeIn&quot;}\">\n\t\t\t<div class=\"elementor-widget-wrap elementor-element-populated\">\n\t\t\t\t\t\t<div class=\"elementor-element elementor-element-f3b50aa elementor-widget elementor-widget-spacer\" data-id=\"f3b50aa\" data-element_type=\"widget\" data-e-type=\"widget\" data-widget_type=\"spacer.default\">\n\t\t\t\t\t\t\t<div class=\"elementor-spacer\">\n\t\t\t<div class=\"elementor-spacer-inner\"><\/div>\n\t\t<\/div>\n\t\t\t\t\t\t<\/div>\n\t\t\t\t<div class=\"elementor-element elementor-element-7df3833 elementor-widget elementor-widget-heading\" data-id=\"7df3833\" data-element_type=\"widget\" data-e-type=\"widget\" data-widget_type=\"heading.default\">\n\t\t\t\t\t<h1 class=\"elementor-heading-title elementor-size-default\"><a href=\"https:\/\/system.erecruiter.pl\/FormTemplates\/RecruitmentForm.aspx?WebID=ee545003fcea459fa854906880281bbc\" target=\"_blank\" rel=\"noopener\">M\u0142odszy Specjalista Utrzymania Ruchu<\/a><\/h1>\t\t\t\t<\/div>\n\t\t\t\t<div class=\"elementor-element elementor-element-1e3e792 elementor-widget elementor-widget-text-editor\" data-id=\"1e3e792\" data-element_type=\"widget\" data-e-type=\"widget\" data-widget_type=\"text-editor.default\">\n\t\t\t\t\t\t\t\t\t<p><span data-contrast=\"auto\">Miejsce pracy: Wilga (powiat garwoli\u0144ski)<\/span><br \/><span data-contrast=\"auto\">Region: mazowieckie<\/span><\/p><p><span data-ccp-props=\"{&quot;201341983&quot;:0,&quot;335559739&quot;:0,&quot;335559740&quot;:240}\">\u00a0<\/span><\/p><h3><b><span data-contrast=\"none\">Twoje obowi\u0105zki:<\/span><\/b><span data-ccp-props=\"{&quot;134245418&quot;:true,&quot;201341983&quot;:0,&quot;335559738&quot;:100,&quot;335559739&quot;:100,&quot;335559740&quot;:240}\">\u00a0<\/span><\/h3><ul><li>Ewidencja i usystematyzowanie stanu magazynu cz\u0119\u015bci zamiennych.<\/li><li>Przygotowywanie analiz\/raport\u00f3w\/prezentacji na podstawie dost\u0119pnych danych systemowych.<\/li><li>Nadzorowanie system\u00f3w CMMS, wdra\u017canie usprawnie\u0144, przygotowywanie instrukcji.<\/li><li>Analiza, nadzorowanie i archiwizacja dokumentacji dzia\u0142u UR.<\/li><li>Koordynowanie wdro\u017cenia nowego pracownika i corocznych szkole\u0144 pracownik\u00f3w UR.<\/li><li>Koordynacja kalendarza prac technicznych.<\/li><li>Bie\u017c\u0105ce wsparcie zespo\u0142u w codziennych zadaniach.<\/li><\/ul><p><span data-ccp-props=\"{&quot;201341983&quot;:0,&quot;335559685&quot;:720,&quot;335559739&quot;:0,&quot;335559740&quot;:240}\">\u00a0<\/span><\/p><h3><b><span data-contrast=\"none\">Oczekiwania wobec kandydat\u00f3w:<\/span><\/b><span data-ccp-props=\"{&quot;134245418&quot;:true,&quot;201341983&quot;:0,&quot;335559738&quot;:100,&quot;335559739&quot;:100,&quot;335559740&quot;:240}\">\u00a0<\/span><\/h3><ul><li class=\"tkzmjn3\">Wykszta\u0142cenie techniczne, min. \u015brednie, mile widziane wy\u017csze.<\/li><li class=\"tkzmjn3\">Mile widziane do\u015bwiadczenie w pracy na podobnym stanowisku.<\/li><li class=\"tkzmjn3\">Do\u015bwiadczenie w pracy z narz\u0119dziami CMMS b\u0119dzie dodatkowym atutem.<\/li><li class=\"tkzmjn3\">J\u0119zyk angielski na poziomie B2.<\/li><li class=\"tkzmjn3\">Bardzo dobra znajomo\u015b\u0107 pakietu MS Office.<\/li><li class=\"tkzmjn3\">Umiej\u0119tno\u015bci interpersonalne.<\/li><\/ul><p><span data-ccp-props=\"{&quot;335559685&quot;:720}\">\u00a0<\/span><\/p><h3><b><span data-contrast=\"none\">Oferujemy:<\/span><\/b><span data-ccp-props=\"{&quot;134245418&quot;:true,&quot;201341983&quot;:0,&quot;335559738&quot;:100,&quot;335559739&quot;:100,&quot;335559740&quot;:240}\">\u00a0<\/span><\/h3><ul><li>Umow\u0119 na zast\u0119pstwo w rozwijaj\u0105cej si\u0119, mi\u0119dzynarodowej firmie.<\/li><li>Podnoszenie kwalifikacji zawodowych poprzez udzia\u0142 w szkoleniach.<\/li><li>Pakiet benefit\u00f3w: grupowe ubezpieczenie na \u017cycie, prywatn\u0105 opiek\u0119 medyczn\u0105, bezp\u0142atne wej\u015bcia na basen, deputaty produktowe, \u015bwi\u0105teczne bony.<\/li><\/ul>\t\t\t\t\t\t\t\t<\/div>\n\t\t\t\t<div class=\"elementor-element elementor-element-917577e elementor-tablet-align-center elementor-align-left elementor-widget elementor-widget-button\" data-id=\"917577e\" data-element_type=\"widget\" data-e-type=\"widget\" data-widget_type=\"button.default\">\n\t\t\t\t\t\t\t\t\t\t<a class=\"elementor-button elementor-button-link elementor-size-xs\" href=\"https:\/\/system.erecruiter.pl\/FormTemplates\/RecruitmentForm.aspx?WebID=ee545003fcea459fa854906880281bbc\" target=\"_blank\" rel=\"noopener\">\n\t\t\t\t\t\t<span class=\"elementor-button-content-wrapper\">\n\t\t\t\t\t\t\t\t\t<span class=\"elementor-button-text\">Aplikuj<\/span>\n\t\t\t\t\t<\/span>\n\t\t\t\t\t<\/a>\n\t\t\t\t\t\t\t\t<\/div>\n\t\t\t\t\t<\/div>\n\t\t<\/div>\n\t\t\t\t\t<\/div>\n\t\t<\/section>\n\t\t\t\t\t<\/div>\n\t\t<\/div>\n\t\t\t\t\t<\/div>\n\t\t<\/section>\n\t\t\t\t<\/div>\n\t\t","protected":false},"excerpt":{"rendered":"<p>M\u0142odszy Specjalista Utrzymania Ruchu Miejsce pracy: Wilga (powiat garwoli\u0144ski)Region: mazowieckie \u00a0 Twoje obowi\u0105zki:\u00a0 Ewidencja i usystematyzowanie stanu magazynu cz\u0119\u015bci zamiennych. Przygotowywanie analiz\/raport\u00f3w\/prezentacji na podstawie dost\u0119pnych danych systemowych. Nadzorowanie system\u00f3w CMMS, wdra\u017canie usprawnie\u0144, przygotowywanie instrukcji. Analiza, nadzorowanie i archiwizacja dokumentacji dzia\u0142u UR. Koordynowanie wdro\u017cenia nowego pracownika i corocznych szkole\u0144 pracownik\u00f3w UR. Koordynacja kalendarza prac technicznych. Bie\u017c\u0105ce&#8230;<\/p>\n","protected":false},"author":49,"featured_media":0,"parent":7583,"menu_order":12,"comment_status":"closed","ping_status":"closed","template":"","meta":{"_kad_post_transparent":"","_kad_post_title":"hide","_kad_post_layout":"fullwidth","_kad_post_sidebar_id":"","_kad_post_content_style":"unboxed","_kad_post_vertical_padding":"hide","_kad_post_feature":"hide","_kad_post_feature_position":"","_kad_post_header":false,"_kad_post_footer":false,"footnotes":""},"class_list":["post-20144","page","type-page","status-publish","hentry"],"_links":{"self":[{"href":"https:\/\/www.brueggen.com\/pl\/wp-json\/wp\/v2\/pages\/20144","targetHints":{"allow":["GET"]}}],"collection":[{"href":"https:\/\/www.brueggen.com\/pl\/wp-json\/wp\/v2\/pages"}],"about":[{"href":"https:\/\/www.brueggen.com\/pl\/wp-json\/wp\/v2\/types\/page"}],"author":[{"embeddable":true,"href":"https:\/\/www.brueggen.com\/pl\/wp-json\/wp\/v2\/users\/49"}],"replies":[{"embeddable":true,"href":"https:\/\/www.brueggen.com\/pl\/wp-json\/wp\/v2\/comments?post=20144"}],"version-history":[{"count":3,"href":"https:\/\/www.brueggen.com\/pl\/wp-json\/wp\/v2\/pages\/20144\/revisions"}],"predecessor-version":[{"id":33594,"href":"https:\/\/www.brueggen.com\/pl\/wp-json\/wp\/v2\/pages\/20144\/revisions\/33594"}],"up":[{"embeddable":true,"href":"https:\/\/www.brueggen.com\/pl\/wp-json\/wp\/v2\/pages\/7583"}],"wp:attachment":[{"href":"https:\/\/www.brueggen.com\/pl\/wp-json\/wp\/v2\/media?parent=20144"}],"curies":[{"name":"wp","href":"https:\/\/api.w.org\/{rel}","templated":true}]}}