{"id":5596,"date":"2024-02-13T12:54:22","date_gmt":"2024-02-13T11:54:22","guid":{"rendered":"https:\/\/www-neu.brueggen.com\/polityka-prywatnosci\/"},"modified":"2026-03-09T21:06:07","modified_gmt":"2026-03-09T20:06:07","slug":"polityka-prywatnosci","status":"publish","type":"page","link":"https:\/\/www.brueggen.com\/pl\/polityka-prywatnosci\/","title":{"rendered":"Polityka prywatno\u015bci"},"content":{"rendered":"\t\t<div data-elementor-type=\"wp-page\" data-elementor-id=\"5596\" class=\"elementor elementor-5596 elementor-2714\" data-elementor-post-type=\"page\">\n\t\t\t\t\t\t<section class=\"elementor-section elementor-top-section elementor-element elementor-element-1b2bd0d elementor-section-boxed elementor-section-height-default elementor-section-height-default\" data-id=\"1b2bd0d\" data-element_type=\"section\" data-e-type=\"section\">\n\t\t\t\t\t\t<div class=\"elementor-container elementor-column-gap-default\">\n\t\t\t\t\t<div class=\"elementor-column elementor-col-100 elementor-top-column elementor-element elementor-element-3797754\" data-id=\"3797754\" data-element_type=\"column\" data-e-type=\"column\">\n\t\t\t<div class=\"elementor-widget-wrap elementor-element-populated\">\n\t\t\t\t\t\t<section class=\"elementor-section elementor-inner-section elementor-element elementor-element-9faf836 elementor-section-boxed elementor-section-height-default elementor-section-height-default\" data-id=\"9faf836\" data-element_type=\"section\" data-e-type=\"section\">\n\t\t\t\t\t\t<div class=\"elementor-container elementor-column-gap-default\">\n\t\t\t\t\t<div class=\"elementor-column elementor-col-100 elementor-inner-column elementor-element elementor-element-a0ae1c1 elementor-invisible\" data-id=\"a0ae1c1\" data-element_type=\"column\" data-e-type=\"column\" data-settings=\"{&quot;animation&quot;:&quot;fadeIn&quot;}\">\n\t\t\t<div class=\"elementor-widget-wrap elementor-element-populated\">\n\t\t\t\t\t\t<div class=\"elementor-element elementor-element-3ecf7a0 elementor-widget elementor-widget-spacer\" data-id=\"3ecf7a0\" data-element_type=\"widget\" data-e-type=\"widget\" data-widget_type=\"spacer.default\">\n\t\t\t\t\t\t\t<div class=\"elementor-spacer\">\n\t\t\t<div class=\"elementor-spacer-inner\"><\/div>\n\t\t<\/div>\n\t\t\t\t\t\t<\/div>\n\t\t\t\t<div class=\"elementor-element elementor-element-748589d elementor-widget elementor-widget-heading\" data-id=\"748589d\" data-element_type=\"widget\" data-e-type=\"widget\" data-widget_type=\"heading.default\">\n\t\t\t\t\t<h1 class=\"elementor-heading-title elementor-size-default\">Polityka prywatno\u015bci<\/h1>\t\t\t\t<\/div>\n\t\t\t\t<div class=\"elementor-element elementor-element-71dcc67 elementor-widget elementor-widget-text-editor\" data-id=\"71dcc67\" data-element_type=\"widget\" data-e-type=\"widget\" data-widget_type=\"text-editor.default\">\n\t\t\t\t\t\t\t\t\t<h3><strong>1. Przegl\u0105d ochrony danych<\/strong><\/h3><h3>Og\u00f3lne<\/h3><p>Poni\u017cej znajduje si\u0119 prosty przegl\u0105d tego, co dzieje si\u0119 z danymi osobowymi u\u017cytkownika podczas odwiedzania naszej witryny internetowej. Dane osobowe to wszelkie dane, na podstawie kt\u00f3rych mo\u017cna zidentyfikowa\u0107 u\u017cytkownika. Szczeg\u00f3\u0142owe informacje na temat ochrony danych mo\u017cna znale\u017a\u0107 w naszej polityce prywatno\u015bci znajduj\u0105cej si\u0119 poni\u017cej.<\/p><h3>Gromadzenie danych na naszej stronie internetowej<\/h3><p><strong>Kto jest odpowiedzialny za gromadzenie danych na tej stronie?<\/strong><\/p><p>Dane gromadzone na tej stronie s\u0105 przetwarzane przez operatora strony. Dane kontaktowe operatora mo\u017cna znale\u017a\u0107 w wymaganej nocie prawnej na stronie internetowej.<\/p><p><strong>W jaki spos\u00f3b gromadzimy dane u\u017cytkownik\u00f3w?<\/strong><\/p><p>Niekt\u00f3re dane s\u0105 gromadzone, gdy u\u017cytkownik je nam przekazuje. Mog\u0105 to by\u0107 na przyk\u0142ad dane wprowadzone w formularzu kontaktowym.<\/p><p>Inne dane s\u0105 gromadzone automatycznie przez nasze systemy informatyczne podczas odwiedzania strony internetowej. Dane te to przede wszystkim dane techniczne, takie jak u\u017cywana przegl\u0105darka i system operacyjny lub czas uzyskania dost\u0119pu do strony. Dane te s\u0105 gromadzone automatycznie po wej\u015bciu na nasz\u0105 stron\u0119 internetow\u0105.<\/p><p><strong>Do czego wykorzystujemy dane u\u017cytkownik\u00f3w?<\/strong><\/p><p>Cz\u0119\u015b\u0107 danych jest gromadzona w celu zapewnienia prawid\u0142owego funkcjonowania strony internetowej. Inne dane mog\u0105 by\u0107 wykorzystywane do analizowania sposobu, w jaki odwiedzaj\u0105cy korzystaj\u0105 z witryny.<\/p><p><strong>Jakie prawa przys\u0142uguj\u0105 u\u017cytkownikowi w odniesieniu do jego danych?<\/strong><\/p><p>U\u017cytkownik zawsze ma prawo do bezp\u0142atnego uzyskania informacji o przechowywanych danych, ich pochodzeniu, odbiorcach i celu ich gromadzenia. U\u017cytkownik ma r\u00f3wnie\u017c prawo za\u017c\u0105da\u0107 poprawienia, zablokowania lub usuni\u0119cia danych. U\u017cytkownik mo\u017ce skontaktowa\u0107 si\u0119 z nami w dowolnym momencie, korzystaj\u0105c z adresu podanego w nocie prawnej, je\u015bli ma dalsze pytania dotycz\u0105ce kwestii prywatno\u015bci i ochrony danych. U\u017cytkownik mo\u017ce r\u00f3wnie\u017c oczywi\u015bcie z\u0142o\u017cy\u0107 skarg\u0119 do w\u0142a\u015bciwych organ\u00f3w regulacyjnych.<\/p><h3>Analityka i narz\u0119dzia innych firm<\/h3><p>Podczas odwiedzania naszej witryny internetowej mog\u0105 by\u0107 przeprowadzane analizy statystyczne dotycz\u0105ce zachowania u\u017cytkownika podczas surfowania. Odbywa si\u0119 to g\u0142\u00f3wnie za pomoc\u0105 plik\u00f3w cookie i analiz. Analiza zachowania u\u017cytkownika podczas surfowania jest zazwyczaj anonimowa, tzn. nie b\u0119dziemy w stanie zidentyfikowa\u0107 u\u017cytkownika na podstawie tych danych. U\u017cytkownik mo\u017ce sprzeciwi\u0107 si\u0119 tej analizie lub zapobiec jej poprzez niekorzystanie z niekt\u00f3rych narz\u0119dzi. Szczeg\u00f3\u0142owe informacje mo\u017cna znale\u017a\u0107 w poni\u017cszej polityce prywatno\u015bci.<\/p><p>Mo\u017cesz sprzeciwi\u0107 si\u0119 tej analizie. Poni\u017cej poinformujemy Ci\u0119, jak skorzysta\u0107 z przys\u0142uguj\u0105cych Ci opcji w tym zakresie.<\/p><h3><strong>2. Informacje og\u00f3lne i informacje obowi\u0105zkowe<\/strong><\/h3><h3>Ochrona danych<\/h3><p>Operatorzy tej witryny bardzo powa\u017cnie podchodz\u0105 do ochrony danych osobowych u\u017cytkownik\u00f3w. Traktujemy dane osobowe u\u017cytkownika jako poufne i zgodnie z ustawowymi przepisami o ochronie danych oraz niniejsz\u0105 polityk\u0105 prywatno\u015bci.<\/p><p>Podczas korzystania z tej witryny gromadzone s\u0105 r\u00f3\u017cne dane osobowe. Dane osobowe to wszelkie dane, na podstawie kt\u00f3rych mo\u017cna zidentyfikowa\u0107 u\u017cytkownika. Niniejsza polityka prywatno\u015bci wyja\u015bnia, jakie informacje gromadzimy i do czego je wykorzystujemy. Wyja\u015bnia r\u00f3wnie\u017c, w jaki spos\u00f3b i w jakim celu to si\u0119 dzieje.<\/p><p>Nale\u017cy pami\u0119ta\u0107, \u017ce dane przesy\u0142ane przez Internet (np. za po\u015brednictwem poczty elektronicznej) mog\u0105 podlega\u0107 naruszeniom bezpiecze\u0144stwa. Pe\u0142na ochrona danych u\u017cytkownika przed dost\u0119pem os\u00f3b trzecich nie jest mo\u017cliwa.<\/p><h3>Powiadomienie dotycz\u0105ce strony odpowiedzialnej za t\u0119 witryn\u0119<\/h3><p>Podmiotem odpowiedzialnym za przetwarzanie danych na tej stronie internetowej jest:<\/p><p>H. &amp; J. BR\u00dcGGEN KG<br \/>Gertrudenstr. 15 15<br \/>23568 L\u00fcbeck<\/p><p>Telefon: +49 451 3100-0<br \/>E-mail: <a href=\"mailto:info@brueggen.com\">info@brueggen.com<\/a><\/p><p>Podmiotem odpowiedzialnym jest osoba fizyczna lub prawna, kt\u00f3ra samodzielnie lub wsp\u00f3lnie z innymi decyduje o celach i \u015brodkach przetwarzania danych osobowych (imion i nazwisk, adres\u00f3w e-mail itp.).<\/p><h3>Cofni\u0119cie zgody na przetwarzanie danych u\u017cytkownika<\/h3><p>Wiele operacji przetwarzania danych jest mo\u017cliwych tylko za wyra\u017an\u0105 zgod\u0105 u\u017cytkownika. U\u017cytkownik mo\u017ce odwo\u0142a\u0107 swoj\u0105 zgod\u0119 w dowolnym momencie ze skutkiem na przysz\u0142o\u015b\u0107. Nieformalna wiadomo\u015b\u0107 e-mail z tak\u0105 pro\u015bb\u0105 jest wystarczaj\u0105ca. Dane przetwarzane przed otrzymaniem wniosku u\u017cytkownika mog\u0105 by\u0107 nadal przetwarzane zgodnie z prawem.<\/p><h3>Szyfrowanie SSL lub TLS<\/h3><p>Ta witryna wykorzystuje szyfrowanie SSL lub TLS ze wzgl\u0119d\u00f3w bezpiecze\u0144stwa oraz w celu ochrony transmisji poufnych tre\u015bci, takich jak zapytania wysy\u0142ane do nas jako operatora witryny. Po\u0142\u0105czenie szyfrowane mo\u017cna rozpozna\u0107 w wierszu adresu przegl\u0105darki, gdy zmienia si\u0119 on z &#8222;http:\/\/&#8221; na &#8222;https:\/\/&#8221;, a na pasku adresu przegl\u0105darki wy\u015bwietlana jest ikona k\u0142\u00f3dki.<\/p><p>Je\u015bli szyfrowanie SSL lub TLS jest w\u0142\u0105czone, dane przesy\u0142ane do nas nie mog\u0105 by\u0107 odczytywane przez osoby trzecie.<\/p><h3>Informacje, blokowanie, usuwanie<\/h3><p>Zgodnie z prawem u\u017cytkownik ma prawo do uzyskania w dowolnym momencie bezp\u0142atnej informacji o przechowywanych danych osobowych, ich pochodzeniu, odbiorcy i celu przetwarzania. U\u017cytkownik ma r\u00f3wnie\u017c prawo do poprawienia, zablokowania lub usuni\u0119cia tych danych. U\u017cytkownik mo\u017ce skontaktowa\u0107 si\u0119 z nami w dowolnym momencie, korzystaj\u0105c z adresu podanego w naszej nocie prawnej, je\u015bli ma dalsze pytania dotycz\u0105ce danych osobowych.<\/p><h3>Sprzeciw wobec promocyjnych wiadomo\u015bci e-mail<\/h3><p>Niniejszym wyra\u017anie zabraniamy wykorzystywania danych kontaktowych opublikowanych w kontek\u015bcie wymog\u00f3w prawnych strony internetowej w odniesieniu do wysy\u0142ania materia\u0142\u00f3w promocyjnych i informacyjnych, kt\u00f3re nie zosta\u0142y wyra\u017anie zam\u00f3wione. Operator witryny zastrzega sobie prawo do podj\u0119cia okre\u015blonych krok\u00f3w prawnych w przypadku otrzymania niezam\u00f3wionych materia\u0142\u00f3w reklamowych, takich jak spam e-mail.<\/p><h3><strong>3. Inspektor ochrony danych<\/strong><\/h3><h3>Ustawowy inspektor ochrony danych<\/h3><p>Wyznaczyli\u015bmy inspektora ochrony danych w naszej firmie.<\/p><p>legimits GmbH<br \/>Ball 1<br \/>51429 Bergisch Gladbach<\/p><p>Telefon: +49 49 22 02\/28 941 0<br \/>E-mail:\u00a0<span style=\"background-color: transparent; letter-spacing: 0em;\">datenschutz-brueggen@legitimis.com<\/span><\/p><h3><strong>4. Gromadzenie danych na naszej stronie internetowej<\/strong><\/h3><h3>Pliki cookie<\/h3><p>Niekt\u00f3re z naszych stron internetowych wykorzystuj\u0105 pliki cookie. Pliki cookie nie s\u0105 szkodliwe dla komputera i nie zawieraj\u0105 wirus\u00f3w. Pliki cookie pomagaj\u0105 uczyni\u0107 nasz\u0105 witryn\u0119 bardziej przyjazn\u0105 dla u\u017cytkownika, wydajn\u0105 i bezpieczn\u0105. Pliki cookie to ma\u0142e pliki tekstowe przechowywane na komputerze u\u017cytkownika i zapisywane przez przegl\u0105dark\u0119.<\/p><p>Wi\u0119kszo\u015b\u0107 u\u017cywanych przez nas plik\u00f3w cookie to tak zwane &#8222;sesyjne pliki cookie&#8221;. S\u0105 one automatycznie usuwane po zako\u0144czeniu wizyty. Inne pliki cookie pozostaj\u0105 w pami\u0119ci urz\u0105dzenia do momentu ich usuni\u0119cia. Te pliki cookie umo\u017cliwiaj\u0105 rozpoznanie przegl\u0105darki u\u017cytkownika podczas kolejnej wizyty na stronie.<\/p><p>U\u017cytkownik mo\u017ce skonfigurowa\u0107 swoj\u0105 przegl\u0105dark\u0119 w taki spos\u00f3b, aby informowa\u0142a go o korzystaniu z plik\u00f3w cookie, dzi\u0119ki czemu b\u0119dzie m\u00f3g\u0142 indywidualnie decydowa\u0107 o ich akceptacji lub odrzuceniu. Alternatywnie, przegl\u0105dark\u0119 mo\u017cna skonfigurowa\u0107 tak, aby automatycznie akceptowa\u0142a pliki cookie pod pewnymi warunkami lub zawsze je odrzuca\u0142a, lub aby automatycznie usuwa\u0142a pliki cookie po zamkni\u0119ciu przegl\u0105darki. Wy\u0142\u0105czenie plik\u00f3w cookie mo\u017ce ograniczy\u0107 funkcjonalno\u015b\u0107 tej witryny.<\/p><p>Pliki cookie, kt\u00f3re s\u0105 niezb\u0119dne do umo\u017cliwienia komunikacji elektronicznej lub zapewnienia okre\u015blonych funkcji, z kt\u00f3rych u\u017cytkownik chce korzysta\u0107 (takich jak koszyk zakup\u00f3w), s\u0105 przechowywane zgodnie z art. 6 ust. 1 lit. f DSGVO. 6 ust. 1 lit. f DSGVO. Operator witryny ma uzasadniony interes w przechowywaniu plik\u00f3w cookie w celu zapewnienia zoptymalizowanej us\u0142ugi wolnej od b\u0142\u0119d\u00f3w technicznych. Je\u015bli przechowywane s\u0105 r\u00f3wnie\u017c inne pliki cookie (takie jak te u\u017cywane do analizy zachowania u\u017cytkownika podczas surfowania), b\u0119d\u0105 one traktowane oddzielnie w niniejszej polityce prywatno\u015bci.<\/p><h3>Pliki dziennika serwera<\/h3><p>Dostawca witryny automatycznie gromadzi i przechowuje informacje, kt\u00f3re przegl\u0105darka u\u017cytkownika automatycznie przesy\u0142a do nas w &#8222;plikach dziennika serwera&#8221;. S\u0105 to:<\/p><ul><li>Typ i wersja przegl\u0105darki<\/li><li>U\u017cywany system operacyjny<\/li><li>Adres URL strony odsy\u0142aj\u0105cej<\/li><li>Nazwa hosta komputera uzyskuj\u0105cego dost\u0119p<\/li><li>Czas \u017c\u0105dania serwera<\/li><li>Adres IP<\/li><\/ul><p>Dane te nie b\u0119d\u0105 \u0142\u0105czone z danymi pochodz\u0105cymi z innych \u017ar\u00f3de\u0142.<\/p><p>Podstaw\u0105 przetwarzania danych jest art. 6 (1) (f) DSGVO, kt\u00f3ry zezwala na przetwarzanie danych w celu realizacji umowy lub \u015brodk\u00f3w poprzedzaj\u0105cych zawarcie umowy.<\/p><h3>Kontakt i formularz zg\u0142oszeniowy<\/h3><p>W przypadku przes\u0142ania nam pyta\u0144 za po\u015brednictwem formularza kontaktowego, b\u0119dziemy gromadzi\u0107 dane wprowadzone w formularzu, w tym dane kontaktowe podane przez u\u017cytkownika, w celu udzielenia odpowiedzi na pytanie i wszelkie dalsze pytania. Nie udost\u0119pniamy tych informacji bez zgody u\u017cytkownika.<\/p><p>W zwi\u0105zku z tym b\u0119dziemy przetwarza\u0107 wszelkie dane wprowadzone do formularza kontaktowego wy\u0142\u0105cznie za zgod\u0105 u\u017cytkownika zgodnie z art. 6 ust. 1 lit. a DSGVO. 6 (1) (a) DSGVO. U\u017cytkownik mo\u017ce odwo\u0142a\u0107 swoj\u0105 zgod\u0119 w dowolnym momencie. Nieformalna wiadomo\u015b\u0107 e-mail z tak\u0105 pro\u015bb\u0105 jest wystarczaj\u0105ca. Dane przetwarzane przed otrzymaniem wniosku u\u017cytkownika mog\u0105 by\u0107 nadal przetwarzane zgodnie z prawem.<\/p><p>B\u0119dziemy przechowywa\u0107 dane podane przez u\u017cytkownika w formularzu kontaktowym, dop\u00f3ki nie za\u017c\u0105da on ich usuni\u0119cia, nie cofnie zgody na ich przechowywanie lub nie ustanie cel ich przechowywania (np. po spe\u0142nieniu \u017c\u0105dania u\u017cytkownika). Przepis ten nie ma wp\u0142ywu na \u017cadne obowi\u0105zkowe przepisy ustawowe, w szczeg\u00f3lno\u015bci te dotycz\u0105ce obowi\u0105zkowych okres\u00f3w przechowywania danych.<\/p><h3><strong>5. Korzystanie z us\u0142ug Microsoft<\/strong><\/h3><p>Korzystamy z r\u00f3\u017cnych us\u0142ug Microsoft\u00ae Corporation na potrzeby konferencji telefonicznych, spotka\u0144, ankiet lub wsp\u00f3\u0142pracy z naszymi pracownikami, klientami, zainteresowanymi stronami i kandydatami. Informacje dotycz\u0105ce ochrony danych w tym zakresie mo\u017cna znale\u017a\u0107 <span style=\"text-decoration: underline;\"><span style=\"color: #ff4143;\"><strong><a style=\"color: #ff4143; text-decoration: underline;\" href=\"https:\/\/www.brueggen.com\/wp-content\/uploads\/sites\/5\/2024\/05\/20240805_DataprotectionInfo_Microsoft-_Services_Brueggen.pdf\" target=\"_blank\" rel=\"noopener\">tutaj<\/a><\/strong><\/span><\/span>.<\/p><h3><strong>6. analiza stron internetowych za po\u015brednictwem Matomo<\/strong><\/h3><p><strong>Rodzaj i zakres przetwarzania danych<\/strong><br \/>Za zgod\u0105 u\u017cytkownika korzystamy na naszej stronie internetowej z narz\u0119dzia programistycznego typu open source Matomo (dawniej PIWIK) od dostawcy InnoCraft Ltd, 150 Willis St, 6011 Wellington, Nowa Zelandia, w celu analizowania zachowa\u0144 naszych u\u017cytkownik\u00f3w podczas surfowania. Oprogramowanie umieszcza plik cookie na komputerze u\u017cytkownika (informacje na temat plik\u00f3w cookie znajduj\u0105 si\u0119 powy\u017cej). Nast\u0119puj\u0105ce dane s\u0105 przechowywane po uzyskaniu dost\u0119pu do strony internetowej <br \/>&#8211; Dwa bajty adresu IP systemu dost\u0119powego u\u017cytkownika,<br \/>&#8211; odwiedzana strona internetowa,<br \/>&#8211; strona internetowa, z kt\u00f3rej u\u017cytkownik uzyska\u0142 dost\u0119p do strony internetowej (referrer)<br \/>&#8211; podstrony, do kt\u00f3rych uzyskano dost\u0119p z odwiedzanej strony internetowej<br \/>&#8211; czas sp\u0119dzony na stronie internetowej<br \/>&#8211; cz\u0119stotliwo\u015b\u0107 odwiedzania strony internetowej.<br \/>Oprogramowanie dzia\u0142a wy\u0142\u0105cznie na serwerach naszej strony internetowej. Dane osobowe u\u017cytkownika s\u0105 przechowywane wy\u0142\u0105cznie tam. Dane te nie s\u0105 przekazywane osobom trzecim. Nie jest mo\u017cliwe wyci\u0105gni\u0119cie wniosk\u00f3w na temat konkretnej osoby, poniewa\u017c adres IP u\u017cytkownika jest anonimizowany natychmiast po przetworzeniu i przed zapisaniem.<\/p>\t\t\t\t\t\t\t\t<\/div>\n\t\t\t\t\t<\/div>\n\t\t<\/div>\n\t\t\t\t\t<\/div>\n\t\t<\/section>\n\t\t\t\t\t<\/div>\n\t\t<\/div>\n\t\t\t\t\t<\/div>\n\t\t<\/section>\n\t\t<div class=\"elementor-element elementor-element-f4775b3 e-flex e-con-boxed e-con e-parent\" data-id=\"f4775b3\" data-element_type=\"container\" data-e-type=\"container\">\n\t\t\t\t\t<div class=\"e-con-inner\">\n\t\t\t\t<div class=\"elementor-element elementor-element-36e0fb5 elementor-widget elementor-widget-shortcode\" data-id=\"36e0fb5\" data-element_type=\"widget\" data-e-type=\"widget\" data-widget_type=\"shortcode.default\">\n\t\t\t\t\t\t\t<div class=\"elementor-shortcode\"><p id=\"matomo_opted_out_intro\" style=\"display:none;\">Pe\u0142na dezaktywacja. Nie b\u0119dziesz odnotowywany przez narz\u0119dzie statystyk i analityki. Prosimy zauwa\u017cy\u0107, \u017ce je\u015bli usuniesz swoje pliki ciasteczek cookies, zostan\u0105 skasowane ciasteczka wy\u0142\u0105czaj\u0105ce \u015bledzenie, lub je\u015bli zmienisz komputer czy przegl\u0105dark\u0119, b\u0119dziesz musia\u0142 powt\u00f3rzy\u0107 procedur\u0119 wy\u0142\u0105czenia analizy statystycznej raz jeszcze.<\/p><p id=\"matomo_opted_in_intro\" >Mo\u017cesz uniemo\u017cliwi\u0107 tej stronie agregowanie i analizowanie dzia\u0142a\u0144, kt\u00f3re tu podejmujesz. Takie post\u0119powanie ochroni twoj\u0105 prywatno\u015b\u0107, ale uniemo\u017cliwi w\u0142a\u015bcicielowi nauk\u0119 na podstawie twoich dzia\u0142a\u0144 i poprawienie jako\u015bci dla ciebie i innych u\u017cytkownik\u00f3w.<\/p><form>\n        <input type=\"checkbox\" id=\"matomo_optout_checkbox\" checked=\"checked\"\/>\n        <label for=\"matomo_optout_checkbox\"><strong>\n        <span id=\"matomo_opted_in_label\" >Nie wycofano zgody. Odznacz to pole aby wy\u0142\u0105czy\u0107 analiz\u0119.<\/span>\n\t\t<span id=\"matomo_opted_out_label\" style=\"display:none;\">Wykluczono Ci\u0119 z procesu analityki statystycznej Zaznacz to pole aby w\u0142\u0105czy\u0107 analiz\u0119.<\/span>\n        <\/strong><\/label><\/form><noscript><p><strong style=\"color: #ff0000;\">This opt out feature requires JavaScript.<\/strong><\/p><\/noscript><p id=\"matomo_outout_err_cookies\" style=\"display: none;\"><strong>The tracking opt-out feature requires cookies to be enabled.<\/strong><\/p><\/div>\n\t\t\t\t\t\t<\/div>\n\t\t\t\t\t<\/div>\n\t\t\t\t<\/div>\n\t\t\t\t<\/div>\n\t\t","protected":false},"excerpt":{"rendered":"<p>Polityka prywatno\u015bci 1. Przegl\u0105d ochrony danych Og\u00f3lne Poni\u017cej znajduje si\u0119 prosty przegl\u0105d tego, co dzieje si\u0119 z danymi osobowymi u\u017cytkownika podczas odwiedzania naszej witryny internetowej. Dane osobowe to wszelkie dane, na podstawie kt\u00f3rych mo\u017cna zidentyfikowa\u0107 u\u017cytkownika. Szczeg\u00f3\u0142owe informacje na temat ochrony danych mo\u017cna znale\u017a\u0107 w naszej polityce prywatno\u015bci znajduj\u0105cej si\u0119 poni\u017cej. Gromadzenie danych na naszej&#8230;<\/p>\n","protected":false},"author":2,"featured_media":0,"parent":0,"menu_order":14,"comment_status":"closed","ping_status":"closed","template":"","meta":{"_kad_post_transparent":"","_kad_post_title":"","_kad_post_layout":"","_kad_post_sidebar_id":"","_kad_post_content_style":"","_kad_post_vertical_padding":"","_kad_post_feature":"","_kad_post_feature_position":"","_kad_post_header":false,"_kad_post_footer":false,"footnotes":""},"class_list":["post-5596","page","type-page","status-publish","hentry"],"_links":{"self":[{"href":"https:\/\/www.brueggen.com\/pl\/wp-json\/wp\/v2\/pages\/5596","targetHints":{"allow":["GET"]}}],"collection":[{"href":"https:\/\/www.brueggen.com\/pl\/wp-json\/wp\/v2\/pages"}],"about":[{"href":"https:\/\/www.brueggen.com\/pl\/wp-json\/wp\/v2\/types\/page"}],"author":[{"embeddable":true,"href":"https:\/\/www.brueggen.com\/pl\/wp-json\/wp\/v2\/users\/2"}],"replies":[{"embeddable":true,"href":"https:\/\/www.brueggen.com\/pl\/wp-json\/wp\/v2\/comments?post=5596"}],"version-history":[{"count":9,"href":"https:\/\/www.brueggen.com\/pl\/wp-json\/wp\/v2\/pages\/5596\/revisions"}],"predecessor-version":[{"id":33405,"href":"https:\/\/www.brueggen.com\/pl\/wp-json\/wp\/v2\/pages\/5596\/revisions\/33405"}],"wp:attachment":[{"href":"https:\/\/www.brueggen.com\/pl\/wp-json\/wp\/v2\/media?parent=5596"}],"curies":[{"name":"wp","href":"https:\/\/api.w.org\/{rel}","templated":true}]}}