{"id":5658,"date":"2024-02-13T12:54:22","date_gmt":"2024-02-13T11:54:22","guid":{"rendered":"https:\/\/www-neu.brueggen.com\/kodeks-postepowania\/"},"modified":"2026-03-04T21:03:36","modified_gmt":"2026-03-04T20:03:36","slug":"kodeks-postepowania","status":"publish","type":"page","link":"https:\/\/www.brueggen.com\/pl\/kodeks-postepowania\/","title":{"rendered":"Kodeks post\u0119powania"},"content":{"rendered":"\t\t<div data-elementor-type=\"wp-page\" data-elementor-id=\"5658\" class=\"elementor elementor-5658 elementor-2712\" data-elementor-post-type=\"page\">\n\t\t\t\t\t\t<section class=\"elementor-section elementor-top-section elementor-element elementor-element-b4b7bf7 elementor-section-boxed elementor-section-height-default elementor-section-height-default\" data-id=\"b4b7bf7\" data-element_type=\"section\" data-e-type=\"section\">\n\t\t\t\t\t\t<div class=\"elementor-container elementor-column-gap-default\">\n\t\t\t\t\t<div class=\"elementor-column elementor-col-100 elementor-top-column elementor-element elementor-element-afcca9b\" data-id=\"afcca9b\" data-element_type=\"column\" data-e-type=\"column\">\n\t\t\t<div class=\"elementor-widget-wrap elementor-element-populated\">\n\t\t\t\t\t\t<section class=\"elementor-section elementor-inner-section elementor-element elementor-element-283bfe6 elementor-section-boxed elementor-section-height-default elementor-section-height-default\" data-id=\"283bfe6\" data-element_type=\"section\" data-e-type=\"section\">\n\t\t\t\t\t\t<div class=\"elementor-container elementor-column-gap-default\">\n\t\t\t\t\t<div class=\"elementor-column elementor-col-100 elementor-inner-column elementor-element elementor-element-c63ba48 elementor-invisible\" data-id=\"c63ba48\" data-element_type=\"column\" data-e-type=\"column\" data-settings=\"{&quot;animation&quot;:&quot;fadeIn&quot;}\">\n\t\t\t<div class=\"elementor-widget-wrap elementor-element-populated\">\n\t\t\t\t\t\t<div class=\"elementor-element elementor-element-11c039f elementor-hidden-tablet elementor-hidden-mobile elementor-widget elementor-widget-spacer\" data-id=\"11c039f\" data-element_type=\"widget\" data-e-type=\"widget\" data-widget_type=\"spacer.default\">\n\t\t\t\t\t\t\t<div class=\"elementor-spacer\">\n\t\t\t<div class=\"elementor-spacer-inner\"><\/div>\n\t\t<\/div>\n\t\t\t\t\t\t<\/div>\n\t\t\t\t<div class=\"elementor-element elementor-element-fd13b45 elementor-widget elementor-widget-heading\" data-id=\"fd13b45\" data-element_type=\"widget\" data-e-type=\"widget\" data-widget_type=\"heading.default\">\n\t\t\t\t\t<h1 class=\"elementor-heading-title elementor-size-default\">Kodeks post\u0119powania<\/h1>\t\t\t\t<\/div>\n\t\t\t\t<div class=\"elementor-element elementor-element-b76ce4b elementor-widget elementor-widget-text-editor\" data-id=\"b76ce4b\" data-element_type=\"widget\" data-e-type=\"widget\" data-widget_type=\"text-editor.default\">\n\t\t\t\t\t\t\t\t\t<p>Grupa Br\u00fcggen &#8211; firma rodzinna z ponad 150-letni\u0105 histori\u0105 &#8211; koncentruje swoj\u0105 uwag\u0119 nie tylko na zakupie, produkcji i dystrybucji bezpiecznych produkt\u00f3w, ale tak\u017ce na przestrzeganiu standard\u00f3w spo\u0142ecznych i \u015brodowiskowych we w\u0142asnym obszarze biznesowym i u bezpo\u015brednich dostawc\u00f3w.<\/p><p>Nasze zasady korporacyjne, kt\u00f3re s\u0105 okre\u015blone w naszym\u00a0<span style=\"text-decoration: underline;color: #ff4143\"><strong><a style=\"color: #ff4143;text-decoration: underline\" href=\"https:\/\/www.brueggen.com\/wp-content\/uploads\/sites\/5\/2025\/08\/Brueggen-Code-of-Conduct-Verhaltenskodex-210x210-08-2025-Web-PL.pdf\" target=\"_blank\" rel=\"noopener\">Kodeksie post\u0119powania<\/a>\u00a0<\/strong><\/span>stanowi\u0105 podstaw\u0119 opartej na zaufaniu, konstruktywnej i d\u0142ugoterminowej wsp\u00f3\u0142pracy. Zgodno\u015b\u0107 z przepisami jest zatem kamieniem w\u0119gielnym sukcesu naszej firmy.<\/p><p>Wa\u017cne jest dla nas, aby\u015bmy mogli nadal zapewnia\u0107 przestrzeganie tych wytycznych w przysz\u0142o\u015bci. Dlatego chcieliby\u015bmy prosi\u0107 o pomoc. Je\u015bli na przyk\u0142ad zaobserwowa\u0142e\u015b lub zosta\u0142e\u015b poinformowany o naruszeniu praw cz\u0142owieka, prawa antymonopolowego, przepis\u00f3w dotycz\u0105cych ochrony \u015brodowiska, standard\u00f3w bezpiecze\u0144stwa pracy lub podobnych, poinformuj nas o tym za po\u015brednictwem naszego systemu zg\u0142aszania nieprawid\u0142owo\u015bci. Przekazane informacje oczywi\u015bcie NIGDY nie b\u0119d\u0105 traktowane jako nadu\u017cycie zaufania. Wszystkie zg\u0142oszenia b\u0119d\u0105 przetwarzane z zachowaniem najwy\u017cszej poufno\u015bci, a osoba zg\u0142aszaj\u0105ca otrzyma szybk\u0105 informacj\u0119 zwrotn\u0105 na temat zg\u0142oszonego incydentu. Informacje te s\u0105 wa\u017cne, aby przeciwdzia\u0142a\u0107 naruszeniom zgodno\u015bci na wczesnym etapie i, je\u015bli to mo\u017cliwe, zapobiega\u0107 naruszeniom przed wyst\u0105pieniem szk\u00f3d.<\/p><p>Dzi\u0119kujemy za pomoc i jeste\u015bmy wdzi\u0119czni za wszelkie informacje.<\/p><h3>O\u015bwiadczenie dotycz\u0105ce polityki w zakresie praw cz\u0142owieka<\/h3><p>Odpowiedzialne dzia\u0142anie jest integraln\u0105 cz\u0119\u015bci\u0105 naszej strategii korporacyjnej. Przestrzeganie praw cz\u0142owieka i zapobieganie ich \u0142amaniu uwa\u017camy za rzecz oczywist\u0105. Dotyczy to naszego w\u0142asnego obszaru dzia\u0142alno\u015bci oraz &#8211; w zale\u017cno\u015bci od zakresu wp\u0142ywu &#8211; naszego \u0142a\u0144cucha warto\u015bci. W ramach ustawy o obowi\u0105zku zachowania nale\u017cytej staranno\u015bci w \u0142a\u0144cuchu dostaw b\u0119dziemy co roku publicznie informowa\u0107 o naszych dzia\u0142aniach i projektach. <a href=\"https:\/\/www.brueggen.com\/wp-content\/uploads\/sites\/5\/2025\/04\/HJBrueggenKG-Declaration-of-principles-EN-NEW-1.pdf\" target=\"_blank\" rel=\"noopener\"><span style=\"text-decoration: underline\"><strong><span style=\"color: #ff4143;text-decoration: underline\">Pod tym linkiem znajduje si\u0119 deklaracja zasad H. &amp; J. Br\u00fcggen KG.<\/span><\/strong><\/span><\/a><\/p><p><strong>System informowania o nieprawid\u0142owo\u015bciach H. &amp; J. Br\u00fcggen KG<\/strong><br \/>Sprawdzamy ka\u017cde zg\u0142oszenie i konsekwentnie je monitorujemy. Jeste\u015bmy wdzi\u0119czni za wszelkie informacje. Informacje NIGDY nie b\u0119d\u0105 uznawane za naruszenie zaufania i nie b\u0119d\u0105 stosowane \u017cadne formy szkodliwego zachowania wobec sygnalist\u00f3w. <span style=\"text-decoration: underline\"><span style=\"color: #ff4143\"><strong><a style=\"color: #ff4143;text-decoration: underline\" href=\"https:\/\/www.brueggen.com\/pl\/kodeks-postepowania\/hinweisgebersystem-formular\/\">Kliknij ten link.<\/a><\/strong><\/span><\/span><br \/>Regulamin post\u0119powania mo\u017cna znale\u017a\u0107 <span style=\"text-decoration: underline\"><span style=\"color: #ff4143\"><strong><a style=\"color: #ff4143;text-decoration: underline\" href=\"https:\/\/www.brueggen.com\/wp-content\/uploads\/sites\/5\/2025\/07\/Brueggen_Regulamin-procedury-dla-systemu-sygnalizacji-nieprawidlowosci-23072025-he.pdf\">tutaj<\/a><\/strong><\/span><\/span>.<\/p>\t\t\t\t\t\t\t\t<\/div>\n\t\t\t\t\t<\/div>\n\t\t<\/div>\n\t\t\t\t\t<\/div>\n\t\t<\/section>\n\t\t\t\t\t<\/div>\n\t\t<\/div>\n\t\t\t\t\t<\/div>\n\t\t<\/section>\n\t\t\t\t<\/div>\n\t\t","protected":false},"excerpt":{"rendered":"<p>Kodeks post\u0119powania Grupa Br\u00fcggen &#8211; firma rodzinna z ponad 150-letni\u0105 histori\u0105 &#8211; koncentruje swoj\u0105 uwag\u0119 nie tylko na zakupie, produkcji i dystrybucji bezpiecznych produkt\u00f3w, ale tak\u017ce na przestrzeganiu standard\u00f3w spo\u0142ecznych i \u015brodowiskowych we w\u0142asnym obszarze biznesowym i u bezpo\u015brednich dostawc\u00f3w. Nasze zasady korporacyjne, kt\u00f3re s\u0105 okre\u015blone w naszym\u00a0Kodeksie post\u0119powania\u00a0stanowi\u0105 podstaw\u0119 opartej na zaufaniu, konstruktywnej i&#8230;<\/p>\n","protected":false},"author":2,"featured_media":0,"parent":0,"menu_order":15,"comment_status":"closed","ping_status":"closed","template":"","meta":{"_kad_post_transparent":"","_kad_post_title":"","_kad_post_layout":"","_kad_post_sidebar_id":"","_kad_post_content_style":"","_kad_post_vertical_padding":"","_kad_post_feature":"","_kad_post_feature_position":"","_kad_post_header":false,"_kad_post_footer":false,"footnotes":""},"class_list":["post-5658","page","type-page","status-publish","hentry"],"_links":{"self":[{"href":"https:\/\/www.brueggen.com\/pl\/wp-json\/wp\/v2\/pages\/5658","targetHints":{"allow":["GET"]}}],"collection":[{"href":"https:\/\/www.brueggen.com\/pl\/wp-json\/wp\/v2\/pages"}],"about":[{"href":"https:\/\/www.brueggen.com\/pl\/wp-json\/wp\/v2\/types\/page"}],"author":[{"embeddable":true,"href":"https:\/\/www.brueggen.com\/pl\/wp-json\/wp\/v2\/users\/2"}],"replies":[{"embeddable":true,"href":"https:\/\/www.brueggen.com\/pl\/wp-json\/wp\/v2\/comments?post=5658"}],"version-history":[{"count":18,"href":"https:\/\/www.brueggen.com\/pl\/wp-json\/wp\/v2\/pages\/5658\/revisions"}],"predecessor-version":[{"id":33223,"href":"https:\/\/www.brueggen.com\/pl\/wp-json\/wp\/v2\/pages\/5658\/revisions\/33223"}],"wp:attachment":[{"href":"https:\/\/www.brueggen.com\/pl\/wp-json\/wp\/v2\/media?parent=5658"}],"curies":[{"name":"wp","href":"https:\/\/api.w.org\/{rel}","templated":true}]}}