{"id":5664,"date":"2024-03-05T09:10:22","date_gmt":"2024-03-05T08:10:22","guid":{"rendered":"https:\/\/www-neu.brueggen.com\/tradycyjne-zboza\/"},"modified":"2026-03-09T21:24:49","modified_gmt":"2026-03-09T20:24:49","slug":"tradycyjne-zboza","status":"publish","type":"page","link":"https:\/\/www.brueggen.com\/pl\/produkty-i-uslugi\/tradycyjne-zboza\/","title":{"rendered":"Tradycyjne zbo\u017ca"},"content":{"rendered":"\t\t<div data-elementor-type=\"wp-page\" data-elementor-id=\"5664\" class=\"elementor elementor-5664 elementor-3460\" data-elementor-post-type=\"page\">\n\t\t\t\t<div class=\"elementor-element elementor-element-d567fd9 e-flex e-con-boxed e-con e-parent\" data-id=\"d567fd9\" data-element_type=\"container\" data-e-type=\"container\">\n\t\t\t\t\t<div class=\"e-con-inner\">\n\t\t\t\t<div class=\"elementor-element elementor-element-11fbeba elementor-widget elementor-widget-image\" data-id=\"11fbeba\" data-element_type=\"widget\" data-e-type=\"widget\" data-widget_type=\"image.default\">\n\t\t\t\t\t\t\t\t\t\t\t\t\t\t\t<img decoding=\"async\" width=\"1024\" height=\"439\" src=\"https:\/\/www.brueggen.com\/wp-content\/uploads\/sites\/5\/2024\/03\/Design-ohne-Titel-11-1024x439.jpg\" class=\"attachment-large size-large wp-image-5187\" alt=\"\" srcset=\"https:\/\/www.brueggen.com\/wp-content\/uploads\/sites\/5\/2024\/03\/Design-ohne-Titel-11-1024x439.jpg 1024w, https:\/\/www.brueggen.com\/wp-content\/uploads\/sites\/5\/2024\/03\/Design-ohne-Titel-11-300x129.jpg 300w, https:\/\/www.brueggen.com\/wp-content\/uploads\/sites\/5\/2024\/03\/Design-ohne-Titel-11-768x329.jpg 768w, https:\/\/www.brueggen.com\/wp-content\/uploads\/sites\/5\/2024\/03\/Design-ohne-Titel-11-18x8.jpg 18w, https:\/\/www.brueggen.com\/wp-content\/uploads\/sites\/5\/2024\/03\/Design-ohne-Titel-11.jpg 1400w\" sizes=\"(max-width: 1024px) 100vw, 1024px\" \/>\t\t\t\t\t\t\t\t\t\t\t\t\t\t\t<\/div>\n\t\t\t\t\t<\/div>\n\t\t\t\t<\/div>\n\t\t\t\t<section class=\"elementor-section elementor-top-section elementor-element elementor-element-72f6a63 elementor-section-boxed elementor-section-height-default elementor-section-height-default\" data-id=\"72f6a63\" data-element_type=\"section\" data-e-type=\"section\">\n\t\t\t\t\t\t<div class=\"elementor-container elementor-column-gap-default\">\n\t\t\t\t\t<div class=\"elementor-column elementor-col-100 elementor-top-column elementor-element elementor-element-e5b8380\" data-id=\"e5b8380\" data-element_type=\"column\" data-e-type=\"column\">\n\t\t\t<div class=\"elementor-widget-wrap elementor-element-populated\">\n\t\t\t\t\t\t<section class=\"elementor-section elementor-inner-section elementor-element elementor-element-c4b838a elementor-section-boxed elementor-section-height-default elementor-section-height-default\" data-id=\"c4b838a\" data-element_type=\"section\" data-e-type=\"section\">\n\t\t\t\t\t\t<div class=\"elementor-container elementor-column-gap-default\">\n\t\t\t\t\t<div class=\"elementor-column elementor-col-100 elementor-inner-column elementor-element elementor-element-23c90c0 elementor-invisible\" data-id=\"23c90c0\" data-element_type=\"column\" data-e-type=\"column\" data-settings=\"{&quot;animation&quot;:&quot;fadeIn&quot;}\">\n\t\t\t<div class=\"elementor-widget-wrap elementor-element-populated\">\n\t\t\t\t\t\t<div class=\"elementor-element elementor-element-620b530 elementor-widget elementor-widget-heading\" data-id=\"620b530\" data-element_type=\"widget\" data-e-type=\"widget\" data-widget_type=\"heading.default\">\n\t\t\t\t\t<h1 class=\"elementor-heading-title elementor-size-default\">Witamy w produktach Br\u00fcggen - \u015bwiecie zb\u00f3\u017c<\/h1>\t\t\t\t<\/div>\n\t\t\t\t<div class=\"elementor-element elementor-element-5342202 elementor-widget elementor-widget-text-editor\" data-id=\"5342202\" data-element_type=\"widget\" data-e-type=\"widget\" data-widget_type=\"text-editor.default\">\n\t\t\t\t\t\t\t\t\t<p>W Br\u00fcggen jeste\u015bmy dumni z tego, \u017ce jeste\u015bmy firm\u0105 rodzinn\u0105 za\u0142o\u017con\u0105 w 1868 roku. Jako wiod\u0105cy producent marek w\u0142asnych specjalizujemy si\u0119 w produkcji wysokiej jako\u015bci p\u0142atk\u00f3w \u015bniadaniowych. Nasz dynamiczny zesp\u00f3\u0142 sk\u0142adaj\u0105cy si\u0119 z oko\u0142o 2000 oddanych profesjonalist\u00f3w wsp\u00f3\u0142pracuje w pi\u0119ciu strategicznych lokalizacjach w czterech krajach, aby dostarcza\u0107 po\u017cywne i pyszne produkty naszym cenionym klientom na ca\u0142ym \u015bwiecie.<\/p>\n\t\t\t\t\t\t\t\t<\/div>\n\t\t\t\t\t<\/div>\n\t\t<\/div>\n\t\t\t\t\t<\/div>\n\t\t<\/section>\n\t\t\t\t\t<\/div>\n\t\t<\/div>\n\t\t\t\t\t<\/div>\n\t\t<\/section>\n\t\t\t\t<section class=\"elementor-section elementor-top-section elementor-element elementor-element-40d68ff elementor-section-boxed elementor-section-height-default elementor-section-height-default\" data-id=\"40d68ff\" data-element_type=\"section\" data-e-type=\"section\" data-settings=\"{&quot;background_background&quot;:&quot;classic&quot;}\">\n\t\t\t\t\t\t<div class=\"elementor-container elementor-column-gap-default\">\n\t\t\t\t\t<div class=\"elementor-column elementor-col-100 elementor-top-column elementor-element elementor-element-cbdc32c\" data-id=\"cbdc32c\" data-element_type=\"column\" data-e-type=\"column\">\n\t\t\t<div class=\"elementor-widget-wrap elementor-element-populated\">\n\t\t\t\t\t\t<section class=\"elementor-section elementor-inner-section elementor-element elementor-element-b00d847 elementor-section-boxed elementor-section-height-default elementor-section-height-default\" data-id=\"b00d847\" data-element_type=\"section\" data-e-type=\"section\">\n\t\t\t\t\t\t<div class=\"elementor-container elementor-column-gap-default\">\n\t\t\t\t\t<div class=\"elementor-column elementor-col-100 elementor-inner-column elementor-element elementor-element-194670c elementor-invisible\" data-id=\"194670c\" data-element_type=\"column\" data-e-type=\"column\" data-settings=\"{&quot;animation&quot;:&quot;fadeIn&quot;}\">\n\t\t\t<div class=\"elementor-widget-wrap elementor-element-populated\">\n\t\t\t\t\t\t<div class=\"elementor-element elementor-element-1a94ed6 elementor-widget elementor-widget-spacer\" data-id=\"1a94ed6\" data-element_type=\"widget\" data-e-type=\"widget\" data-widget_type=\"spacer.default\">\n\t\t\t\t\t\t\t<div class=\"elementor-spacer\">\n\t\t\t<div class=\"elementor-spacer-inner\"><\/div>\n\t\t<\/div>\n\t\t\t\t\t\t<\/div>\n\t\t\t\t<div class=\"elementor-element elementor-element-3c47247 elementor-widget elementor-widget-heading\" data-id=\"3c47247\" data-element_type=\"widget\" data-e-type=\"widget\" data-widget_type=\"heading.default\">\n\t\t\t\t\t<h2 class=\"elementor-heading-title elementor-size-default\">Tradycyjne zbo\u017ca<\/h2>\t\t\t\t<\/div>\n\t\t\t\t<div class=\"elementor-element elementor-element-3191d42 elementor-widget-divider--view-line elementor-widget elementor-widget-divider\" data-id=\"3191d42\" data-element_type=\"widget\" data-e-type=\"widget\" data-widget_type=\"divider.default\">\n\t\t\t\t\t\t\t<div class=\"elementor-divider\">\n\t\t\t<span class=\"elementor-divider-separator\">\n\t\t\t\t\t\t<\/span>\n\t\t<\/div>\n\t\t\t\t\t\t<\/div>\n\t\t\t\t\t<\/div>\n\t\t<\/div>\n\t\t\t\t\t<\/div>\n\t\t<\/section>\n\t\t\t\t\t<\/div>\n\t\t<\/div>\n\t\t\t\t\t<\/div>\n\t\t<\/section>\n\t\t<div class=\"elementor-element elementor-element-44c0c73 e-flex e-con-boxed e-con e-parent\" data-id=\"44c0c73\" data-element_type=\"container\" data-e-type=\"container\">\n\t\t\t\t\t<div class=\"e-con-inner\">\n\t\t<div class=\"elementor-element elementor-element-b90f2e9 e-con-full e-flex e-con e-child\" data-id=\"b90f2e9\" data-element_type=\"container\" data-e-type=\"container\">\n\t\t\t\t<div class=\"elementor-element elementor-element-71190f1 elementor-tablet-align-center elementor-align-center elementor-widget elementor-widget-button\" data-id=\"71190f1\" data-element_type=\"widget\" data-e-type=\"widget\" data-widget_type=\"button.default\">\n\t\t\t\t\t\t\t\t\t\t<a class=\"elementor-button elementor-size-xs\" role=\"button\">\n\t\t\t\t\t\t<span class=\"elementor-button-content-wrapper\">\n\t\t\t\t\t\t\t\t\t<span class=\"elementor-button-text\">Tradycyjne zbo\u017ca<\/span>\n\t\t\t\t\t<\/span>\n\t\t\t\t\t<\/a>\n\t\t\t\t\t\t\t\t<\/div>\n\t\t\t\t<\/div>\n\t\t<div class=\"elementor-element elementor-element-e794985 e-con-full e-flex e-con e-child\" data-id=\"e794985\" data-element_type=\"container\" data-e-type=\"container\">\n\t\t\t\t<div class=\"elementor-element elementor-element-e519c4e elementor-tablet-align-center elementor-align-center elementor-widget elementor-widget-button\" data-id=\"e519c4e\" data-element_type=\"widget\" data-e-type=\"widget\" data-widget_type=\"button.default\">\n\t\t\t\t\t\t\t\t\t\t<a class=\"elementor-button elementor-button-link elementor-size-xs\" href=\"https:\/\/www.brueggen.com\/pl\/produkty-i-uslugi\/musli\/\">\n\t\t\t\t\t\t<span class=\"elementor-button-content-wrapper\">\n\t\t\t\t\t\t\t\t\t<span class=\"elementor-button-text\">Musli<\/span>\n\t\t\t\t\t<\/span>\n\t\t\t\t\t<\/a>\n\t\t\t\t\t\t\t\t<\/div>\n\t\t\t\t<\/div>\n\t\t<div class=\"elementor-element elementor-element-d987d1b e-con-full e-flex e-con e-child\" data-id=\"d987d1b\" data-element_type=\"container\" data-e-type=\"container\">\n\t\t\t\t<div class=\"elementor-element elementor-element-ef572fa elementor-tablet-align-center elementor-align-center elementor-widget elementor-widget-button\" data-id=\"ef572fa\" data-element_type=\"widget\" data-e-type=\"widget\" data-widget_type=\"button.default\">\n\t\t\t\t\t\t\t\t\t\t<a class=\"elementor-button elementor-button-link elementor-size-xs\" href=\"https:\/\/www.brueggen.com\/pl\/produkty-i-uslugi\/produkty-mlynarskie\/\">\n\t\t\t\t\t\t<span class=\"elementor-button-content-wrapper\">\n\t\t\t\t\t\t\t\t\t<span class=\"elementor-button-text\">Produkty M\u0142ynarskie<\/span>\n\t\t\t\t\t<\/span>\n\t\t\t\t\t<\/a>\n\t\t\t\t\t\t\t\t<\/div>\n\t\t\t\t<\/div>\n\t\t<div class=\"elementor-element elementor-element-56b338c e-con-full e-flex e-con e-child\" data-id=\"56b338c\" data-element_type=\"container\" data-e-type=\"container\">\n\t\t\t\t<div class=\"elementor-element elementor-element-688fb5a elementor-tablet-align-center elementor-align-center elementor-widget elementor-widget-button\" data-id=\"688fb5a\" data-element_type=\"widget\" data-e-type=\"widget\" data-widget_type=\"button.default\">\n\t\t\t\t\t\t\t\t\t\t<a class=\"elementor-button elementor-button-link elementor-size-xs\" href=\"https:\/\/www.brueggen.com\/pl\/produkty-i-uslugi\/batony\/\">\n\t\t\t\t\t\t<span class=\"elementor-button-content-wrapper\">\n\t\t\t\t\t\t\t\t\t<span class=\"elementor-button-text\">Batony<\/span>\n\t\t\t\t\t<\/span>\n\t\t\t\t\t<\/a>\n\t\t\t\t\t\t\t\t<\/div>\n\t\t\t\t<\/div>\n\t\t\t\t\t<\/div>\n\t\t\t\t<\/div>\n\t\t<div class=\"elementor-element elementor-element-8989389 e-flex e-con-boxed e-con e-parent\" data-id=\"8989389\" data-element_type=\"container\" data-e-type=\"container\">\n\t\t\t\t\t<div class=\"e-con-inner\">\n\t\t<div class=\"elementor-element elementor-element-eaad8b2 e-con-full e-flex e-con e-child\" data-id=\"eaad8b2\" data-element_type=\"container\" data-e-type=\"container\">\n\t\t\t\t<div class=\"elementor-element elementor-element-820f37c elementor-widget elementor-widget-image\" data-id=\"820f37c\" data-element_type=\"widget\" data-e-type=\"widget\" data-widget_type=\"image.default\">\n\t\t\t\t\t\t\t\t\t\t\t\t\t\t\t<img decoding=\"async\" src=\"https:\/\/www.brueggen.com\/wp-content\/uploads\/sites\/5\/elementor\/thumbs\/Cornflakes-Flaeche-Schaerfe-gesamt-0856-0857-0858-bearbeitet-scaled-r1qlwg2q82x8pn9185cxdyl90vnw7zgeti6jyy9lfc.jpg\" title=\"Cornflakes Fla\u0308che Scha\u0308rfe gesamt 0856 0857 0858-bearbeitet\" alt=\"Cornflakes Fla\u0308che Scha\u0308rfe gesamt 0856 0857 0858-bearbeitet\" loading=\"lazy\" \/>\t\t\t\t\t\t\t\t\t\t\t\t\t\t\t<\/div>\n\t\t\t\t<\/div>\n\t\t<div class=\"elementor-element elementor-element-c02ff23 e-con-full e-flex e-con e-child\" data-id=\"c02ff23\" data-element_type=\"container\" data-e-type=\"container\">\n\t\t\t\t<div class=\"elementor-element elementor-element-39fccda elementor-widget elementor-widget-heading\" data-id=\"39fccda\" data-element_type=\"widget\" data-e-type=\"widget\" data-widget_type=\"heading.default\">\n\t\t\t\t\t<h3 class=\"elementor-heading-title elementor-size-default\">P\u0142atki<\/h3>\t\t\t\t<\/div>\n\t\t\t\t<div class=\"elementor-element elementor-element-34474f5 elementor-widget elementor-widget-text-editor\" data-id=\"34474f5\" data-element_type=\"widget\" data-e-type=\"widget\" data-widget_type=\"text-editor.default\">\n\t\t\t\t\t\t\t\t\t<p><span class=\"OYPEnA text-decoration-none text-strikethrough-none\">Chrupi\u0105ce p\u0142atki s\u0105 produkowane w Br\u00fcggen przy u\u017cyciu tradycyjnego procesu gotowania. Przetwarzanie p\u0142atk\u00f3w \u015bniadaniowych obejmuje r\u00f3wnie\u017c walcowanie, pra\u017cenie i pakowanie, a tak\u017ce opcjonalne powlekanie. P\u0142atki do kabriolet\u00f3w mog\u0105 by\u0107 produkowane indywidualnie w zale\u017cno\u015bci od receptury i rozmiaru.<\/span><\/p>\n\t\t\t\t\t\t\t\t<\/div>\n\t\t\t\t<\/div>\n\t\t\t\t\t<\/div>\n\t\t\t\t<\/div>\n\t\t<div class=\"elementor-element elementor-element-09f002a e-flex e-con-boxed e-con e-parent\" data-id=\"09f002a\" data-element_type=\"container\" data-e-type=\"container\">\n\t\t\t\t\t<div class=\"e-con-inner\">\n\t\t<div class=\"elementor-element elementor-element-a0b8f22 e-con-full e-flex e-con e-child\" data-id=\"a0b8f22\" data-element_type=\"container\" data-e-type=\"container\">\n\t\t\t\t<div class=\"elementor-element elementor-element-720c5cf elementor-widget elementor-widget-heading\" data-id=\"720c5cf\" data-element_type=\"widget\" data-e-type=\"widget\" data-widget_type=\"heading.default\">\n\t\t\t\t\t<h3 class=\"elementor-heading-title elementor-size-default\">P\u0142atki wieloziarniste i otr\u0119by<\/h3>\t\t\t\t<\/div>\n\t\t\t\t<div class=\"elementor-element elementor-element-dcb3fce elementor-widget elementor-widget-text-editor\" data-id=\"dcb3fce\" data-element_type=\"widget\" data-e-type=\"widget\" data-widget_type=\"text-editor.default\">\n\t\t\t\t\t\t\t\t\t<p><span class=\"OYPEnA text-decoration-none text-strikethrough-none\">P\u0142atki wieloziarniste s\u0105 wytwarzane z kilku rodzaj\u00f3w ziaren. Najpopularniejsze z nich to pe\u0142noziarnista pszenica i ry\u017c. R\u00f3\u017cnorodno\u015b\u0107 produktu oznacza, \u017ce mo\u017cna oferowa\u0107 szerok\u0105 gam\u0119 produkt\u00f3w, od chrupi\u0105cych po delikatne. Etapy przetwarzania obejmuj\u0105 gotowanie, kszta\u0142towanie, walcowanie, pra\u017cenie i pakowanie oraz opcjonalnie powlekanie produkt\u00f3w.<\/span><\/p>\n\t\t\t\t\t\t\t\t<\/div>\n\t\t\t\t<\/div>\n\t\t<div class=\"elementor-element elementor-element-731d2e1 e-con-full e-flex e-con e-child\" data-id=\"731d2e1\" data-element_type=\"container\" data-e-type=\"container\">\n\t\t\t\t<div class=\"elementor-element elementor-element-1b36696 elementor-widget elementor-widget-image\" data-id=\"1b36696\" data-element_type=\"widget\" data-e-type=\"widget\" data-widget_type=\"image.default\">\n\t\t\t\t\t\t\t\t\t\t\t\t\t\t\t<img decoding=\"async\" src=\"https:\/\/www.brueggen.com\/wp-content\/uploads\/sites\/5\/elementor\/thumbs\/4-2-r11wzkgwck4tlab7vlcxh9r4drx1ou6sfv50k2acag.jpg\" title=\"4\" alt=\"4\" loading=\"lazy\" \/>\t\t\t\t\t\t\t\t\t\t\t\t\t\t\t<\/div>\n\t\t\t\t<\/div>\n\t\t\t\t\t<\/div>\n\t\t\t\t<\/div>\n\t\t<div class=\"elementor-element elementor-element-fbced47 e-flex e-con-boxed e-con e-parent\" data-id=\"fbced47\" data-element_type=\"container\" data-e-type=\"container\">\n\t\t\t\t\t<div class=\"e-con-inner\">\n\t\t<div class=\"elementor-element elementor-element-374fa97 e-con-full e-flex e-con e-child\" data-id=\"374fa97\" data-element_type=\"container\" data-e-type=\"container\">\n\t\t\t\t<div class=\"elementor-element elementor-element-2afa23c elementor-widget elementor-widget-image\" data-id=\"2afa23c\" data-element_type=\"widget\" data-e-type=\"widget\" data-widget_type=\"image.default\">\n\t\t\t\t\t\t\t\t\t\t\t\t\t\t\t<img decoding=\"async\" width=\"300\" height=\"300\" src=\"https:\/\/www.brueggen.com\/wp-content\/uploads\/sites\/5\/2024\/03\/3-1.jpg\" class=\"attachment-medium size-medium wp-image-5299\" alt=\"\" srcset=\"https:\/\/www.brueggen.com\/wp-content\/uploads\/sites\/5\/2024\/03\/3-1.jpg 300w, https:\/\/www.brueggen.com\/wp-content\/uploads\/sites\/5\/2024\/03\/3-1-150x150.jpg 150w, https:\/\/www.brueggen.com\/wp-content\/uploads\/sites\/5\/2024\/03\/3-1-12x12.jpg 12w\" sizes=\"(max-width: 300px) 100vw, 300px\" \/>\t\t\t\t\t\t\t\t\t\t\t\t\t\t\t<\/div>\n\t\t\t\t<\/div>\n\t\t<div class=\"elementor-element elementor-element-b209ea0 e-con-full e-flex e-con e-child\" data-id=\"b209ea0\" data-element_type=\"container\" data-e-type=\"container\">\n\t\t\t\t<div class=\"elementor-element elementor-element-9bed156 elementor-widget elementor-widget-heading\" data-id=\"9bed156\" data-element_type=\"widget\" data-e-type=\"widget\" data-widget_type=\"heading.default\">\n\t\t\t\t\t<h3 class=\"elementor-heading-title elementor-size-default\">Zbo\u017ca dmuchane<\/h3>\t\t\t\t<\/div>\n\t\t\t\t<div class=\"elementor-element elementor-element-f06f65b elementor-widget elementor-widget-text-editor\" data-id=\"f06f65b\" data-element_type=\"widget\" data-e-type=\"widget\" data-widget_type=\"text-editor.default\">\n\t\t\t\t\t\t\t\t\t<p><span class=\"OYPEnA text-decoration-none text-strikethrough-none\">R\u00f3\u017cne rodzaje zb\u00f3\u017c, takie jak pszenica lub ry\u017c, mog\u0105 by\u0107 przetwarzane na przewiewne p\u0142atki dmuchane. Wykorzystuj\u0105c ciep\u0142o i ci\u015bnienie, ziarna osi\u0105gaj\u0105 wielokrotnie wi\u0119ksz\u0105 obj\u0119to\u015b\u0107. Etapy przetwarzania obejmuj\u0105 podgrzewanie, dmuchanie i pakowanie oraz opcjonalnie powlekanie.<\/span><\/p>\n\t\t\t\t\t\t\t\t<\/div>\n\t\t\t\t<\/div>\n\t\t\t\t\t<\/div>\n\t\t\t\t<\/div>\n\t\t<div class=\"elementor-element elementor-element-569f55c e-flex e-con-boxed e-con e-parent\" data-id=\"569f55c\" data-element_type=\"container\" data-e-type=\"container\">\n\t\t\t\t\t<div class=\"e-con-inner\">\n\t\t<div class=\"elementor-element elementor-element-94688f8 e-con-full e-flex e-con e-child\" data-id=\"94688f8\" data-element_type=\"container\" data-e-type=\"container\">\n\t\t\t\t<div class=\"elementor-element elementor-element-bcaa755 elementor-widget elementor-widget-heading\" data-id=\"bcaa755\" data-element_type=\"widget\" data-e-type=\"widget\" data-widget_type=\"heading.default\">\n\t\t\t\t\t<h3 class=\"elementor-heading-title elementor-size-default\">Ekstrudaty<\/h3>\t\t\t\t<\/div>\n\t\t\t\t<div class=\"elementor-element elementor-element-2457d3c elementor-widget elementor-widget-text-editor\" data-id=\"2457d3c\" data-element_type=\"widget\" data-e-type=\"widget\" data-widget_type=\"text-editor.default\">\n\t\t\t\t\t\t\t\t\t<p><span class=\"OYPEnA text-decoration-none text-strikethrough-none\">Ekstrudaty konwertowalne oferowane przez firm\u0119 Br\u00fcggen s\u0105 dost\u0119pne w szerokiej gamie kszta\u0142t\u00f3w (muszle, kulki, gwiazdki itp.), rozmiar\u00f3w i smak\u00f3w. Po uformowaniu i zapakowaniu, wyt\u0142oczki mog\u0105 by\u0107 r\u00f3wnie\u017c powlekane.<\/span><\/p>\n\t\t\t\t\t\t\t\t<\/div>\n\t\t\t\t<\/div>\n\t\t<div class=\"elementor-element elementor-element-8d3dea7 e-con-full e-flex e-con e-child\" data-id=\"8d3dea7\" data-element_type=\"container\" data-e-type=\"container\">\n\t\t\t\t<div class=\"elementor-element elementor-element-c36d1ed elementor-widget elementor-widget-image\" data-id=\"c36d1ed\" data-element_type=\"widget\" data-e-type=\"widget\" data-widget_type=\"image.default\">\n\t\t\t\t\t\t\t\t\t\t\t\t\t\t\t<img decoding=\"async\" src=\"https:\/\/www.brueggen.com\/wp-content\/uploads\/sites\/5\/elementor\/thumbs\/Extrudate-Neu-01-2025-r1ql48x170bkes7lvyjul2rfgqnhaviaxxm5o42s3c.jpg\" title=\"Extrudate Neu 01-2025\" alt=\"Ein einzelner, goldbraun gebackener Getreide-Ring (Extrudat) mit einer knusprigen, leicht unebenen Textur vor einem grauen Hintergrund.\" loading=\"lazy\" \/>\t\t\t\t\t\t\t\t\t\t\t\t\t\t\t<\/div>\n\t\t\t\t<\/div>\n\t\t\t\t\t<\/div>\n\t\t\t\t<\/div>\n\t\t<div class=\"elementor-element elementor-element-f76b22e e-flex e-con-boxed e-con e-parent\" data-id=\"f76b22e\" data-element_type=\"container\" data-e-type=\"container\">\n\t\t\t\t\t<div class=\"e-con-inner\">\n\t\t<div class=\"elementor-element elementor-element-21f739a e-con-full e-flex e-con e-child\" data-id=\"21f739a\" data-element_type=\"container\" data-e-type=\"container\">\n\t\t\t\t<div class=\"elementor-element elementor-element-a63428e elementor-widget elementor-widget-image\" data-id=\"a63428e\" data-element_type=\"widget\" data-e-type=\"widget\" data-widget_type=\"image.default\">\n\t\t\t\t\t\t\t\t\t\t\t\t\t\t\t<img decoding=\"async\" width=\"300\" height=\"300\" src=\"https:\/\/www.brueggen.com\/wp-content\/uploads\/sites\/5\/2025\/01\/Co-Extrudate-Neu-01-2025-300x300.jpg\" class=\"attachment-medium size-medium wp-image-25645\" alt=\"Durchgebrochenes Schoko-Getreidekissen mit wei\u00dfer Creme-F\u00fcllung auf gelbem Hintergrund.\" srcset=\"https:\/\/www.brueggen.com\/wp-content\/uploads\/sites\/5\/2025\/01\/Co-Extrudate-Neu-01-2025-300x300.jpg 300w, https:\/\/www.brueggen.com\/wp-content\/uploads\/sites\/5\/2025\/01\/Co-Extrudate-Neu-01-2025-1024x1024.jpg 1024w, https:\/\/www.brueggen.com\/wp-content\/uploads\/sites\/5\/2025\/01\/Co-Extrudate-Neu-01-2025-150x150.jpg 150w, https:\/\/www.brueggen.com\/wp-content\/uploads\/sites\/5\/2025\/01\/Co-Extrudate-Neu-01-2025-768x768.jpg 768w, https:\/\/www.brueggen.com\/wp-content\/uploads\/sites\/5\/2025\/01\/Co-Extrudate-Neu-01-2025.jpg 1250w\" sizes=\"(max-width: 300px) 100vw, 300px\" \/>\t\t\t\t\t\t\t\t\t\t\t\t\t\t\t<\/div>\n\t\t\t\t<\/div>\n\t\t<div class=\"elementor-element elementor-element-526979b e-con-full e-flex e-con e-child\" data-id=\"526979b\" data-element_type=\"container\" data-e-type=\"container\">\n\t\t\t\t<div class=\"elementor-element elementor-element-f52fa7d elementor-widget elementor-widget-heading\" data-id=\"f52fa7d\" data-element_type=\"widget\" data-e-type=\"widget\" data-widget_type=\"heading.default\">\n\t\t\t\t\t<h3 class=\"elementor-heading-title elementor-size-default\">Wsp\u00f3\u0142wyt\u0142aczanie<\/h3>\t\t\t\t<\/div>\n\t\t\t\t<div class=\"elementor-element elementor-element-b987738 elementor-widget elementor-widget-text-editor\" data-id=\"b987738\" data-element_type=\"widget\" data-e-type=\"widget\" data-widget_type=\"text-editor.default\">\n\t\t\t\t\t\t\t\t\t<p><span class=\"OYPEnA text-decoration-none text-strikethrough-none\">W produkcji z\u0142o\u017conych koekstrudat\u00f3w, kt\u00f3re s\u0105 r\u00f3wnie\u017c dost\u0119pne w r\u00f3\u017cnych kszta\u0142tach i smakach, oferujemy formowanie i nape\u0142nianie, a tak\u017ce pakowanie.<\/span><\/p>\n\t\t\t\t\t\t\t\t<\/div>\n\t\t\t\t<\/div>\n\t\t\t\t\t<\/div>\n\t\t\t\t<\/div>\n\t\t<div class=\"elementor-element elementor-element-b2b8c07 e-flex e-con-boxed e-con e-parent\" data-id=\"b2b8c07\" data-element_type=\"container\" data-e-type=\"container\">\n\t\t\t\t\t<div class=\"e-con-inner\">\n\t\t\t\t<div class=\"elementor-element elementor-element-25cc68d elementor-widget elementor-widget-spacer\" data-id=\"25cc68d\" data-element_type=\"widget\" data-e-type=\"widget\" data-widget_type=\"spacer.default\">\n\t\t\t\t\t\t\t<div class=\"elementor-spacer\">\n\t\t\t<div class=\"elementor-spacer-inner\"><\/div>\n\t\t<\/div>\n\t\t\t\t\t\t<\/div>\n\t\t\t\t\t<\/div>\n\t\t\t\t<\/div>\n\t\t\t\t<\/div>\n\t\t","protected":false},"excerpt":{"rendered":"<p>Witamy w produktach Br\u00fcggen &#8211; \u015bwiecie zb\u00f3\u017c W Br\u00fcggen jeste\u015bmy dumni z tego, \u017ce jeste\u015bmy firm\u0105 rodzinn\u0105 za\u0142o\u017con\u0105 w 1868 roku. Jako wiod\u0105cy producent marek w\u0142asnych specjalizujemy si\u0119 w produkcji wysokiej jako\u015bci p\u0142atk\u00f3w \u015bniadaniowych. Nasz dynamiczny zesp\u00f3\u0142 sk\u0142adaj\u0105cy si\u0119 z oko\u0142o 2000 oddanych profesjonalist\u00f3w wsp\u00f3\u0142pracuje w pi\u0119ciu strategicznych lokalizacjach w czterech krajach, aby dostarcza\u0107 po\u017cywne&#8230;<\/p>\n","protected":false},"author":2,"featured_media":0,"parent":5845,"menu_order":3,"comment_status":"closed","ping_status":"closed","template":"","meta":{"_kad_post_transparent":"","_kad_post_title":"","_kad_post_layout":"","_kad_post_sidebar_id":"","_kad_post_content_style":"","_kad_post_vertical_padding":"","_kad_post_feature":"","_kad_post_feature_position":"","_kad_post_header":false,"_kad_post_footer":false,"footnotes":""},"class_list":["post-5664","page","type-page","status-publish","hentry"],"_links":{"self":[{"href":"https:\/\/www.brueggen.com\/pl\/wp-json\/wp\/v2\/pages\/5664","targetHints":{"allow":["GET"]}}],"collection":[{"href":"https:\/\/www.brueggen.com\/pl\/wp-json\/wp\/v2\/pages"}],"about":[{"href":"https:\/\/www.brueggen.com\/pl\/wp-json\/wp\/v2\/types\/page"}],"author":[{"embeddable":true,"href":"https:\/\/www.brueggen.com\/pl\/wp-json\/wp\/v2\/users\/2"}],"replies":[{"embeddable":true,"href":"https:\/\/www.brueggen.com\/pl\/wp-json\/wp\/v2\/comments?post=5664"}],"version-history":[{"count":3,"href":"https:\/\/www.brueggen.com\/pl\/wp-json\/wp\/v2\/pages\/5664\/revisions"}],"predecessor-version":[{"id":32961,"href":"https:\/\/www.brueggen.com\/pl\/wp-json\/wp\/v2\/pages\/5664\/revisions\/32961"}],"up":[{"embeddable":true,"href":"https:\/\/www.brueggen.com\/pl\/wp-json\/wp\/v2\/pages\/5845"}],"wp:attachment":[{"href":"https:\/\/www.brueggen.com\/pl\/wp-json\/wp\/v2\/media?parent=5664"}],"curies":[{"name":"wp","href":"https:\/\/api.w.org\/{rel}","templated":true}]}}