{"id":5717,"date":"2024-02-13T12:54:22","date_gmt":"2024-02-13T11:54:22","guid":{"rendered":"https:\/\/www-neu.brueggen.com\/strona-glowna-przyklad\/regulamin-generel\/"},"modified":"2025-05-28T13:31:57","modified_gmt":"2025-05-28T11:31:57","slug":"regulamin-generel","status":"publish","type":"page","link":"https:\/\/www.brueggen.com\/pl\/regulamin-generel\/","title":{"rendered":"Regulamin Generel"},"content":{"rendered":"\t\t<div data-elementor-type=\"wp-page\" data-elementor-id=\"5717\" class=\"elementor elementor-5717\" data-elementor-post-type=\"page\">\n\t\t\t\t\t\t<section class=\"elementor-section elementor-top-section elementor-element elementor-element-bffe4af elementor-hidden-desktop elementor-hidden-tablet elementor-hidden-mobile elementor-section-boxed elementor-section-height-default elementor-section-height-default\" data-id=\"bffe4af\" data-element_type=\"section\" data-e-type=\"section\">\n\t\t\t\t\t\t<div class=\"elementor-container elementor-column-gap-default\">\n\t\t\t\t\t<div class=\"elementor-column elementor-col-100 elementor-top-column elementor-element elementor-element-a4fb4ae\" data-id=\"a4fb4ae\" data-element_type=\"column\" data-e-type=\"column\">\n\t\t\t<div class=\"elementor-widget-wrap elementor-element-populated\">\n\t\t\t\t\t\t<section class=\"elementor-section elementor-inner-section elementor-element elementor-element-59e3f68 elementor-section-boxed elementor-section-height-default elementor-section-height-default\" data-id=\"59e3f68\" data-element_type=\"section\" data-e-type=\"section\">\n\t\t\t\t\t\t<div class=\"elementor-container elementor-column-gap-default\">\n\t\t\t\t\t<div class=\"elementor-column elementor-col-100 elementor-inner-column elementor-element elementor-element-ad85daa elementor-invisible\" data-id=\"ad85daa\" data-element_type=\"column\" data-e-type=\"column\" data-settings=\"{&quot;animation&quot;:&quot;fadeIn&quot;}\">\n\t\t\t<div class=\"elementor-widget-wrap elementor-element-populated\">\n\t\t\t\t\t\t<div class=\"elementor-element elementor-element-6166012 elementor-widget elementor-widget-spacer\" data-id=\"6166012\" data-element_type=\"widget\" data-e-type=\"widget\" data-widget_type=\"spacer.default\">\n\t\t\t\t\t\t\t<div class=\"elementor-spacer\">\n\t\t\t<div class=\"elementor-spacer-inner\"><\/div>\n\t\t<\/div>\n\t\t\t\t\t\t<\/div>\n\t\t\t\t<div class=\"elementor-element elementor-element-dfdb4a2 elementor-widget elementor-widget-heading\" data-id=\"dfdb4a2\" data-element_type=\"widget\" data-e-type=\"widget\" data-widget_type=\"heading.default\">\n\t\t\t\t\t<h2 class=\"elementor-heading-title elementor-size-default\">Og\u00f3lne warunki handlowe <\/h2>\t\t\t\t<\/div>\n\t\t\t\t\t<\/div>\n\t\t<\/div>\n\t\t\t\t\t<\/div>\n\t\t<\/section>\n\t\t\t\t<div class=\"elementor-element elementor-element-e6d044b elementor-widget elementor-widget-ucaddon_uc_material_bullets\" data-id=\"e6d044b\" data-element_type=\"widget\" data-e-type=\"widget\" data-widget_type=\"ucaddon_uc_material_bullets.default\">\n\t\t\t\t<div class=\"elementor-widget-container\">\n\t\t\t\t\t<!-- start Icon Bullets -->\n\t\t<link id='font-awesome-css' href='https:\/\/www.brueggen.com\/wp-content\/plugins\/unlimited-for-elementor-premium\/assets_libraries\/font-awesome5\/css\/fontawesome-all.min.css' type='text\/css' rel='stylesheet' >\n\t\t<link id='font-awesome-4-shim-css' href='https:\/\/www.brueggen.com\/wp-content\/plugins\/unlimited-for-elementor-premium\/assets_libraries\/font-awesome5\/css\/fontawesome-v4-shims.css' type='text\/css' rel='stylesheet' >\n\n\t\t\t<style type=\"text\/css\">\/* widget: Icon Bullets *\/\n\n\n\n#uc_uc_material_bullets_elementor_e6d044b *{\n\t-webkit-box-sizing: border-box;\n\t-moz-box-sizing: border-box;\n\tbox-sizing: border-box;\n}\n\n#uc_uc_material_bullets_elementor_e6d044b .ue-icon-wrapper{\n\tdisplay: flex;\n}\n\n#uc_uc_material_bullets_elementor_e6d044b .ue-icon{\n  display:flex;\n  align-items:center;\n  justify-content:center;\n  flex-grow:0;\n  flex-shrink:0;\n  line-height:1em;\n  transition:0.3s;\n}\n\n#uc_uc_material_bullets_elementor_e6d044b .ue-icon svg{\n  height:1em;\n  width:1em;\n}\n\n#uc_uc_material_bullets_elementor_e6d044b .uc_material_bullets_row{\n\tfont-weight:400;\n\toverflow:hidden;\n\tdisplay:flex;\n\tposition:relative;\n\ttext-align:left;\n\twidth:100%;   \n    transition:0.3s;\n}\n\n#uc_uc_material_bullets_elementor_e6d044b .uc_material_bullets_row a.ue-item-link{\n  position:absolute;\n  display:block;\n  top:0;\n  right:0;\n  left:0;\n  bottom:0;\n}\n\n#uc_uc_material_bullets_elementor_e6d044b .uc_material_bullets_row:last-child{\n\tmargin-bottom:0px !important;\n}\n\n\n#uc_uc_material_bullets_elementor_e6d044b .uc_material_bullets_row {\n\tposition:relative;\n\tvertical-align:middle;\n}\n\n#uc_uc_material_bullets_elementor_e6d044b .uc_material_bullets_row .uc_content_box{\n\tdisplay:flex;\n    flex-direction:column;\n    justify-content:center;\n    align-items: flex-start;\n    flex-grow:1;\n}\n\n#uc_uc_material_bullets_elementor_e6d044b .ue-bullets{\n  display:grid;\n}\n\n#uc_uc_material_bullets_elementor_e6d044b .ue-text, \n#uc_uc_material_bullets_elementor_e6d044b .ue-title, \n#uc_uc_material_bullets_elementor_e6d044b .ue-seperator{\n  width:100%;\n}\n\n#uc_uc_material_bullets_elementor_e6d044b .ue-seperator-line{\n  display:inline-block;\n  font-size:0px;\n}\n\n#uc_uc_material_bullets_elementor_e6d044b .ue-seperator{\n  font-size:0px;\n}\n\n#uc_uc_material_bullets_elementor_e6d044b.uc-remote-parent .uc_material_bullets_row{\n  cursor:pointer;\n}\n\n.ue-title{\n  font-size:21px;\n  margin:0;\n}\n\n#uc_uc_material_bullets_elementor_e6d044b .uc_content_box > *{\n  transition: all .3s;\n}\n\n<\/style>\n\n\t\t\t<div class=\"uc_material_bullets  \"  id=\"uc_uc_material_bullets_elementor_e6d044b\"  >   \t\n    \t<div class=\"ue-bullets uc-items-wrapper\">\n          \t<div class=\"uc_material_bullets_row elementor-repeater-item-415931d\">\n  <div class=\"ue-icon-wrapper\">\n              <div class=\"ue-icon\">\n                    <i class='fas fa-chevron-right'><\/i>                    \t\n\n                \n              <\/div>\n  <\/div>\n  <div class=\"uc_content_box uc_ceal\">\n    <div class=\"ue-title\">Og\u00f3lne warunki dostaw i us\u0142ug H. &amp; J. Br\u00fcggen KG<\/div>\n    \n    \t\n    \n    <div class=\"ue-text\"><\/div>\t\n  <\/div>\n   \n      <a href=\"https:\/\/www.brueggen.com\/wp-content\/uploads\/sites\/5\/2024\/07\/2024-07_05_AGB_final_polnisch.pdf\" class=\"ue-item-link\"  target='_blank'><\/a>\n  \t\n<\/div>\n\n      <\/div>\n<\/div>\n\t\t\t<!-- end Icon Bullets -->\t\t\t\t<\/div>\n\t\t\t\t<\/div>\n\t\t\t\t\t<\/div>\n\t\t<\/div>\n\t\t\t\t\t<\/div>\n\t\t<\/section>\n\t\t\t\t<\/div>\n\t\t","protected":false},"excerpt":{"rendered":"<p>Og\u00f3lne warunki handlowe \/* widget: Icon Bullets *\/ #uc_uc_material_bullets_elementor_e6d044b3 *{ -webkit-box-sizing: border-box; -moz-box-sizing: border-box; box-sizing: border-box; } #uc_uc_material_bullets_elementor_e6d044b3 .ue-icon-wrapper{ display: flex; } #uc_uc_material_bullets_elementor_e6d044b3 .ue-icon{ display:flex; align-items:center; justify-content:center; flex-grow:0; flex-shrink:0; line-height:1em; transition:0.3s; } #uc_uc_material_bullets_elementor_e6d044b3 .ue-icon svg{ height:1em; width:1em; } #uc_uc_material_bullets_elementor_e6d044b3 .uc_material_bullets_row{ font-weight:400; overflow:hidden; display:flex; position:relative; text-align:left; width:100%; transition:0.3s; } #uc_uc_material_bullets_elementor_e6d044b3 .uc_material_bullets_row a.ue-item-link{ position:absolute; display:block; top:0; right:0;&#8230;<\/p>\n","protected":false},"author":2,"featured_media":0,"parent":0,"menu_order":18,"comment_status":"closed","ping_status":"closed","template":"","meta":{"_kad_post_transparent":"","_kad_post_title":"","_kad_post_layout":"","_kad_post_sidebar_id":"","_kad_post_content_style":"","_kad_post_vertical_padding":"","_kad_post_feature":"","_kad_post_feature_position":"","_kad_post_header":false,"_kad_post_footer":false,"footnotes":""},"class_list":["post-5717","page","type-page","status-publish","hentry"],"_links":{"self":[{"href":"https:\/\/www.brueggen.com\/pl\/wp-json\/wp\/v2\/pages\/5717","targetHints":{"allow":["GET"]}}],"collection":[{"href":"https:\/\/www.brueggen.com\/pl\/wp-json\/wp\/v2\/pages"}],"about":[{"href":"https:\/\/www.brueggen.com\/pl\/wp-json\/wp\/v2\/types\/page"}],"author":[{"embeddable":true,"href":"https:\/\/www.brueggen.com\/pl\/wp-json\/wp\/v2\/users\/2"}],"replies":[{"embeddable":true,"href":"https:\/\/www.brueggen.com\/pl\/wp-json\/wp\/v2\/comments?post=5717"}],"version-history":[{"count":7,"href":"https:\/\/www.brueggen.com\/pl\/wp-json\/wp\/v2\/pages\/5717\/revisions"}],"predecessor-version":[{"id":28784,"href":"https:\/\/www.brueggen.com\/pl\/wp-json\/wp\/v2\/pages\/5717\/revisions\/28784"}],"wp:attachment":[{"href":"https:\/\/www.brueggen.com\/pl\/wp-json\/wp\/v2\/media?parent=5717"}],"curies":[{"name":"wp","href":"https:\/\/api.w.org\/{rel}","templated":true}]}}