{"id":7607,"date":"2024-03-20T15:45:56","date_gmt":"2024-03-20T14:45:56","guid":{"rendered":"https:\/\/www.brueggen.com\/?page_id=7607"},"modified":"2026-02-20T22:51:30","modified_gmt":"2026-02-20T21:51:30","slug":"asystent-ka-ds-administracji-logistycznej","status":"publish","type":"page","link":"https:\/\/www.brueggen.com\/pl\/praca-i-kariera\/ogloszenia-o-prace\/asystent-ka-ds-administracji-logistycznej\/","title":{"rendered":"Asystent\/-ka ds. Administracji Logistycznej"},"content":{"rendered":"\t\t<div data-elementor-type=\"wp-page\" data-elementor-id=\"7607\" class=\"elementor elementor-7607\" data-elementor-post-type=\"page\">\n\t\t\t\t\t\t<section class=\"elementor-section elementor-top-section elementor-element elementor-element-eb4d5a2 elementor-section-boxed elementor-section-height-default elementor-section-height-default\" data-id=\"eb4d5a2\" data-element_type=\"section\" data-e-type=\"section\">\n\t\t\t\t\t\t<div class=\"elementor-container elementor-column-gap-default\">\n\t\t\t\t\t<div class=\"elementor-column elementor-col-100 elementor-top-column elementor-element elementor-element-55eb605\" data-id=\"55eb605\" data-element_type=\"column\" data-e-type=\"column\">\n\t\t\t<div class=\"elementor-widget-wrap elementor-element-populated\">\n\t\t\t\t\t\t<section class=\"elementor-section elementor-inner-section elementor-element elementor-element-ca395ae elementor-section-boxed elementor-section-height-default elementor-section-height-default\" data-id=\"ca395ae\" data-element_type=\"section\" data-e-type=\"section\">\n\t\t\t\t\t\t<div class=\"elementor-container elementor-column-gap-default\">\n\t\t\t\t\t<div class=\"elementor-column elementor-col-100 elementor-inner-column elementor-element elementor-element-a6103d6 elementor-invisible\" data-id=\"a6103d6\" data-element_type=\"column\" data-e-type=\"column\" data-settings=\"{&quot;animation&quot;:&quot;fadeIn&quot;}\">\n\t\t\t<div class=\"elementor-widget-wrap elementor-element-populated\">\n\t\t\t\t\t\t<div class=\"elementor-element elementor-element-f9d90fc elementor-widget elementor-widget-spacer\" data-id=\"f9d90fc\" data-element_type=\"widget\" data-e-type=\"widget\" data-widget_type=\"spacer.default\">\n\t\t\t\t\t\t\t<div class=\"elementor-spacer\">\n\t\t\t<div class=\"elementor-spacer-inner\"><\/div>\n\t\t<\/div>\n\t\t\t\t\t\t<\/div>\n\t\t\t\t<div class=\"elementor-element elementor-element-65431e7 elementor-widget elementor-widget-heading\" data-id=\"65431e7\" data-element_type=\"widget\" data-e-type=\"widget\" data-widget_type=\"heading.default\">\n\t\t\t\t\t<h1 class=\"elementor-heading-title elementor-size-default\">Asystent\/-ka ds. Administracji Logistycznej<\/h1>\t\t\t\t<\/div>\n\t\t\t\t<div class=\"elementor-element elementor-element-5a7f3d8 elementor-widget elementor-widget-text-editor\" data-id=\"5a7f3d8\" data-element_type=\"widget\" data-e-type=\"widget\" data-widget_type=\"text-editor.default\">\n\t\t\t\t\t\t\t\t\t<h3><strong>Zakres obowi\u0105zk\u00f3w:<\/strong><strong><br \/><\/strong><\/h3><ul><li>Profesjonalne reprezentowanie Firmy w bezpo\u015brednich i po\u015brednich kontaktach z partnerami biznesowymi.<\/li><li>Prawid\u0142owe ksi\u0119gowanie dokument\u00f3w w systemie SAP.<\/li><li>Przygotowanie prawid\u0142owej dokumentacji wywozowej.<\/li><li>Przygotowanie prawid\u0142owej dokumentacji przyj\u0119cia wyrob\u00f3w do magazynu.<\/li><li>Wsp\u00f3\u0142praca z magazynami zewn\u0119trznymi Firmy, co-packerami, operatorami logistycznymi.<\/li><li>Prawid\u0142owe wystawianie dokument\u00f3w magazynowych.<\/li><li>Obs\u0142uga system\u00f3w awizacyjnych i transportowych.<\/li><li>Prowadzenie ewidencji magazynowej.<\/li><li>Zarz\u0105dzanie codziennymi operacjami przyjmowania \/ wydawania palet euro \/ CHEP \/ LPR, raportowanie.<\/li><li>Archiwizacja dokument\u00f3w magazynowych.<\/li><li>Aktywna wsp\u00f3\u0142praca z dzia\u0142em magazynu, wsparcie operacyjne, celem usprawnienia codziennych proces\u00f3w operacyjnych dzia\u0142u.<\/li><li>Zarz\u0105dzanie raportami dotycz\u0105cymi codziennych operacji w dziale Logistyki.<\/li><li>Planowanie transport\u00f3w w optymalnym dla Firmy wymiarze kosztowym i operacyjnym.<\/li><li>Przygotowywanie codziennych zlece\u0144 transportowych, obs\u0142uga przewo\u017anik\u00f3w realizuj\u0105cych serwis dla Firmy. Nadz\u00f3r nad jako\u015bci\u0105 realizowanego serwisu.<\/li><li>Codzienny kontakt z Dzia\u0142em Obs\u0142ugi Klienta w celu optymalnej obs\u0142ugi Klienta.<\/li><li>Aktywny udzia\u0142 w spotkaniach operacyjnych dzia\u0142u, inicjatywa, rekomendowanie rozwi\u0105za\u0144, wp\u0142yw na ci\u0105g\u0142y proces optymalizacji proces\u00f3w i koszt\u00f3w.<\/li><\/ul><h3><strong>Oczekiwania wobec kandydat\u00f3w:<\/strong><\/h3><ul><li>Mile widziane do\u015bwiadczenie na podobnym stanowisku.<\/li><li>Znajomo\u015b\u0107 \u015brodowiska MS Office.<\/li><li>Znajomo\u015b\u0107 j\u0119zyka angielskiego pozwalaj\u0105ca na swobodn\u0105 komunikacj\u0119.<\/li><li>Wysoko rozwini\u0119te umiej\u0119tno\u015bci komunikacji.<\/li><li>Odporno\u015b\u0107 na stres.<\/li><li>Otwarto\u015b\u0107.<\/li><li>Skrupulatno\u015b\u0107.<\/li><li>Gotowo\u015b\u0107 do pracy zmianowej pn.-pt. 06:00-14:00, 14:00-22:00<\/li><\/ul><h3><strong>Oferujemy:<\/strong><\/h3><ul><li>Umow\u0119 na zast\u0119pstwo w rozwijaj\u0105cej si\u0119, mi\u0119dzynarodowej firmie.<\/li><li>Podnoszenie kwalifikacji zawodowych poprzez udzia\u0142 w szkoleniach.<\/li><li>Pakiet benefit\u00f3w: grupowe ubezpieczenie na \u017cycie, prywatna opieka medyczn\u0105, bezp\u0142atne wej\u015bcia na basen, deputaty produktowe.<\/li><\/ul><p><strong>Informujemy, \u017ce odpowiemy tylko na wybrane oferty.<\/strong><\/p><p>\u00a0<\/p>\t\t\t\t\t\t\t\t<\/div>\n\t\t\t\t<div class=\"elementor-element elementor-element-64ace6b elementor-tablet-align-center elementor-align-left elementor-widget elementor-widget-button\" data-id=\"64ace6b\" data-element_type=\"widget\" data-e-type=\"widget\" data-widget_type=\"button.default\">\n\t\t\t\t\t\t\t\t\t\t<a class=\"elementor-button elementor-button-link elementor-size-xs\" href=\"https:\/\/system.erecruiter.pl\/FormTemplates\/RecruitmentForm.aspx?WebID=e9b7359ede1f40a088815625a8cea213\" target=\"_blank\" rel=\"noopener\">\n\t\t\t\t\t\t<span class=\"elementor-button-content-wrapper\">\n\t\t\t\t\t\t\t\t\t<span class=\"elementor-button-text\">Aplikuj<\/span>\n\t\t\t\t\t<\/span>\n\t\t\t\t\t<\/a>\n\t\t\t\t\t\t\t\t<\/div>\n\t\t\t\t\t<\/div>\n\t\t<\/div>\n\t\t\t\t\t<\/div>\n\t\t<\/section>\n\t\t\t\t\t<\/div>\n\t\t<\/div>\n\t\t\t\t\t<\/div>\n\t\t<\/section>\n\t\t\t\t<\/div>\n\t\t","protected":false},"excerpt":{"rendered":"<p>Asystent\/-ka ds. Administracji Logistycznej Zakres obowi\u0105zk\u00f3w: Profesjonalne reprezentowanie Firmy w bezpo\u015brednich i po\u015brednich kontaktach z partnerami biznesowymi. Prawid\u0142owe ksi\u0119gowanie dokument\u00f3w w systemie SAP. Przygotowanie prawid\u0142owej dokumentacji wywozowej. Przygotowanie prawid\u0142owej dokumentacji przyj\u0119cia wyrob\u00f3w do magazynu. Wsp\u00f3\u0142praca z magazynami zewn\u0119trznymi Firmy, co-packerami, operatorami logistycznymi. Prawid\u0142owe wystawianie dokument\u00f3w magazynowych. Obs\u0142uga system\u00f3w awizacyjnych i transportowych. Prowadzenie ewidencji magazynowej. Zarz\u0105dzanie&#8230;<\/p>\n","protected":false},"author":2,"featured_media":0,"parent":7583,"menu_order":20,"comment_status":"closed","ping_status":"closed","template":"","meta":{"_kad_post_transparent":"","_kad_post_title":"hide","_kad_post_layout":"fullwidth","_kad_post_sidebar_id":"","_kad_post_content_style":"unboxed","_kad_post_vertical_padding":"hide","_kad_post_feature":"hide","_kad_post_feature_position":"","_kad_post_header":false,"_kad_post_footer":false,"footnotes":""},"class_list":["post-7607","page","type-page","status-publish","hentry"],"_links":{"self":[{"href":"https:\/\/www.brueggen.com\/pl\/wp-json\/wp\/v2\/pages\/7607","targetHints":{"allow":["GET"]}}],"collection":[{"href":"https:\/\/www.brueggen.com\/pl\/wp-json\/wp\/v2\/pages"}],"about":[{"href":"https:\/\/www.brueggen.com\/pl\/wp-json\/wp\/v2\/types\/page"}],"author":[{"embeddable":true,"href":"https:\/\/www.brueggen.com\/pl\/wp-json\/wp\/v2\/users\/2"}],"replies":[{"embeddable":true,"href":"https:\/\/www.brueggen.com\/pl\/wp-json\/wp\/v2\/comments?post=7607"}],"version-history":[{"count":3,"href":"https:\/\/www.brueggen.com\/pl\/wp-json\/wp\/v2\/pages\/7607\/revisions"}],"predecessor-version":[{"id":33260,"href":"https:\/\/www.brueggen.com\/pl\/wp-json\/wp\/v2\/pages\/7607\/revisions\/33260"}],"up":[{"embeddable":true,"href":"https:\/\/www.brueggen.com\/pl\/wp-json\/wp\/v2\/pages\/7583"}],"wp:attachment":[{"href":"https:\/\/www.brueggen.com\/pl\/wp-json\/wp\/v2\/media?parent=7607"}],"curies":[{"name":"wp","href":"https:\/\/api.w.org\/{rel}","templated":true}]}}