{"id":7617,"date":"2025-03-20T15:48:22","date_gmt":"2024-03-20T14:48:21","guid":{"rendered":"https:\/\/www.brueggen.com\/?page_id=7617"},"modified":"2026-02-21T00:39:05","modified_gmt":"2026-02-20T23:39:05","slug":"magazynier","status":"publish","type":"page","link":"https:\/\/www.brueggen.com\/pl\/praca-i-kariera\/ogloszenia-o-prace\/magazynier\/","title":{"rendered":"Magazynier"},"content":{"rendered":"\t\t<div data-elementor-type=\"wp-page\" data-elementor-id=\"7617\" class=\"elementor elementor-7617\" data-elementor-post-type=\"page\">\n\t\t\t\t\t\t<section class=\"elementor-section elementor-top-section elementor-element elementor-element-6722d15 elementor-section-boxed elementor-section-height-default elementor-section-height-default\" data-id=\"6722d15\" data-element_type=\"section\" data-e-type=\"section\">\n\t\t\t\t\t\t<div class=\"elementor-container elementor-column-gap-default\">\n\t\t\t\t\t<div class=\"elementor-column elementor-col-100 elementor-top-column elementor-element elementor-element-3f85931\" data-id=\"3f85931\" data-element_type=\"column\" data-e-type=\"column\">\n\t\t\t<div class=\"elementor-widget-wrap elementor-element-populated\">\n\t\t\t\t\t\t<section class=\"elementor-section elementor-inner-section elementor-element elementor-element-e285c57 elementor-section-boxed elementor-section-height-default elementor-section-height-default\" data-id=\"e285c57\" data-element_type=\"section\" data-e-type=\"section\">\n\t\t\t\t\t\t<div class=\"elementor-container elementor-column-gap-default\">\n\t\t\t\t\t<div class=\"elementor-column elementor-col-100 elementor-inner-column elementor-element elementor-element-114034a elementor-invisible\" data-id=\"114034a\" data-element_type=\"column\" data-e-type=\"column\" data-settings=\"{&quot;animation&quot;:&quot;fadeIn&quot;}\">\n\t\t\t<div class=\"elementor-widget-wrap elementor-element-populated\">\n\t\t\t\t\t\t<div class=\"elementor-element elementor-element-c1cea71 elementor-widget elementor-widget-spacer\" data-id=\"c1cea71\" data-element_type=\"widget\" data-e-type=\"widget\" data-widget_type=\"spacer.default\">\n\t\t\t\t\t\t\t<div class=\"elementor-spacer\">\n\t\t\t<div class=\"elementor-spacer-inner\"><\/div>\n\t\t<\/div>\n\t\t\t\t\t\t<\/div>\n\t\t\t\t<div class=\"elementor-element elementor-element-05fc77a elementor-widget elementor-widget-heading\" data-id=\"05fc77a\" data-element_type=\"widget\" data-e-type=\"widget\" data-widget_type=\"heading.default\">\n\t\t\t\t\t<h1 class=\"elementor-heading-title elementor-size-default\">Magazynier<\/h1>\t\t\t\t<\/div>\n\t\t\t\t<div class=\"elementor-element elementor-element-bc7b5af elementor-widget elementor-widget-text-editor\" data-id=\"bc7b5af\" data-element_type=\"widget\" data-e-type=\"widget\" data-widget_type=\"text-editor.default\">\n\t\t\t\t\t\t\t\t\t<p>Wilga (pow. garwoli\u0144ski)<\/p><h3><strong>G\u0142\u00f3wne zadania:<\/strong><\/h3><ul><li>Bie\u017c\u0105ca realizacja zada\u0144 zwi\u0105zanych z zapewnieniem surowc\u00f3w, p\u00f3\u0142produkt\u00f3w, materia\u0142\u00f3w do pakowania dla dzia\u0142\u00f3w produkcji, odbiorem towar\u00f3w gotowych, odpad\u00f3w oraz zwrot\u00f3w poprodukcyjnych i rozmieszczenie towar\u00f3w w magazynie.<\/li><li>Roz\u0142adunki i za\u0142adunki samochod\u00f3w dostawczych.<\/li><li>Obs\u0142uga rega\u0142\u00f3w \u2013 wstawianie i wystawianie palet zgodnie z zasadami gospodarki magazynowej oraz z zachowaniem standard\u00f3w jako\u015bciowych (FIFO, FEFO).<\/li><li>Ksi\u0119gowanie w systemie wykonanych ruch\u00f3w magazynowych.<\/li><li>Obs\u0142uga w\u00f3zk\u00f3w wid\u0142owych i ich eksploatacja (zg\u0142aszanie usterek, wymiana butli gazowej).<\/li><li>Pobieranie pr\u00f3b dostarczonych surowc\u00f3w.<\/li><\/ul><h3><strong>Oczekiwania wobec kandydat\u00f3w:<\/strong><\/h3><ul><li>Wykszta\u0142cenie minimum zawodowe.<\/li><li>Do\u015bwiadczenie w pracy na stanowisku Magazyniera.<\/li><li>Gotowo\u015b\u0107 do pracy w systemie zmianowym, r\u00f3wnie\u017c w weekendy (3 dni od godz. 6:00 do godz. 18:00; 3 dni wolne; 3 noce od godz. 18:00 do godz. 6:00; 3 dni wolne).<\/li><li>Uprawnienia do obs\u0142ugi i kierowania w\u00f3zkami wid\u0142owymi.<\/li><li>Motywacja do pracy.<\/li><\/ul><h3><strong>Oferujemy:<br \/><\/strong><\/h3><ul><li>Umow\u0119 o prac\u0119 w rozwijaj\u0105cej si\u0119, mi\u0119dzynarodowej firmie.<\/li><li>Podnoszenie kwalifikacji zawodowych poprzez udzia\u0142 w szkoleniach.<\/li><li>Pakiet benefit\u00f3w: prywatna opieka medyczna, grupowe ubezpieczenie na \u017cycie, bezp\u0142atne wej\u015bcia na basen, deputaty produktowe, bony \u015bwi\u0105teczne.<\/li><\/ul><p><sup>Zgodnie z art. 13 ust. 1 i ust. 2 Og\u00f3lnego Rozporz\u0105dzenia o ochronie danych osobowych z dnia 27 kwietnia 2016 r. informujemy, i\u017c Administratorem Pani\/Pana danych osobowych jest: Br\u00fcggen Polska Sp. z o.o. z siedzib\u0105 w Warszawie 00-613, ul. Cha\u0142ubi\u0144skiego 8. W sprawie pozyskania szczeg\u00f3\u0142owych informacji o danych osobowych mo\u017cna kontaktowa\u0107 si\u0119 pod adresem mailowym: <\/sup><strong><sup>dane.osobowe@brueggen.com<\/sup><\/strong><\/p>\t\t\t\t\t\t\t\t<\/div>\n\t\t\t\t<div class=\"elementor-element elementor-element-0ec2136 elementor-tablet-align-center elementor-align-left elementor-widget elementor-widget-button\" data-id=\"0ec2136\" data-element_type=\"widget\" data-e-type=\"widget\" data-widget_type=\"button.default\">\n\t\t\t\t\t\t\t\t\t\t<a class=\"elementor-button elementor-button-link elementor-size-xs\" href=\"https:\/\/system.erecruiter.pl\/FormTemplates\/RecruitmentForm.aspx?WebID=363cd793b0654945aa3b9c80573a0f82\" target=\"_blank\" rel=\"noopener\">\n\t\t\t\t\t\t<span class=\"elementor-button-content-wrapper\">\n\t\t\t\t\t\t\t\t\t<span class=\"elementor-button-text\">Aplikuj<\/span>\n\t\t\t\t\t<\/span>\n\t\t\t\t\t<\/a>\n\t\t\t\t\t\t\t\t<\/div>\n\t\t\t\t\t<\/div>\n\t\t<\/div>\n\t\t\t\t\t<\/div>\n\t\t<\/section>\n\t\t\t\t\t<\/div>\n\t\t<\/div>\n\t\t\t\t\t<\/div>\n\t\t<\/section>\n\t\t\t\t<\/div>\n\t\t","protected":false},"excerpt":{"rendered":"<p>Magazynier Wilga (pow. garwoli\u0144ski) G\u0142\u00f3wne zadania: Bie\u017c\u0105ca realizacja zada\u0144 zwi\u0105zanych z zapewnieniem surowc\u00f3w, p\u00f3\u0142produkt\u00f3w, materia\u0142\u00f3w do pakowania dla dzia\u0142\u00f3w produkcji, odbiorem towar\u00f3w gotowych, odpad\u00f3w oraz zwrot\u00f3w poprodukcyjnych i rozmieszczenie towar\u00f3w w magazynie. Roz\u0142adunki i za\u0142adunki samochod\u00f3w dostawczych. Obs\u0142uga rega\u0142\u00f3w \u2013 wstawianie i wystawianie palet zgodnie z zasadami gospodarki magazynowej oraz z zachowaniem standard\u00f3w jako\u015bciowych (FIFO,&#8230;<\/p>\n","protected":false},"author":2,"featured_media":0,"parent":7583,"menu_order":19,"comment_status":"closed","ping_status":"closed","template":"","meta":{"_kad_post_transparent":"","_kad_post_title":"hide","_kad_post_layout":"fullwidth","_kad_post_sidebar_id":"","_kad_post_content_style":"unboxed","_kad_post_vertical_padding":"hide","_kad_post_feature":"hide","_kad_post_feature_position":"","_kad_post_header":false,"_kad_post_footer":false,"footnotes":""},"class_list":["post-7617","page","type-page","status-publish","hentry"],"_links":{"self":[{"href":"https:\/\/www.brueggen.com\/pl\/wp-json\/wp\/v2\/pages\/7617","targetHints":{"allow":["GET"]}}],"collection":[{"href":"https:\/\/www.brueggen.com\/pl\/wp-json\/wp\/v2\/pages"}],"about":[{"href":"https:\/\/www.brueggen.com\/pl\/wp-json\/wp\/v2\/types\/page"}],"author":[{"embeddable":true,"href":"https:\/\/www.brueggen.com\/pl\/wp-json\/wp\/v2\/users\/2"}],"replies":[{"embeddable":true,"href":"https:\/\/www.brueggen.com\/pl\/wp-json\/wp\/v2\/comments?post=7617"}],"version-history":[{"count":3,"href":"https:\/\/www.brueggen.com\/pl\/wp-json\/wp\/v2\/pages\/7617\/revisions"}],"predecessor-version":[{"id":33582,"href":"https:\/\/www.brueggen.com\/pl\/wp-json\/wp\/v2\/pages\/7617\/revisions\/33582"}],"up":[{"embeddable":true,"href":"https:\/\/www.brueggen.com\/pl\/wp-json\/wp\/v2\/pages\/7583"}],"wp:attachment":[{"href":"https:\/\/www.brueggen.com\/pl\/wp-json\/wp\/v2\/media?parent=7617"}],"curies":[{"name":"wp","href":"https:\/\/api.w.org\/{rel}","templated":true}]}}