{"id":7645,"date":"2024-03-20T15:58:03","date_gmt":"2024-03-20T14:58:03","guid":{"rendered":"https:\/\/www.brueggen.com\/?page_id=7645"},"modified":"2026-03-30T11:06:29","modified_gmt":"2026-03-30T09:06:29","slug":"mlodszy-automatyk","status":"publish","type":"page","link":"https:\/\/www.brueggen.com\/pl\/praca-i-kariera\/ogloszenia-o-prace\/mlodszy-automatyk\/","title":{"rendered":"(M\u0142odszy) Automatyk"},"content":{"rendered":"\t\t<div data-elementor-type=\"wp-page\" data-elementor-id=\"7645\" class=\"elementor elementor-7645\" data-elementor-post-type=\"page\">\n\t\t\t\t\t\t<section class=\"elementor-section elementor-top-section elementor-element elementor-element-5c9a9b0 elementor-section-boxed elementor-section-height-default elementor-section-height-default\" data-id=\"5c9a9b0\" data-element_type=\"section\" data-e-type=\"section\">\n\t\t\t\t\t\t<div class=\"elementor-container elementor-column-gap-default\">\n\t\t\t\t\t<div class=\"elementor-column elementor-col-100 elementor-top-column elementor-element elementor-element-cb28c06\" data-id=\"cb28c06\" data-element_type=\"column\" data-e-type=\"column\">\n\t\t\t<div class=\"elementor-widget-wrap elementor-element-populated\">\n\t\t\t\t\t\t<section class=\"elementor-section elementor-inner-section elementor-element elementor-element-b91eaa5 elementor-section-boxed elementor-section-height-default elementor-section-height-default\" data-id=\"b91eaa5\" data-element_type=\"section\" data-e-type=\"section\">\n\t\t\t\t\t\t<div class=\"elementor-container elementor-column-gap-default\">\n\t\t\t\t\t<div class=\"elementor-column elementor-col-100 elementor-inner-column elementor-element elementor-element-552da2a elementor-invisible\" data-id=\"552da2a\" data-element_type=\"column\" data-e-type=\"column\" data-settings=\"{&quot;animation&quot;:&quot;fadeIn&quot;}\">\n\t\t\t<div class=\"elementor-widget-wrap elementor-element-populated\">\n\t\t\t\t\t\t<div class=\"elementor-element elementor-element-916740b elementor-widget elementor-widget-spacer\" data-id=\"916740b\" data-element_type=\"widget\" data-e-type=\"widget\" data-widget_type=\"spacer.default\">\n\t\t\t\t\t\t\t<div class=\"elementor-spacer\">\n\t\t\t<div class=\"elementor-spacer-inner\"><\/div>\n\t\t<\/div>\n\t\t\t\t\t\t<\/div>\n\t\t\t\t<div class=\"elementor-element elementor-element-276e5fc elementor-widget elementor-widget-heading\" data-id=\"276e5fc\" data-element_type=\"widget\" data-e-type=\"widget\" data-widget_type=\"heading.default\">\n\t\t\t\t\t<h1 class=\"elementor-heading-title elementor-size-default\">(M\u0142odszy) Automatyk<\/h1>\t\t\t\t<\/div>\n\t\t\t\t<div class=\"elementor-element elementor-element-b1daa40 elementor-widget elementor-widget-text-editor\" data-id=\"b1daa40\" data-element_type=\"widget\" data-e-type=\"widget\" data-widget_type=\"text-editor.default\">\n\t\t\t\t\t\t\t\t\t<p>Celej\u00f3w (pow. garwoli\u0144ski) Region: mazowieckie<\/p><h3>Zakres obowi\u0105zk\u00f3w:<\/h3><ul><li>Zapewnienie sprawnego dzia\u0142ania urz\u0105dze\u0144 poprzez: bie\u017c\u0105ce i okresowe konserwacje oraz naprawy.<\/li><li>Szybkie i skuteczne diagnozowanie i usuwanie bie\u017c\u0105cych usterek technicznych w zakresie uk\u0142ad\u00f3w elektrycznych, automatyki i sterowania.<\/li><li>Wykonywanie dzia\u0142a\u0144 prewencyjnych zgodnie z za\u0142o\u017conym harmonogramem.<\/li><li>Modyfikowanie istniej\u0105cych i wykonywanie nowych instalacji elektrycznych oraz system\u00f3w sterowania.<\/li><li>Zg\u0142aszanie pomys\u0142\u00f3w usprawnie\u0144 i projekt\u00f3w optymalizacyjnych.<\/li><\/ul><h3>Oczekiwania wobec kandydat\u00f3w:<\/h3><ul><li>Wykszta\u0142cenie min. \u015brednie kierunkowe (Automatyka, Mechatronika lub pokrewne).<\/li><li>Znajomo\u015b\u0107 uk\u0142ad\u00f3w automatyki przeka\u017anikowo-stykowej.<\/li><li>Umiej\u0119tno\u015b\u0107 interpretacji dokumentacji technicznej i technologicznej w tym schemat\u00f3w elektrycznych.<\/li><li>Znajomo\u015b\u0107 zagadnie\u0144 automatyki przemys\u0142owej ze szczeg\u00f3lnym uwzgl\u0119dnieniem uk\u0142ad\u00f3w nap\u0119dowych opartych na falownikach i serwonap\u0119dach (Siemens, SEW, Danfoss).<\/li><li>Dok\u0142adno\u015b\u0107, samodzielno\u015b\u0107, komunikatywno\u015b\u0107.<\/li><li>Umiej\u0119tno\u015b\u0107 pracy w zespole oraz pod presj\u0105 czasu.<\/li><li>Gotowo\u015b\u0107 do pracy w systemie zmianowym, r\u00f3wnie\u017c w weekendy (3 dni: 6:00 &#8211; 18:00; 3 dni wolne; 3 noce: 18:00 &#8211; 6:00; 3 dni wolne).<\/li><\/ul><h3>Mile widziane:<\/h3><ul><li>Absolwent lub student ostatnich lat (kierunek Automatyka, Mechatronika lub pokrewne),<\/li><li>Do\u015bwiadczenie w diagnostyce przyczyn awarii, naprawie maszyn i urz\u0105dze\u0144,<\/li><li>Uprawnienia SEP energetyczne i gazowe,<\/li><li>Umiej\u0119tno\u015b\u0107 programowania i diagnostyki sterownik\u00f3w PLC,<\/li><li>Komunikatywna znajomo\u015b\u0107 j\u0119zyka angielskiego lub niemieckiego.<\/li><\/ul><h3>Oferujemy:<\/h3><ul><li>Umow\u0119 o prac\u0119 w rozwijaj\u0105cej si\u0119, mi\u0119dzynarodowej firmie.<\/li><li>Podnoszenie kwalifikacji zawodowych poprzez program szkole\u0144.<\/li><li>Pakiet benefit\u00f3w: grupowe ubezpieczenie na \u017cycie, prywatn\u0105 opiek\u0119 medyczn\u0105, bezp\u0142atne wej\u015bcia na basen, deputaty produktowe, \u015bwi\u0105teczne bony.<\/li><\/ul><p><sup>Zgodnie z art. 13 ust. 1 i ust. 2 Og\u00f3lnego Rozporz\u0105dzenia o ochronie danych osobowych z dnia 27 kwietnia 2016 r. informujemy, i\u017c Administratorem Pani\/Pana danych osobowych jest: <\/sup><sup>Br\u00fcggen Polska Sp. z o.o. z siedzib\u0105 w Warszawie 00-613, ul. Cha\u0142ubi\u0144skiego 8<\/sup><sup>. W sprawie pozyskania szczeg\u00f3\u0142owych informacji o danych osobowych mo\u017cna kontaktowa\u0107 si\u0119 pod adresem mailowym: <strong>dane.osobowe@brueggen.com<\/strong><\/sup><\/p>\t\t\t\t\t\t\t\t<\/div>\n\t\t\t\t<div class=\"elementor-element elementor-element-a3da746 elementor-tablet-align-center elementor-align-left elementor-widget elementor-widget-button\" data-id=\"a3da746\" data-element_type=\"widget\" data-e-type=\"widget\" data-widget_type=\"button.default\">\n\t\t\t\t\t\t\t\t\t\t<a class=\"elementor-button elementor-button-link elementor-size-xs\" href=\"https:\/\/system.erecruiter.pl\/FormTemplates\/RecruitmentForm.aspx?WebID=c567859f7a4543d19171033a467f6ac5\" target=\"_blank\" rel=\"noopener\">\n\t\t\t\t\t\t<span class=\"elementor-button-content-wrapper\">\n\t\t\t\t\t\t\t\t\t<span class=\"elementor-button-text\">Aplikuj<\/span>\n\t\t\t\t\t<\/span>\n\t\t\t\t\t<\/a>\n\t\t\t\t\t\t\t\t<\/div>\n\t\t\t\t\t<\/div>\n\t\t<\/div>\n\t\t\t\t\t<\/div>\n\t\t<\/section>\n\t\t\t\t\t<\/div>\n\t\t<\/div>\n\t\t\t\t\t<\/div>\n\t\t<\/section>\n\t\t\t\t<\/div>\n\t\t","protected":false},"excerpt":{"rendered":"<p>(M\u0142odszy) Automatyk Celej\u00f3w (pow. garwoli\u0144ski) Region: mazowieckie Zakres obowi\u0105zk\u00f3w: Zapewnienie sprawnego dzia\u0142ania urz\u0105dze\u0144 poprzez: bie\u017c\u0105ce i okresowe konserwacje oraz naprawy. Szybkie i skuteczne diagnozowanie i usuwanie bie\u017c\u0105cych usterek technicznych w zakresie uk\u0142ad\u00f3w elektrycznych, automatyki i sterowania. Wykonywanie dzia\u0142a\u0144 prewencyjnych zgodnie z za\u0142o\u017conym harmonogramem. Modyfikowanie istniej\u0105cych i wykonywanie nowych instalacji elektrycznych oraz system\u00f3w sterowania. Zg\u0142aszanie pomys\u0142\u00f3w&#8230;<\/p>\n","protected":false},"author":2,"featured_media":0,"parent":7583,"menu_order":24,"comment_status":"closed","ping_status":"closed","template":"","meta":{"_kad_post_transparent":"","_kad_post_title":"hide","_kad_post_layout":"fullwidth","_kad_post_sidebar_id":"","_kad_post_content_style":"unboxed","_kad_post_vertical_padding":"hide","_kad_post_feature":"hide","_kad_post_feature_position":"","_kad_post_header":false,"_kad_post_footer":false,"footnotes":""},"class_list":["post-7645","page","type-page","status-publish","hentry"],"_links":{"self":[{"href":"https:\/\/www.brueggen.com\/pl\/wp-json\/wp\/v2\/pages\/7645","targetHints":{"allow":["GET"]}}],"collection":[{"href":"https:\/\/www.brueggen.com\/pl\/wp-json\/wp\/v2\/pages"}],"about":[{"href":"https:\/\/www.brueggen.com\/pl\/wp-json\/wp\/v2\/types\/page"}],"author":[{"embeddable":true,"href":"https:\/\/www.brueggen.com\/pl\/wp-json\/wp\/v2\/users\/2"}],"replies":[{"embeddable":true,"href":"https:\/\/www.brueggen.com\/pl\/wp-json\/wp\/v2\/comments?post=7645"}],"version-history":[{"count":3,"href":"https:\/\/www.brueggen.com\/pl\/wp-json\/wp\/v2\/pages\/7645\/revisions"}],"predecessor-version":[{"id":33863,"href":"https:\/\/www.brueggen.com\/pl\/wp-json\/wp\/v2\/pages\/7645\/revisions\/33863"}],"up":[{"embeddable":true,"href":"https:\/\/www.brueggen.com\/pl\/wp-json\/wp\/v2\/pages\/7583"}],"wp:attachment":[{"href":"https:\/\/www.brueggen.com\/pl\/wp-json\/wp\/v2\/media?parent=7645"}],"curies":[{"name":"wp","href":"https:\/\/api.w.org\/{rel}","templated":true}]}}