{"id":7656,"date":"2024-03-20T16:03:15","date_gmt":"2024-03-20T15:03:15","guid":{"rendered":"https:\/\/www.brueggen.com\/?page_id=7656"},"modified":"2026-03-04T23:52:15","modified_gmt":"2026-03-04T22:52:15","slug":"it-manager","status":"publish","type":"page","link":"https:\/\/www.brueggen.com\/pl\/praca-i-kariera\/ogloszenia-o-prace\/it-manager\/","title":{"rendered":"IT Manager"},"content":{"rendered":"\t\t<div data-elementor-type=\"wp-page\" data-elementor-id=\"7656\" class=\"elementor elementor-7656\" data-elementor-post-type=\"page\">\n\t\t\t\t\t\t<section class=\"elementor-section elementor-top-section elementor-element elementor-element-7b4a591 elementor-section-boxed elementor-section-height-default elementor-section-height-default\" data-id=\"7b4a591\" data-element_type=\"section\" data-e-type=\"section\">\n\t\t\t\t\t\t<div class=\"elementor-container elementor-column-gap-default\">\n\t\t\t\t\t<div class=\"elementor-column elementor-col-100 elementor-top-column elementor-element elementor-element-1b9bea4\" data-id=\"1b9bea4\" data-element_type=\"column\" data-e-type=\"column\">\n\t\t\t<div class=\"elementor-widget-wrap elementor-element-populated\">\n\t\t\t\t\t\t<section class=\"elementor-section elementor-inner-section elementor-element elementor-element-cd0b155 elementor-section-boxed elementor-section-height-default elementor-section-height-default\" data-id=\"cd0b155\" data-element_type=\"section\" data-e-type=\"section\">\n\t\t\t\t\t\t<div class=\"elementor-container elementor-column-gap-default\">\n\t\t\t\t\t<div class=\"elementor-column elementor-col-100 elementor-inner-column elementor-element elementor-element-54a5217 elementor-invisible\" data-id=\"54a5217\" data-element_type=\"column\" data-e-type=\"column\" data-settings=\"{&quot;animation&quot;:&quot;fadeIn&quot;}\">\n\t\t\t<div class=\"elementor-widget-wrap elementor-element-populated\">\n\t\t\t\t\t\t<div class=\"elementor-element elementor-element-3acc43c elementor-widget elementor-widget-spacer\" data-id=\"3acc43c\" data-element_type=\"widget\" data-e-type=\"widget\" data-widget_type=\"spacer.default\">\n\t\t\t\t\t\t\t<div class=\"elementor-spacer\">\n\t\t\t<div class=\"elementor-spacer-inner\"><\/div>\n\t\t<\/div>\n\t\t\t\t\t\t<\/div>\n\t\t\t\t<div class=\"elementor-element elementor-element-71c0783 elementor-widget elementor-widget-heading\" data-id=\"71c0783\" data-element_type=\"widget\" data-e-type=\"widget\" data-widget_type=\"heading.default\">\n\t\t\t\t\t<h1 class=\"elementor-heading-title elementor-size-default\">Kierownik ds. IT<\/h1>\t\t\t\t<\/div>\n\t\t\t\t<div class=\"elementor-element elementor-element-82714d9 elementor-widget elementor-widget-text-editor\" data-id=\"82714d9\" data-element_type=\"widget\" data-e-type=\"widget\" data-widget_type=\"text-editor.default\">\n\t\t\t\t\t\t\t\t\t<p>Work destination: Celej\u00f3w (next to Wilga, Garwolin)<br \/>Region: Mazovia<\/p><h3><strong>Zadania zwi\u0105zane z zarz\u0105dzaniem:<\/strong><\/h3><ul><li>Zarz\u0105dzanie zespo\u0142em IT, \u015brodowiskiem i projektami, zapewniaj\u0105c zgodno\u015b\u0107 z celami biznesowymi.<\/li><li>Pe\u0142nienie funkcji bezpo\u015bredniego partnera biznesowego IT dla lokalnego kierownictwa, rozumienie potrzeb firmy i reagowanie na nie.<\/li><li>Rozwijanie lokalnego IT w ramach zespo\u0142u OneIT, zapewniaj\u0105c zgodno\u015b\u0107 z globalnymi strategiami IT i TI.<\/li><li>Obs\u0142uga wniosk\u00f3w biznesowych, opracowywanie dokument\u00f3w decyzyjnych dotycz\u0105cych kierunku strategicznego.<\/li><li>Zarz\u0105dzanie lokalnymi us\u0142ugami i projektami IT i TI zorientowanym na biznes podej\u015bciem.<\/li><li>Wsp\u00f3\u0142praca z innymi centralnymi dzia\u0142ami IT i dzia\u0142em TI, z uwzgl\u0119dnieniem strategii \u201eBr\u00fcggen 2032 i OneIT\u201d.<\/li><li>Wdra\u017canie i egzekwowanie globalnych standard\u00f3w i wytycznych IT i TI.<\/li><li>Planowanie i kontrola bud\u017cetu lokalnego dzia\u0142u IT w porozumieniu z globalnymi interesariuszami.<\/li><li>Zapewnienie ci\u0105g\u0142o\u015bci wszystkich lokalnych us\u0142ug IT.<\/li><li>Wdra\u017canie i monitorowanie proces\u00f3w i innowacji IT i TI, usprawnianie podstawowych us\u0142ug w ca\u0142ej grupie.<\/li><\/ul><h3><strong>Zadania og\u00f3lne:<\/strong><\/h3><ul><li>Zapewnienie kompleksowego wsparcia technicznego, zarz\u0105dzanie lokaln\u0105 infrastruktur\u0105 IT.<\/li><li>Nadzorowanie sprz\u0119tu, system\u00f3w operacyjnych i cyklu \u017cycia aplikacji.<\/li><li>Pe\u0142nienie funkcji pierwszego punktu kontaktowego w zakresie konsultacji dotycz\u0105cych projekt\u00f3w zwi\u0105zanych z IT.<\/li><li>Wdra\u017canie i dostosowywanie grupowych rozwi\u0105za\u0144 IT do lokalnych warunk\u00f3w.<\/li><\/ul><h3><strong>Nasze wymagania:<\/strong><\/h3><h3>Wiedza techniczna:<\/h3><ul><li>Bieg\u0142o\u015b\u0107 w zarz\u0105dzaniu infrastruktur\u0105, w tym VMware, Microsoft M365 Cloud i Active Directory<\/li><li>Znajomo\u015b\u0107 system\u00f3w MES (np. MPDV Hydra) b\u0119dzie dodatkowym atutem.<\/li><\/ul><h3>Inne wymagania:<\/h3><ul><li>Motywacja, samodzielno\u015b\u0107, profesjonalizm i nastawienie na obs\u0142ug\u0119 klienta.<\/li><li>3-5 lat do\u015bwiadczenia w zarz\u0105dzaniu i rozwijaniu zespo\u0142\u00f3w zajmuj\u0105cych si\u0119 infrastruktur\u0105 IT.<\/li><li>Dobre umiej\u0119tno\u015bci komunikacyjne, umiej\u0119tno\u015b\u0107 skutecznego nawi\u0105zywania kontakt\u00f3w na poziomie kierowniczym.<\/li><li>Umiej\u0119tno\u015b\u0107 przek\u0142adania potrzeb biznesowych na rozwi\u0105zania IT.<\/li><li>Zrozumienie wp\u0142ywu IT na produkcj\u0119 lub ch\u0119\u0107 nauki.<\/li><li>Znajomo\u015b\u0107 proces\u00f3w biznesowych w organizacji produkcyjnej i zrozumienie wp\u0142ywu IT s\u0105 mile widziane.<\/li><li>Motywacja do pracy w mi\u0119dzynarodowym zespole, silne umiej\u0119tno\u015bci interpersonalne i przyw\u00f3dcze.<\/li><li>Kreatywne umiej\u0119tno\u015bci rozwi\u0105zywania problem\u00f3w, proaktywna postawa i silne poczucie odpowiedzialno\u015bci.<\/li><li>Gotowo\u015b\u0107 do podr\u00f3\u017cowania dwa razy w roku na globalne spotkania dzia\u0142u.<\/li><li>Bieg\u0142a znajomo\u015b\u0107 j\u0119zyka angielskiego.<\/li><\/ul><h3><strong>Oferujemy:<\/strong><\/h3><ul><li>praca w stabilnej, mi\u0119dzynarodowej firmie<\/li><li>mo\u017cliwo\u015b\u0107 rozwoju zawodowego<\/li><li>ciekawa i zr\u00f3\u017cnicowana praca w nowoczesnej, zorientowanej na przysz\u0142o\u015b\u0107 firmie rodzinnej, kt\u00f3r\u0105<\/li><li>mo\u017cesz aktywnie wsp\u00f3\u0142tworzy\u0107<\/li><li>zaanga\u017cowany i wsp\u00f3\u0142pracuj\u0105cy zesp\u00f3\u0142, kt\u00f3ry z niecierpliwo\u015bci\u0105 czeka na wsp\u00f3\u0142prac\u0119 z Tob\u0105<\/li><li>pakiet us\u0142ug: prywatna opieka medyczna, grupowe ubezpieczenie na \u017cycie, bezp\u0142atny wst\u0119p na basen, dodatki produktowe, bony \u015bwi\u0105teczne<\/li><\/ul><p>Pursuant to Art. 13 sec. 1 and sec. 2 of the General Regulation on the Protection of Personal Data of April 27, 2016, we would like to inform you that the Administrator of your personal data is: Br\u00fcggen Polska Sp. z o.o. with headquarters in Warsaw 00-613, ul. Cha\u0142ubi\u0144skiego 8. In order to obtain detailed information about personal data, please contact the following e-mail address: <strong>dane.osobowe@brueggen.com<\/strong><\/p>\t\t\t\t\t\t\t\t<\/div>\n\t\t\t\t<div class=\"elementor-element elementor-element-962b4ec elementor-tablet-align-center elementor-align-left elementor-widget elementor-widget-button\" data-id=\"962b4ec\" data-element_type=\"widget\" data-e-type=\"widget\" data-widget_type=\"button.default\">\n\t\t\t\t\t\t\t\t\t\t<a class=\"elementor-button elementor-button-link elementor-size-xs\" href=\"https:\/\/system.erecruiter.pl\/FormTemplates\/RecruitmentForm.aspx?WebID=f60588ffa10d42d093a5483d148dd76d\" target=\"_blank\" rel=\"noopener\">\n\t\t\t\t\t\t<span class=\"elementor-button-content-wrapper\">\n\t\t\t\t\t\t\t\t\t<span class=\"elementor-button-text\">Aplikuj<\/span>\n\t\t\t\t\t<\/span>\n\t\t\t\t\t<\/a>\n\t\t\t\t\t\t\t\t<\/div>\n\t\t\t\t\t<\/div>\n\t\t<\/div>\n\t\t\t\t\t<\/div>\n\t\t<\/section>\n\t\t\t\t\t<\/div>\n\t\t<\/div>\n\t\t\t\t\t<\/div>\n\t\t<\/section>\n\t\t\t\t<\/div>\n\t\t","protected":false},"excerpt":{"rendered":"<p>Kierownik ds. IT Work destination: Celej\u00f3w (next to Wilga, Garwolin)Region: Mazovia Zadania zwi\u0105zane z zarz\u0105dzaniem: Zarz\u0105dzanie zespo\u0142em IT, \u015brodowiskiem i projektami, zapewniaj\u0105c zgodno\u015b\u0107 z celami biznesowymi. Pe\u0142nienie funkcji bezpo\u015bredniego partnera biznesowego IT dla lokalnego kierownictwa, rozumienie potrzeb firmy i reagowanie na nie. Rozwijanie lokalnego IT w ramach zespo\u0142u OneIT, zapewniaj\u0105c zgodno\u015b\u0107 z globalnymi strategiami IT&#8230;<\/p>\n","protected":false},"author":2,"featured_media":0,"parent":7583,"menu_order":26,"comment_status":"closed","ping_status":"closed","template":"","meta":{"_kad_post_transparent":"","_kad_post_title":"hide","_kad_post_layout":"fullwidth","_kad_post_sidebar_id":"","_kad_post_content_style":"unboxed","_kad_post_vertical_padding":"hide","_kad_post_feature":"hide","_kad_post_feature_position":"","_kad_post_header":false,"_kad_post_footer":false,"footnotes":""},"class_list":["post-7656","page","type-page","status-publish","hentry"],"_links":{"self":[{"href":"https:\/\/www.brueggen.com\/pl\/wp-json\/wp\/v2\/pages\/7656","targetHints":{"allow":["GET"]}}],"collection":[{"href":"https:\/\/www.brueggen.com\/pl\/wp-json\/wp\/v2\/pages"}],"about":[{"href":"https:\/\/www.brueggen.com\/pl\/wp-json\/wp\/v2\/types\/page"}],"author":[{"embeddable":true,"href":"https:\/\/www.brueggen.com\/pl\/wp-json\/wp\/v2\/users\/2"}],"replies":[{"embeddable":true,"href":"https:\/\/www.brueggen.com\/pl\/wp-json\/wp\/v2\/comments?post=7656"}],"version-history":[{"count":6,"href":"https:\/\/www.brueggen.com\/pl\/wp-json\/wp\/v2\/pages\/7656\/revisions"}],"predecessor-version":[{"id":33684,"href":"https:\/\/www.brueggen.com\/pl\/wp-json\/wp\/v2\/pages\/7656\/revisions\/33684"}],"up":[{"embeddable":true,"href":"https:\/\/www.brueggen.com\/pl\/wp-json\/wp\/v2\/pages\/7583"}],"wp:attachment":[{"href":"https:\/\/www.brueggen.com\/pl\/wp-json\/wp\/v2\/media?parent=7656"}],"curies":[{"name":"wp","href":"https:\/\/api.w.org\/{rel}","templated":true}]}}