{"id":7662,"date":"2024-03-20T16:05:32","date_gmt":"2024-03-20T15:05:32","guid":{"rendered":"https:\/\/www.brueggen.com\/?page_id=7662"},"modified":"2026-02-21T00:29:07","modified_gmt":"2026-02-20T23:29:07","slug":"kupiec-surowcow","status":"publish","type":"page","link":"https:\/\/www.brueggen.com\/pl\/praca-i-kariera\/ogloszenia-o-prace\/kupiec-surowcow\/","title":{"rendered":"Kupiec Surowc\u00f3w"},"content":{"rendered":"\t\t<div data-elementor-type=\"wp-page\" data-elementor-id=\"7662\" class=\"elementor elementor-7662\" data-elementor-post-type=\"page\">\n\t\t\t\t\t\t<section class=\"elementor-section elementor-top-section elementor-element elementor-element-8a02a3d elementor-section-boxed elementor-section-height-default elementor-section-height-default\" data-id=\"8a02a3d\" data-element_type=\"section\" data-e-type=\"section\">\n\t\t\t\t\t\t<div class=\"elementor-container elementor-column-gap-default\">\n\t\t\t\t\t<div class=\"elementor-column elementor-col-100 elementor-top-column elementor-element elementor-element-f004c24\" data-id=\"f004c24\" data-element_type=\"column\" data-e-type=\"column\">\n\t\t\t<div class=\"elementor-widget-wrap elementor-element-populated\">\n\t\t\t\t\t\t<section class=\"elementor-section elementor-inner-section elementor-element elementor-element-11b8b6d elementor-section-boxed elementor-section-height-default elementor-section-height-default\" data-id=\"11b8b6d\" data-element_type=\"section\" data-e-type=\"section\">\n\t\t\t\t\t\t<div class=\"elementor-container elementor-column-gap-default\">\n\t\t\t\t\t<div class=\"elementor-column elementor-col-100 elementor-inner-column elementor-element elementor-element-f2668e2 elementor-invisible\" data-id=\"f2668e2\" data-element_type=\"column\" data-e-type=\"column\" data-settings=\"{&quot;animation&quot;:&quot;fadeIn&quot;}\">\n\t\t\t<div class=\"elementor-widget-wrap elementor-element-populated\">\n\t\t\t\t\t\t<div class=\"elementor-element elementor-element-f08f302 elementor-widget elementor-widget-spacer\" data-id=\"f08f302\" data-element_type=\"widget\" data-e-type=\"widget\" data-widget_type=\"spacer.default\">\n\t\t\t\t\t\t\t<div class=\"elementor-spacer\">\n\t\t\t<div class=\"elementor-spacer-inner\"><\/div>\n\t\t<\/div>\n\t\t\t\t\t\t<\/div>\n\t\t\t\t<div class=\"elementor-element elementor-element-293cb85 elementor-widget elementor-widget-heading\" data-id=\"293cb85\" data-element_type=\"widget\" data-e-type=\"widget\" data-widget_type=\"heading.default\">\n\t\t\t\t\t<h1 class=\"elementor-heading-title elementor-size-default\">Kupiec Surowc\u00f3w<\/h1>\t\t\t\t<\/div>\n\t\t\t\t<div class=\"elementor-element elementor-element-56e8a51 elementor-widget elementor-widget-text-editor\" data-id=\"56e8a51\" data-element_type=\"widget\" data-e-type=\"widget\" data-widget_type=\"text-editor.default\">\n\t\t\t\t\t\t\t\t\t<p>Wilga (pow. garwoli\u0144ski) Region: mazowieckie<\/p><h3><strong>Zakres obowiazk\u00f3w:<\/strong><\/h3><ul><li>Wsp\u00f3\u0142praca z dostawcami krajowymi i zagranicznymi.<\/li><li>Analiza ofert rynkowych dla nowych dostawc\u00f3w.<\/li><li>Prowadzenie proces\u00f3w zakupowych surowc\u00f3w: negocjacje, kontraktacje d\u0142ugoterminowe.<\/li><li>Wsp\u00f3\u0142prowadzenie audyt\u00f3w jako\u015bciowych u kontrahent\u00f3w.<\/li><li>Realizacja za\u0142o\u017ce\u0144 i dzia\u0142anie zgodnie z polityk\u0105 firmy na podleg\u0142ym obszarze.<\/li><li>Prowadzenie dokumentacji zgodnie z procedurami.<\/li><li>Wsp\u00f3\u0142praca z\u00a0 klientem wewn\u0119trznym (Kontroling, Sprzeda\u017c, Jako\u015b\u0107, R&amp;D, Finanse).<\/li><\/ul><h3><strong>Oczekiwania wobec kandydat\u00f3w:<\/strong><\/h3><ul type=\"disc\"><li>Wykszta\u0142cenie wy\u017csze.<\/li><li>Co najmniej 5-letnie do\u015bwiadczenie na podobnym stanowisku w firmie bran\u017cy spo\u017cywczej (rynek surowc\u00f3w).<\/li><li>Bieg\u0142a znajmo\u015b\u0107 j. angielskiego (z uwzgl\u0119dnieniem s\u0142ownictwa biznesowego).<\/li><li>Zdolno\u015bci negocjacyjne i analityczne.<\/li><li>Umiej\u0119tno\u015b\u0107 poszukiwania, nawi\u0105zywania i podtrzymywania kontakt\u00f3w.<\/li><li>Samodzielno\u015b\u0107, rzetelno\u015b\u0107, punktualno\u015b\u0107, umiej\u0119tno\u015b\u0107 pracy pod presj\u0105 czasu.<\/li><li>Silna motywacja do pracy oraz odporno\u015b\u0107 na stres.<\/li><\/ul><h3><strong>Oferujemy:<\/strong><\/h3><ul><li>Stabilne zatrudnienie w oparciu o umow\u0119 o prac\u0119.<\/li><li>Mo\u017cliwo\u015b\u0107 rozwoju zawodowego.<\/li><li>Przyjazn\u0105 atmosfer\u0119 pracy.<\/li><li>Grupowe ubezpieczenie na \u017cycie, prywatn\u0105 opiek\u0119 medyczn\u0105, bezp\u0142atne wej\u015bcia na basen oraz deputaty produktowe.<\/li><\/ul><p>Zgodnie z art. 13 ust. 1 i ust. 2 Og\u00f3lnego Rozporz\u0105dzenia o ochronie danych osobowych z dnia 27 kwietnia 2016 r. informuj\u0119, i\u017c Administratorem Pani\/Pana danych osobowych jest:<\/p><p>Br\u00fcggen Polska Sp. z o.o. z siedzib\u0105 w Warszawie 00-613, ul. Cha\u0142ubi\u0144skiego 8;<\/p><p>W sprawie pozyskania szczeg\u00f3\u0142owych informacji o danych osobowych mo\u017cna kontaktowa\u0107 si\u0119 pod adresem mailowym: dane.osobowe@brueggen.com<\/p>\t\t\t\t\t\t\t\t<\/div>\n\t\t\t\t<div class=\"elementor-element elementor-element-f2ba1d1 elementor-tablet-align-center elementor-align-left elementor-widget elementor-widget-button\" data-id=\"f2ba1d1\" data-element_type=\"widget\" data-e-type=\"widget\" data-widget_type=\"button.default\">\n\t\t\t\t\t\t\t\t\t\t<a class=\"elementor-button elementor-button-link elementor-size-xs\" href=\"https:\/\/system.erecruiter.pl\/FormTemplates\/RecruitmentForm.aspx?WebID=37fe8b02657f46a0a6277b1e70607f11\" target=\"_blank\" rel=\"noopener\">\n\t\t\t\t\t\t<span class=\"elementor-button-content-wrapper\">\n\t\t\t\t\t\t\t\t\t<span class=\"elementor-button-text\">Aplikuj<\/span>\n\t\t\t\t\t<\/span>\n\t\t\t\t\t<\/a>\n\t\t\t\t\t\t\t\t<\/div>\n\t\t\t\t\t<\/div>\n\t\t<\/div>\n\t\t\t\t\t<\/div>\n\t\t<\/section>\n\t\t\t\t\t<\/div>\n\t\t<\/div>\n\t\t\t\t\t<\/div>\n\t\t<\/section>\n\t\t\t\t<\/div>\n\t\t","protected":false},"excerpt":{"rendered":"<p>Kupiec Surowc\u00f3w Wilga (pow. garwoli\u0144ski) Region: mazowieckie Zakres obowiazk\u00f3w: Wsp\u00f3\u0142praca z dostawcami krajowymi i zagranicznymi. Analiza ofert rynkowych dla nowych dostawc\u00f3w. Prowadzenie proces\u00f3w zakupowych surowc\u00f3w: negocjacje, kontraktacje d\u0142ugoterminowe. Wsp\u00f3\u0142prowadzenie audyt\u00f3w jako\u015bciowych u kontrahent\u00f3w. Realizacja za\u0142o\u017ce\u0144 i dzia\u0142anie zgodnie z polityk\u0105 firmy na podleg\u0142ym obszarze. Prowadzenie dokumentacji zgodnie z procedurami. Wsp\u00f3\u0142praca z\u00a0 klientem wewn\u0119trznym (Kontroling, Sprzeda\u017c,&#8230;<\/p>\n","protected":false},"author":2,"featured_media":0,"parent":7583,"menu_order":27,"comment_status":"closed","ping_status":"closed","template":"","meta":{"_kad_post_transparent":"","_kad_post_title":"hide","_kad_post_layout":"fullwidth","_kad_post_sidebar_id":"","_kad_post_content_style":"unboxed","_kad_post_vertical_padding":"hide","_kad_post_feature":"hide","_kad_post_feature_position":"","_kad_post_header":false,"_kad_post_footer":false,"footnotes":""},"class_list":["post-7662","page","type-page","status-publish","hentry"],"_links":{"self":[{"href":"https:\/\/www.brueggen.com\/pl\/wp-json\/wp\/v2\/pages\/7662","targetHints":{"allow":["GET"]}}],"collection":[{"href":"https:\/\/www.brueggen.com\/pl\/wp-json\/wp\/v2\/pages"}],"about":[{"href":"https:\/\/www.brueggen.com\/pl\/wp-json\/wp\/v2\/types\/page"}],"author":[{"embeddable":true,"href":"https:\/\/www.brueggen.com\/pl\/wp-json\/wp\/v2\/users\/2"}],"replies":[{"embeddable":true,"href":"https:\/\/www.brueggen.com\/pl\/wp-json\/wp\/v2\/comments?post=7662"}],"version-history":[{"count":3,"href":"https:\/\/www.brueggen.com\/pl\/wp-json\/wp\/v2\/pages\/7662\/revisions"}],"predecessor-version":[{"id":33546,"href":"https:\/\/www.brueggen.com\/pl\/wp-json\/wp\/v2\/pages\/7662\/revisions\/33546"}],"up":[{"embeddable":true,"href":"https:\/\/www.brueggen.com\/pl\/wp-json\/wp\/v2\/pages\/7583"}],"wp:attachment":[{"href":"https:\/\/www.brueggen.com\/pl\/wp-json\/wp\/v2\/media?parent=7662"}],"curies":[{"name":"wp","href":"https:\/\/api.w.org\/{rel}","templated":true}]}}