{"id":7673,"date":"2024-03-20T16:09:06","date_gmt":"2024-03-20T15:09:06","guid":{"rendered":"https:\/\/www.brueggen.com\/?page_id=7673"},"modified":"2026-03-04T23:49:13","modified_gmt":"2026-03-04T22:49:13","slug":"kontroler-jakosci","status":"publish","type":"page","link":"https:\/\/www.brueggen.com\/pl\/praca-i-kariera\/ogloszenia-o-prace\/kontroler-jakosci\/","title":{"rendered":"Kontroler Jako\u015bci"},"content":{"rendered":"\t\t<div data-elementor-type=\"wp-page\" data-elementor-id=\"7673\" class=\"elementor elementor-7673\" data-elementor-post-type=\"page\">\n\t\t\t\t\t\t<section class=\"elementor-section elementor-top-section elementor-element elementor-element-4f32998 elementor-section-boxed elementor-section-height-default elementor-section-height-default\" data-id=\"4f32998\" data-element_type=\"section\" data-e-type=\"section\">\n\t\t\t\t\t\t<div class=\"elementor-container elementor-column-gap-default\">\n\t\t\t\t\t<div class=\"elementor-column elementor-col-100 elementor-top-column elementor-element elementor-element-6f32241\" data-id=\"6f32241\" data-element_type=\"column\" data-e-type=\"column\">\n\t\t\t<div class=\"elementor-widget-wrap elementor-element-populated\">\n\t\t\t\t\t\t<section class=\"elementor-section elementor-inner-section elementor-element elementor-element-93d6276 elementor-section-boxed elementor-section-height-default elementor-section-height-default\" data-id=\"93d6276\" data-element_type=\"section\" data-e-type=\"section\">\n\t\t\t\t\t\t<div class=\"elementor-container elementor-column-gap-default\">\n\t\t\t\t\t<div class=\"elementor-column elementor-col-100 elementor-inner-column elementor-element elementor-element-4895f96 elementor-invisible\" data-id=\"4895f96\" data-element_type=\"column\" data-e-type=\"column\" data-settings=\"{&quot;animation&quot;:&quot;fadeIn&quot;}\">\n\t\t\t<div class=\"elementor-widget-wrap elementor-element-populated\">\n\t\t\t\t\t\t<div class=\"elementor-element elementor-element-b84d659 elementor-widget elementor-widget-spacer\" data-id=\"b84d659\" data-element_type=\"widget\" data-e-type=\"widget\" data-widget_type=\"spacer.default\">\n\t\t\t\t\t\t\t<div class=\"elementor-spacer\">\n\t\t\t<div class=\"elementor-spacer-inner\"><\/div>\n\t\t<\/div>\n\t\t\t\t\t\t<\/div>\n\t\t\t\t<div class=\"elementor-element elementor-element-a57f045 elementor-widget elementor-widget-heading\" data-id=\"a57f045\" data-element_type=\"widget\" data-e-type=\"widget\" data-widget_type=\"heading.default\">\n\t\t\t\t\t<h1 class=\"elementor-heading-title elementor-size-default\">Kontroler Jako\u015bci<\/h1>\t\t\t\t<\/div>\n\t\t\t\t<div class=\"elementor-element elementor-element-7489dad elementor-widget elementor-widget-text-editor\" data-id=\"7489dad\" data-element_type=\"widget\" data-e-type=\"widget\" data-widget_type=\"text-editor.default\">\n\t\t\t\t\t\t\t\t\t<p>Wilga (pow. garwoli\u0144ski) Region: mazowieckie<\/p><h3><strong>Zakres obowi\u0105zk\u00f3w:<\/strong><\/h3><ul><li>Kontrola surowc\u00f3w, p\u00f3\u0142produkt\u00f3w i produkt\u00f3w na wszystkich etapach procesu produkcyjnego.<\/li><li>Kontrola przestrzegania zasad GMP\/GHP\u00a0w obszarze produkcji i magazynu.<\/li><li>Nadz\u00f3r na prawid\u0142owo\u015bci\u0105 dzia\u0142ania HACCP.<\/li><li>Pobieranie i archiwizowanie pr\u00f3bek (surowce, p\u00f3\u0142produkty, wyroby gotowe).<\/li><li>Zg\u0142aszanie reklamacji surowc\u00f3w, materia\u0142\u00f3w opakowaniowych oraz wyrob\u00f3w gotowych.<\/li><li>Zwalnianie\/blokowanie w systemie surowc\u00f3w, p\u00f3\u0142produkt\u00f3w, wyrob\u00f3w gotowych (SAP QM).<\/li><li>Sporz\u0105dzanie i weryfikacja dokumentacji jako\u015bciowej<\/li><li>Wsparcie dzia\u0142u Jako\u015bci we wdra\u017caniu procedur.<\/li><\/ul><h3><strong>Oczekiwania wobec kandydat\u00f3w:<\/strong><\/h3><ul><li>Wykszta\u0142cenie \u015brednie (preferowane kierunki: technologia \u017cywno\u015bci, towaroznawstwo, gastronomia lub pokrewne).<\/li><li>Do\u015bwiadczenie min. 2 lata na podobnym stanowisku w bran\u017cy spo\u017cywczej,<\/li><li>Praktyczna znajomo\u015b\u0107 system\u00f3w HACCAP, GMP\/GHP, BRC, IFS.<\/li><li>Znajomo\u015b\u0107 MS Office.<\/li><li>Podstawowa znajomo\u015b\u0107 j\u0119zyka angielskiego.<\/li><li>Umiej\u0119tno\u015b\u0107 podejmowania decyzji.<\/li><li>Dobra organizacja pracy.<\/li><li>Dok\u0142adno\u015b\u0107.<\/li><li>Gotowo\u015b\u0107 do pracy w systemie zmianowym (3 dni: 6.00-18.00, 3 dni wolne; 3 noce 18.00-6.00, 3 dni wolne)<\/li><\/ul><h3><strong>Oferujemy:<\/strong><\/h3><ul><li>Umow\u0119 o prac\u0119 w rozwijaj\u0105cej si\u0119, mi\u0119dzynarodowej firmie.<\/li><li>Podnoszenie kwalifikacji zawodowych poprzez udzia\u0142 w szkoleniach.<\/li><li>Pakiet benefit\u00f3w: grupowe ubezpieczenie na \u017cycie, prywatna opieka medyczn\u0105, bezp\u0142atne wej\u015bcia na basen, deputaty produktowe, bony \u015bwi\u0105teczne.<\/li><\/ul><p><sup>Zgodnie z art. 13 ust. 1 i ust. 2 Og\u00f3lnego Rozporz\u0105dzenia o ochronie danych osobowych z dnia 27 kwietnia 2016 r. informujemy, i\u017c Administratorem Pani\/Pana danych osobowych jest: Br\u00fcggen Polska Sp. z o.o. z siedzib\u0105 w Warszawie 00-613, ul. Cha\u0142ubi\u0144skiego 8. W sprawie pozyskania szczeg\u00f3\u0142owych informacji o danych osobowych mo\u017cna kontaktowa\u0107 si\u0119 pod adresem mailowym:\u00a0<\/sup><strong><sup>dane.osobowe@brueggen.com<\/sup><\/strong><\/p>\t\t\t\t\t\t\t\t<\/div>\n\t\t\t\t<div class=\"elementor-element elementor-element-b4f9e8c elementor-tablet-align-center elementor-align-left elementor-widget elementor-widget-button\" data-id=\"b4f9e8c\" data-element_type=\"widget\" data-e-type=\"widget\" data-widget_type=\"button.default\">\n\t\t\t\t\t\t\t\t\t\t<a class=\"elementor-button elementor-button-link elementor-size-xs\" href=\"https:\/\/system.erecruiter.pl\/FormTemplates\/RecruitmentForm.aspx?WebID=f0ccf50328cd47d7a21c0f7e6eea8f7a\" target=\"_blank\" rel=\"noopener\">\n\t\t\t\t\t\t<span class=\"elementor-button-content-wrapper\">\n\t\t\t\t\t\t\t\t\t<span class=\"elementor-button-text\">Aplikuj<\/span>\n\t\t\t\t\t<\/span>\n\t\t\t\t\t<\/a>\n\t\t\t\t\t\t\t\t<\/div>\n\t\t\t\t\t<\/div>\n\t\t<\/div>\n\t\t\t\t\t<\/div>\n\t\t<\/section>\n\t\t\t\t\t<\/div>\n\t\t<\/div>\n\t\t\t\t\t<\/div>\n\t\t<\/section>\n\t\t\t\t<\/div>\n\t\t","protected":false},"excerpt":{"rendered":"<p>Kontroler Jako\u015bci Wilga (pow. garwoli\u0144ski) Region: mazowieckie Zakres obowi\u0105zk\u00f3w: Kontrola surowc\u00f3w, p\u00f3\u0142produkt\u00f3w i produkt\u00f3w na wszystkich etapach procesu produkcyjnego. Kontrola przestrzegania zasad GMP\/GHP\u00a0w obszarze produkcji i magazynu. Nadz\u00f3r na prawid\u0142owo\u015bci\u0105 dzia\u0142ania HACCP. Pobieranie i archiwizowanie pr\u00f3bek (surowce, p\u00f3\u0142produkty, wyroby gotowe). Zg\u0142aszanie reklamacji surowc\u00f3w, materia\u0142\u00f3w opakowaniowych oraz wyrob\u00f3w gotowych. Zwalnianie\/blokowanie w systemie surowc\u00f3w, p\u00f3\u0142produkt\u00f3w, wyrob\u00f3w gotowych&#8230;<\/p>\n","protected":false},"author":2,"featured_media":0,"parent":7583,"menu_order":29,"comment_status":"closed","ping_status":"closed","template":"","meta":{"_kad_post_transparent":"","_kad_post_title":"hide","_kad_post_layout":"fullwidth","_kad_post_sidebar_id":"","_kad_post_content_style":"unboxed","_kad_post_vertical_padding":"hide","_kad_post_feature":"hide","_kad_post_feature_position":"","_kad_post_header":false,"_kad_post_footer":false,"footnotes":""},"class_list":["post-7673","page","type-page","status-publish","hentry"],"_links":{"self":[{"href":"https:\/\/www.brueggen.com\/pl\/wp-json\/wp\/v2\/pages\/7673","targetHints":{"allow":["GET"]}}],"collection":[{"href":"https:\/\/www.brueggen.com\/pl\/wp-json\/wp\/v2\/pages"}],"about":[{"href":"https:\/\/www.brueggen.com\/pl\/wp-json\/wp\/v2\/types\/page"}],"author":[{"embeddable":true,"href":"https:\/\/www.brueggen.com\/pl\/wp-json\/wp\/v2\/users\/2"}],"replies":[{"embeddable":true,"href":"https:\/\/www.brueggen.com\/pl\/wp-json\/wp\/v2\/comments?post=7673"}],"version-history":[{"count":3,"href":"https:\/\/www.brueggen.com\/pl\/wp-json\/wp\/v2\/pages\/7673\/revisions"}],"predecessor-version":[{"id":33854,"href":"https:\/\/www.brueggen.com\/pl\/wp-json\/wp\/v2\/pages\/7673\/revisions\/33854"}],"up":[{"embeddable":true,"href":"https:\/\/www.brueggen.com\/pl\/wp-json\/wp\/v2\/pages\/7583"}],"wp:attachment":[{"href":"https:\/\/www.brueggen.com\/pl\/wp-json\/wp\/v2\/media?parent=7673"}],"curies":[{"name":"wp","href":"https:\/\/api.w.org\/{rel}","templated":true}]}}