{"id":7678,"date":"2024-03-20T16:10:46","date_gmt":"2024-03-20T15:10:46","guid":{"rendered":"https:\/\/www.brueggen.com\/?page_id=7678"},"modified":"2026-02-21T00:30:21","modified_gmt":"2026-02-20T23:30:21","slug":"specjalista-ds-jakosci","status":"publish","type":"page","link":"https:\/\/www.brueggen.com\/pl\/praca-i-kariera\/ogloszenia-o-prace\/specjalista-ds-jakosci\/","title":{"rendered":"Specjalista ds. Jako\u015bci"},"content":{"rendered":"\t\t<div data-elementor-type=\"wp-page\" data-elementor-id=\"7678\" class=\"elementor elementor-7678\" data-elementor-post-type=\"page\">\n\t\t\t\t\t\t<section class=\"elementor-section elementor-top-section elementor-element elementor-element-751c43d elementor-section-boxed elementor-section-height-default elementor-section-height-default\" data-id=\"751c43d\" data-element_type=\"section\" data-e-type=\"section\">\n\t\t\t\t\t\t<div class=\"elementor-container elementor-column-gap-default\">\n\t\t\t\t\t<div class=\"elementor-column elementor-col-100 elementor-top-column elementor-element elementor-element-3e7afcd\" data-id=\"3e7afcd\" data-element_type=\"column\" data-e-type=\"column\">\n\t\t\t<div class=\"elementor-widget-wrap elementor-element-populated\">\n\t\t\t\t\t\t<section class=\"elementor-section elementor-inner-section elementor-element elementor-element-6adc864 elementor-section-boxed elementor-section-height-default elementor-section-height-default\" data-id=\"6adc864\" data-element_type=\"section\" data-e-type=\"section\">\n\t\t\t\t\t\t<div class=\"elementor-container elementor-column-gap-default\">\n\t\t\t\t\t<div class=\"elementor-column elementor-col-100 elementor-inner-column elementor-element elementor-element-0a96e2b elementor-invisible\" data-id=\"0a96e2b\" data-element_type=\"column\" data-e-type=\"column\" data-settings=\"{&quot;animation&quot;:&quot;fadeIn&quot;}\">\n\t\t\t<div class=\"elementor-widget-wrap elementor-element-populated\">\n\t\t\t\t\t\t<div class=\"elementor-element elementor-element-330a32b elementor-widget elementor-widget-spacer\" data-id=\"330a32b\" data-element_type=\"widget\" data-e-type=\"widget\" data-widget_type=\"spacer.default\">\n\t\t\t\t\t\t\t<div class=\"elementor-spacer\">\n\t\t\t<div class=\"elementor-spacer-inner\"><\/div>\n\t\t<\/div>\n\t\t\t\t\t\t<\/div>\n\t\t\t\t<div class=\"elementor-element elementor-element-09ce302 elementor-widget elementor-widget-heading\" data-id=\"09ce302\" data-element_type=\"widget\" data-e-type=\"widget\" data-widget_type=\"heading.default\">\n\t\t\t\t\t<h1 class=\"elementor-heading-title elementor-size-default\">Specjalista ds. Zapewnienia Jako\u015bci Surowc\u00f3w<\/h1>\t\t\t\t<\/div>\n\t\t\t\t<div class=\"elementor-element elementor-element-639c46b elementor-widget elementor-widget-text-editor\" data-id=\"639c46b\" data-element_type=\"widget\" data-e-type=\"widget\" data-widget_type=\"text-editor.default\">\n\t\t\t\t\t\t\t\t\t<p>Wilga (pow. garwoli\u0144ski)<\/p>\n<h3><strong>G\u0142\u00f3wne obowi\u0105zki:<\/strong><\/h3>\n<ul>\n<li>Wsp\u00f3\u0142praca w mi\u0119dzynarodowym zespole ds. surowc\u00f3w.<\/li>\n<li>Kontakt z dostawcami krajowymi i zagranicznymi w celu pozyskiwania niezb\u0119dnej dokumentacji.<\/li>\n<li>Ocena ryzyka, zatwierdzanie dostawc\u00f3w surowc\u00f3w.<\/li>\n<li>Zarz\u0105dzanie reklamacjami, wyja\u015bnianie niezgodno\u015bci z dostawcami.<\/li>\n<li>Prowadzenie audyt\u00f3w dostawc\u00f3w surowc\u00f3w.<\/li>\n<li>Wsp\u00f3\u0142praca przy definiowaniu i wdra\u017caniu proces\u00f3w pomi\u0119dzy dzia\u0142ami.<\/li>\n<\/ul>\n<h3><strong>Oczekiwania wobec kandydat\u00f3w:<\/strong><\/h3>\n<ul>\n<li>Bardzo Dobra znajomo\u015b\u0107 j. angielskiego.<\/li>\n<li>Wykszta\u0142cenie wy\u017csze kierunkowe (technologia \u017cywno\u015bci, chemia \u017cywno\u015bci, nauki o \u017cywieniu cz\u0142owieka, biotechnologia lub pokrewne).<\/li>\n<li>Minimum dwuletnie do\u015bwiadczenie w pracy na podobnym stanowisku w przemy\u015ble spo\u017cywczym.<\/li>\n<li>Znajomo\u015b\u0107 przepis\u00f3w prawa \u017cywno\u015bciowego i zasad znakowania \u015brodk\u00f3w spo\u017cywczych.<\/li>\n<li>Znajomo\u015b\u0107 system\u00f3w jako\u015bci: HACCP, BRC, IFS. Certyfikat audytora wewn\u0119trznego systemu HACCP b\u0119dzie dodatkowym atutem.<\/li>\n<li>Znajomo\u015b\u0107 pakietu MS Office 365<\/li>\n<li>Znajomo\u015b\u0107 systemu SAP b\u0119dzie dodatkowym atutem.<\/li>\n<li>Umiej\u0119tno\u015b\u0107 analitycznego my\u015blenia i planowania zada\u0144.<\/li>\n<\/ul>\n<h3><strong>Oferujemy:<\/strong><\/h3>\n<ul>\n<li>Umow\u0119 o prac\u0119 w rozwijaj\u0105cej si\u0119, mi\u0119dzynarodowej firmie.<\/li>\n<li>Podnoszenie kwalifikacji zawodowych poprzez udzia\u0142 w szkoleniach.<\/li>\n<li>Pakiet benefit\u00f3w: grupowe ubezpieczenie na \u017cycie, prywatna opieka medyczna, bezp\u0142atne wej\u015bcia na basen, bony \u015bwi\u0105teczne, deputaty produktowe.<\/li>\n<\/ul>\n<p><sup>Zgodnie z art. 13 ust. 1 i ust. 2 Og\u00f3lnego Rozporz\u0105dzenia o ochronie danych osobowych z dnia 27 kwietnia 2016 r. informujemy, i\u017c Administratorem Pani\/Pana danych osobowych jest: Br\u00fcggen Polska Sp. z o.o. z siedzib\u0105 w Warszawie 00-613, ul. Cha\u0142ubi\u0144skiego 8. W sprawie pozyskania szczeg\u00f3\u0142owych informacji o danych osobowych mo\u017cna kontaktowa\u0107 si\u0119 pod adresem mailowym: dane.osobowe@brueggen.com<\/sup><\/p>\t\t\t\t\t\t\t\t<\/div>\n\t\t\t\t<div class=\"elementor-element elementor-element-d6e3ab7 elementor-tablet-align-center elementor-align-left elementor-widget elementor-widget-button\" data-id=\"d6e3ab7\" data-element_type=\"widget\" data-e-type=\"widget\" data-widget_type=\"button.default\">\n\t\t\t\t\t\t\t\t\t\t<a class=\"elementor-button elementor-button-link elementor-size-xs\" href=\"https:\/\/system.erecruiter.pl\/FormTemplates\/RecruitmentForm.aspx?WebID=31ed1046fb55425bb9c8b33feec3f004\" target=\"_blank\" rel=\"noopener\">\n\t\t\t\t\t\t<span class=\"elementor-button-content-wrapper\">\n\t\t\t\t\t\t\t\t\t<span class=\"elementor-button-text\">Aplikuj<\/span>\n\t\t\t\t\t<\/span>\n\t\t\t\t\t<\/a>\n\t\t\t\t\t\t\t\t<\/div>\n\t\t\t\t\t<\/div>\n\t\t<\/div>\n\t\t\t\t\t<\/div>\n\t\t<\/section>\n\t\t\t\t\t<\/div>\n\t\t<\/div>\n\t\t\t\t\t<\/div>\n\t\t<\/section>\n\t\t\t\t<\/div>\n\t\t","protected":false},"excerpt":{"rendered":"<p>Specjalista ds. Zapewnienia Jako\u015bci Surowc\u00f3w Wilga (pow. garwoli\u0144ski) G\u0142\u00f3wne obowi\u0105zki: Wsp\u00f3\u0142praca w mi\u0119dzynarodowym zespole ds. surowc\u00f3w. Kontakt z dostawcami krajowymi i zagranicznymi w celu pozyskiwania niezb\u0119dnej dokumentacji. Ocena ryzyka, zatwierdzanie dostawc\u00f3w surowc\u00f3w. Zarz\u0105dzanie reklamacjami, wyja\u015bnianie niezgodno\u015bci z dostawcami. Prowadzenie audyt\u00f3w dostawc\u00f3w surowc\u00f3w. Wsp\u00f3\u0142praca przy definiowaniu i wdra\u017caniu proces\u00f3w pomi\u0119dzy dzia\u0142ami. Oczekiwania wobec kandydat\u00f3w: Bardzo Dobra&#8230;<\/p>\n","protected":false},"author":2,"featured_media":0,"parent":7583,"menu_order":30,"comment_status":"closed","ping_status":"closed","template":"","meta":{"_kad_post_transparent":"","_kad_post_title":"hide","_kad_post_layout":"fullwidth","_kad_post_sidebar_id":"","_kad_post_content_style":"unboxed","_kad_post_vertical_padding":"hide","_kad_post_feature":"hide","_kad_post_feature_position":"","_kad_post_header":false,"_kad_post_footer":false,"footnotes":""},"class_list":["post-7678","page","type-page","status-publish","hentry"],"_links":{"self":[{"href":"https:\/\/www.brueggen.com\/pl\/wp-json\/wp\/v2\/pages\/7678","targetHints":{"allow":["GET"]}}],"collection":[{"href":"https:\/\/www.brueggen.com\/pl\/wp-json\/wp\/v2\/pages"}],"about":[{"href":"https:\/\/www.brueggen.com\/pl\/wp-json\/wp\/v2\/types\/page"}],"author":[{"embeddable":true,"href":"https:\/\/www.brueggen.com\/pl\/wp-json\/wp\/v2\/users\/2"}],"replies":[{"embeddable":true,"href":"https:\/\/www.brueggen.com\/pl\/wp-json\/wp\/v2\/comments?post=7678"}],"version-history":[{"count":3,"href":"https:\/\/www.brueggen.com\/pl\/wp-json\/wp\/v2\/pages\/7678\/revisions"}],"predecessor-version":[{"id":33549,"href":"https:\/\/www.brueggen.com\/pl\/wp-json\/wp\/v2\/pages\/7678\/revisions\/33549"}],"up":[{"embeddable":true,"href":"https:\/\/www.brueggen.com\/pl\/wp-json\/wp\/v2\/pages\/7583"}],"wp:attachment":[{"href":"https:\/\/www.brueggen.com\/pl\/wp-json\/wp\/v2\/media?parent=7678"}],"curies":[{"name":"wp","href":"https:\/\/api.w.org\/{rel}","templated":true}]}}