{"id":7683,"date":"2024-03-20T16:12:06","date_gmt":"2024-03-20T15:12:06","guid":{"rendered":"https:\/\/www.brueggen.com\/?page_id=7683"},"modified":"2026-02-23T23:33:28","modified_gmt":"2026-02-23T22:33:28","slug":"research-development-manager","status":"publish","type":"page","link":"https:\/\/www.brueggen.com\/pl\/praca-i-kariera\/ogloszenia-o-prace\/research-development-manager\/","title":{"rendered":"Research &amp; Development Manager"},"content":{"rendered":"\t\t<div data-elementor-type=\"wp-page\" data-elementor-id=\"7683\" class=\"elementor elementor-7683\" data-elementor-post-type=\"page\">\n\t\t\t\t\t\t<section class=\"elementor-section elementor-top-section elementor-element elementor-element-d7be322 elementor-section-boxed elementor-section-height-default elementor-section-height-default\" data-id=\"d7be322\" data-element_type=\"section\" data-e-type=\"section\">\n\t\t\t\t\t\t<div class=\"elementor-container elementor-column-gap-default\">\n\t\t\t\t\t<div class=\"elementor-column elementor-col-100 elementor-top-column elementor-element elementor-element-4344c27\" data-id=\"4344c27\" data-element_type=\"column\" data-e-type=\"column\">\n\t\t\t<div class=\"elementor-widget-wrap elementor-element-populated\">\n\t\t\t\t\t\t<section class=\"elementor-section elementor-inner-section elementor-element elementor-element-d41b0c8 elementor-section-boxed elementor-section-height-default elementor-section-height-default\" data-id=\"d41b0c8\" data-element_type=\"section\" data-e-type=\"section\">\n\t\t\t\t\t\t<div class=\"elementor-container elementor-column-gap-default\">\n\t\t\t\t\t<div class=\"elementor-column elementor-col-100 elementor-inner-column elementor-element elementor-element-558a858 elementor-invisible\" data-id=\"558a858\" data-element_type=\"column\" data-e-type=\"column\" data-settings=\"{&quot;animation&quot;:&quot;fadeIn&quot;}\">\n\t\t\t<div class=\"elementor-widget-wrap elementor-element-populated\">\n\t\t\t\t\t\t<div class=\"elementor-element elementor-element-06eac01 elementor-widget elementor-widget-spacer\" data-id=\"06eac01\" data-element_type=\"widget\" data-e-type=\"widget\" data-widget_type=\"spacer.default\">\n\t\t\t\t\t\t\t<div class=\"elementor-spacer\">\n\t\t\t<div class=\"elementor-spacer-inner\"><\/div>\n\t\t<\/div>\n\t\t\t\t\t\t<\/div>\n\t\t\t\t<div class=\"elementor-element elementor-element-819d629 elementor-widget elementor-widget-heading\" data-id=\"819d629\" data-element_type=\"widget\" data-e-type=\"widget\" data-widget_type=\"heading.default\">\n\t\t\t\t\t<h1 class=\"elementor-heading-title elementor-size-default\">Kierownik ds. bada\u0144 i rozwoju\n<\/h1>\t\t\t\t<\/div>\n\t\t\t\t<div class=\"elementor-element elementor-element-795979f elementor-widget elementor-widget-text-editor\" data-id=\"795979f\" data-element_type=\"widget\" data-e-type=\"widget\" data-widget_type=\"text-editor.default\">\n\t\t\t\t\t\t\t\t\t<p>Celej\u00f3w (next to Wilga, Garwolin) Region: Mazovia<\/p><h3>Obowi\u0105zki:<\/h3><ul><li>Zarz\u0105dzanie zespo\u0142em badawczo-rozwojowym \u2013 8 etat\u00f3w.<\/li><li>Koordynowanie codziennych dzia\u0142a\u0144 w ramach zespo\u0142u, a tak\u017ce mi\u0119dzy dzia\u0142ami.<br \/>Kompleksowy nadz\u00f3r nad procesem rozwoju nowych produkt\u00f3w firmy.<\/li><li>Opracowywanie i wdra\u017canie strategii uwzgl\u0119dniaj\u0105cej potrzeby klient\u00f3w i trendy rynkowe.<\/li><li>Rozwijanie wsp\u00f3\u0142pracy z dostawcami w zakresie pozyskiwania innowacyjnych komponent\u00f3w.<\/li><li>Utrzymywanie \u015bcis\u0142ej wsp\u00f3\u0142pracy z dzia\u0142ami, w tym dzia\u0142em sprzeda\u017cy, technologii produkcji, jako\u015bci i marketingu, w celu zapewnienia sukcesu projekt\u00f3w.<\/li><li>\u015acis\u0142a wsp\u00f3\u0142praca z filiami firmy we Francji i Niemczech.<\/li><li>Aktywny udzia\u0142 w audytach i spotkaniach sprzeda\u017cowych (prezentacja portfolio produkt\u00f3w).<\/li><li>Udzia\u0142 w procesach optymalizacji, odpowiedzialno\u015b\u0107 za standaryzacj\u0119 proces\u00f3w w obszarze bada\u0144 i rozwoju.<\/li><\/ul><h3>Nasze wymagania:<\/h3><ul><li>Min. 2 lata do\u015bwiadczenia na stanowisku kierowniczym w dziale bada\u0144 i rozwoju w bran\u017cy spo\u017cywczej.<\/li><li>Do\u015bwiadczenie w zarz\u0105dzaniu zespo\u0142em.<\/li><li>Wykszta\u0142cenie wy\u017csze w dziedzinie technologii \u017cywno\u015bci lub pokrewnej.<\/li><li>Do\u015bwiadczenie w zarz\u0105dzaniu projektami badawczo-rozwojowymi.<\/li><li>Kreatywne umiej\u0119tno\u015bci rozwi\u0105zywania problem\u00f3w, proaktywna postawa i silne poczucie odpowiedzialno\u015bci.<\/li><li>Znajomo\u015b\u0107 prawa \u017cywno\u015bciowego i proces\u00f3w produkcji \u017cywno\u015bci.<\/li><li>Bieg\u0142a znajomo\u015b\u0107 j\u0119zyka angielskiego.<\/li><li>Znajomo\u015b\u0107 \u015brodowiska MS Office, znajomo\u015b\u0107 SAP b\u0119dzie dodatkowym atutem.<\/li><\/ul><h3>Nasze wymagania:<\/h3><ul><li>Umow\u0119 o prac\u0119 w rozwijaj\u0105cej si\u0119, mi\u0119dzynarodowej firmie.<\/li><li>Udzia\u0142 w ciekawych projektach, w tym mi\u0119dzynarodowych.<\/li><li>Mo\u017cliwo\u015b\u0107 rozwoju zawodowego.<\/li><li>Pakiet \u015bwiadcze\u0144: grupowe ubezpieczenie na \u017cycie, prywatna opieka medyczna.<\/li><li>Pakiet us\u0142ug: prywatna opieka medyczna, grupowe ubezpieczenie na \u017cycie, bezp\u0142atny wst\u0119p na basen, dodatki produktowe, bony \u015bwi\u0105teczne.<\/li><\/ul><p><sub>Pursuant to Art. 13 sec. 1 and sec. 2 of the General Regulation on the Protection of Personal Data of April 27, 2016, we would like to inform you that the Administrator of your personal data is: Br\u00fcggen Polska Sp. z o.o. with headquarters in Warsaw 00-613, ul. Cha\u0142ubi\u0144skiego 8. In order to obtain detailed information about personal data, please contact the following e-mail address:\u00a0<strong>dane.osobowe@brueggen.com<\/strong><\/sub><\/p>\t\t\t\t\t\t\t\t<\/div>\n\t\t\t\t<div class=\"elementor-element elementor-element-debc384 elementor-tablet-align-center elementor-align-left elementor-widget elementor-widget-button\" data-id=\"debc384\" data-element_type=\"widget\" data-e-type=\"widget\" data-widget_type=\"button.default\">\n\t\t\t\t\t\t\t\t\t\t<a class=\"elementor-button elementor-button-link elementor-size-xs\" href=\"https:\/\/system.erecruiter.pl\/FormTemplates\/RecruitmentForm.aspx?WebID=c6ab36ec189f4889a67bfa37b1de0f5a\" target=\"_blank\" rel=\"noopener\">\n\t\t\t\t\t\t<span class=\"elementor-button-content-wrapper\">\n\t\t\t\t\t\t\t\t\t<span class=\"elementor-button-text\">Aplikuj<\/span>\n\t\t\t\t\t<\/span>\n\t\t\t\t\t<\/a>\n\t\t\t\t\t\t\t\t<\/div>\n\t\t\t\t\t<\/div>\n\t\t<\/div>\n\t\t\t\t\t<\/div>\n\t\t<\/section>\n\t\t\t\t\t<\/div>\n\t\t<\/div>\n\t\t\t\t\t<\/div>\n\t\t<\/section>\n\t\t\t\t<\/div>\n\t\t","protected":false},"excerpt":{"rendered":"<p>Kierownik ds. bada\u0144 i rozwoju Celej\u00f3w (next to Wilga, Garwolin) Region: Mazovia Obowi\u0105zki: Zarz\u0105dzanie zespo\u0142em badawczo-rozwojowym \u2013 8 etat\u00f3w. Koordynowanie codziennych dzia\u0142a\u0144 w ramach zespo\u0142u, a tak\u017ce mi\u0119dzy dzia\u0142ami.Kompleksowy nadz\u00f3r nad procesem rozwoju nowych produkt\u00f3w firmy. Opracowywanie i wdra\u017canie strategii uwzgl\u0119dniaj\u0105cej potrzeby klient\u00f3w i trendy rynkowe. Rozwijanie wsp\u00f3\u0142pracy z dostawcami w zakresie pozyskiwania innowacyjnych komponent\u00f3w&#8230;.<\/p>\n","protected":false},"author":2,"featured_media":0,"parent":7583,"menu_order":31,"comment_status":"closed","ping_status":"closed","template":"","meta":{"_kad_post_transparent":"","_kad_post_title":"hide","_kad_post_layout":"fullwidth","_kad_post_sidebar_id":"","_kad_post_content_style":"unboxed","_kad_post_vertical_padding":"hide","_kad_post_feature":"hide","_kad_post_feature_position":"","_kad_post_header":false,"_kad_post_footer":false,"footnotes":""},"class_list":["post-7683","page","type-page","status-publish","hentry"],"_links":{"self":[{"href":"https:\/\/www.brueggen.com\/pl\/wp-json\/wp\/v2\/pages\/7683","targetHints":{"allow":["GET"]}}],"collection":[{"href":"https:\/\/www.brueggen.com\/pl\/wp-json\/wp\/v2\/pages"}],"about":[{"href":"https:\/\/www.brueggen.com\/pl\/wp-json\/wp\/v2\/types\/page"}],"author":[{"embeddable":true,"href":"https:\/\/www.brueggen.com\/pl\/wp-json\/wp\/v2\/users\/2"}],"replies":[{"embeddable":true,"href":"https:\/\/www.brueggen.com\/pl\/wp-json\/wp\/v2\/comments?post=7683"}],"version-history":[{"count":6,"href":"https:\/\/www.brueggen.com\/pl\/wp-json\/wp\/v2\/pages\/7683\/revisions"}],"predecessor-version":[{"id":33681,"href":"https:\/\/www.brueggen.com\/pl\/wp-json\/wp\/v2\/pages\/7683\/revisions\/33681"}],"up":[{"embeddable":true,"href":"https:\/\/www.brueggen.com\/pl\/wp-json\/wp\/v2\/pages\/7583"}],"wp:attachment":[{"href":"https:\/\/www.brueggen.com\/pl\/wp-json\/wp\/v2\/media?parent=7683"}],"curies":[{"name":"wp","href":"https:\/\/api.w.org\/{rel}","templated":true}]}}