{"id":7694,"date":"2024-03-20T16:15:06","date_gmt":"2024-03-20T15:15:06","guid":{"rendered":"https:\/\/www.brueggen.com\/?page_id=7694"},"modified":"2026-03-04T23:57:28","modified_gmt":"2026-03-04T22:57:28","slug":"specjalista-ka-ds-ochrony-srodowiska","status":"publish","type":"page","link":"https:\/\/www.brueggen.com\/pl\/praca-i-kariera\/ogloszenia-o-prace\/specjalista-ka-ds-ochrony-srodowiska\/","title":{"rendered":"Specjalista\/ka ds. Ochrony \u015arodowiska"},"content":{"rendered":"\t\t<div data-elementor-type=\"wp-page\" data-elementor-id=\"7694\" class=\"elementor elementor-7694\" data-elementor-post-type=\"page\">\n\t\t\t\t\t\t<section class=\"elementor-section elementor-top-section elementor-element elementor-element-e8b9405 elementor-section-boxed elementor-section-height-default elementor-section-height-default\" data-id=\"e8b9405\" data-element_type=\"section\" data-e-type=\"section\">\n\t\t\t\t\t\t<div class=\"elementor-container elementor-column-gap-default\">\n\t\t\t\t\t<div class=\"elementor-column elementor-col-100 elementor-top-column elementor-element elementor-element-4490add\" data-id=\"4490add\" data-element_type=\"column\" data-e-type=\"column\">\n\t\t\t<div class=\"elementor-widget-wrap elementor-element-populated\">\n\t\t\t\t\t\t<section class=\"elementor-section elementor-inner-section elementor-element elementor-element-a3346a1 elementor-section-boxed elementor-section-height-default elementor-section-height-default\" data-id=\"a3346a1\" data-element_type=\"section\" data-e-type=\"section\">\n\t\t\t\t\t\t<div class=\"elementor-container elementor-column-gap-default\">\n\t\t\t\t\t<div class=\"elementor-column elementor-col-100 elementor-inner-column elementor-element elementor-element-7150449 elementor-invisible\" data-id=\"7150449\" data-element_type=\"column\" data-e-type=\"column\" data-settings=\"{&quot;animation&quot;:&quot;fadeIn&quot;}\">\n\t\t\t<div class=\"elementor-widget-wrap elementor-element-populated\">\n\t\t\t\t\t\t<div class=\"elementor-element elementor-element-18a9f0a elementor-widget elementor-widget-spacer\" data-id=\"18a9f0a\" data-element_type=\"widget\" data-e-type=\"widget\" data-widget_type=\"spacer.default\">\n\t\t\t\t\t\t\t<div class=\"elementor-spacer\">\n\t\t\t<div class=\"elementor-spacer-inner\"><\/div>\n\t\t<\/div>\n\t\t\t\t\t\t<\/div>\n\t\t\t\t<div class=\"elementor-element elementor-element-29bf728 elementor-widget elementor-widget-heading\" data-id=\"29bf728\" data-element_type=\"widget\" data-e-type=\"widget\" data-widget_type=\"heading.default\">\n\t\t\t\t\t<h1 class=\"elementor-heading-title elementor-size-default\">Specjalista\/ka ds. Ochrony \u015arodowiska<\/h1>\t\t\t\t<\/div>\n\t\t\t\t<div class=\"elementor-element elementor-element-d43be9c elementor-widget elementor-widget-text-editor\" data-id=\"d43be9c\" data-element_type=\"widget\" data-e-type=\"widget\" data-widget_type=\"text-editor.default\">\n\t\t\t\t\t\t\t\t\t<p>Celej\u00f3w (pow. garwoli\u0144ski)<\/p><h3><strong>Zakres obowi\u0105zk\u00f3w:<\/strong><\/h3><ul><li>Pe\u0142nienie funkcji u\u017cytkownika g\u0142\u00f3wnego i prowadzenie ewidencji odpad\u00f3w w systemie BDO.<\/li><li>Sporz\u0105dzanie i bie\u017c\u0105ca aktualizacja dokumentacji oraz procedur z zakresu ochrony \u015brodowiska.<\/li><li>Nadz\u00f3r nad zawieraniem i wykonaniem um\u00f3w o odbi\u00f3r odpad\u00f3w.<\/li><li>Wsp\u00f3\u0142praca z organizacjami odzysku i podmiotami zajmuj\u0105cym si\u0119 wyliczaniem op\u0142aty \u015brodowiskowej oraz konstruowaniem sprawozda\u0144 do KOBIZE.<\/li><li>Sk\u0142adanie sprawozda\u0144 do w\u0142a\u015bciwych organ\u00f3w administracji publicznej w zakresach wynikaj\u0105cych z przepis\u00f3w prawa (Gospodarka odpadami, Korzystanie ze \u015brodowiska, Emisje \u2013 KOBIZE).<\/li><li>Prowadzenie dzia\u0142a\u0144 wskazanych w zezwoleniach oraz \u015brodowiskowy monitoring nad ich zgodno\u015bci\u0105.<\/li><li>Udzia\u0142 w realizacji polityki ochrony \u015brodowiska firmy.<\/li><li>Wsp\u00f3\u0142praca z dzia\u0142ami wewn\u0119trznymi firmy w celu podnoszenia \u015bwiadomo\u015bci w obszarze O\u015a.<\/li><\/ul><h3><strong>Oczekiwania wobec kandydat\u00f3w:<\/strong><\/h3><ul><li>Dwuletnie Do\u015bwiadczenie na podobnym stanowisku \u2013 najlepiej w firmie produkcyjnej.<\/li><li>Wykszta\u0142cenie wy\u017csze, preferowane kierunki zwi\u0105zane z ochron\u0105 \u015brodowiska.<\/li><li>Praktyczna znajomo\u015b\u0107 przepis\u00f3w z zakresu ochrony \u015brodowiska.<\/li><li>Umiej\u0119tno\u015b\u0107 tworzenia i aktualizacji standard\u00f3w ochrony \u015brodowiska.<\/li><li>Samodzielno\u015b\u0107 oraz bardzo dobra organizacja pracy.<\/li><li>Otwarto\u015b\u0107, komunikatywno\u015b\u0107, inicjatywa i zaanga\u017cowanie.<\/li><li>Komunikatywna znajomo\u015b\u0107 j\u0119zyka angielskiego &#8211; mile widziana.<\/li><li>Dobra umiej\u0119tno\u015b\u0107 obs\u0142ugi pakietu MS Office.<\/li><\/ul><h3><strong>Oferujemy:<\/strong><\/h3><ul><li>Stabilne zatrudnienie w oparciu o umow\u0119 o prac\u0119.<\/li><li>Mo\u017cliwo\u015b\u0107 rozwoju zawodowego.<\/li><li>Podnoszenie kwalifikacji zawodowych poprzez udzia\u0142 w szkoleniach.<\/li><li>Przyjazn\u0105 atmosfer\u0119 pracy.<\/li><li>Grupowe ubezpieczenie na \u017cycie, prywatn\u0105 opiek\u0119 medyczn\u0105, bezp\u0142atne wej\u015bcia na basen oraz deputaty produktowe.<\/li><\/ul><p><sup>Zgodnie z art. 13 ust. 1 i ust. 2 Og\u00f3lnego Rozporz\u0105dzenia o ochronie danych osobowych z dnia 27 kwietnia 2016 r. informujemy, i\u017c Administratorem Pani\/Pana danych osobowych jest: Br\u00fcggen Polska Sp. z o.o. z siedzib\u0105 w Warszawie 00-613, ul. Cha\u0142ubi\u0144skiego 8. W sprawie pozyskania szczeg\u00f3\u0142owych informacji o danych osobowych mo\u017cna kontaktowa\u0107 si\u0119 pod adresem mailowym:<\/sup><strong><sup>\u00a0dane.osobowe@brueggen.com<\/sup><\/strong><\/p>\t\t\t\t\t\t\t\t<\/div>\n\t\t\t\t<div class=\"elementor-element elementor-element-99be36c elementor-tablet-align-center elementor-align-left elementor-widget elementor-widget-button\" data-id=\"99be36c\" data-element_type=\"widget\" data-e-type=\"widget\" data-widget_type=\"button.default\">\n\t\t\t\t\t\t\t\t\t\t<a class=\"elementor-button elementor-button-link elementor-size-xs\" href=\"https:\/\/system.erecruiter.pl\/FormTemplates\/RecruitmentForm.aspx?WebID=ef0e73fb0a1c47359bbb1af095d786ad\" target=\"_blank\" rel=\"noopener\">\n\t\t\t\t\t\t<span class=\"elementor-button-content-wrapper\">\n\t\t\t\t\t\t\t\t\t<span class=\"elementor-button-text\">Aplikuj<\/span>\n\t\t\t\t\t<\/span>\n\t\t\t\t\t<\/a>\n\t\t\t\t\t\t\t\t<\/div>\n\t\t\t\t\t<\/div>\n\t\t<\/div>\n\t\t\t\t\t<\/div>\n\t\t<\/section>\n\t\t\t\t\t<\/div>\n\t\t<\/div>\n\t\t\t\t\t<\/div>\n\t\t<\/section>\n\t\t\t\t<\/div>\n\t\t","protected":false},"excerpt":{"rendered":"<p>Specjalista\/ka ds. Ochrony \u015arodowiska Celej\u00f3w (pow. garwoli\u0144ski) Zakres obowi\u0105zk\u00f3w: Pe\u0142nienie funkcji u\u017cytkownika g\u0142\u00f3wnego i prowadzenie ewidencji odpad\u00f3w w systemie BDO. Sporz\u0105dzanie i bie\u017c\u0105ca aktualizacja dokumentacji oraz procedur z zakresu ochrony \u015brodowiska. Nadz\u00f3r nad zawieraniem i wykonaniem um\u00f3w o odbi\u00f3r odpad\u00f3w. Wsp\u00f3\u0142praca z organizacjami odzysku i podmiotami zajmuj\u0105cym si\u0119 wyliczaniem op\u0142aty \u015brodowiskowej oraz konstruowaniem sprawozda\u0144 do&#8230;<\/p>\n","protected":false},"author":2,"featured_media":0,"parent":7583,"menu_order":33,"comment_status":"closed","ping_status":"closed","template":"","meta":{"_kad_post_transparent":"","_kad_post_title":"hide","_kad_post_layout":"fullwidth","_kad_post_sidebar_id":"","_kad_post_content_style":"unboxed","_kad_post_vertical_padding":"hide","_kad_post_feature":"hide","_kad_post_feature_position":"","_kad_post_header":false,"_kad_post_footer":false,"footnotes":""},"class_list":["post-7694","page","type-page","status-publish","hentry"],"_links":{"self":[{"href":"https:\/\/www.brueggen.com\/pl\/wp-json\/wp\/v2\/pages\/7694","targetHints":{"allow":["GET"]}}],"collection":[{"href":"https:\/\/www.brueggen.com\/pl\/wp-json\/wp\/v2\/pages"}],"about":[{"href":"https:\/\/www.brueggen.com\/pl\/wp-json\/wp\/v2\/types\/page"}],"author":[{"embeddable":true,"href":"https:\/\/www.brueggen.com\/pl\/wp-json\/wp\/v2\/users\/2"}],"replies":[{"embeddable":true,"href":"https:\/\/www.brueggen.com\/pl\/wp-json\/wp\/v2\/comments?post=7694"}],"version-history":[{"count":3,"href":"https:\/\/www.brueggen.com\/pl\/wp-json\/wp\/v2\/pages\/7694\/revisions"}],"predecessor-version":[{"id":33275,"href":"https:\/\/www.brueggen.com\/pl\/wp-json\/wp\/v2\/pages\/7694\/revisions\/33275"}],"up":[{"embeddable":true,"href":"https:\/\/www.brueggen.com\/pl\/wp-json\/wp\/v2\/pages\/7583"}],"wp:attachment":[{"href":"https:\/\/www.brueggen.com\/pl\/wp-json\/wp\/v2\/media?parent=7694"}],"curies":[{"name":"wp","href":"https:\/\/api.w.org\/{rel}","templated":true}]}}