{"id":8409,"date":"2024-04-03T09:43:32","date_gmt":"2024-04-03T07:43:32","guid":{"rendered":"https:\/\/www.brueggen.com\/?page_id=8409"},"modified":"2026-03-05T00:03:20","modified_gmt":"2026-03-04T23:03:20","slug":"przetargi","status":"publish","type":"page","link":"https:\/\/www.brueggen.com\/pl\/przetargi\/","title":{"rendered":"Przetargi"},"content":{"rendered":"\t\t<div data-elementor-type=\"wp-page\" data-elementor-id=\"8409\" class=\"elementor elementor-8409\" data-elementor-post-type=\"page\">\n\t\t\t\t\t\t<section class=\"elementor-section elementor-top-section elementor-element elementor-element-4fa861d elementor-section-boxed elementor-section-height-default elementor-section-height-default\" data-id=\"4fa861d\" data-element_type=\"section\" data-e-type=\"section\">\n\t\t\t\t\t\t<div class=\"elementor-container elementor-column-gap-default\">\n\t\t\t\t\t<div class=\"elementor-column elementor-col-100 elementor-top-column elementor-element elementor-element-f1701b4\" data-id=\"f1701b4\" data-element_type=\"column\" data-e-type=\"column\">\n\t\t\t<div class=\"elementor-widget-wrap elementor-element-populated\">\n\t\t\t\t\t\t<section class=\"elementor-section elementor-inner-section elementor-element elementor-element-8282567 elementor-section-boxed elementor-section-height-default elementor-section-height-default\" data-id=\"8282567\" data-element_type=\"section\" data-e-type=\"section\">\n\t\t\t\t\t\t<div class=\"elementor-container elementor-column-gap-default\">\n\t\t\t\t\t<div class=\"elementor-column elementor-col-100 elementor-inner-column elementor-element elementor-element-d5cc080 elementor-invisible\" data-id=\"d5cc080\" data-element_type=\"column\" data-e-type=\"column\" data-settings=\"{&quot;animation&quot;:&quot;fadeIn&quot;}\">\n\t\t\t<div class=\"elementor-widget-wrap elementor-element-populated\">\n\t\t\t\t\t\t<div class=\"elementor-element elementor-element-0afc156 elementor-widget elementor-widget-spacer\" data-id=\"0afc156\" data-element_type=\"widget\" data-e-type=\"widget\" data-widget_type=\"spacer.default\">\n\t\t\t\t\t\t\t<div class=\"elementor-spacer\">\n\t\t\t<div class=\"elementor-spacer-inner\"><\/div>\n\t\t<\/div>\n\t\t\t\t\t\t<\/div>\n\t\t\t\t<div class=\"elementor-element elementor-element-7d02514 elementor-widget elementor-widget-heading\" data-id=\"7d02514\" data-element_type=\"widget\" data-e-type=\"widget\" data-widget_type=\"heading.default\">\n\t\t\t\t\t<h1 class=\"elementor-heading-title elementor-size-default\">Przetargi<\/h1>\t\t\t\t<\/div>\n\t\t\t\t<div class=\"elementor-element elementor-element-8072b7e elementor-widget elementor-widget-text-editor\" data-id=\"8072b7e\" data-element_type=\"widget\" data-e-type=\"widget\" data-widget_type=\"text-editor.default\">\n\t\t\t\t\t\t\t\t\t<p>Witamy w naszym przegl\u0105dzie przetarg\u00f3w! Tutaj znajdziesz wszystkie aktualne przetargi na pierwszy rzut oka. Naszym celem jest zapewnienie przejrzystego i \u0142atwego dost\u0119pu do wszystkich otwartych projekt\u00f3w i zam\u00f3wie\u0144. Niezale\u017cnie od tego, czy jeste\u015b do\u015bwiadczonym dostawc\u0105, czy now\u0105 zainteresowan\u0105 stron\u0105, nasza platforma pozwala szybko i \u0142atwo dowiedzie\u0107 si\u0119 o aktualnych przetargach i wzi\u0105\u0107 w nich udzia\u0142.<\/p>\t\t\t\t\t\t\t\t<\/div>\n\t\t\t\t\t<\/div>\n\t\t<\/div>\n\t\t\t\t\t<\/div>\n\t\t<\/section>\n\t\t\t\t\t<\/div>\n\t\t<\/div>\n\t\t\t\t\t<\/div>\n\t\t<\/section>\n\t\t<div class=\"elementor-element elementor-element-a5f95e4 e-flex e-con-boxed e-con e-parent\" data-id=\"a5f95e4\" data-element_type=\"container\" data-e-type=\"container\">\n\t\t\t\t\t<div class=\"e-con-inner\">\n\t\t\t\t<div class=\"elementor-element elementor-element-c1ba870 elementor-widget elementor-widget-ucaddon_uc_material_bullets\" data-id=\"c1ba870\" data-element_type=\"widget\" data-e-type=\"widget\" data-widget_type=\"ucaddon_uc_material_bullets.default\">\n\t\t\t\t<div class=\"elementor-widget-container\">\n\t\t\t\t\t<!-- start Icon Bullets -->\n\t\t<link id='font-awesome-css' href='https:\/\/www.brueggen.com\/wp-content\/plugins\/unlimited-for-elementor-premium\/assets_libraries\/font-awesome5\/css\/fontawesome-all.min.css' type='text\/css' rel='stylesheet' >\n\t\t<link id='font-awesome-4-shim-css' href='https:\/\/www.brueggen.com\/wp-content\/plugins\/unlimited-for-elementor-premium\/assets_libraries\/font-awesome5\/css\/fontawesome-v4-shims.css' type='text\/css' rel='stylesheet' >\n\n\t\t\t<style type=\"text\/css\">\/* widget: Icon Bullets *\/\n\n\n\n#uc_uc_material_bullets_elementor_c1ba870 *{\n\t-webkit-box-sizing: border-box;\n\t-moz-box-sizing: border-box;\n\tbox-sizing: border-box;\n}\n\n#uc_uc_material_bullets_elementor_c1ba870 .ue-icon-wrapper{\n\tdisplay: flex;\n}\n\n#uc_uc_material_bullets_elementor_c1ba870 .ue-icon{\n  display:flex;\n  align-items:center;\n  justify-content:center;\n  flex-grow:0;\n  flex-shrink:0;\n  line-height:1em;\n  transition:0.3s;\n}\n\n#uc_uc_material_bullets_elementor_c1ba870 .ue-icon svg{\n  height:1em;\n  width:1em;\n}\n\n#uc_uc_material_bullets_elementor_c1ba870 .uc_material_bullets_row{\n\tfont-weight:400;\n\toverflow:hidden;\n\tdisplay:flex;\n\tposition:relative;\n\ttext-align:left;\n\twidth:100%;   \n    transition:0.3s;\n}\n\n#uc_uc_material_bullets_elementor_c1ba870 .uc_material_bullets_row a.ue-item-link{\n  position:absolute;\n  display:block;\n  top:0;\n  right:0;\n  left:0;\n  bottom:0;\n}\n\n#uc_uc_material_bullets_elementor_c1ba870 .uc_material_bullets_row:last-child{\n\tmargin-bottom:0px !important;\n}\n\n\n#uc_uc_material_bullets_elementor_c1ba870 .uc_material_bullets_row {\n\tposition:relative;\n\tvertical-align:middle;\n}\n\n#uc_uc_material_bullets_elementor_c1ba870 .uc_material_bullets_row .uc_content_box{\n\tdisplay:flex;\n    flex-direction:column;\n    justify-content:center;\n    align-items: flex-start;\n    flex-grow:1;\n}\n\n#uc_uc_material_bullets_elementor_c1ba870 .ue-bullets{\n  display:grid;\n}\n\n#uc_uc_material_bullets_elementor_c1ba870 .ue-text, \n#uc_uc_material_bullets_elementor_c1ba870 .ue-title, \n#uc_uc_material_bullets_elementor_c1ba870 .ue-seperator{\n  width:100%;\n}\n\n#uc_uc_material_bullets_elementor_c1ba870 .ue-seperator-line{\n  display:inline-block;\n  font-size:0px;\n}\n\n#uc_uc_material_bullets_elementor_c1ba870 .ue-seperator{\n  font-size:0px;\n}\n\n#uc_uc_material_bullets_elementor_c1ba870.uc-remote-parent .uc_material_bullets_row{\n  cursor:pointer;\n}\n\n.ue-title{\n  font-size:21px;\n  margin:0;\n}\n\n#uc_uc_material_bullets_elementor_c1ba870 .uc_content_box > *{\n  transition: all .3s;\n}\n\n<\/style>\n\n\t\t\t<div class=\"uc_material_bullets  \"  id=\"uc_uc_material_bullets_elementor_c1ba870\"  >   \t\n    \t<div class=\"ue-bullets uc-items-wrapper\">\n          \t<div class=\"uc_material_bullets_row elementor-repeater-item-415931d\">\n  <div class=\"ue-icon-wrapper\">\n              <div class=\"ue-icon\">\n                    <i class='fas fa-chevron-right'><\/i>                    \t\n\n                \n              <\/div>\n  <\/div>\n  <div class=\"uc_content_box uc_ceal\">\n    <div class=\"ue-title\">Zapytanie ofertowe 1\/2024 - Linia do produkcji baton\u00f3w zbo\u017cowych<\/div>\n    \n    \t\n    \n    <div class=\"ue-text\">Analiza przedwdro\u017ceniowa, dostawa do miejsca realizacji zam\u00f3wienia, monta\u017c i nadz\u00f3r nad procesem rozruchu linii do produkcji baton\u00f3w zbo\u017cowych.<\/div>\t\n  <\/div>\n   \n      <a href=\"https:\/\/www.brueggen.com\/pl\/przetargi\/przetarg-1\/\" class=\"ue-item-link\" ><\/a>\n  \t\n<\/div>\n<div class=\"uc_material_bullets_row elementor-repeater-item-5f31cc7\">\n  <div class=\"ue-icon-wrapper\">\n              <div class=\"ue-icon\">\n                    <i class='fas fa-chevron-right'><\/i>                    \t\n\n                \n              <\/div>\n  <\/div>\n  <div class=\"uc_content_box uc_ceal\">\n    <div class=\"ue-title\">Zapytanie ofertowe 2\/2024 - Linia do pakowania baton\u00f3w zbo\u017cowych<\/div>\n    \n    \t\n    \n    <div class=\"ue-text\">Analiza przedwdro\u017ceniowa, dostawa do miejsca realizacji zam\u00f3wienia, monta\u017c i nadz\u00f3r nad procesem rozruchu linii do pakowania baton\u00f3w zbo\u017cowych.<\/div>\t\n  <\/div>\n   \n      <a href=\"https:\/\/www.brueggen.com\/pl\/przetargi\/przetarg-2\/\" class=\"ue-item-link\" ><\/a>\n  \t\n<\/div>\n\n      <\/div>\n<\/div>\n\t\t\t<!-- end Icon Bullets -->\t\t\t\t<\/div>\n\t\t\t\t<\/div>\n\t\t\t\t\t<\/div>\n\t\t\t\t<\/div>\n\t\t\t\t<\/div>\n\t\t","protected":false},"excerpt":{"rendered":"<p>Przetargi Witamy w naszym przegl\u0105dzie przetarg\u00f3w! Tutaj znajdziesz wszystkie aktualne przetargi na pierwszy rzut oka. Naszym celem jest zapewnienie przejrzystego i \u0142atwego dost\u0119pu do wszystkich otwartych projekt\u00f3w i zam\u00f3wie\u0144. Niezale\u017cnie od tego, czy jeste\u015b do\u015bwiadczonym dostawc\u0105, czy now\u0105 zainteresowan\u0105 stron\u0105, nasza platforma pozwala szybko i \u0142atwo dowiedzie\u0107 si\u0119 o aktualnych przetargach i wzi\u0105\u0107 w nich&#8230;<\/p>\n","protected":false},"author":2,"featured_media":0,"parent":0,"menu_order":9,"comment_status":"closed","ping_status":"closed","template":"","meta":{"_kad_post_transparent":"","_kad_post_title":"hide","_kad_post_layout":"fullwidth","_kad_post_sidebar_id":"","_kad_post_content_style":"unboxed","_kad_post_vertical_padding":"hide","_kad_post_feature":"hide","_kad_post_feature_position":"","_kad_post_header":false,"_kad_post_footer":false,"footnotes":""},"class_list":["post-8409","page","type-page","status-publish","hentry"],"_links":{"self":[{"href":"https:\/\/www.brueggen.com\/pl\/wp-json\/wp\/v2\/pages\/8409","targetHints":{"allow":["GET"]}}],"collection":[{"href":"https:\/\/www.brueggen.com\/pl\/wp-json\/wp\/v2\/pages"}],"about":[{"href":"https:\/\/www.brueggen.com\/pl\/wp-json\/wp\/v2\/types\/page"}],"author":[{"embeddable":true,"href":"https:\/\/www.brueggen.com\/pl\/wp-json\/wp\/v2\/users\/2"}],"replies":[{"embeddable":true,"href":"https:\/\/www.brueggen.com\/pl\/wp-json\/wp\/v2\/comments?post=8409"}],"version-history":[{"count":3,"href":"https:\/\/www.brueggen.com\/pl\/wp-json\/wp\/v2\/pages\/8409\/revisions"}],"predecessor-version":[{"id":32919,"href":"https:\/\/www.brueggen.com\/pl\/wp-json\/wp\/v2\/pages\/8409\/revisions\/32919"}],"wp:attachment":[{"href":"https:\/\/www.brueggen.com\/pl\/wp-json\/wp\/v2\/media?parent=8409"}],"curies":[{"name":"wp","href":"https:\/\/api.w.org\/{rel}","templated":true}]}}