{"id":8739,"date":"2024-04-05T11:07:08","date_gmt":"2024-04-05T09:07:08","guid":{"rendered":"https:\/\/www.brueggen.com\/?page_id=8739"},"modified":"2026-03-04T22:22:23","modified_gmt":"2026-03-04T21:22:23","slug":"przetarg-1","status":"publish","type":"page","link":"https:\/\/www.brueggen.com\/pl\/przetargi\/przetarg-1\/","title":{"rendered":"Przetarg #1"},"content":{"rendered":"\t\t<div data-elementor-type=\"wp-page\" data-elementor-id=\"8739\" class=\"elementor elementor-8739\" data-elementor-post-type=\"page\">\n\t\t\t\t\t\t<section class=\"elementor-section elementor-top-section elementor-element elementor-element-2703fca elementor-section-boxed elementor-section-height-default elementor-section-height-default\" data-id=\"2703fca\" data-element_type=\"section\" data-e-type=\"section\">\n\t\t\t\t\t\t<div class=\"elementor-container elementor-column-gap-default\">\n\t\t\t\t\t<div class=\"elementor-column elementor-col-100 elementor-top-column elementor-element elementor-element-b69c4b9\" data-id=\"b69c4b9\" data-element_type=\"column\" data-e-type=\"column\">\n\t\t\t<div class=\"elementor-widget-wrap elementor-element-populated\">\n\t\t\t\t\t\t<section class=\"elementor-section elementor-inner-section elementor-element elementor-element-d2103e8 elementor-section-boxed elementor-section-height-default elementor-section-height-default\" data-id=\"d2103e8\" data-element_type=\"section\" data-e-type=\"section\">\n\t\t\t\t\t\t<div class=\"elementor-container elementor-column-gap-default\">\n\t\t\t\t\t<div class=\"elementor-column elementor-col-100 elementor-inner-column elementor-element elementor-element-e503190 elementor-invisible\" data-id=\"e503190\" data-element_type=\"column\" data-e-type=\"column\" data-settings=\"{&quot;animation&quot;:&quot;fadeIn&quot;}\">\n\t\t\t<div class=\"elementor-widget-wrap elementor-element-populated\">\n\t\t\t\t\t\t<div class=\"elementor-element elementor-element-b9580d1 elementor-widget elementor-widget-spacer\" data-id=\"b9580d1\" data-element_type=\"widget\" data-e-type=\"widget\" data-widget_type=\"spacer.default\">\n\t\t\t\t\t\t\t<div class=\"elementor-spacer\">\n\t\t\t<div class=\"elementor-spacer-inner\"><\/div>\n\t\t<\/div>\n\t\t\t\t\t\t<\/div>\n\t\t\t\t<div class=\"elementor-element elementor-element-ad3c93e elementor-widget elementor-widget-heading\" data-id=\"ad3c93e\" data-element_type=\"widget\" data-e-type=\"widget\" data-widget_type=\"heading.default\">\n\t\t\t\t\t<h1 class=\"elementor-heading-title elementor-size-default\">Analiza przedwdro\u017ceniowa, dostawa do miejsca realizacji zam\u00f3wienia, monta\u017c i nadz\u00f3r nad procesem rozruchu linii do produkcji baton\u00f3w zbo\u017cowych.<\/h1>\t\t\t\t<\/div>\n\t\t\t\t<div class=\"elementor-element elementor-element-d908279 elementor-widget elementor-widget-text-editor\" data-id=\"d908279\" data-element_type=\"widget\" data-e-type=\"widget\" data-widget_type=\"text-editor.default\">\n\t\t\t\t\t\t\t\t\t<p>Zamawiaj\u0105cy Br\u00fcggen\u00a0Sp. z o.o. og\u0142asza zapytanie ofertowe\u00a0nr 1\/2024\u00a0pt. \u201eAnaliza przedwdro\u017ceniowa, dostawa do miejsca realizacji zam\u00f3wienia, monta\u017c i nadz\u00f3r nad procesem rozruchu linii do produkcji baton\u00f3w zbo\u017cowych\u201d.<\/p><p>Post\u0119powanie jest prowadzone w zwi\u0105zku z realizacj\u0105 projektu pn. \u201eRealizacja inwestycji ukierunkowanej na cyfryzacj\u0119, robotyzacj\u0119 i automatyzacj\u0119 dzia\u0142alno\u015bci Br\u00fcggen Polska sp. z o.o.\u201e finansowanego w ramach Krajowego Planu Odbudowy i Zwi\u0119kszenia Odporno\u015bci, Komponentu A \u201eOdporno\u015b\u0107 i konkurencyjno\u015b\u0107 gospodarki\u201d, Celu szczeg\u00f3\u0142owego: Rozw\u00f3j narodowego systemu innowacji: wzmocnienie koordynacji, stymulowanie potencja\u0142u innowacyjnego oraz wsp\u00f3\u0142pracy pomi\u0119dzy przedsi\u0119biorstwami i organizacjami badawczymi, w tym w zakresie technologii \u015brodowiskowych, Reformy: A 2.1. Przy\u015bpieszenie proces\u00f3w robotyzacji i cyfryzacji i innowacji, Inwestycji: A 2.1.1. Inwestycje wspieraj\u0105ce robotyzacj\u0119 i cyfryzacj\u0119 w przedsi\u0119biorstwach.<\/p><p>Szczeg\u00f3\u0142y dotycz\u0105ce zam\u00f3wienia znajduj\u0105 si\u0119 w za\u0142\u0105czniku \u201eZapytanie ofertowe 1-2024\u201d.<\/p><p>Data publikacji post\u0119powania: 05.04.2024 r.<\/p><p>Termin sk\u0142adania ofert up\u0142ywa: 06.05.2024<em> r.<\/em><\/p><p>Zamawiaj\u0105cy Br\u00fcggen Polska sp. z o.o opublikowa\u0142 w dniu 13.05.2024 wyniki post\u0119powania.<\/p>\t\t\t\t\t\t\t\t<\/div>\n\t\t\t\t\t<\/div>\n\t\t<\/div>\n\t\t\t\t\t<\/div>\n\t\t<\/section>\n\t\t\t\t\t<\/div>\n\t\t<\/div>\n\t\t\t\t\t<\/div>\n\t\t<\/section>\n\t\t<div class=\"elementor-element elementor-element-9bbff34 e-flex e-con-boxed e-con e-parent\" data-id=\"9bbff34\" data-element_type=\"container\" data-e-type=\"container\">\n\t\t\t\t\t<div class=\"e-con-inner\">\n\t\t\t\t<div class=\"elementor-element elementor-element-5ede863 elementor-widget elementor-widget-ucaddon_dropdown_button\" data-id=\"5ede863\" data-element_type=\"widget\" data-e-type=\"widget\" data-widget_type=\"ucaddon_dropdown_button.default\">\n\t\t\t\t<div class=\"elementor-widget-container\">\n\t\t\t\t\t<!-- start Dropdown Button -->\n\t\t<link id='font-awesome-css' href='https:\/\/www.brueggen.com\/wp-content\/plugins\/unlimited-for-elementor-premium\/assets_libraries\/font-awesome5\/css\/fontawesome-all.min.css' type='text\/css' rel='stylesheet' >\n\t\t<link id='font-awesome-4-shim-css' href='https:\/\/www.brueggen.com\/wp-content\/plugins\/unlimited-for-elementor-premium\/assets_libraries\/font-awesome5\/css\/fontawesome-v4-shims.css' type='text\/css' rel='stylesheet' >\n\n\t\t\t<style type=\"text\/css\">\/* widget: Dropdown Button *\/\n\n#uc_dropdown_button_elementor_5ede863 {\n  display:flex;\n  align-items: center;\n}\n#uc_dropdown_button_elementor_5ede863 .ca_btn_container{\n  position: relative;\n  display: inline-block;\n}\n#uc_dropdown_button_elementor_5ede863 .ca_btn {\n  display:inline-flex;\n  align-items: center;\n  box-sizing: border-box;\n  overflow: hidden;\n  cursor: pointer;\n}\n#uc_dropdown_button_elementor_5ede863 .ca_btn:focus .ca_dropdown, #uc_dropdown_button_elementor_5ede863 .ca_btn:hover .ca_dropdown {\n  left:50%;\n  transform: translate(-50%, 10px);\n  opacity: 1;\n  visibility: visible;\n  transition-delay: 0ms;\n}\n#uc_dropdown_button_elementor_5ede863 .ca_btn .ca_dropdown {\n  width:100%;\n  margin: 0;\n  padding: 0;\n  transform: translate(-50%, 25px);\n  position: absolute;\n  top: 100%;\n  left:50%;\n  text-align: left;\n  opacity: 0;\n  visibility: hidden;\n  z-index:9999;\n  overflow: hidden;\n  display: flex;\n  flex-direction: column;\n}\n#uc_dropdown_button_elementor_5ede863 .ca_btn.ue_inactive_drop .ca_dropdown {\n  opacity: 0;\n  visibility: hidden;\n}\n\n\n#uc_dropdown_button_elementor_5ede863 .ca_btn .ca_dropdown li {\n  z-index: 1;\n  position: relative;\n  margin: 0;\n  list-style: none;\n  margin: 0;\n  display: inline;\n}\n#uc_dropdown_button_elementor_5ede863 .ca_btn .ca_dropdown li:last-child a {\n  border-bottom: 0;\n}\n#uc_dropdown_button_elementor_5ede863 .ca_btn .ca_dropdown a {\n  transition:300ms;\n  display: flex;\n  align-content: center;\n  align-items: center;\n  border-bottom-style: solid;\n  white-space: pre-line;\n  text-decoration: none;\n}\n#uc_dropdown_button_elementor_5ede863 .ca_dropdown i{\n  transition:300ms;\n}\n\n<\/style>\n\n\t\t\t<div id=\"uc_dropdown_button_elementor_5ede863\" class=\"ca_btn_wrapper \" >\n  <div class=\"ca_btn_container\">\n    <button class=\"ca_btn\" ontouchstart=\"\"><i class='fas fa-angle-down'><\/i><span class=\"ue-btn-text\">Za\u0142\u0105czniki<\/span>\n      <ul class=\"ca_dropdown uc-items-wrapper \">\n           <li class=\"ca_dropdown_item elementor-repeater-item-db1a959 \"><a href=\"https:\/\/www.brueggen.com\/wp-content\/uploads\/sites\/5\/2024\/04\/Zalacznik-nr-1-Formularz-ofertowy.docx\" ><i class=''><\/i>Formularz ofertowy<\/a><\/li>\n\n  <li class=\"ca_dropdown_item elementor-repeater-item-49d7f3e \"><a href=\"https:\/\/www.brueggen.com\/wp-content\/uploads\/sites\/5\/2024\/04\/Zapytanie-ofertowe-1-2024.docx\" ><i class=''><\/i>Zapytanie ofertowe<\/a><\/li>\n\n  <li class=\"ca_dropdown_item elementor-repeater-item-ee10db5 \"><a href=\"https:\/\/www.brueggen.com\/wp-content\/uploads\/sites\/5\/2024\/07\/Protokol-z-postepowania-1-2024_skan.pdf\"  target='_blank'><i class=''><\/i>Protok\u00f3\u0142 z post\u0119powania<\/a><\/li>\n\n\n      <\/ul>\n    <\/button>\n  <\/div>\n<\/div>\n\t\t\t<!-- end Dropdown Button -->\t\t\t\t<\/div>\n\t\t\t\t<\/div>\n\t\t\t\t<div class=\"elementor-element elementor-element-4b2285a elementor-widget elementor-widget-spacer\" data-id=\"4b2285a\" data-element_type=\"widget\" data-e-type=\"widget\" data-widget_type=\"spacer.default\">\n\t\t\t\t\t\t\t<div class=\"elementor-spacer\">\n\t\t\t<div class=\"elementor-spacer-inner\"><\/div>\n\t\t<\/div>\n\t\t\t\t\t\t<\/div>\n\t\t\t\t\t<\/div>\n\t\t\t\t<\/div>\n\t\t\t\t<\/div>\n\t\t","protected":false},"excerpt":{"rendered":"<p>Analiza przedwdro\u017ceniowa, dostawa do miejsca realizacji zam\u00f3wienia, monta\u017c i nadz\u00f3r nad procesem rozruchu linii do produkcji baton\u00f3w zbo\u017cowych. Zamawiaj\u0105cy Br\u00fcggen\u00a0Sp. z o.o. og\u0142asza zapytanie ofertowe\u00a0nr 1\/2024\u00a0pt. \u201eAnaliza przedwdro\u017ceniowa, dostawa do miejsca realizacji zam\u00f3wienia, monta\u017c i nadz\u00f3r nad procesem rozruchu linii do produkcji baton\u00f3w zbo\u017cowych\u201d. Post\u0119powanie jest prowadzone w zwi\u0105zku z realizacj\u0105 projektu pn. \u201eRealizacja inwestycji&#8230;<\/p>\n","protected":false},"author":2,"featured_media":0,"parent":8409,"menu_order":0,"comment_status":"closed","ping_status":"closed","template":"","meta":{"_kad_post_transparent":"","_kad_post_title":"hide","_kad_post_layout":"fullwidth","_kad_post_sidebar_id":"","_kad_post_content_style":"unboxed","_kad_post_vertical_padding":"hide","_kad_post_feature":"hide","_kad_post_feature_position":"","_kad_post_header":false,"_kad_post_footer":false,"footnotes":""},"class_list":["post-8739","page","type-page","status-publish","hentry"],"_links":{"self":[{"href":"https:\/\/www.brueggen.com\/pl\/wp-json\/wp\/v2\/pages\/8739","targetHints":{"allow":["GET"]}}],"collection":[{"href":"https:\/\/www.brueggen.com\/pl\/wp-json\/wp\/v2\/pages"}],"about":[{"href":"https:\/\/www.brueggen.com\/pl\/wp-json\/wp\/v2\/types\/page"}],"author":[{"embeddable":true,"href":"https:\/\/www.brueggen.com\/pl\/wp-json\/wp\/v2\/users\/2"}],"replies":[{"embeddable":true,"href":"https:\/\/www.brueggen.com\/pl\/wp-json\/wp\/v2\/comments?post=8739"}],"version-history":[{"count":3,"href":"https:\/\/www.brueggen.com\/pl\/wp-json\/wp\/v2\/pages\/8739\/revisions"}],"predecessor-version":[{"id":33844,"href":"https:\/\/www.brueggen.com\/pl\/wp-json\/wp\/v2\/pages\/8739\/revisions\/33844"}],"up":[{"embeddable":true,"href":"https:\/\/www.brueggen.com\/pl\/wp-json\/wp\/v2\/pages\/8409"}],"wp:attachment":[{"href":"https:\/\/www.brueggen.com\/pl\/wp-json\/wp\/v2\/media?parent=8739"}],"curies":[{"name":"wp","href":"https:\/\/api.w.org\/{rel}","templated":true}]}}